{"id":145439,"date":"2023-05-15T07:58:06","date_gmt":"2023-05-15T04:58:06","guid":{"rendered":"https:\/\/medclinics.com\/cornee\/"},"modified":"2025-01-02T14:21:25","modified_gmt":"2025-01-02T11:21:25","slug":"cornee","status":"publish","type":"page","link":"https:\/\/medclinics.com\/fr\/cornee\/","title":{"rendered":"Corn\u00e9e"},"content":{"rendered":"\n<h2 class=\"wp-block-heading\">Vivez une r\u00e9volution de la vision comme jamais auparavant gr\u00e2ce \u00e0 la chirurgie de pointe de la corn\u00e9e. Laissez-nous transformer votre vue en un monde de clart\u00e9 et apporter \u00e0 vos yeux la beaut\u00e9 d&rsquo;une mise au point parfaite.<\/h2>\n\n<p>La <a href=\"https:\/\/en.wikipedia.org\/wiki\/Eye_surgery\" target=\"_blank\" rel=\"noreferrer noopener\">chirurgie de la corn\u00e9e<\/a> comprend une vari\u00e9t\u00e9 de proc\u00e9dures chirurgicales qui ciblent la couche externe transparente de l&rsquo;\u0153il, appel\u00e9e corn\u00e9e. Un type courant de chirurgie de la corn\u00e9e consiste \u00e0 remplacer une corn\u00e9e endommag\u00e9e ou malade par une corn\u00e9e saine provenant d&rsquo;un donneur, ce que l&rsquo;on appelle une greffe de corn\u00e9e ou une k\u00e9ratoplastie. Cette proc\u00e9dure est g\u00e9n\u00e9ralement utilis\u00e9e pour traiter des affections telles que la cicatrisation de la corn\u00e9e, le k\u00e9ratoc\u00f4ne et les dystrophies corn\u00e9ennes.<\/p>\n\n<p>Une autre option populaire pour la chirurgie de la corn\u00e9e est la chirurgie r\u00e9fractive assist\u00e9e par laser, comme la PRK et le LASIK. Ces proc\u00e9dures visent \u00e0 corriger les erreurs de r\u00e9fraction telles que la myopie, l&rsquo;hyperm\u00e9tropie et l&rsquo;astigmatisme en remodelant la corn\u00e9e. L&rsquo;objectif est d&rsquo;\u00e9liminer ou de r\u00e9duire le besoin de lunettes de prescription, ce qui permet d&rsquo;obtenir une vision plus claire.<\/p>\n\n<p>La chirurgie de la corn\u00e9e comprend \u00e9galement des traitements tels que la r\u00e9ticulation corn\u00e9enne, qui est utilis\u00e9e pour renforcer une corn\u00e9e faible ou mince en cas de k\u00e9ratoc\u00f4ne progressif. Ce traitement consiste \u00e0 appliquer un collyre \u00e0 la riboflavine sur la corn\u00e9e et \u00e0 l&rsquo;exposer \u00e0 la lumi\u00e8re ultraviolette. En outre, des interventions chirurgicales peuvent \u00eatre pratiqu\u00e9es pour traiter les \u00e9rosions corn\u00e9ennes r\u00e9currentes, en retirant ou en rempla\u00e7ant des couches de la corn\u00e9e pour att\u00e9nuer les sympt\u00f4mes et favoriser la cicatrisation.<\/p>\n\n<p>L&rsquo;objectif principal de la chirurgie de la corn\u00e9e est de renforcer la sant\u00e9 de la corn\u00e9e, d&rsquo;am\u00e9liorer la vision et de traiter les conditions sp\u00e9cifiques qui affectent la corn\u00e9e. Les ophtalmologistes ou les sp\u00e9cialistes de la corn\u00e9e pratiquent g\u00e9n\u00e9ralement ces op\u00e9rations, car ils sont sp\u00e9cialis\u00e9s dans le diagnostic et la gestion des maladies et des troubles de la corn\u00e9e.<\/p>\n\n<h3 class=\"wp-block-heading\">Tout ce que vous devez savoir sur la <a href=\"https:\/\/medclinics.com\/fr\/chirurgie-oculaire-generale\/\" target=\"_blank\" rel=\"noreferrer noopener\">chirurgie des yeux<\/a>, y compris le prix, les soins et le processus de gu\u00e9rison, ou <a href=\"#requestform\">contactez-nous<\/a>!<\/h3>\n\n<figure class=\"wp-block-image size-large\"><img fetchpriority=\"high\" decoding=\"async\" width=\"5760\" height=\"3840\" src=\"https:\/\/medclinics.com\/wp-content\/uploads\/2023\/05\/cornea-surgery.png\" alt=\"Chirurgie de la corn&#xE9;e istanbul turkey\" class=\"wp-image-83223\" srcset=\"https:\/\/medclinics.com\/wp-content\/uploads\/2023\/05\/cornea-surgery.png 5760w, https:\/\/medclinics.com\/wp-content\/uploads\/2023\/05\/cornea-surgery-500x333.png 500w, https:\/\/medclinics.com\/wp-content\/uploads\/2023\/05\/cornea-surgery-1024x683.png 1024w, https:\/\/medclinics.com\/wp-content\/uploads\/2023\/05\/cornea-surgery-768x512.png 768w, https:\/\/medclinics.com\/wp-content\/uploads\/2023\/05\/cornea-surgery-1536x1024.png 1536w, https:\/\/medclinics.com\/wp-content\/uploads\/2023\/05\/cornea-surgery-2048x1365.png 2048w, https:\/\/medclinics.com\/wp-content\/uploads\/2023\/05\/cornea-surgery-24x16.png 24w, https:\/\/medclinics.com\/wp-content\/uploads\/2023\/05\/cornea-surgery-36x24.png 36w, https:\/\/medclinics.com\/wp-content\/uploads\/2023\/05\/cornea-surgery-48x32.png 48w\" sizes=\"(max-width: 5760px) 100vw, 5760px\" \/><\/figure>\n\n<h2 class=\"wp-block-heading\">FAQ<\/h2>\n<div id=\"rank-math-faq\" class=\"rank-math-block\">\n<div class=\"rank-math-list \">\n<div id=\"faq-question-1684136695628\" class=\"rank-math-list-item\">\n<h3 class=\"rank-math-question \">Pourquoi une greffe de corn\u00e9e ?<\/h3>\n<div class=\"rank-math-answer \">\n\n<p>La greffe de corn\u00e9e, \u00e9galement appel\u00e9e k\u00e9ratoplastie, est pratiqu\u00e9e lorsque la corn\u00e9e est endommag\u00e9e ou malade, ce qui entra\u00eene une d\u00e9ficience visuelle. Il s&rsquo;agit d&rsquo;une intervention chirurgicale au cours de laquelle la corn\u00e9e endommag\u00e9e est remplac\u00e9e par la corn\u00e9e d&rsquo;un donneur sain. Les raisons de la transplantation de corn\u00e9e comprennent la cicatrisation de la corn\u00e9e, le k\u00e9ratoc\u00f4ne, les dystrophies corn\u00e9ennes et les ulc\u00e8res corn\u00e9ens graves. En r\u00e9tablissant la clart\u00e9 et la structure de la corn\u00e9e, la greffe de corn\u00e9e vise \u00e0 am\u00e9liorer la vision, \u00e0 soulager la g\u00eane et \u00e0 am\u00e9liorer la sant\u00e9 oculaire en g\u00e9n\u00e9ral. Cette proc\u00e9dure sp\u00e9cialis\u00e9e est r\u00e9alis\u00e9e par des ophtalmologistes qualifi\u00e9s \u00e0 l&rsquo;aide de corn\u00e9es provenant de personnes g\u00e9n\u00e9reuses qui ont choisi d&rsquo;\u00eatre des donneurs d&rsquo;yeux.<\/p>\n\n<\/div>\n<\/div>\n<div id=\"faq-question-1684136841343\" class=\"rank-math-list-item\">\n<h3 class=\"rank-math-question \">La corn\u00e9e peut-elle gu\u00e9rir ?<\/h3>\n<div class=\"rank-math-answer \">\n\n<p>Oui, la corn\u00e9e a la capacit\u00e9 de se gu\u00e9rir elle-m\u00eame dans de nombreux cas. Les blessures ou abrasions mineures de la corn\u00e9e peuvent g\u00e9n\u00e9ralement gu\u00e9rir d&rsquo;elles-m\u00eames en quelques jours ou semaines gr\u00e2ce \u00e0 un processus appel\u00e9 r\u00e9\u00e9pith\u00e9lialisation, au cours duquel les cellules de la surface de la corn\u00e9e se r\u00e9g\u00e9n\u00e8rent et migrent pour recouvrir la zone endommag\u00e9e. Toutefois, les l\u00e9sions corn\u00e9ennes plus graves ou plus profondes peuvent n\u00e9cessiter une intervention m\u00e9dicale et des traitements sp\u00e9cialis\u00e9s pour assurer une bonne cicatrisation. Il est important de consulter rapidement un m\u00e9decin en cas de l\u00e9sions de la corn\u00e9e afin de recevoir les soins appropri\u00e9s et de favoriser une gu\u00e9rison optimale. Les ophtalmologistes peuvent \u00e9valuer l&rsquo;\u00e9tendue de la blessure et proposer des traitements, tels que des gouttes ou des pommades lubrifiantes, ou recommander des proc\u00e9dures chirurgicales ou des m\u00e9dicaments si n\u00e9cessaire, afin de faciliter la gu\u00e9rison de la corn\u00e9e et de pr\u00e9server la vision.<\/p>\n\n<\/div>\n<\/div>\n<div id=\"faq-question-1684136953591\" class=\"rank-math-list-item\">\n<h3 class=\"rank-math-question \">Les op\u00e9rations des yeux sont-elles s\u00fbres ?<\/h3>\n<div class=\"rank-math-answer \">\n\n<p>Oui, la chirurgie oculaire, lorsqu&rsquo;elle est pratiqu\u00e9e par des chirurgiens comp\u00e9tents et dans un cadre m\u00e9dical appropri\u00e9, est g\u00e9n\u00e9ralement consid\u00e9r\u00e9e comme s\u00fbre. Les progr\u00e8s des techniques chirurgicales et de la technologie ont consid\u00e9rablement am\u00e9lior\u00e9 la s\u00e9curit\u00e9 et les taux de r\u00e9ussite de ces proc\u00e9dures. Cependant, comme pour toute intervention chirurgicale, il existe des risques, tels qu&rsquo;une infection, des saignements ou des r\u00e9actions ind\u00e9sirables \u00e0 l&rsquo;anesth\u00e9sie ou aux m\u00e9dicaments. La s\u00e9curit\u00e9 de la chirurgie oculaire d\u00e9pend de facteurs tels que le type d&rsquo;intervention, l&rsquo;\u00e9tat de sant\u00e9 g\u00e9n\u00e9ral du patient et l&rsquo;expertise du chirurgien. Il est important de consulter un chirurgien ophtalmologiste qualifi\u00e9 qui pourra \u00e9valuer votre situation personnelle, discuter des risques et des avantages potentiels et vous fournir des recommandations personnalis\u00e9es. En \u00e9valuant soigneusement les risques et les avantages, vous et votre chirurgien pouvez prendre une d\u00e9cision \u00e9clair\u00e9e concernant la s\u00e9curit\u00e9 et l&rsquo;ad\u00e9quation de la chirurgie oculaire \u00e0 vos besoins sp\u00e9cifiques.<\/p>\n\n<\/div>\n<\/div>\n<div id=\"faq-question-1684137034727\" class=\"rank-math-list-item\">\n<h3 class=\"rank-math-question \">Combien de temps faut-il pour se remettre d&rsquo;une op\u00e9ration de la corn\u00e9e ?<\/h3>\n<div class=\"rank-math-answer \">\n\n<p>Le temps de r\u00e9cup\u00e9ration apr\u00e8s une op\u00e9ration de la corn\u00e9e varie, mais il faut g\u00e9n\u00e9ralement plusieurs semaines \u00e0 quelques mois pour que la gu\u00e9rison soit compl\u00e8te. Apr\u00e8s l&rsquo;intervention, vous pouvez ressentir une g\u00eane, une sensibilit\u00e9 \u00e0 la lumi\u00e8re et une vision floue, qui s&rsquo;am\u00e9liorent g\u00e9n\u00e9ralement progressivement. Votre chirurgien vous fournira des instructions postop\u00e9ratoires sp\u00e9cifiques, y compris l&rsquo;utilisation de gouttes oculaires et de m\u00e9dicaments prescrits, et pourra vous recommander un calendrier de suivi pour contr\u00f4ler vos progr\u00e8s. Il est important d&rsquo;assister \u00e0 ces rendez-vous et de faire part de toute pr\u00e9occupation \u00e0 votre chirurgien. Le processus de gu\u00e9rison est propre \u00e0 chaque personne. Il est donc essentiel de suivre les conseils de votre chirurgien, de pr\u00e9voir un temps de r\u00e9cup\u00e9ration suffisant et d&rsquo;\u00eatre patient pendant que votre corn\u00e9e gu\u00e9rit et se stabilise.<\/p>\n\n<\/div>\n<\/div>\n<\/div>\n<\/div>\n<h3 class=\"wp-block-heading\">Contactez-nous d\u00e8s maintenant si vous avez des questions !<\/h3>\n","protected":false},"excerpt":{"rendered":"<p>Vivez une r\u00e9volution de la vision comme jamais auparavant gr\u00e2ce \u00e0 la chirurgie de pointe de la corn\u00e9e. Laissez-nous transformer [&hellip;]<\/p>\n","protected":false},"author":4,"featured_media":92046,"parent":0,"menu_order":0,"comment_status":"closed","ping_status":"closed","template":"","meta":{"site-sidebar-layout":"default","site-content-layout":"","ast-site-content-layout":"default","site-content-style":"default","site-sidebar-style":"default","ast-global-header-display":"","ast-banner-title-visibility":"","ast-main-header-display":"","ast-hfb-above-header-display":"","ast-hfb-below-header-display":"","ast-hfb-mobile-header-display":"","site-post-title":"","ast-breadcrumbs-content":"","ast-featured-img":"","footer-sml-layout":"","ast-disable-related-posts":"","theme-transparent-header-meta":"","adv-header-id-meta":"","stick-header-meta":"","header-above-stick-meta":"","header-main-stick-meta":"","header-below-stick-meta":"","astra-migrate-meta-layouts":"default","ast-page-background-enabled":"default","ast-page-background-meta":{"desktop":{"background-color":"var(--ast-global-color-4)","background-image":"","background-repeat":"repeat","background-position":"center center","background-size":"auto","background-attachment":"scroll","background-type":"","background-media":"","overlay-type":"","overlay-color":"","overlay-opacity":"","overlay-gradient":""},"tablet":{"background-color":"","background-image":"","background-repeat":"repeat","background-position":"center center","background-size":"auto","background-attachment":"scroll","background-type":"","background-media":"","overlay-type":"","overlay-color":"","overlay-opacity":"","overlay-gradient":""},"mobile":{"background-color":"","background-image":"","background-repeat":"repeat","background-position":"center center","background-size":"auto","background-attachment":"scroll","background-type":"","background-media":"","overlay-type":"","overlay-color":"","overlay-opacity":"","overlay-gradient":""}},"ast-content-background-meta":{"desktop":{"background-color":"var(--ast-global-color-5)","background-image":"","background-repeat":"repeat","background-position":"center center","background-size":"auto","background-attachment":"scroll","background-type":"","background-media":"","overlay-type":"","overlay-color":"","overlay-opacity":"","overlay-gradient":""},"tablet":{"background-color":"var(--ast-global-color-5)","background-image":"","background-repeat":"repeat","background-position":"center center","background-size":"auto","background-attachment":"scroll","background-type":"","background-media":"","overlay-type":"","overlay-color":"","overlay-opacity":"","overlay-gradient":""},"mobile":{"background-color":"var(--ast-global-color-5)","background-image":"","background-repeat":"repeat","background-position":"center center","background-size":"auto","background-attachment":"scroll","background-type":"","background-media":"","overlay-type":"","overlay-color":"","overlay-opacity":"","overlay-gradient":""}},"footnotes":""},"class_list":["post-145439","page","type-page","status-publish","has-post-thumbnail","hentry"],"_links":{"self":[{"href":"https:\/\/medclinics.com\/fr\/wp-json\/wp\/v2\/pages\/145439","targetHints":{"allow":["GET"]}}],"collection":[{"href":"https:\/\/medclinics.com\/fr\/wp-json\/wp\/v2\/pages"}],"about":[{"href":"https:\/\/medclinics.com\/fr\/wp-json\/wp\/v2\/types\/page"}],"author":[{"embeddable":true,"href":"https:\/\/medclinics.com\/fr\/wp-json\/wp\/v2\/users\/4"}],"replies":[{"embeddable":true,"href":"https:\/\/medclinics.com\/fr\/wp-json\/wp\/v2\/comments?post=145439"}],"version-history":[{"count":0,"href":"https:\/\/medclinics.com\/fr\/wp-json\/wp\/v2\/pages\/145439\/revisions"}],"wp:featuredmedia":[{"embeddable":true,"href":"https:\/\/medclinics.com\/fr\/wp-json\/wp\/v2\/media\/92046"}],"wp:attachment":[{"href":"https:\/\/medclinics.com\/fr\/wp-json\/wp\/v2\/media?parent=145439"}],"curies":[{"name":"wp","href":"https:\/\/api.w.org\/{rel}","templated":true}]}}