{"id":145423,"date":"2023-05-15T07:23:20","date_gmt":"2023-05-15T04:23:20","guid":{"rendered":"https:\/\/medclinics.com\/chirurgie-de-la-retine\/"},"modified":"2025-01-02T23:58:56","modified_gmt":"2025-01-02T20:58:56","slug":"chirurgie-de-la-retine","status":"publish","type":"page","link":"https:\/\/medclinics.com\/fr\/chirurgie-de-la-retine\/","title":{"rendered":"Chirurgie de la r\u00e9tine"},"content":{"rendered":"\n<h2 class=\"wp-block-heading\">Un avenir plus radieux pour votre vision est possible gr\u00e2ce \u00e0 une chirurgie de la r\u00e9tine professionnelle. Laissez notre \u00e9quipe d\u00e9vou\u00e9e vous montrer la voie vers une meilleure vision et un optimisme renouvel\u00e9.<\/h2>\n\n<p>La <a href=\"https:\/\/en.wikipedia.org\/wiki\/Eye_surgery\" target=\"_blank\" rel=\"noreferrer noopener\">chirurgie de la r\u00e9tine<\/a> est une intervention sp\u00e9cialis\u00e9e pratiqu\u00e9e sur la r\u00e9tine, le tissu sensible \u00e0 la lumi\u00e8re situ\u00e9 \u00e0 l&rsquo;arri\u00e8re de l&rsquo;\u0153il. Elle est r\u00e9alis\u00e9e pour traiter diverses affections et maladies de la r\u00e9tine qui peuvent entra\u00eener une perte ou une d\u00e9ficience de la vision. Parmi les raisons les plus courantes de la chirurgie de la r\u00e9tine figurent le d\u00e9collement de la r\u00e9tine, les trous maculaires, la r\u00e9tinopathie diab\u00e9tique et la membrane \u00e9pir\u00e9tinienne.<\/p>\n\n<p>Lors d&rsquo;une op\u00e9ration de la r\u00e9tine, le chirurgien cherche \u00e0 r\u00e9parer ou \u00e0 retirer les tissus anormaux ou endommag\u00e9s de la r\u00e9tine afin de restaurer ou d&rsquo;am\u00e9liorer la vision. Les techniques sp\u00e9cifiques employ\u00e9es peuvent varier en fonction de l&rsquo;affection trait\u00e9e. Ces techniques peuvent consister \u00e0 recoller la r\u00e9tine, \u00e0 fermer les d\u00e9chirures ou les trous, \u00e0 retirer le tissu cicatriciel ou \u00e0 g\u00e9rer les saignements.<\/p>\n\n<p>Il est important de noter que la chirurgie de la r\u00e9tine comporte des risques et des complications potentiels, et que l&rsquo;approche sp\u00e9cifique et le processus de r\u00e9tablissement peuvent varier d&rsquo;un individu \u00e0 l&rsquo;autre. Il est essentiel de consulter un ophtalmologiste ou un chirurgien de la r\u00e9tine qualifi\u00e9 pour \u00e9valuer l&rsquo;affection en question et d\u00e9terminer l&rsquo;approche th\u00e9rapeutique la plus appropri\u00e9e pour obtenir les meilleurs r\u00e9sultats possibles.<\/p>\n\n<h3 class=\"wp-block-heading\">Tout ce que vous devez savoir sur la <a href=\"https:\/\/medclinics.com\/fr\/chirurgie-oculaire-generale\/\" target=\"_blank\" rel=\"noreferrer noopener\">chirurgie des yeux<\/a>, y compris le prix, les soins et le processus de gu\u00e9rison, ou <a href=\"#requestform\">contactez-nous<\/a>!<\/h3>\n\n<figure class=\"wp-block-image size-large\"><img fetchpriority=\"high\" decoding=\"async\" width=\"7360\" height=\"4912\" src=\"https:\/\/medclinics.com\/wp-content\/uploads\/2023\/05\/retina-surgery-2.png\" alt=\"Chirurgie de la r&#xE9;tine Istanbul Turquie\" class=\"wp-image-82941\" srcset=\"https:\/\/medclinics.com\/wp-content\/uploads\/2023\/05\/retina-surgery-2.png 7360w, https:\/\/medclinics.com\/wp-content\/uploads\/2023\/05\/retina-surgery-2-500x334.png 500w, https:\/\/medclinics.com\/wp-content\/uploads\/2023\/05\/retina-surgery-2-1024x683.png 1024w, https:\/\/medclinics.com\/wp-content\/uploads\/2023\/05\/retina-surgery-2-768x513.png 768w, https:\/\/medclinics.com\/wp-content\/uploads\/2023\/05\/retina-surgery-2-1536x1025.png 1536w, https:\/\/medclinics.com\/wp-content\/uploads\/2023\/05\/retina-surgery-2-2048x1367.png 2048w, https:\/\/medclinics.com\/wp-content\/uploads\/2023\/05\/retina-surgery-2-24x16.png 24w, https:\/\/medclinics.com\/wp-content\/uploads\/2023\/05\/retina-surgery-2-36x24.png 36w, https:\/\/medclinics.com\/wp-content\/uploads\/2023\/05\/retina-surgery-2-48x32.png 48w\" sizes=\"(max-width: 7360px) 100vw, 7360px\" \/><\/figure>\n\n<h2 class=\"wp-block-heading\">FAQ<\/h2>\n<div id=\"rank-math-faq\" class=\"rank-math-block\">\n<div class=\"rank-math-list \">\n<div id=\"faq-question-1684133273895\" class=\"rank-math-list-item\">\n<h3 class=\"rank-math-question \">Comment dormir apr\u00e8s une op\u00e9ration du d\u00e9collement de la r\u00e9tine ?<\/h3>\n<div class=\"rank-math-answer \">\n\n<p>Il est important de suivre les instructions post-op\u00e9ratoires de votre chirurgien, en particulier les recommandations de repos, apr\u00e8s une op\u00e9ration de d\u00e9collement de la r\u00e9tine. Pour r\u00e9duire la tension sur l&rsquo;\u0153il op\u00e9r\u00e9, il est souvent conseill\u00e9 de dormir sur le dos ou sur le c\u00f4t\u00e9 non affect\u00e9. Vous pouvez sur\u00e9lever l\u00e9g\u00e8rement votre t\u00eate et r\u00e9duire la fatigue oculaire en utilisant des oreillers de soutien. Pour prot\u00e9ger l&rsquo;\u0153il et \u00e9viter les frottements involontaires pendant le sommeil, le chirurgien peut \u00e9galement vous donner un cache-\u0153il ou un patch. \u00c9vitez les activit\u00e9s intenses juste avant la nuit et veillez \u00e0 ce que vos yeux se reposent suffisamment. En assistant r\u00e9guli\u00e8rement aux rendez-vous de suivi avec votre chirurgien, vous recevrez des conseils personnalis\u00e9s sur les positions de sommeil et les activit\u00e9s les mieux adapt\u00e9es \u00e0 votre cas, ce qui facilitera un r\u00e9tablissement en douceur et une cicatrisation optimale.<\/p>\n\n<\/div>\n<\/div>\n<div id=\"faq-question-1684133564202\" class=\"rank-math-list-item\">\n<h3 class=\"rank-math-question \">\u00c0 quoi faut-il s&rsquo;attendre apr\u00e8s une op\u00e9ration au laser pour une d\u00e9chirure de la r\u00e9tine ?<\/h3>\n<div class=\"rank-math-answer \">\n\n<p>Apr\u00e8s avoir subi une chirurgie au laser pour une d\u00e9chirure de la r\u00e9tine, vous pouvez vous attendre \u00e0 certains aspects communs pendant la phase de r\u00e9tablissement. Au d\u00e9but, vous pouvez ressentir une l\u00e9g\u00e8re g\u00eane ou une pression dans l&rsquo;\u0153il trait\u00e9, ainsi qu&rsquo;une sensibilit\u00e9 \u00e0 la lumi\u00e8re. Cette g\u00eane peut \u00eatre trait\u00e9e avec des gouttes ophtalmiques prescrites ou des analg\u00e9siques en vente libre. Des changements temporaires de la vision, tels qu&rsquo;une vision floue ou d\u00e9form\u00e9e, sont fr\u00e9quents apr\u00e8s l&rsquo;intervention, mais ils s&rsquo;am\u00e9liorent g\u00e9n\u00e9ralement progressivement. Il est important de respecter les restrictions d&rsquo;activit\u00e9 impos\u00e9es par votre chirurgien, par exemple en \u00e9vitant de soulever des charges lourdes ou de faire des exercices intenses. Des rendez-vous de suivi r\u00e9guliers seront programm\u00e9s pour contr\u00f4ler les progr\u00e8s de la cicatrisation et d\u00e9terminer l&rsquo;efficacit\u00e9 du traitement au laser. Les soins \u00e0 long terme, y compris les examens oculaires de routine, garantissent la sant\u00e9 des yeux et permettent de d\u00e9tecter les complications potentielles ou les nouvelles d\u00e9chirures de la r\u00e9tine. En cas de douleur intense, de changement soudain de la vision ou de sympt\u00f4mes inqui\u00e9tants, contactez rapidement votre chirurgien pour qu&rsquo;il vous conseille et vous \u00e9value.<\/p>\n\n<\/div>\n<\/div>\n<div id=\"faq-question-1684133815144\" class=\"rank-math-list-item\">\n<h3 class=\"rank-math-question \">Combien de temps apr\u00e8s l&rsquo;op\u00e9ration du d\u00e9collement de la r\u00e9tine puis-je conduire ?<\/h3>\n<div class=\"rank-math-answer \">\n\n<p>Apr\u00e8s une op\u00e9ration de d\u00e9collement de la r\u00e9tine, il faut un certain temps pour que la vision se stabilise et que la g\u00eane ou les troubles disparaissent. Vous devez avoir une vision et une clart\u00e9 visuelle suffisantes pour conduire en toute s\u00e9curit\u00e9 et r\u00e9agir aux conditions de la route et du trafic. Il est important de suivre les conseils de votre chirurgien concernant le moment o\u00f9 vous pouvez reprendre la conduite en toute s\u00e9curit\u00e9.<br \/>Pendant la p\u00e9riode de convalescence, il est conseill\u00e9 de demander \u00e0 quelqu&rsquo;un d&rsquo;autre d&rsquo;assurer le transport ou d&rsquo;utiliser les services de transport public ou les taxis si n\u00e9cessaire. Donnez toujours la priorit\u00e9 \u00e0 votre s\u00e9curit\u00e9 et \u00e0 celle des autres usagers de la route. Consultez votre chirurgien pour obtenir des recommandations et des directives sp\u00e9cifiques concernant la conduite apr\u00e8s une op\u00e9ration de d\u00e9collement de la r\u00e9tine, en fonction de votre situation personnelle.<\/p>\n\n<\/div>\n<\/div>\n<div id=\"faq-question-1684133835589\" class=\"rank-math-list-item\">\n<h3 class=\"rank-math-question \">Quelle est la dur\u00e9e de la convalescence apr\u00e8s une op\u00e9ration de d\u00e9collement de la r\u00e9tine ?<\/h3>\n<div class=\"rank-math-answer \">\n\n<p>La p\u00e9riode de r\u00e9tablissement apr\u00e8s une op\u00e9ration de d\u00e9collement de la r\u00e9tine peut varier, mais il faut g\u00e9n\u00e9ralement plusieurs semaines \u00e0 quelques mois pour que l&rsquo;\u0153il gu\u00e9risse compl\u00e8tement. Pendant cette p\u00e9riode, vous pouvez ressentir une certaine g\u00eane, une rougeur et une sensibilit\u00e9 dans l&rsquo;\u0153il op\u00e9r\u00e9. Votre chirurgien vous donnera des instructions postop\u00e9ratoires sp\u00e9cifiques, y compris l&rsquo;utilisation de m\u00e9dicaments prescrits ou de gouttes oculaires pour g\u00e9rer la douleur et l&rsquo;inflammation.<br \/>Au d\u00e9but de la convalescence, votre vision peut \u00eatre floue ou d\u00e9form\u00e9e, et vous pouvez remarquer des corps flottants. Ces sympt\u00f4mes s&rsquo;att\u00e9nuent souvent progressivement au fur et \u00e0 mesure que l&rsquo;\u0153il gu\u00e9rit. Il est important de se rendre aux rendez-vous de suivi avec votre chirurgien pour surveiller les progr\u00e8s et assurer une bonne cicatrisation.<br \/>Bien que la dur\u00e9e exacte de la convalescence puisse varier en fonction de facteurs tels que l&rsquo;\u00e9tendue du d\u00e9collement de la r\u00e9tine et l&rsquo;\u00e9tat de sant\u00e9 g\u00e9n\u00e9ral de l&rsquo;individu, il est essentiel d&rsquo;\u00eatre patient et de laisser \u00e0 votre \u0153il suffisamment de temps pour cicatriser. Votre chirurgien vous indiquera \u00e0 quel moment vous pouvez reprendre vos activit\u00e9s normales en toute s\u00e9curit\u00e9 et vous fournira des instructions sp\u00e9cifiques pour les soins postop\u00e9ratoires.<\/p>\n\n<\/div>\n<\/div>\n<div id=\"faq-question-1684133964646\" class=\"rank-math-list-item\">\n<h3 class=\"rank-math-question \">La chirurgie de la r\u00e9tine est-elle douloureuse ?<\/h3>\n<div class=\"rank-math-answer \">\n\n<p>La chirurgie de la r\u00e9tine elle-m\u00eame n&rsquo;est g\u00e9n\u00e9ralement pas douloureuse car elle est r\u00e9alis\u00e9e sous anesth\u00e9sie, ce qui endort l&rsquo;\u0153il et les tissus environnants. Pendant l&rsquo;op\u00e9ration, vous ne devriez ressentir aucune g\u00eane ou douleur.<br \/>Cependant, il est courant de ressentir une certaine g\u00eane ou une l\u00e9g\u00e8re douleur dans les jours qui suivent l&rsquo;op\u00e9ration. Cette g\u00eane peut varier d&rsquo;une personne \u00e0 l&rsquo;autre et peut inclure des sensations telles qu&rsquo;une l\u00e9g\u00e8re douleur, un malaise ou une irritation dans l&rsquo;\u0153il op\u00e9r\u00e9. Votre chirurgien vous prescrira des m\u00e9dicaments contre la douleur ou vous recommandera des analg\u00e9siques en vente libre pour vous aider \u00e0 g\u00e9rer toute g\u00eane postop\u00e9ratoire. L&rsquo;exp\u00e9rience de la douleur et de l&rsquo;inconfort peut varier d&rsquo;une personne \u00e0 l&rsquo;autre, et des facteurs individuels tels que le type sp\u00e9cifique de chirurgie r\u00e9tinienne pratiqu\u00e9e et le seuil de douleur d&rsquo;une personne peuvent influencer le niveau d&rsquo;inconfort ressenti.<\/p>\n\n<\/div>\n<\/div>\n<div id=\"faq-question-1684134094514\" class=\"rank-math-list-item\">\n<h3 class=\"rank-math-question \">Combien de temps dure une op\u00e9ration de la r\u00e9tine ?<\/h3>\n<div class=\"rank-math-answer \">\n\n<p>La dur\u00e9e d&rsquo;une op\u00e9ration de la r\u00e9tine peut varier en fonction de plusieurs facteurs, notamment le type sp\u00e9cifique d&rsquo;op\u00e9ration pratiqu\u00e9e, la complexit\u00e9 du cas, ainsi que la technique et l&rsquo;exp\u00e9rience du chirurgien. En g\u00e9n\u00e9ral, la plupart des op\u00e9rations de la r\u00e9tine durent entre 1 et 3 heures.<br \/>Il s&rsquo;agit toutefois d&rsquo;une estimation et la dur\u00e9e r\u00e9elle peut varier. Certaines chirurgies de la r\u00e9tine, comme le d\u00e9collement de la r\u00e9tine ou la r\u00e9paration du trou maculaire, peuvent n\u00e9cessiter des proc\u00e9dures plus complexes et prendre plus de temps. En revanche, certaines proc\u00e9dures moins complexes, telles que la photocoagulation au laser ou les injections intravitr\u00e9ennes, peuvent \u00eatre r\u00e9alis\u00e9es relativement rapidement.<br \/>Votre chirurgien sera en mesure de vous fournir une estimation plus pr\u00e9cise de la dur\u00e9e attendue de votre chirurgie de la r\u00e9tine sp\u00e9cifique en fonction des d\u00e9tails de votre cas. Il est important de privil\u00e9gier la rigueur et la pr\u00e9cision de l&rsquo;intervention chirurgicale plut\u00f4t que de se pr\u00e9cipiter pour respecter un d\u00e9lai pr\u00e9cis, car l&rsquo;objectif ultime est d&rsquo;obtenir le meilleur r\u00e9sultat possible pour la sant\u00e9 de vos yeux.<\/p>\n\n<\/div>\n<\/div>\n<div id=\"faq-question-1684134296748\" class=\"rank-math-list-item\">\n<h3 class=\"rank-math-question \">Les op\u00e9rations des yeux sont-elles s\u00fbres ?<\/h3>\n<div class=\"rank-math-answer \">\n\n<p>La chirurgie oculaire, comme toute proc\u00e9dure m\u00e9dicale, comporte certains risques, mais elle est g\u00e9n\u00e9ralement consid\u00e9r\u00e9e comme s\u00fbre lorsqu&rsquo;elle est pratiqu\u00e9e par des chirurgiens comp\u00e9tents et exp\u00e9riment\u00e9s. La s\u00e9curit\u00e9 de la chirurgie oculaire d\u00e9pend de plusieurs facteurs, notamment du type d&rsquo;intervention, de l&rsquo;affection sp\u00e9cifique trait\u00e9e, de l&rsquo;\u00e9tat de sant\u00e9 g\u00e9n\u00e9ral du patient et de la qualit\u00e9 de l&rsquo;\u00e9tablissement m\u00e9dical o\u00f9 l&rsquo;intervention est pratiqu\u00e9e.<br \/>Les progr\u00e8s des techniques chirurgicales, de l&rsquo;anesth\u00e9sie et des soins pr\u00e9 et postop\u00e9ratoires ont consid\u00e9rablement am\u00e9lior\u00e9 la s\u00e9curit\u00e9 et les taux de r\u00e9ussite des chirurgies oculaires. Les chirurgiens suivent une formation approfondie et adh\u00e8rent \u00e0 des protocoles de s\u00e9curit\u00e9 stricts afin de minimiser les risques et les complications.<\/p>\n\n<\/div>\n<\/div>\n<div id=\"faq-question-1684134510529\" class=\"rank-math-list-item\">\n<h3 class=\"rank-math-question \">La chirurgie oculaire au laser peut-elle provoquer un d\u00e9collement de la r\u00e9tine ?<\/h3>\n<div class=\"rank-math-answer \">\n\n<p>Bien qu&rsquo;extr\u00eamement rare, le risque de d\u00e9collement de la r\u00e9tine associ\u00e9 \u00e0 la chirurgie oculaire au laser est tr\u00e8s faible. Le risque est estim\u00e9 \u00e0 moins d&rsquo;un cas sur 10 000. Il est important que l&rsquo;intervention soit r\u00e9alis\u00e9e par un chirurgien qualifi\u00e9 et qu&rsquo;elle fasse l&rsquo;objet d&rsquo;\u00e9valuations pr\u00e9op\u00e9ratoires approfondies afin de minimiser le risque de complications.<\/p>\n\n<\/div>\n<\/div>\n<\/div>\n<\/div>\n<h3 class=\"wp-block-heading\">Contactez-nous d\u00e8s maintenant si vous avez des questions !<\/h3>\n","protected":false},"excerpt":{"rendered":"<p>Un avenir plus radieux pour votre vision est possible gr\u00e2ce \u00e0 une chirurgie de la r\u00e9tine professionnelle. Laissez notre \u00e9quipe [&hellip;]<\/p>\n","protected":false},"author":4,"featured_media":92133,"parent":0,"menu_order":0,"comment_status":"closed","ping_status":"closed","template":"","meta":{"site-sidebar-layout":"default","site-content-layout":"","ast-site-content-layout":"default","site-content-style":"default","site-sidebar-style":"default","ast-global-header-display":"","ast-banner-title-visibility":"","ast-main-header-display":"","ast-hfb-above-header-display":"","ast-hfb-below-header-display":"","ast-hfb-mobile-header-display":"","site-post-title":"","ast-breadcrumbs-content":"","ast-featured-img":"","footer-sml-layout":"","ast-disable-related-posts":"","theme-transparent-header-meta":"","adv-header-id-meta":"","stick-header-meta":"","header-above-stick-meta":"","header-main-stick-meta":"","header-below-stick-meta":"","astra-migrate-meta-layouts":"default","ast-page-background-enabled":"default","ast-page-background-meta":{"desktop":{"background-color":"var(--ast-global-color-4)","background-image":"","background-repeat":"repeat","background-position":"center center","background-size":"auto","background-attachment":"scroll","background-type":"","background-media":"","overlay-type":"","overlay-color":"","overlay-opacity":"","overlay-gradient":""},"tablet":{"background-color":"","background-image":"","background-repeat":"repeat","background-position":"center center","background-size":"auto","background-attachment":"scroll","background-type":"","background-media":"","overlay-type":"","overlay-color":"","overlay-opacity":"","overlay-gradient":""},"mobile":{"background-color":"","background-image":"","background-repeat":"repeat","background-position":"center center","background-size":"auto","background-attachment":"scroll","background-type":"","background-media":"","overlay-type":"","overlay-color":"","overlay-opacity":"","overlay-gradient":""}},"ast-content-background-meta":{"desktop":{"background-color":"var(--ast-global-color-5)","background-image":"","background-repeat":"repeat","background-position":"center center","background-size":"auto","background-attachment":"scroll","background-type":"","background-media":"","overlay-type":"","overlay-color":"","overlay-opacity":"","overlay-gradient":""},"tablet":{"background-color":"var(--ast-global-color-5)","background-image":"","background-repeat":"repeat","background-position":"center center","background-size":"auto","background-attachment":"scroll","background-type":"","background-media":"","overlay-type":"","overlay-color":"","overlay-opacity":"","overlay-gradient":""},"mobile":{"background-color":"var(--ast-global-color-5)","background-image":"","background-repeat":"repeat","background-position":"center center","background-size":"auto","background-attachment":"scroll","background-type":"","background-media":"","overlay-type":"","overlay-color":"","overlay-opacity":"","overlay-gradient":""}},"footnotes":""},"class_list":["post-145423","page","type-page","status-publish","has-post-thumbnail","hentry"],"_links":{"self":[{"href":"https:\/\/medclinics.com\/fr\/wp-json\/wp\/v2\/pages\/145423","targetHints":{"allow":["GET"]}}],"collection":[{"href":"https:\/\/medclinics.com\/fr\/wp-json\/wp\/v2\/pages"}],"about":[{"href":"https:\/\/medclinics.com\/fr\/wp-json\/wp\/v2\/types\/page"}],"author":[{"embeddable":true,"href":"https:\/\/medclinics.com\/fr\/wp-json\/wp\/v2\/users\/4"}],"replies":[{"embeddable":true,"href":"https:\/\/medclinics.com\/fr\/wp-json\/wp\/v2\/comments?post=145423"}],"version-history":[{"count":0,"href":"https:\/\/medclinics.com\/fr\/wp-json\/wp\/v2\/pages\/145423\/revisions"}],"wp:featuredmedia":[{"embeddable":true,"href":"https:\/\/medclinics.com\/fr\/wp-json\/wp\/v2\/media\/92133"}],"wp:attachment":[{"href":"https:\/\/medclinics.com\/fr\/wp-json\/wp\/v2\/media?parent=145423"}],"curies":[{"name":"wp","href":"https:\/\/api.w.org\/{rel}","templated":true}]}}