{"id":145395,"date":"2023-05-14T19:29:31","date_gmt":"2023-05-14T16:29:31","guid":{"rendered":"https:\/\/medclinics.com\/obturations-dentaires\/"},"modified":"2025-01-02T14:21:25","modified_gmt":"2025-01-02T11:21:25","slug":"obturations-dentaires","status":"publish","type":"page","link":"https:\/\/medclinics.com\/fr\/obturations-dentaires\/","title":{"rendered":"Obturations dentaires"},"content":{"rendered":"\n<h2 class=\"wp-block-heading\">Les obturations dentaires sont un traitement dentaire efficace qui permet de r\u00e9parer les dommages caus\u00e9s \u00e0 vos dents par la carie ou les fractures.<\/h2>\n\n<p>Ce processus consiste \u00e0 nettoyer et \u00e0 drainer la zone affect\u00e9e de la dent avant de l&rsquo;obturer avec un mat\u00e9riau appropri\u00e9.<\/p>\n\n<p>Il existe plusieurs mat\u00e9riaux utilis\u00e9s pour les obturations dentaires, notamment la r\u00e9sine composite, l&rsquo;amalgame, la porcelaine ou l&rsquo;or. Les obturations en r\u00e9sine composite s&rsquo;int\u00e8grent naturellement aux dents existantes, tandis que les obturations en amalgame sont plus durables et plus \u00e9conomiques.<\/p>\n\n<p>Afin de garantir un confort maximal pendant l&rsquo;intervention, une anesth\u00e9sie locale sera administr\u00e9e et des gouttes de caoutchouc seront plac\u00e9es autour de la dent trait\u00e9e, de sorte que vous ne ressentirez aucune douleur ou sensibilit\u00e9. Par la suite, non seulement vos dents auront l&rsquo;air comme neuves, mais leur fonction aura \u00e9galement \u00e9t\u00e9 restaur\u00e9e, tout en emp\u00eachant l&rsquo;apparition d&rsquo;autres caries.<\/p>\n\n<p>Ne laissez pas des dents ab\u00eem\u00e9es g\u00e2cher votre sourire ; optez d\u00e8s aujourd&rsquo;hui pour des <a href=\"https:\/\/istanbul-tourist-information.com\/en\/category\/dental\/\" target=\"_blank\" rel=\"noreferrer noopener\">obturations dentaires <\/a>!<\/p>\n\n<h3 class=\"wp-block-heading\">Tout ce que vous devez savoir sur les <a href=\"https:\/\/medclinics.com\/dental-treatment\/\">traitements dentaires<\/a>, y compris le prix, les soins et le processus de gu\u00e9rison, ou <a href=\"#requestform\">contactez-nous<\/a>!<\/h3>\n\n<figure class=\"wp-block-image size-full\"><img fetchpriority=\"high\" decoding=\"async\" width=\"960\" height=\"580\" class=\"wp-image-82880\" src=\"https:\/\/medclinics.com\/wp-content\/uploads\/2023\/05\/Dental-Fillings.jpg\" alt=\"Obturations dentaires\" srcset=\"https:\/\/medclinics.com\/wp-content\/uploads\/2023\/05\/Dental-Fillings.jpg 960w, https:\/\/medclinics.com\/wp-content\/uploads\/2023\/05\/Dental-Fillings-500x302.jpg 500w, https:\/\/medclinics.com\/wp-content\/uploads\/2023\/05\/Dental-Fillings-768x464.jpg 768w, https:\/\/medclinics.com\/wp-content\/uploads\/2023\/05\/Dental-Fillings-24x15.jpg 24w, https:\/\/medclinics.com\/wp-content\/uploads\/2023\/05\/Dental-Fillings-36x22.jpg 36w, https:\/\/medclinics.com\/wp-content\/uploads\/2023\/05\/Dental-Fillings-48x29.jpg 48w\" sizes=\"(max-width: 960px) 100vw, 960px\" \/><\/figure>\n\n<h3 class=\"wp-block-heading\">FAQ<\/h3>\n<div id=\"rank-math-faq\" class=\"rank-math-block\">\n<div class=\"rank-math-list \">\n<div id=\"faq-question-1683898477333\" class=\"rank-math-list-item\">\n<h3 class=\"rank-math-question \">Quelle est la meilleure obturation dentaire ?<\/h3>\n<div class=\"rank-math-answer \">\n\n<p>Les principaux types d&rsquo;obturations dentaires sont l&rsquo;amalgame (argent), le composite (couleur des dents), la c\u00e9ramique et l&rsquo;or, chacun ayant ses propres avantages et inconv\u00e9nients. Les plombages en amalgame (argent) sont utilis\u00e9s depuis des d\u00e9cennies et sont durables et \u00e9conomiques, tandis que les plombages en composite sont un choix populaire pour les dents de devant car ils se fondent dans la couleur naturelle de la dent. Les obturations en c\u00e9ramique et en or sont moins couramment utilis\u00e9es. Le choix de la meilleure solution d\u00e9pend de votre situation personnelle.<\/p>\n\n<\/div>\n<\/div>\n<div id=\"faq-question-1683898525995\" class=\"rank-math-list-item\">\n<h3 class=\"rank-math-question \">Quand puis-je manger apr\u00e8s une obturation dentaire ?<\/h3>\n<div class=\"rank-math-answer \">\n\n<p>Normalement, vous pouvez manger et boire imm\u00e9diatement apr\u00e8s une obturation dentaire. Cependant, vous devez attendre que l&rsquo;anesth\u00e9sie ait disparu afin de ne pas vous mordre.<\/p>\n\n<\/div>\n<\/div>\n<div id=\"faq-question-1683898720036\" class=\"rank-math-list-item\">\n<h3 class=\"rank-math-question \">Ai-je besoin d&rsquo;un plombage si je n&rsquo;ai pas de douleur ?<\/h3>\n<div class=\"rank-math-answer \">\n\n<p>Il est possible que vous n&rsquo;ayez qu&rsquo;un tr\u00e8s petit trou qui ne provoque pas de douleur. N\u00e9anmoins, votre dentiste vous recommandera une obturation.<\/p>\n\n<\/div>\n<\/div>\n<div id=\"faq-question-1683898844556\" class=\"rank-math-list-item\">\n<h3 class=\"rank-math-question \">Les obturations dentaires sont-elles permanentes ?<\/h3>\n<div class=\"rank-math-answer \">\n\n<p>Les obturations dentaires ne sont pas n\u00e9cessairement durables et devront \u00e9ventuellement \u00eatre remplac\u00e9es en raison de l&rsquo;usure, de la carie ou d&rsquo;autres facteurs. Cependant, avec des soins appropri\u00e9s, les obturations dentaires peuvent durer plusieurs ann\u00e9es, voire plusieurs d\u00e9cennies, avant de devoir \u00eatre remplac\u00e9es.<\/p>\n\n<\/div>\n<\/div>\n<\/div>\n<\/div>\n<p>\u00a0<\/p>\n\n<h3 class=\"wp-block-heading\">Contactez-nous d\u00e8s maintenant si vous avez des questions !<\/h3>\n","protected":false},"excerpt":{"rendered":"<p>Les obturations dentaires sont un traitement dentaire efficace qui permet de r\u00e9parer les dommages caus\u00e9s \u00e0 vos dents par la [&hellip;]<\/p>\n","protected":false},"author":4,"featured_media":92512,"parent":0,"menu_order":0,"comment_status":"closed","ping_status":"closed","template":"","meta":{"site-sidebar-layout":"default","site-content-layout":"","ast-site-content-layout":"default","site-content-style":"default","site-sidebar-style":"default","ast-global-header-display":"","ast-banner-title-visibility":"","ast-main-header-display":"","ast-hfb-above-header-display":"","ast-hfb-below-header-display":"","ast-hfb-mobile-header-display":"","site-post-title":"","ast-breadcrumbs-content":"","ast-featured-img":"","footer-sml-layout":"","ast-disable-related-posts":"","theme-transparent-header-meta":"","adv-header-id-meta":"","stick-header-meta":"","header-above-stick-meta":"","header-main-stick-meta":"","header-below-stick-meta":"","astra-migrate-meta-layouts":"default","ast-page-background-enabled":"default","ast-page-background-meta":{"desktop":{"background-color":"var(--ast-global-color-4)","background-image":"","background-repeat":"repeat","background-position":"center center","background-size":"auto","background-attachment":"scroll","background-type":"","background-media":"","overlay-type":"","overlay-color":"","overlay-opacity":"","overlay-gradient":""},"tablet":{"background-color":"","background-image":"","background-repeat":"repeat","background-position":"center center","background-size":"auto","background-attachment":"scroll","background-type":"","background-media":"","overlay-type":"","overlay-color":"","overlay-opacity":"","overlay-gradient":""},"mobile":{"background-color":"","background-image":"","background-repeat":"repeat","background-position":"center center","background-size":"auto","background-attachment":"scroll","background-type":"","background-media":"","overlay-type":"","overlay-color":"","overlay-opacity":"","overlay-gradient":""}},"ast-content-background-meta":{"desktop":{"background-color":"var(--ast-global-color-5)","background-image":"","background-repeat":"repeat","background-position":"center center","background-size":"auto","background-attachment":"scroll","background-type":"","background-media":"","overlay-type":"","overlay-color":"","overlay-opacity":"","overlay-gradient":""},"tablet":{"background-color":"var(--ast-global-color-5)","background-image":"","background-repeat":"repeat","background-position":"center center","background-size":"auto","background-attachment":"scroll","background-type":"","background-media":"","overlay-type":"","overlay-color":"","overlay-opacity":"","overlay-gradient":""},"mobile":{"background-color":"var(--ast-global-color-5)","background-image":"","background-repeat":"repeat","background-position":"center center","background-size":"auto","background-attachment":"scroll","background-type":"","background-media":"","overlay-type":"","overlay-color":"","overlay-opacity":"","overlay-gradient":""}},"footnotes":""},"class_list":["post-145395","page","type-page","status-publish","has-post-thumbnail","hentry"],"_links":{"self":[{"href":"https:\/\/medclinics.com\/fr\/wp-json\/wp\/v2\/pages\/145395","targetHints":{"allow":["GET"]}}],"collection":[{"href":"https:\/\/medclinics.com\/fr\/wp-json\/wp\/v2\/pages"}],"about":[{"href":"https:\/\/medclinics.com\/fr\/wp-json\/wp\/v2\/types\/page"}],"author":[{"embeddable":true,"href":"https:\/\/medclinics.com\/fr\/wp-json\/wp\/v2\/users\/4"}],"replies":[{"embeddable":true,"href":"https:\/\/medclinics.com\/fr\/wp-json\/wp\/v2\/comments?post=145395"}],"version-history":[{"count":0,"href":"https:\/\/medclinics.com\/fr\/wp-json\/wp\/v2\/pages\/145395\/revisions"}],"wp:featuredmedia":[{"embeddable":true,"href":"https:\/\/medclinics.com\/fr\/wp-json\/wp\/v2\/media\/92512"}],"wp:attachment":[{"href":"https:\/\/medclinics.com\/fr\/wp-json\/wp\/v2\/media?parent=145395"}],"curies":[{"name":"wp","href":"https:\/\/api.w.org\/{rel}","templated":true}]}}