{"id":145383,"date":"2023-05-14T18:59:43","date_gmt":"2023-05-14T18:59:43","guid":{"rendered":"https:\/\/medclinics.com\/cristaux-dentaires\/"},"modified":"2024-04-01T14:42:21","modified_gmt":"2024-04-01T11:42:21","slug":"cristaux-dentaires","status":"publish","type":"page","link":"https:\/\/medclinics.com\/fr\/cristaux-dentaires\/","title":{"rendered":"Cristaux dentaires"},"content":{"rendered":"\n<h2 class=\"wp-block-heading\">Vous souhaitez ajouter un peu d&rsquo;\u00e9clat et de brillance \u00e0 votre sourire ? Ne cherchez pas plus loin que les cristaux dentaires !<\/h2>\n\n<p>Ces petites d\u00e9corations color\u00e9es sont plac\u00e9es sur le dessus des dents et peuvent \u00eatre fabriqu\u00e9es \u00e0 partir de mat\u00e9riaux tels que le zirconium, la porcelaine ou le verre de cristal.<\/p>\n\n<p>Les cristaux dentaires sont devenus un choix populaire pour ceux qui recherchent une am\u00e9lioration esth\u00e9tique. Dans ce traitement, les <a href=\"https:\/\/en.wikipedia.org\/wiki\/Grill_(jewelry)\" target=\"_blank\" rel=\"noreferrer noopener\">cristaux dentaires<\/a> sont coll\u00e9s aux dents sans en modifier la forme ou la couleur. C&rsquo;est pourquoi ils sont souvent utilis\u00e9s \u00e0 des fins purement cosm\u00e9tiques !<\/p>\n\n<p>L&rsquo;application elle-m\u00eame est simple et indolore : la surface de la dent est nettoy\u00e9e avant l&rsquo;application de l&rsquo;adh\u00e9sif, puis le cristal est mis en place. Les cristaux dentaires durent g\u00e9n\u00e9ralement plusieurs mois, mais peuvent \u00eatre facilement retir\u00e9s si on le souhaite.<\/p>\n\n<p>Avant de commencer le traitement par cristaux dentaires, n&rsquo;oubliez pas de consulter votre dentiste pour vous assurer que cette proc\u00e9dure est adapt\u00e9e \u00e0 votre cas particulier. Comme ces pi\u00e8ces d\u00e9coratives sont appliqu\u00e9es directement sur les surfaces dentaires, il est tr\u00e8s important de maintenir une bonne hygi\u00e8ne bucco-dentaire, comme un brossage r\u00e9gulier et l&rsquo;utilisation de fil dentaire. Les gencives et l&rsquo;\u00e9mail resteront ainsi en bonne sant\u00e9 &#8211; et l&rsquo;ensemble aura un aspect sain !<\/p>\n\n<h3 class=\"wp-block-heading\">Tout ce que vous devez savoir sur les <a href=\"https:\/\/medclinics.com\/dental-treatment\/\" target=\"_blank\" rel=\"noreferrer noopener\">traitements dentaires<\/a>, y compris le prix, les soins et le processus de gu\u00e9rison, ou <a href=\"#requestform\">contactez-nous<\/a>!<\/h3>\n\n<figure class=\"wp-block-image size-full\"><img fetchpriority=\"high\" decoding=\"async\" width=\"960\" height=\"580\" class=\"wp-image-82843\" src=\"https:\/\/medclinics.com\/wp-content\/uploads\/2023\/05\/dental-crystals.jpg\" alt=\"\" srcset=\"https:\/\/medclinics.com\/wp-content\/uploads\/2023\/05\/dental-crystals.jpg 960w, https:\/\/medclinics.com\/wp-content\/uploads\/2023\/05\/dental-crystals-500x302.jpg 500w, https:\/\/medclinics.com\/wp-content\/uploads\/2023\/05\/dental-crystals-768x464.jpg 768w, https:\/\/medclinics.com\/wp-content\/uploads\/2023\/05\/dental-crystals-24x15.jpg 24w, https:\/\/medclinics.com\/wp-content\/uploads\/2023\/05\/dental-crystals-36x22.jpg 36w, https:\/\/medclinics.com\/wp-content\/uploads\/2023\/05\/dental-crystals-48x29.jpg 48w\" sizes=\"(max-width: 960px) 100vw, 960px\" \/><\/figure>\n\n<h3 class=\"wp-block-heading\">FAQ<\/h3>\n<div id=\"rank-math-faq\" class=\"rank-math-block\">\n<div class=\"rank-math-list \">\n<div id=\"faq-question-1683898477333\" class=\"rank-math-list-item\">\n<h3 class=\"rank-math-question \">Puis-je me brosser les dents si j&rsquo;ai des pierres pr\u00e9cieuses ou des cristaux dentaires ?<\/h3>\n<div class=\"rank-math-answer \">\n\n<p>Oui, vous pouvez aussi vous brosser les dents avec des pierres dentaires ou des cristaux, mais il est important que vous le fassiez doucement. Si vous frottez trop fort ou si vous appliquez trop de pression, vous risquez d&rsquo;endommager les cristaux. Il est pr\u00e9f\u00e9rable d&rsquo;utiliser une brosse \u00e0 dents \u00e0 poils souples et de ne pas utiliser de dentifrice abrasif.<\/p>\n\n<\/div>\n<\/div>\n<div id=\"faq-question-1683898525995\" class=\"rank-math-list-item\">\n<h3 class=\"rank-math-question \">Quel est l&rsquo;effet n\u00e9gatif des cristaux dentaires ?<\/h3>\n<div class=\"rank-math-answer \">\n\n<p>Les cristaux dentaires peuvent former de petites crevasses ou des espaces sur la surface de la dent o\u00f9 les bact\u00e9ries s&rsquo;accumulent. L&rsquo;hygi\u00e8ne bucco-dentaire est donc tr\u00e8s importante. Si les cristaux se d\u00e9tachent parce qu&rsquo;ils n&rsquo;ont pas \u00e9t\u00e9 ins\u00e9r\u00e9s correctement, ils peuvent endommager les dents ou les gencives.<\/p>\n\n<\/div>\n<\/div>\n<div id=\"faq-question-1683898720036\" class=\"rank-math-list-item\">\n<h3 class=\"rank-math-question \">Les cristaux de dents sont-ils permanents ?<\/h3>\n<div class=\"rank-math-answer \">\n\n<p>Les cristaux dentaires, \u00e9galement appel\u00e9s gemmes dentaires, ne sont pas permanents et peuvent \u00eatre retir\u00e9s par le dentiste s&rsquo;il le souhaite. Elles durent g\u00e9n\u00e9ralement de quelques mois \u00e0 un an.  <\/p>\n\n<\/div>\n<\/div>\n<\/div>\n<\/div>\n<p>\u00a0<\/p>\n\n<h3 class=\"wp-block-heading\">Contactez-nous d\u00e8s maintenant si vous avez des questions !<\/h3>\n","protected":false},"excerpt":{"rendered":"<p>Vous souhaitez ajouter un peu d&rsquo;\u00e9clat et de brillance \u00e0 votre sourire ? Ne cherchez pas plus loin que les [&hellip;]<\/p>\n","protected":false},"author":4,"featured_media":82843,"parent":0,"menu_order":0,"comment_status":"closed","ping_status":"closed","template":"","meta":{"site-sidebar-layout":"default","site-content-layout":"","ast-site-content-layout":"default","site-content-style":"default","site-sidebar-style":"default","ast-global-header-display":"","ast-banner-title-visibility":"","ast-main-header-display":"","ast-hfb-above-header-display":"","ast-hfb-below-header-display":"","ast-hfb-mobile-header-display":"","site-post-title":"","ast-breadcrumbs-content":"","ast-featured-img":"","footer-sml-layout":"","ast-disable-related-posts":"","theme-transparent-header-meta":"","adv-header-id-meta":"","stick-header-meta":"","header-above-stick-meta":"","header-main-stick-meta":"","header-below-stick-meta":"","astra-migrate-meta-layouts":"default","ast-page-background-enabled":"default","ast-page-background-meta":{"desktop":{"background-color":"var(--ast-global-color-4)","background-image":"","background-repeat":"repeat","background-position":"center center","background-size":"auto","background-attachment":"scroll","background-type":"","background-media":"","overlay-type":"","overlay-color":"","overlay-opacity":"","overlay-gradient":""},"tablet":{"background-color":"","background-image":"","background-repeat":"repeat","background-position":"center center","background-size":"auto","background-attachment":"scroll","background-type":"","background-media":"","overlay-type":"","overlay-color":"","overlay-opacity":"","overlay-gradient":""},"mobile":{"background-color":"","background-image":"","background-repeat":"repeat","background-position":"center center","background-size":"auto","background-attachment":"scroll","background-type":"","background-media":"","overlay-type":"","overlay-color":"","overlay-opacity":"","overlay-gradient":""}},"ast-content-background-meta":{"desktop":{"background-color":"var(--ast-global-color-5)","background-image":"","background-repeat":"repeat","background-position":"center center","background-size":"auto","background-attachment":"scroll","background-type":"","background-media":"","overlay-type":"","overlay-color":"","overlay-opacity":"","overlay-gradient":""},"tablet":{"background-color":"var(--ast-global-color-5)","background-image":"","background-repeat":"repeat","background-position":"center center","background-size":"auto","background-attachment":"scroll","background-type":"","background-media":"","overlay-type":"","overlay-color":"","overlay-opacity":"","overlay-gradient":""},"mobile":{"background-color":"var(--ast-global-color-5)","background-image":"","background-repeat":"repeat","background-position":"center center","background-size":"auto","background-attachment":"scroll","background-type":"","background-media":"","overlay-type":"","overlay-color":"","overlay-opacity":"","overlay-gradient":""}},"footnotes":""},"class_list":["post-145383","page","type-page","status-publish","has-post-thumbnail","hentry"],"_links":{"self":[{"href":"https:\/\/medclinics.com\/fr\/wp-json\/wp\/v2\/pages\/145383","targetHints":{"allow":["GET"]}}],"collection":[{"href":"https:\/\/medclinics.com\/fr\/wp-json\/wp\/v2\/pages"}],"about":[{"href":"https:\/\/medclinics.com\/fr\/wp-json\/wp\/v2\/types\/page"}],"author":[{"embeddable":true,"href":"https:\/\/medclinics.com\/fr\/wp-json\/wp\/v2\/users\/4"}],"replies":[{"embeddable":true,"href":"https:\/\/medclinics.com\/fr\/wp-json\/wp\/v2\/comments?post=145383"}],"version-history":[{"count":0,"href":"https:\/\/medclinics.com\/fr\/wp-json\/wp\/v2\/pages\/145383\/revisions"}],"wp:featuredmedia":[{"embeddable":true,"href":"https:\/\/medclinics.com\/fr\/wp-json\/wp\/v2\/media\/82843"}],"wp:attachment":[{"href":"https:\/\/medclinics.com\/fr\/wp-json\/wp\/v2\/media?parent=145383"}],"curies":[{"name":"wp","href":"https:\/\/api.w.org\/{rel}","templated":true}]}}