{"id":145367,"date":"2023-05-13T20:01:16","date_gmt":"2023-05-13T20:01:16","guid":{"rendered":"https:\/\/medclinics.com\/greffes-osseuses-dentaires\/"},"modified":"2024-04-01T14:42:06","modified_gmt":"2024-04-01T11:42:06","slug":"greffes-osseuses-dentaires","status":"publish","type":"page","link":"https:\/\/medclinics.com\/fr\/greffes-osseuses-dentaires\/","title":{"rendered":"Greffes osseuses dentaires"},"content":{"rendered":"\n<h2 class=\"wp-block-heading\">Souffrez-vous d&rsquo;une perte osseuse au niveau de la m\u00e2choire due \u00e0 la perte de dents, \u00e0 une maladie parodontale, \u00e0 une blessure ou \u00e0 d&rsquo;autres causes ?<\/h2>\n\n<p>Si c&rsquo;est le cas, les greffes osseuses dentaires peuvent \u00eatre la solution pour vous.<\/p>\n\n<p>La perte osseuse de votre m\u00e2choire est-elle due \u00e0 la perte de dents, \u00e0 une maladie parodontale, \u00e0 une blessure ou \u00e0 d&rsquo;autres causes ? Si c&rsquo;est le cas, les greffes osseuses dentaires peuvent \u00eatre la solution pour vous. Cette proc\u00e9dure est sp\u00e9cifiquement con\u00e7ue pour r\u00e9g\u00e9n\u00e9rer le tissu osseux de l&rsquo;os de la m\u00e2choire et le pr\u00e9parer \u00e0 la pose d&rsquo;un implant dentaire.<\/p>\n\n<p>Les tissus infect\u00e9s ou endommag\u00e9s sont ensuite retir\u00e9s avant de placer la quantit\u00e9 n\u00e9cessaire de greffon l\u00e0 o\u00f9 la r\u00e9g\u00e9n\u00e9ration est la plus n\u00e9cessaire. Pour assurer une cicatrisation et une protection optimales pendant la p\u00e9riode de r\u00e9tablissement, une membrane de couverture suit g\u00e9n\u00e9ralement ce processus.<\/p>\n\n<p>Ne laissez pas des dents manquantes vous emp\u00eacher d&rsquo;atteindre une sant\u00e9 bucco-dentaire parfaite ! Les <a href=\"https:\/\/en.wikipedia.org\/wiki\/Bone_grafting\" target=\"_blank\" rel=\"noreferrer noopener\">greffes osseuses dentaires<\/a> peuvent aider \u00e0 restaurer les os perdus tout en les pr\u00e9parant pour de futurs implants qui pourraient changer \u00e0 jamais la fa\u00e7on dont nous voyons nos sourires !<\/p>\n\n<h3 class=\"wp-block-heading\">Tout ce que vous devez savoir sur les <a href=\"https:\/\/medclinics.com\/dental-treatment\/\" target=\"_blank\" rel=\"noreferrer noopener\">traitements dentaires<\/a>, y compris le prix, les soins et le processus de gu\u00e9rison, ou <a href=\"#requestform\">contactez-nous<\/a>!<\/h3>\n\n<figure class=\"wp-block-image size-full\"><img fetchpriority=\"high\" decoding=\"async\" width=\"960\" height=\"580\" class=\"wp-image-82756\" src=\"https:\/\/medclinics.com\/wp-content\/uploads\/2023\/05\/dental-bone-grafts.jpg\" alt=\"\" srcset=\"https:\/\/medclinics.com\/wp-content\/uploads\/2023\/05\/dental-bone-grafts.jpg 960w, https:\/\/medclinics.com\/wp-content\/uploads\/2023\/05\/dental-bone-grafts-500x302.jpg 500w, https:\/\/medclinics.com\/wp-content\/uploads\/2023\/05\/dental-bone-grafts-768x464.jpg 768w, https:\/\/medclinics.com\/wp-content\/uploads\/2023\/05\/dental-bone-grafts-24x15.jpg 24w, https:\/\/medclinics.com\/wp-content\/uploads\/2023\/05\/dental-bone-grafts-36x22.jpg 36w, https:\/\/medclinics.com\/wp-content\/uploads\/2023\/05\/dental-bone-grafts-48x29.jpg 48w\" sizes=\"(max-width: 960px) 100vw, 960px\" \/><\/figure>\n\n<h3 class=\"wp-block-heading\">FAQ<\/h3>\n<div id=\"rank-math-faq\" class=\"rank-math-block\">\n<div class=\"rank-math-list \">\n<div id=\"faq-question-1683898477333\" class=\"rank-math-list-item\">\n<h3 class=\"rank-math-question \">La greffe osseuse dentaire en vaut-elle la peine ?<\/h3>\n<div class=\"rank-math-answer \">\n\n<p>Une greffe osseuse est appropri\u00e9e si elle peut restaurer votre sant\u00e9 et votre fonction bucco-dentaire. En fin de compte, cela d\u00e9pend des circonstances individuelles et doit \u00eatre discut\u00e9 avec un dentiste ou un chirurgien buccal.<\/p>\n\n<\/div>\n<\/div>\n<div id=\"faq-question-1683898525995\" class=\"rank-math-list-item\">\n<h3 class=\"rank-math-question \">La greffe osseuse est-elle douloureuse ?<\/h3>\n<div class=\"rank-math-answer \">\n\n<p>La greffe osseuse peut entra\u00eener une certaine g\u00eane pendant et apr\u00e8s l&rsquo;intervention. Toutefois, l&rsquo;anesth\u00e9sie et les analg\u00e9siques devraient permettre de limiter ce ph\u00e9nom\u00e8ne.<\/p>\n\n<\/div>\n<\/div>\n<div id=\"faq-question-1683898720036\" class=\"rank-math-list-item\">\n<h3 class=\"rank-math-question \">Combien de temps faut-il pour se remettre d&rsquo;une greffe osseuse ?<\/h3>\n<div class=\"rank-math-answer \">\n\n<p>Le temps de r\u00e9cup\u00e9ration des greffes osseuses peut varier en fonction du type et de l&rsquo;\u00e9tendue de l&rsquo;intervention, mais il faut g\u00e9n\u00e9ralement plusieurs semaines ou mois pour que la greffe soit compl\u00e8tement int\u00e9gr\u00e9e et que vous vous r\u00e9tablissiez compl\u00e8tement.<\/p>\n\n<\/div>\n<\/div>\n<\/div>\n<\/div>\n<p>\u00a0<\/p>\n\n<h3 class=\"wp-block-heading\">Contactez-nous d\u00e8s maintenant si vous avez des questions !<\/h3>\n","protected":false},"excerpt":{"rendered":"<p>Souffrez-vous d&rsquo;une perte osseuse au niveau de la m\u00e2choire due \u00e0 la perte de dents, \u00e0 une maladie parodontale, \u00e0 [&hellip;]<\/p>\n","protected":false},"author":4,"featured_media":92526,"parent":0,"menu_order":0,"comment_status":"closed","ping_status":"closed","template":"","meta":{"site-sidebar-layout":"default","site-content-layout":"","ast-site-content-layout":"default","site-content-style":"default","site-sidebar-style":"default","ast-global-header-display":"","ast-banner-title-visibility":"","ast-main-header-display":"","ast-hfb-above-header-display":"","ast-hfb-below-header-display":"","ast-hfb-mobile-header-display":"","site-post-title":"","ast-breadcrumbs-content":"","ast-featured-img":"","footer-sml-layout":"","ast-disable-related-posts":"","theme-transparent-header-meta":"","adv-header-id-meta":"","stick-header-meta":"","header-above-stick-meta":"","header-main-stick-meta":"","header-below-stick-meta":"","astra-migrate-meta-layouts":"default","ast-page-background-enabled":"default","ast-page-background-meta":{"desktop":{"background-color":"var(--ast-global-color-4)","background-image":"","background-repeat":"repeat","background-position":"center center","background-size":"auto","background-attachment":"scroll","background-type":"","background-media":"","overlay-type":"","overlay-color":"","overlay-opacity":"","overlay-gradient":""},"tablet":{"background-color":"","background-image":"","background-repeat":"repeat","background-position":"center center","background-size":"auto","background-attachment":"scroll","background-type":"","background-media":"","overlay-type":"","overlay-color":"","overlay-opacity":"","overlay-gradient":""},"mobile":{"background-color":"","background-image":"","background-repeat":"repeat","background-position":"center center","background-size":"auto","background-attachment":"scroll","background-type":"","background-media":"","overlay-type":"","overlay-color":"","overlay-opacity":"","overlay-gradient":""}},"ast-content-background-meta":{"desktop":{"background-color":"var(--ast-global-color-5)","background-image":"","background-repeat":"repeat","background-position":"center center","background-size":"auto","background-attachment":"scroll","background-type":"","background-media":"","overlay-type":"","overlay-color":"","overlay-opacity":"","overlay-gradient":""},"tablet":{"background-color":"var(--ast-global-color-5)","background-image":"","background-repeat":"repeat","background-position":"center center","background-size":"auto","background-attachment":"scroll","background-type":"","background-media":"","overlay-type":"","overlay-color":"","overlay-opacity":"","overlay-gradient":""},"mobile":{"background-color":"var(--ast-global-color-5)","background-image":"","background-repeat":"repeat","background-position":"center center","background-size":"auto","background-attachment":"scroll","background-type":"","background-media":"","overlay-type":"","overlay-color":"","overlay-opacity":"","overlay-gradient":""}},"footnotes":""},"class_list":["post-145367","page","type-page","status-publish","has-post-thumbnail","hentry"],"_links":{"self":[{"href":"https:\/\/medclinics.com\/fr\/wp-json\/wp\/v2\/pages\/145367","targetHints":{"allow":["GET"]}}],"collection":[{"href":"https:\/\/medclinics.com\/fr\/wp-json\/wp\/v2\/pages"}],"about":[{"href":"https:\/\/medclinics.com\/fr\/wp-json\/wp\/v2\/types\/page"}],"author":[{"embeddable":true,"href":"https:\/\/medclinics.com\/fr\/wp-json\/wp\/v2\/users\/4"}],"replies":[{"embeddable":true,"href":"https:\/\/medclinics.com\/fr\/wp-json\/wp\/v2\/comments?post=145367"}],"version-history":[{"count":0,"href":"https:\/\/medclinics.com\/fr\/wp-json\/wp\/v2\/pages\/145367\/revisions"}],"wp:featuredmedia":[{"embeddable":true,"href":"https:\/\/medclinics.com\/fr\/wp-json\/wp\/v2\/media\/92526"}],"wp:attachment":[{"href":"https:\/\/medclinics.com\/fr\/wp-json\/wp\/v2\/media?parent=145367"}],"curies":[{"name":"wp","href":"https:\/\/api.w.org\/{rel}","templated":true}]}}