{"id":145359,"date":"2023-05-13T19:10:58","date_gmt":"2023-05-13T19:10:58","guid":{"rendered":"https:\/\/medclinics.com\/saignement-des-gencives\/"},"modified":"2024-04-01T14:24:12","modified_gmt":"2024-04-01T11:24:12","slug":"saignement-des-gencives","status":"publish","type":"page","link":"https:\/\/medclinics.com\/fr\/saignement-des-gencives\/","title":{"rendered":"Saignement des gencives"},"content":{"rendered":"\n<h2 class=\"wp-block-heading\">Le saignement des gencives est g\u00e9n\u00e9ralement observ\u00e9 lors du brossage des dents ou de l&rsquo;utilisation du fil dentaire.<\/h2>\n\n<p>L&rsquo;apparition de saignements des gencives peut \u00eatre due \u00e0 diff\u00e9rents facteurs, notamment une inflammation ou une infection des gencives. Des pratiques d&rsquo;hygi\u00e8ne bucco-dentaire inad\u00e9quates, l&rsquo;accumulation de tartre, des m\u00e9thodes de brossage inappropri\u00e9es et m\u00eame des maladies des gencives peuvent \u00eatre \u00e0 l&rsquo;origine de ce sympt\u00f4me ind\u00e9sirable.<\/p>\n\n<p>Bien qu&rsquo;ils soient g\u00e9n\u00e9ralement b\u00e9nins, il arrive que les saignements s&rsquo;aggravent et provoquent des l\u00e9sions buccales.<\/p>\n\n<p>Pour traiter efficacement ce probl\u00e8me, les personnes pr\u00e9sentant de tels sympt\u00f4mes devraient demander l&rsquo;avis d&rsquo;un <a href=\"https:\/\/istanbul-tourist-information.com\/en\/category\/dental\/\" target=\"_blank\" rel=\"noreferrer noopener\">dentiste<\/a> sur la sant\u00e9 g\u00e9n\u00e9rale de leurs gencives. En outre, l&rsquo;am\u00e9lioration de la routine dentaire quotidienne par un brossage r\u00e9gulier et l&rsquo;utilisation du fil dentaire, ainsi que d&rsquo;autres bonnes habitudes, contribueront \u00e0 r\u00e9duire la probabilit\u00e9 de rencontrer d&rsquo;autres probl\u00e8mes li\u00e9s au saignement des gencives, tout en favorisant la sant\u00e9 des gencives !<\/p>\n\n<h3 class=\"wp-block-heading\">Tout ce que vous devez savoir sur les <a href=\"https:\/\/medclinics.com\/dental-treatment\/\" target=\"_blank\" rel=\"noreferrer noopener\">traitements dentaires<\/a>, y compris le prix, les soins et le processus de gu\u00e9rison, ou <a href=\"#requestform\">contactez-nous<\/a>!<\/h3>\n\n<figure class=\"wp-block-image size-full\"><img fetchpriority=\"high\" decoding=\"async\" width=\"960\" height=\"580\" class=\"wp-image-82726\" src=\"https:\/\/medclinics.com\/wp-content\/uploads\/2023\/05\/bleeding-guns.jpg\" alt=\"Saignement des gencives\" srcset=\"https:\/\/medclinics.com\/wp-content\/uploads\/2023\/05\/bleeding-guns.jpg 960w, https:\/\/medclinics.com\/wp-content\/uploads\/2023\/05\/bleeding-guns-500x302.jpg 500w, https:\/\/medclinics.com\/wp-content\/uploads\/2023\/05\/bleeding-guns-768x464.jpg 768w, https:\/\/medclinics.com\/wp-content\/uploads\/2023\/05\/bleeding-guns-24x15.jpg 24w, https:\/\/medclinics.com\/wp-content\/uploads\/2023\/05\/bleeding-guns-36x22.jpg 36w, https:\/\/medclinics.com\/wp-content\/uploads\/2023\/05\/bleeding-guns-48x29.jpg 48w\" sizes=\"(max-width: 960px) 100vw, 960px\" \/><\/figure>\n\n<h3 class=\"wp-block-heading\">FAQ<\/h3>\n<div id=\"rank-math-faq\" class=\"rank-math-block\">\n<div class=\"rank-math-list \">\n<div id=\"faq-question-1683898477333\" class=\"rank-math-list-item\">\n<h3 class=\"rank-math-question \">La vitamine C peut-elle arr\u00eater le saignement des gencives ?<\/h3>\n<div class=\"rank-math-answer \">\n\n<p>La prise de vitamine C peut aider \u00e0 arr\u00eater les saignements des gencives caus\u00e9s par une carence en vitamine C, mais les saignements persistants ou excessifs des gencives doivent \u00eatre \u00e9valu\u00e9s par un m\u00e9decin.<\/p>\n\n<\/div>\n<\/div>\n<div id=\"faq-question-1683898525995\" class=\"rank-math-list-item\">\n<h3 class=\"rank-math-question \">Comment traiter les saignements des gencives ?<\/h3>\n<div class=\"rank-math-answer \">\n\n<p>Elle peut \u00eatre trait\u00e9e par une bonne hygi\u00e8ne bucco-dentaire, c&rsquo;est-\u00e0-dire un brossage r\u00e9gulier, l&rsquo;utilisation du fil dentaire et un bain de bouche antiseptique. Les dents doivent \u00eatre nettoy\u00e9es r\u00e9guli\u00e8rement par un dentiste professionnel. Cette personne v\u00e9rifiera \u00e9galement si une maladie des gencives est \u00e0 l&rsquo;origine du saignement.<\/p>\n\n<\/div>\n<\/div>\n<div id=\"faq-question-1683898720036\" class=\"rank-math-list-item\">\n<h3 class=\"rank-math-question \">Quand dois-je m&rsquo;inqui\u00e9ter d&rsquo;un saignement des gencives ?<\/h3>\n<div class=\"rank-math-answer \">\n\n<p>Vous devez vous inqui\u00e9ter si les saignements sont persistants, s&rsquo;ils sont excessifs ou s&rsquo;ils s&rsquo;accompagnent d&rsquo;autres sympt\u00f4mes tels que des douleurs, des gonflements ou une mauvaise haleine. Il peut s&rsquo;agir de signes d&rsquo;une maladie des gencives. Votre dentiste pourra vous aider.<\/p>\n\n<\/div>\n<\/div>\n<\/div>\n<\/div>\n<p>\u00a0<\/p>\n\n<h3 class=\"wp-block-heading\">Contactez-nous d\u00e8s maintenant si vous avez des questions !<\/h3>\n","protected":false},"excerpt":{"rendered":"<p>Le saignement des gencives est g\u00e9n\u00e9ralement observ\u00e9 lors du brossage des dents ou de l&rsquo;utilisation du fil dentaire. L&rsquo;apparition de [&hellip;]<\/p>\n","protected":false},"author":4,"featured_media":92533,"parent":0,"menu_order":0,"comment_status":"closed","ping_status":"closed","template":"","meta":{"site-sidebar-layout":"default","site-content-layout":"","ast-site-content-layout":"default","site-content-style":"default","site-sidebar-style":"default","ast-global-header-display":"","ast-banner-title-visibility":"","ast-main-header-display":"","ast-hfb-above-header-display":"","ast-hfb-below-header-display":"","ast-hfb-mobile-header-display":"","site-post-title":"","ast-breadcrumbs-content":"","ast-featured-img":"","footer-sml-layout":"","ast-disable-related-posts":"","theme-transparent-header-meta":"","adv-header-id-meta":"","stick-header-meta":"","header-above-stick-meta":"","header-main-stick-meta":"","header-below-stick-meta":"","astra-migrate-meta-layouts":"default","ast-page-background-enabled":"default","ast-page-background-meta":{"desktop":{"background-color":"var(--ast-global-color-4)","background-image":"","background-repeat":"repeat","background-position":"center center","background-size":"auto","background-attachment":"scroll","background-type":"","background-media":"","overlay-type":"","overlay-color":"","overlay-opacity":"","overlay-gradient":""},"tablet":{"background-color":"","background-image":"","background-repeat":"repeat","background-position":"center center","background-size":"auto","background-attachment":"scroll","background-type":"","background-media":"","overlay-type":"","overlay-color":"","overlay-opacity":"","overlay-gradient":""},"mobile":{"background-color":"","background-image":"","background-repeat":"repeat","background-position":"center center","background-size":"auto","background-attachment":"scroll","background-type":"","background-media":"","overlay-type":"","overlay-color":"","overlay-opacity":"","overlay-gradient":""}},"ast-content-background-meta":{"desktop":{"background-color":"var(--ast-global-color-5)","background-image":"","background-repeat":"repeat","background-position":"center center","background-size":"auto","background-attachment":"scroll","background-type":"","background-media":"","overlay-type":"","overlay-color":"","overlay-opacity":"","overlay-gradient":""},"tablet":{"background-color":"var(--ast-global-color-5)","background-image":"","background-repeat":"repeat","background-position":"center center","background-size":"auto","background-attachment":"scroll","background-type":"","background-media":"","overlay-type":"","overlay-color":"","overlay-opacity":"","overlay-gradient":""},"mobile":{"background-color":"var(--ast-global-color-5)","background-image":"","background-repeat":"repeat","background-position":"center center","background-size":"auto","background-attachment":"scroll","background-type":"","background-media":"","overlay-type":"","overlay-color":"","overlay-opacity":"","overlay-gradient":""}},"footnotes":""},"class_list":["post-145359","page","type-page","status-publish","has-post-thumbnail","hentry"],"_links":{"self":[{"href":"https:\/\/medclinics.com\/fr\/wp-json\/wp\/v2\/pages\/145359","targetHints":{"allow":["GET"]}}],"collection":[{"href":"https:\/\/medclinics.com\/fr\/wp-json\/wp\/v2\/pages"}],"about":[{"href":"https:\/\/medclinics.com\/fr\/wp-json\/wp\/v2\/types\/page"}],"author":[{"embeddable":true,"href":"https:\/\/medclinics.com\/fr\/wp-json\/wp\/v2\/users\/4"}],"replies":[{"embeddable":true,"href":"https:\/\/medclinics.com\/fr\/wp-json\/wp\/v2\/comments?post=145359"}],"version-history":[{"count":0,"href":"https:\/\/medclinics.com\/fr\/wp-json\/wp\/v2\/pages\/145359\/revisions"}],"wp:featuredmedia":[{"embeddable":true,"href":"https:\/\/medclinics.com\/fr\/wp-json\/wp\/v2\/media\/92533"}],"wp:attachment":[{"href":"https:\/\/medclinics.com\/fr\/wp-json\/wp\/v2\/media?parent=145359"}],"curies":[{"name":"wp","href":"https:\/\/api.w.org\/{rel}","templated":true}]}}