{"id":145311,"date":"2023-05-12T13:54:22","date_gmt":"2023-05-12T13:54:22","guid":{"rendered":"https:\/\/medclinics.com\/obturation-esthetique\/"},"modified":"2024-04-01T14:23:29","modified_gmt":"2024-04-01T11:23:29","slug":"obturation-esthetique","status":"publish","type":"page","link":"https:\/\/medclinics.com\/fr\/obturation-esthetique\/","title":{"rendered":"Obturation esth\u00e9tique"},"content":{"rendered":"\n<h2 class=\"wp-block-heading\">\u00cates-vous fatigu\u00e9 des lacunes disgracieuses caus\u00e9es par les caries, les blessures ou la perte de dents ? L&rsquo;obturation esth\u00e9tique est la solution \u00e0 vos probl\u00e8mes dentaires.<\/h2>\n\n<p>Cette proc\u00e9dure permet non seulement d&rsquo;am\u00e9liorer la fonction, mais aussi l&rsquo;apparence des dents.<\/p>\n\n<p>L&rsquo;\u00e9poque o\u00f9 les mat\u00e9riaux traditionnels tels que l&rsquo;amalgame, l&rsquo;or et l&rsquo;argent \u00e9taient utilis\u00e9s pour les obturations est r\u00e9volue. La technologie actuelle offre une gamme d&rsquo;options <a href=\"https:\/\/istanbul-tourist-information.com\/en\/category\/dental\/\" target=\"_blank\" rel=\"noreferrer noopener\">esth\u00e9tiques et naturelles<\/a> telles que la r\u00e9sine composite, la c\u00e9ramique et la porcelaine qui s&rsquo;harmonisent parfaitement avec la couleur naturelle de vos dents.<\/p>\n\n<p>L&rsquo;obturation esth\u00e9tique est r\u00e9alis\u00e9e sous anesth\u00e9sie locale par des dentistes qui nettoient les parties endommag\u00e9es avant de leur donner une forme ad\u00e9quate \u00e0 l&rsquo;aide d&rsquo;un mat\u00e9riau appropri\u00e9. Ce processus permet de pr\u00e9server l&rsquo;aspect original tout en r\u00e9tablissant la fonctionnalit\u00e9 des zones touch\u00e9es, sans aucune g\u00eane apr\u00e8s l&rsquo;intervention.<\/p>\n\n<p>Choisissez parmi une gamme de mat\u00e9riaux disponibles sur la base des recommandations formul\u00e9es par des professionnels exp\u00e9riment\u00e9s, qui sont les mieux adapt\u00e9s aux besoins individuels et qui garantissent des r\u00e9sultats optimaux \u00e0 chaque fois ! Ne laissez plus les caries g\u00e2cher des sourires parfaits &#8211; inscrivez-vous d\u00e8s aujourd&rsquo;hui !<\/p>\n\n<h3 class=\"wp-block-heading\">Tout ce que vous devez savoir sur les <a href=\"https:\/\/medclinics.com\/dental-treatment\/\" target=\"_blank\" rel=\"noreferrer noopener\">traitements dentaires<\/a>, y compris le prix, les soins et le processus de gu\u00e9rison, ou <a href=\"#requestform\">contactez-nous<\/a>!<\/h3>\n\n<figure class=\"wp-block-image size-full\"><img fetchpriority=\"high\" decoding=\"async\" width=\"960\" height=\"550\" class=\"wp-image-82374\" src=\"https:\/\/medclinics.com\/wp-content\/uploads\/2023\/05\/aesthetic-filling.jpg\" alt=\"Remplissage esth&#xE9;tique\" srcset=\"https:\/\/medclinics.com\/wp-content\/uploads\/2023\/05\/aesthetic-filling.jpg 960w, https:\/\/medclinics.com\/wp-content\/uploads\/2023\/05\/aesthetic-filling-500x286.jpg 500w, https:\/\/medclinics.com\/wp-content\/uploads\/2023\/05\/aesthetic-filling-768x440.jpg 768w, https:\/\/medclinics.com\/wp-content\/uploads\/2023\/05\/aesthetic-filling-24x14.jpg 24w, https:\/\/medclinics.com\/wp-content\/uploads\/2023\/05\/aesthetic-filling-36x21.jpg 36w, https:\/\/medclinics.com\/wp-content\/uploads\/2023\/05\/aesthetic-filling-48x28.jpg 48w\" sizes=\"(max-width: 960px) 100vw, 960px\" \/><\/figure>\n\n<h3 class=\"wp-block-heading\">FAQ<\/h3>\n<div id=\"rank-math-faq\" class=\"rank-math-block\">\n<div class=\"rank-math-list \">\n<div id=\"faq-question-1683898477333\" class=\"rank-math-list-item\">\n<h3 class=\"rank-math-question \">Quand puis-je manger apr\u00e8s une obturation dentaire esth\u00e9tique ?<\/h3>\n<div class=\"rank-math-answer \">\n\n<p>Apr\u00e8s une obturation esth\u00e9tique, il est pr\u00e9f\u00e9rable d&rsquo;attendre que l&rsquo;anesth\u00e9sie ait disparu avant de manger quoi que ce soit. Cela prend g\u00e9n\u00e9ralement quelques heures.<\/p>\n\n<\/div>\n<\/div>\n<div id=\"faq-question-1683898525995\" class=\"rank-math-list-item\">\n<h3 class=\"rank-math-question \">Quels sont les mat\u00e9riaux d&rsquo;obturation esth\u00e9tiques les plus couramment utilis\u00e9s aujourd&rsquo;hui ? Composite ou c\u00e9ramique ?<\/h3>\n<div class=\"rank-math-answer \">\n\n<p>Les obturations en composite sont aujourd&rsquo;hui plus courantes que les obturations en c\u00e9ramique, car elles sont moins co\u00fbteuses que ces derni\u00e8res et peuvent mieux s&rsquo;harmoniser avec la couleur naturelle des dents.<\/p>\n\n<\/div>\n<\/div>\n<div id=\"faq-question-1683898720036\" class=\"rank-math-list-item\">\n<h3 class=\"rank-math-question \">Pourquoi les plombages blancs sont-ils meilleurs ?<\/h3>\n<div class=\"rank-math-answer \">\n\n<p>Les plombages blancs sont meilleurs que les plombages m\u00e9talliques traditionnels parce qu&rsquo;ils sont plus esth\u00e9tiques, qu&rsquo;ils n\u00e9cessitent moins d&rsquo;\u00e9limination de la structure dentaire et qu&rsquo;ils sont fabriqu\u00e9s \u00e0 partir d&rsquo;un mat\u00e9riau s\u00fbr et non toxique.<\/p>\n\n<\/div>\n<\/div>\n<div id=\"faq-question-1683898844556\" class=\"rank-math-list-item\">\n<h3 class=\"rank-math-question \">Les plombages peuvent-ils provoquer des caries ?<\/h3>\n<div class=\"rank-math-answer \">\n\n<p>Oui, des caries peuvent se former autour de l&rsquo;obturation esth\u00e9tique si la zone n&rsquo;est pas maintenue propre et exempte de bact\u00e9ries.<\/p>\n\n<\/div>\n<\/div>\n<\/div>\n<\/div>\n<p>\u00a0<\/p>\n\n<h3 class=\"wp-block-heading\">Contactez-nous d\u00e8s maintenant si vous avez des questions !<\/h3>\n","protected":false},"excerpt":{"rendered":"<p>\u00cates-vous fatigu\u00e9 des lacunes disgracieuses caus\u00e9es par les caries, les blessures ou la perte de dents ? L&rsquo;obturation esth\u00e9tique est [&hellip;]<\/p>\n","protected":false},"author":4,"featured_media":82381,"parent":0,"menu_order":0,"comment_status":"closed","ping_status":"closed","template":"","meta":{"site-sidebar-layout":"default","site-content-layout":"","ast-site-content-layout":"default","site-content-style":"default","site-sidebar-style":"default","ast-global-header-display":"","ast-banner-title-visibility":"","ast-main-header-display":"","ast-hfb-above-header-display":"","ast-hfb-below-header-display":"","ast-hfb-mobile-header-display":"","site-post-title":"","ast-breadcrumbs-content":"","ast-featured-img":"","footer-sml-layout":"","ast-disable-related-posts":"","theme-transparent-header-meta":"","adv-header-id-meta":"","stick-header-meta":"","header-above-stick-meta":"","header-main-stick-meta":"","header-below-stick-meta":"","astra-migrate-meta-layouts":"default","ast-page-background-enabled":"default","ast-page-background-meta":{"desktop":{"background-color":"var(--ast-global-color-4)","background-image":"","background-repeat":"repeat","background-position":"center center","background-size":"auto","background-attachment":"scroll","background-type":"","background-media":"","overlay-type":"","overlay-color":"","overlay-opacity":"","overlay-gradient":""},"tablet":{"background-color":"","background-image":"","background-repeat":"repeat","background-position":"center center","background-size":"auto","background-attachment":"scroll","background-type":"","background-media":"","overlay-type":"","overlay-color":"","overlay-opacity":"","overlay-gradient":""},"mobile":{"background-color":"","background-image":"","background-repeat":"repeat","background-position":"center center","background-size":"auto","background-attachment":"scroll","background-type":"","background-media":"","overlay-type":"","overlay-color":"","overlay-opacity":"","overlay-gradient":""}},"ast-content-background-meta":{"desktop":{"background-color":"var(--ast-global-color-5)","background-image":"","background-repeat":"repeat","background-position":"center center","background-size":"auto","background-attachment":"scroll","background-type":"","background-media":"","overlay-type":"","overlay-color":"","overlay-opacity":"","overlay-gradient":""},"tablet":{"background-color":"var(--ast-global-color-5)","background-image":"","background-repeat":"repeat","background-position":"center center","background-size":"auto","background-attachment":"scroll","background-type":"","background-media":"","overlay-type":"","overlay-color":"","overlay-opacity":"","overlay-gradient":""},"mobile":{"background-color":"var(--ast-global-color-5)","background-image":"","background-repeat":"repeat","background-position":"center center","background-size":"auto","background-attachment":"scroll","background-type":"","background-media":"","overlay-type":"","overlay-color":"","overlay-opacity":"","overlay-gradient":""}},"footnotes":""},"class_list":["post-145311","page","type-page","status-publish","has-post-thumbnail","hentry"],"_links":{"self":[{"href":"https:\/\/medclinics.com\/fr\/wp-json\/wp\/v2\/pages\/145311","targetHints":{"allow":["GET"]}}],"collection":[{"href":"https:\/\/medclinics.com\/fr\/wp-json\/wp\/v2\/pages"}],"about":[{"href":"https:\/\/medclinics.com\/fr\/wp-json\/wp\/v2\/types\/page"}],"author":[{"embeddable":true,"href":"https:\/\/medclinics.com\/fr\/wp-json\/wp\/v2\/users\/4"}],"replies":[{"embeddable":true,"href":"https:\/\/medclinics.com\/fr\/wp-json\/wp\/v2\/comments?post=145311"}],"version-history":[{"count":0,"href":"https:\/\/medclinics.com\/fr\/wp-json\/wp\/v2\/pages\/145311\/revisions"}],"wp:featuredmedia":[{"embeddable":true,"href":"https:\/\/medclinics.com\/fr\/wp-json\/wp\/v2\/media\/82381"}],"wp:attachment":[{"href":"https:\/\/medclinics.com\/fr\/wp-json\/wp\/v2\/media?parent=145311"}],"curies":[{"name":"wp","href":"https:\/\/api.w.org\/{rel}","templated":true}]}}