{"id":145299,"date":"2023-05-28T09:33:00","date_gmt":"2023-05-28T06:33:00","guid":{"rendered":"https:\/\/medclinics.com\/transplantation-de-barbe\/"},"modified":"2025-01-24T21:39:02","modified_gmt":"2025-01-24T18:39:02","slug":"transplantation-de-barbe","status":"publish","type":"page","link":"https:\/\/medclinics.com\/fr\/transplantation-de-barbe\/","title":{"rendered":"Transplantation de barbe"},"content":{"rendered":"\n<h2 class=\"wp-block-heading\">Les greffes de barbe sont de plus en plus populaires, et Istanbul est depuis longtemps la capitale secr\u00e8te des greffes de barbe.<\/h2>\n\n<p>Il est possible de transplanter non seulement des cheveux, mais aussi des <a href=\"https:\/\/istanbul-tourist-information.com\/en\/medical-treatment\/beard-transplantation-turkey\/\" target=\"_blank\" rel=\"noreferrer noopener\">barbes<\/a>. Souvent, les hommes souffrent de plaques partiellement d\u00e9garnies dans leur barbe ou pensent simplement que leur barbe est trop fine. Elle peut \u00eatre h\u00e9r\u00e9ditaire, mais aussi caus\u00e9e par des traitements m\u00e9dicamenteux, un accident ou un traumatisme.<\/p>\n\n<p>Pour la transplantation de barbe, on utilise les m\u00eames techniques que pour la transplantation de cheveux. Aujourd&rsquo;hui, la <a href=\"https:\/\/medclinics.com\/fr\/greffe-de-cheveux-fue\/\" data-type=\"page\" data-id=\"80085\">technique de la FUE<\/a> ou de la <a href=\"https:\/\/medclinics.com\/fue-sapphire-hair-transplant\/\" target=\"_blank\" rel=\"noreferrer noopener\">FUE-Saphir<\/a> est principalement privil\u00e9gi\u00e9e.<\/p>\n\n<p>L\u00e0 encore, les follicules pileux sont pr\u00e9lev\u00e9s \u00e0 l&rsquo;arri\u00e8re de la t\u00eate et ins\u00e9r\u00e9s dans la zone de la barbe. Parfois, la partie inf\u00e9rieure du menton est \u00e9galement consid\u00e9r\u00e9e comme une zone donneuse, o\u00f9 la barbe pousse plus dens\u00e9ment. Avant de commencer la transplantation de barbe, le chirurgien d\u00e9termine exactement comment la ligne de barbe doit \u00eatre trac\u00e9e.<\/p>\n\n<h3 class=\"wp-block-heading\">Tout ce que vous devez savoir sur les <a href=\"https:\/\/medclinics.com\/fr\/greffe-de-cheveux\/\" target=\"_blank\" rel=\"noreferrer noopener\">greffes de cheveux<\/a>, y compris le prix, les soins et le processus de gu\u00e9rison, ou <a href=\"#requestform\">contactez-nous<\/a>!<\/h3>\n\n<figure class=\"wp-block-image size-full\"><img fetchpriority=\"high\" decoding=\"async\" width=\"960\" height=\"550\" src=\"https:\/\/medclinics.com\/wp-content\/uploads\/2023\/05\/beard-transplant-istanbul-turkey.jpg\" alt=\"\" class=\"wp-image-87619\" srcset=\"https:\/\/medclinics.com\/wp-content\/uploads\/2023\/05\/beard-transplant-istanbul-turkey.jpg 960w, https:\/\/medclinics.com\/wp-content\/uploads\/2023\/05\/beard-transplant-istanbul-turkey-500x286.jpg 500w, https:\/\/medclinics.com\/wp-content\/uploads\/2023\/05\/beard-transplant-istanbul-turkey-768x440.jpg 768w, https:\/\/medclinics.com\/wp-content\/uploads\/2023\/05\/beard-transplant-istanbul-turkey-24x14.jpg 24w, https:\/\/medclinics.com\/wp-content\/uploads\/2023\/05\/beard-transplant-istanbul-turkey-36x21.jpg 36w, https:\/\/medclinics.com\/wp-content\/uploads\/2023\/05\/beard-transplant-istanbul-turkey-48x28.jpg 48w\" sizes=\"(max-width: 960px) 100vw, 960px\" \/><\/figure>\n\n<h2 class=\"wp-block-heading\">FAQ  <\/h2>\n<div id=\"rank-math-faq\" class=\"rank-math-block\">\n<div class=\"rank-math-list \">\n<div id=\"faq-question-1683391548998\" class=\"rank-math-list-item\">\n<h3 class=\"rank-math-question \">De combien de greffons ai-je besoin pour une greffe de barbe ?<\/h3>\n<div class=\"rank-math-answer \">\n\n<p>Le nombre de greffons n\u00e9cessaires d\u00e9pend de l&rsquo;\u00e9tendue de la calvitie dans la barbe et de l&rsquo;am\u00e9lioration \u00e0 apporter. En r\u00e8gle g\u00e9n\u00e9rale, on calcule entre 1 000 et 3 000 greffons pour une greffe de cheveux.<\/p>\n\n<\/div>\n<\/div>\n<div id=\"faq-question-1683391585179\" class=\"rank-math-list-item\">\n<h3 class=\"rank-math-question \">Peut-on se raser apr\u00e8s une greffe de barbe ?<\/h3>\n<div class=\"rank-math-answer \">\n\n<p>Pendant les 10 \u00e0 14 premiers jours suivant la greffe de barbe, vous ne devez pas vous raser afin que les poils transplant\u00e9s puissent bien pousser. Ensuite, il faut \u00eatre prudent lors du rasage et ne pas appliquer trop de pression.<\/p>\n\n<\/div>\n<\/div>\n<div id=\"faq-question-1683391788739\" class=\"rank-math-list-item\">\n<h3 class=\"rank-math-question \">Combien de greffons peuvent \u00eatre transplant\u00e9s ?<\/h3>\n<div class=\"rank-math-answer \">\n\n<p>Au cours d&rsquo;une s\u00e9ance, un maximum de 5 000 greffons sont normalement transplant\u00e9s. Si vous avez besoin de plus, le m\u00e9decin vous recommandera une deuxi\u00e8me s\u00e9ance apr\u00e8s 6 mois.<\/p>\n\n<\/div>\n<\/div>\n<div id=\"faq-question-1683392049787\" class=\"rank-math-list-item\">\n<h3 class=\"rank-math-question \">Quelle est la diff\u00e9rence entre la m\u00e9thode DHI et la m\u00e9thode FUE ?<\/h3>\n<div class=\"rank-math-answer \">\n\n<p>Lors de la m\u00e9thode FUE, les greffons sont pr\u00e9lev\u00e9s sur la zone donneuse, plac\u00e9s dans un liquide et transplant\u00e9s d\u00e8s que tous les greffons ont \u00e9t\u00e9 pr\u00e9lev\u00e9s. Lors de la m\u00e9thode DHI, les greffons sont transplant\u00e9s d\u00e8s qu&rsquo;ils sont pr\u00e9lev\u00e9s, sans attendre dans un quelconque liquide.<\/p>\n\n<\/div>\n<\/div>\n<\/div>\n<\/div>\n<p><\/p>\n\n<h3 class=\"wp-block-heading\">Contactez-nous d\u00e8s maintenant si vous avez des questions !<\/h3>\n","protected":false},"excerpt":{"rendered":"<p>Les greffes de barbe sont de plus en plus populaires, et Istanbul est depuis longtemps la capitale secr\u00e8te des greffes [&hellip;]<\/p>\n","protected":false},"author":4,"featured_media":91791,"parent":0,"menu_order":0,"comment_status":"closed","ping_status":"closed","template":"","meta":{"site-sidebar-layout":"default","site-content-layout":"","ast-site-content-layout":"default","site-content-style":"default","site-sidebar-style":"default","ast-global-header-display":"","ast-banner-title-visibility":"","ast-main-header-display":"","ast-hfb-above-header-display":"","ast-hfb-below-header-display":"","ast-hfb-mobile-header-display":"","site-post-title":"","ast-breadcrumbs-content":"","ast-featured-img":"","footer-sml-layout":"","ast-disable-related-posts":"","theme-transparent-header-meta":"","adv-header-id-meta":"","stick-header-meta":"","header-above-stick-meta":"","header-main-stick-meta":"","header-below-stick-meta":"","astra-migrate-meta-layouts":"default","ast-page-background-enabled":"default","ast-page-background-meta":{"desktop":{"background-color":"var(--ast-global-color-4)","background-image":"","background-repeat":"repeat","background-position":"center center","background-size":"auto","background-attachment":"scroll","background-type":"","background-media":"","overlay-type":"","overlay-color":"","overlay-opacity":"","overlay-gradient":""},"tablet":{"background-color":"","background-image":"","background-repeat":"repeat","background-position":"center center","background-size":"auto","background-attachment":"scroll","background-type":"","background-media":"","overlay-type":"","overlay-color":"","overlay-opacity":"","overlay-gradient":""},"mobile":{"background-color":"","background-image":"","background-repeat":"repeat","background-position":"center center","background-size":"auto","background-attachment":"scroll","background-type":"","background-media":"","overlay-type":"","overlay-color":"","overlay-opacity":"","overlay-gradient":""}},"ast-content-background-meta":{"desktop":{"background-color":"var(--ast-global-color-5)","background-image":"","background-repeat":"repeat","background-position":"center center","background-size":"auto","background-attachment":"scroll","background-type":"","background-media":"","overlay-type":"","overlay-color":"","overlay-opacity":"","overlay-gradient":""},"tablet":{"background-color":"var(--ast-global-color-5)","background-image":"","background-repeat":"repeat","background-position":"center center","background-size":"auto","background-attachment":"scroll","background-type":"","background-media":"","overlay-type":"","overlay-color":"","overlay-opacity":"","overlay-gradient":""},"mobile":{"background-color":"var(--ast-global-color-5)","background-image":"","background-repeat":"repeat","background-position":"center center","background-size":"auto","background-attachment":"scroll","background-type":"","background-media":"","overlay-type":"","overlay-color":"","overlay-opacity":"","overlay-gradient":""}},"footnotes":""},"class_list":["post-145299","page","type-page","status-publish","has-post-thumbnail","hentry"],"_links":{"self":[{"href":"https:\/\/medclinics.com\/fr\/wp-json\/wp\/v2\/pages\/145299","targetHints":{"allow":["GET"]}}],"collection":[{"href":"https:\/\/medclinics.com\/fr\/wp-json\/wp\/v2\/pages"}],"about":[{"href":"https:\/\/medclinics.com\/fr\/wp-json\/wp\/v2\/types\/page"}],"author":[{"embeddable":true,"href":"https:\/\/medclinics.com\/fr\/wp-json\/wp\/v2\/users\/4"}],"replies":[{"embeddable":true,"href":"https:\/\/medclinics.com\/fr\/wp-json\/wp\/v2\/comments?post=145299"}],"version-history":[{"count":0,"href":"https:\/\/medclinics.com\/fr\/wp-json\/wp\/v2\/pages\/145299\/revisions"}],"wp:featuredmedia":[{"embeddable":true,"href":"https:\/\/medclinics.com\/fr\/wp-json\/wp\/v2\/media\/91791"}],"wp:attachment":[{"href":"https:\/\/medclinics.com\/fr\/wp-json\/wp\/v2\/media?parent=145299"}],"curies":[{"name":"wp","href":"https:\/\/api.w.org\/{rel}","templated":true}]}}