{"id":145291,"date":"2023-05-11T12:44:25","date_gmt":"2023-05-11T09:44:25","guid":{"rendered":"https:\/\/medclinics.com\/neuro-ophtalmologie\/"},"modified":"2025-01-02T16:59:42","modified_gmt":"2025-01-02T13:59:42","slug":"neuro-ophtalmologie","status":"publish","type":"page","link":"https:\/\/medclinics.com\/fr\/neuro-ophtalmologie\/","title":{"rendered":"Neuro-ophtalmologie"},"content":{"rendered":"\n<h2 class=\"wp-block-heading\">Ne laissez pas les probl\u00e8mes de vue affecter votre qualit\u00e9 de vie. Faites confiance \u00e0 nos sp\u00e9cialistes en neuro-ophtalmologie pour diagnostiquer et traiter les affections oculaires complexes et restaurer votre vue.<\/h2>\n\n<p>La neuro-ophtalmologie est une sous-sp\u00e9cialit\u00e9 de l&rsquo;ophtalmologie qui se concentre sur les probl\u00e8mes visuels li\u00e9s au syst\u00e8me nerveux. Il s&rsquo;agit d&rsquo;\u00e9valuer et de prendre en charge les troubles visuels associ\u00e9s \u00e0 des affections neurologiques telles que la scl\u00e9rose en plaques, les tumeurs c\u00e9r\u00e9brales et les accidents vasculaires c\u00e9r\u00e9braux. Le domaine couvre \u00e9galement un large \u00e9ventail d&rsquo;affections oculaires qui touchent notamment le nerf optique, les muscles extraoculaires et les paupi\u00e8res.<\/p>\n\n<p>Les neuro-ophtalmologistes sont des ophtalmologistes sp\u00e9cialis\u00e9s qui ont suivi une formation compl\u00e9mentaire en neurologie et en ophtalmologie. Ils travaillent en \u00e9troite collaboration avec d&rsquo;autres sp\u00e9cialistes m\u00e9dicaux, tels que les neurologues, les neurochirurgiens et les radiologues, afin de fournir des soins complets aux patients souffrant d&rsquo;affections neuro-ophtalmiques complexes.<\/p>\n\n<p>Les neuro-ophtalmologistes prennent en charge des pathologies courantes telles que la n\u00e9vrite optique, l&rsquo;\u0153d\u00e8me papillaire, l&rsquo;hypertension intracr\u00e2nienne idiopathique, la vision double, le nystagmus et les troubles des mouvements oculaires. Les tests diagnostiques souvent utilis\u00e9s dans l&rsquo;\u00e9valuation des troubles neuro-ophtalmiques comprennent l&rsquo;examen du champ visuel, la tomographie par coh\u00e9rence optique (OCT), l&rsquo;imagerie par r\u00e9sonance magn\u00e9tique (IRM) et la tomodensitom\u00e9trie (CT). Les approches th\u00e9rapeutiques varient en fonction de la cause sous-jacente de l&rsquo;affection et peuvent inclure des m\u00e9dicaments, une intervention chirurgicale ou l&rsquo;orientation vers d&rsquo;autres sp\u00e9cialistes <a href=\"https:\/\/istanbul-tourist-information.com\/en\/\" target=\"_blank\" rel=\"noreferrer noopener\">m\u00e9dicaux<\/a> pour une \u00e9valuation et une prise en charge plus approfondies.<\/p>\n\n<h3 class=\"wp-block-heading\">Tout ce que vous devez savoir sur la <a href=\"https:\/\/medclinics.com\/fr\/chirurgie-oculaire-generale\/\" target=\"_blank\" rel=\"noreferrer noopener\">chirurgie des yeux<\/a>, y compris le prix, les soins et le processus de gu\u00e9rison, ou <a href=\"#requestform\">contactez-nous<\/a>!<\/h3>\n\n<figure class=\"wp-block-image size-large\"><img fetchpriority=\"high\" decoding=\"async\" width=\"6268\" height=\"4179\" src=\"https:\/\/medclinics.com\/wp-content\/uploads\/2023\/05\/neuro-ophthalmology.png\" alt=\"Neuro Ophtalmologie Istanbul Turquie\" class=\"wp-image-81713\" srcset=\"https:\/\/medclinics.com\/wp-content\/uploads\/2023\/05\/neuro-ophthalmology.png 6268w, https:\/\/medclinics.com\/wp-content\/uploads\/2023\/05\/neuro-ophthalmology-500x333.png 500w, https:\/\/medclinics.com\/wp-content\/uploads\/2023\/05\/neuro-ophthalmology-1024x683.png 1024w, https:\/\/medclinics.com\/wp-content\/uploads\/2023\/05\/neuro-ophthalmology-768x512.png 768w, https:\/\/medclinics.com\/wp-content\/uploads\/2023\/05\/neuro-ophthalmology-1536x1024.png 1536w, https:\/\/medclinics.com\/wp-content\/uploads\/2023\/05\/neuro-ophthalmology-2048x1365.png 2048w, https:\/\/medclinics.com\/wp-content\/uploads\/2023\/05\/neuro-ophthalmology-24x16.png 24w, https:\/\/medclinics.com\/wp-content\/uploads\/2023\/05\/neuro-ophthalmology-36x24.png 36w, https:\/\/medclinics.com\/wp-content\/uploads\/2023\/05\/neuro-ophthalmology-48x32.png 48w\" sizes=\"(max-width: 6268px) 100vw, 6268px\" \/><\/figure>\n\n<h2 class=\"wp-block-heading\">FAQ<\/h2>\n<div id=\"rank-math-faq\" class=\"rank-math-block\">\n<div class=\"rank-math-list \">\n<div id=\"faq-question-1682603361561\" class=\"rank-math-list-item\">\n<h3 class=\"rank-math-question \">Qu&rsquo;est-ce que la neuro-ophtalmologie ?<\/h3>\n<div class=\"rank-math-answer \">\n\n<p>La neuro-ophtalmologie est un domaine sp\u00e9cialis\u00e9 de la m\u00e9decine qui traite des probl\u00e8mes visuels li\u00e9s au syst\u00e8me nerveux, en particulier le cerveau et le nerf optique. Elle implique le diagnostic et le traitement d&rsquo;un large \u00e9ventail de pathologies qui affectent la connexion entre les yeux et le cerveau, telles que la n\u00e9vrite optique, la neuropathie optique, la vision double et les d\u00e9fauts du champ visuel. Les neuro-ophtalmologistes travaillent en \u00e9troite collaboration avec les neurologues, les neurochirurgiens et d&rsquo;autres sp\u00e9cialistes afin de fournir des soins complets \u00e0 leurs patients.<\/p>\n\n<\/div>\n<\/div>\n<div id=\"faq-question-1682665852961\" class=\"rank-math-list-item\">\n<h3 class=\"rank-math-question \">Quels sont les sympt\u00f4mes de la neuro-ophtalmologie ?<\/h3>\n<div class=\"rank-math-answer \">\n\n<p>Les sympt\u00f4mes de neuro-ophtalmologie sont li\u00e9s au syst\u00e8me visuel et au fonctionnement du cerveau et comprennent la vision double, la perte de vision, les troubles du mouvement des yeux, les maux de t\u00eate, etc. Ces sympt\u00f4mes peuvent \u00eatre caus\u00e9s par diverses affections telles que la n\u00e9vrite optique, l&rsquo;hypertension intracr\u00e2nienne idiopathique, les accidents vasculaires c\u00e9r\u00e9braux, les tumeurs c\u00e9r\u00e9brales et la scl\u00e9rose en plaques, entre autres. Le neuro-ophtalmologiste est form\u00e9 pour diagnostiquer et prendre en charge ces pathologies et pour travailler en collaboration avec d&rsquo;autres sp\u00e9cialistes afin d&rsquo;optimiser les r\u00e9sultats pour le patient. Un diagnostic et un traitement pr\u00e9coces sont essentiels pour \u00e9viter une perte de vision permanente et des l\u00e9sions neurologiques.<\/p>\n\n<\/div>\n<\/div>\n<div id=\"faq-question-1682666623404\" class=\"rank-math-list-item\">\n<h3 class=\"rank-math-question \">Que traitent les neuro-ophtalmologistes ?<\/h3>\n<div class=\"rank-math-answer \">\n\n<p>Les neuro-ophtalmologistes sont des ophtalmologistes sp\u00e9cialis\u00e9s qui traitent les probl\u00e8mes de vision li\u00e9s au syst\u00e8me nerveux. Ils diagnostiquent et g\u00e8rent les probl\u00e8mes visuels caus\u00e9s par des affections neurologiques, telles que la scl\u00e9rose en plaques, les tumeurs c\u00e9r\u00e9brales et les accidents vasculaires c\u00e9r\u00e9braux. Les neuro-ophtalmologistes travaillent en \u00e9troite collaboration avec les neurologues, les neurochirurgiens et d&rsquo;autres sp\u00e9cialistes afin de fournir des soins complets aux patients souffrant de troubles neurologiques et ophtalmologiques. Ils traitent \u00e9galement des pathologies telles que la n\u00e9vrite optique, l&rsquo;hypertension intracr\u00e2nienne idiopathique et la vision double.<\/p>\n\n<\/div>\n<\/div>\n<div id=\"faq-question-1682666956133\" class=\"rank-math-list-item\">\n<h3 class=\"rank-math-question \">Quelle est la diff\u00e9rence entre un neurologue et un neuro-ophtalmologue ?<\/h3>\n<div class=\"rank-math-answer \">\n\n<p>Un neurologue est un m\u00e9decin sp\u00e9cialis\u00e9 dans le diagnostic, le traitement et la prise en charge des affections touchant le cerveau, la moelle \u00e9pini\u00e8re et les nerfs du corps. Ils traitent g\u00e9n\u00e9ralement un large \u00e9ventail d&rsquo;affections neurologiques, notamment les maux de t\u00eate, les crises d&rsquo;\u00e9pilepsie, les accidents vasculaires c\u00e9r\u00e9braux, la scl\u00e9rose en plaques et la maladie de Parkinson. Le neuro-ophtalmologue, quant \u00e0 lui, est un sp\u00e9cialiste qui se concentre sur les aspects neurologiques de la vision et du mouvement des yeux. Ils \u00e9valuent et traitent les pathologies qui affectent les voies visuelles, ce qui peut inclure un large \u00e9ventail de pathologies neurologiques qui affectent les yeux et le cerveau, telles que la n\u00e9vrite optique, l&rsquo;\u0153d\u00e8me papillaire, l&rsquo;hypertension intracr\u00e2nienne idiopathique et la vision double. Bien que les neurologues et les neuro-ophtalmologistes s&rsquo;occupent tous deux de maladies neurologiques, leurs centres d&rsquo;int\u00e9r\u00eat et leurs comp\u00e9tences diff\u00e8rent. Les neurologues ont un champ d&rsquo;action plus large et s&rsquo;occupent d&rsquo;un plus grand nombre d&rsquo;affections neurologiques, tandis que les neuro-ophtalmologues se sp\u00e9cialisent dans les aspects neurologiques de la vision et du mouvement des yeux.<\/p>\n\n<\/div>\n<\/div>\n<\/div>\n<\/div>\n<p>\u00a0<\/p>\n\n<h3 class=\"wp-block-heading\">Contactez-nous d\u00e8s maintenant si vous avez des questions !<\/h3>\n","protected":false},"excerpt":{"rendered":"<p>Ne laissez pas les probl\u00e8mes de vue affecter votre qualit\u00e9 de vie. Faites confiance \u00e0 nos sp\u00e9cialistes en neuro-ophtalmologie pour [&hellip;]<\/p>\n","protected":false},"author":4,"featured_media":93095,"parent":0,"menu_order":0,"comment_status":"closed","ping_status":"closed","template":"","meta":{"site-sidebar-layout":"default","site-content-layout":"","ast-site-content-layout":"default","site-content-style":"default","site-sidebar-style":"default","ast-global-header-display":"","ast-banner-title-visibility":"","ast-main-header-display":"","ast-hfb-above-header-display":"","ast-hfb-below-header-display":"","ast-hfb-mobile-header-display":"","site-post-title":"","ast-breadcrumbs-content":"","ast-featured-img":"","footer-sml-layout":"","ast-disable-related-posts":"","theme-transparent-header-meta":"","adv-header-id-meta":"","stick-header-meta":"","header-above-stick-meta":"","header-main-stick-meta":"","header-below-stick-meta":"","astra-migrate-meta-layouts":"default","ast-page-background-enabled":"default","ast-page-background-meta":{"desktop":{"background-color":"var(--ast-global-color-4)","background-image":"","background-repeat":"repeat","background-position":"center center","background-size":"auto","background-attachment":"scroll","background-type":"","background-media":"","overlay-type":"","overlay-color":"","overlay-opacity":"","overlay-gradient":""},"tablet":{"background-color":"","background-image":"","background-repeat":"repeat","background-position":"center center","background-size":"auto","background-attachment":"scroll","background-type":"","background-media":"","overlay-type":"","overlay-color":"","overlay-opacity":"","overlay-gradient":""},"mobile":{"background-color":"","background-image":"","background-repeat":"repeat","background-position":"center center","background-size":"auto","background-attachment":"scroll","background-type":"","background-media":"","overlay-type":"","overlay-color":"","overlay-opacity":"","overlay-gradient":""}},"ast-content-background-meta":{"desktop":{"background-color":"var(--ast-global-color-5)","background-image":"","background-repeat":"repeat","background-position":"center center","background-size":"auto","background-attachment":"scroll","background-type":"","background-media":"","overlay-type":"","overlay-color":"","overlay-opacity":"","overlay-gradient":""},"tablet":{"background-color":"var(--ast-global-color-5)","background-image":"","background-repeat":"repeat","background-position":"center center","background-size":"auto","background-attachment":"scroll","background-type":"","background-media":"","overlay-type":"","overlay-color":"","overlay-opacity":"","overlay-gradient":""},"mobile":{"background-color":"var(--ast-global-color-5)","background-image":"","background-repeat":"repeat","background-position":"center center","background-size":"auto","background-attachment":"scroll","background-type":"","background-media":"","overlay-type":"","overlay-color":"","overlay-opacity":"","overlay-gradient":""}},"footnotes":""},"class_list":["post-145291","page","type-page","status-publish","has-post-thumbnail","hentry"],"_links":{"self":[{"href":"https:\/\/medclinics.com\/fr\/wp-json\/wp\/v2\/pages\/145291","targetHints":{"allow":["GET"]}}],"collection":[{"href":"https:\/\/medclinics.com\/fr\/wp-json\/wp\/v2\/pages"}],"about":[{"href":"https:\/\/medclinics.com\/fr\/wp-json\/wp\/v2\/types\/page"}],"author":[{"embeddable":true,"href":"https:\/\/medclinics.com\/fr\/wp-json\/wp\/v2\/users\/4"}],"replies":[{"embeddable":true,"href":"https:\/\/medclinics.com\/fr\/wp-json\/wp\/v2\/comments?post=145291"}],"version-history":[{"count":0,"href":"https:\/\/medclinics.com\/fr\/wp-json\/wp\/v2\/pages\/145291\/revisions"}],"wp:featuredmedia":[{"embeddable":true,"href":"https:\/\/medclinics.com\/fr\/wp-json\/wp\/v2\/media\/93095"}],"wp:attachment":[{"href":"https:\/\/medclinics.com\/fr\/wp-json\/wp\/v2\/media?parent=145291"}],"curies":[{"name":"wp","href":"https:\/\/api.w.org\/{rel}","templated":true}]}}