{"id":145283,"date":"2023-05-11T12:14:37","date_gmt":"2023-05-11T09:14:37","guid":{"rendered":"https:\/\/medclinics.com\/sante-oculaire-pediatrique\/"},"modified":"2025-01-02T19:08:32","modified_gmt":"2025-01-02T16:08:32","slug":"sante-oculaire-pediatrique","status":"publish","type":"page","link":"https:\/\/medclinics.com\/fr\/sante-oculaire-pediatrique\/","title":{"rendered":"Sant\u00e9 oculaire p\u00e9diatrique"},"content":{"rendered":"\n<h2 class=\"wp-block-heading\">Des yeux sains, des enfants heureux ! Prot\u00e9geons leur vision d&rsquo;un avenir meilleur.<\/h2>\n\n<p>La sant\u00e9 oculaire des enfants consiste \u00e0 s&rsquo;assurer que leur vision se d\u00e9veloppe correctement et \u00e0 traiter tout probl\u00e8me potentiel. Les proc\u00e9dures de sant\u00e9 oculaire p\u00e9diatrique comprennent des examens oculaires r\u00e9guliers, en particulier pendant les p\u00e9riodes critiques du d\u00e9veloppement telles que la petite enfance, afin de s&rsquo;assurer que tout probl\u00e8me de vision est d\u00e9tect\u00e9 \u00e0 temps. Les troubles <a href=\"https:\/\/istanbul-tourist-information.com\/en\/\" target=\"_blank\" rel=\"noreferrer noopener\" data-type=\"URL\" data-id=\"https:\/\/istanbul-tourist-information.com\/en\/\">oculaires<\/a> les plus courants chez les enfants sont l&rsquo;amblyopie (\u0153il paresseux), le strabisme (yeux crois\u00e9s ou mal align\u00e9s) et les erreurs de r\u00e9fraction telles que la myopie ou l&rsquo;hyperm\u00e9tropie.<\/p>\n\n<p>Une bonne sant\u00e9 oculaire p\u00e9diatrique implique \u00e9galement de prendre des mesures pour pr\u00e9venir les blessures oculaires. Il s&rsquo;agit notamment de porter des lunettes de protection lors d&rsquo;activit\u00e9s telles que le sport ou les travaux de construction, et d&rsquo;enseigner aux enfants les dangers de certains objets ou activit\u00e9s susceptibles de provoquer des l\u00e9sions oculaires. En outre, le fait d&rsquo;encourager des habitudes saines, telles qu&rsquo;une bonne alimentation et une activit\u00e9 physique r\u00e9guli\u00e8re, peut \u00e9galement contribuer \u00e0 la sant\u00e9 globale des yeux.<\/p>\n\n<p>Les parents peuvent \u00e9galement jouer un r\u00f4le dans la promotion d&rsquo;une bonne sant\u00e9 oculaire pour leurs enfants en veillant \u00e0 ce qu&rsquo;ils aient acc\u00e8s \u00e0 des soins visuels et \u00e0 des traitements appropri\u00e9s en cas de besoin. Il peut s&rsquo;agir de pr\u00e9voir des examens oculaires r\u00e9guliers avec un optom\u00e9triste ou un ophtalmologiste, de traiter tout probl\u00e8me de vision potentiel le plus t\u00f4t possible et de fournir des lentilles correctrices ou d&rsquo;autres traitements si n\u00e9cessaire. En accordant la priorit\u00e9 \u00e0 la sant\u00e9 oculaire de leurs enfants, les parents peuvent s&rsquo;assurer qu&rsquo;ils grandissent avec une vision forte et saine qui contribue \u00e0 leur bien-\u00eatre g\u00e9n\u00e9ral.<\/p>\n\n<h3 class=\"wp-block-heading\">Apprenez tout ce qu&rsquo;il faut savoir sur la <a href=\"https:\/\/medclinics.com\/fr\/chirurgie-oculaire-generale\/\" target=\"_blank\" rel=\"noreferrer noopener\">chirurgie oculaire<\/a>, des examens \u00e0 la s\u00e9curit\u00e9, ou <a href=\"https:\/\/medclinics.com\/wp-admin\/post.php?post=81673&amp;action=edit#requestform\">contactez-nous<\/a> pour obtenir des conseils d&rsquo;experts.<\/h3>\n\n<figure class=\"wp-block-image size-large\"><img decoding=\"async\" src=\"https:\/\/medclinics.com\/wp-content\/uploads\/2023\/05\/pediatric-eye-health.png\" alt=\"Sant&#xE9; oculaire p&#xE9;diatrique Istanbul Turquie\" class=\"wp-image-81698\"\/><\/figure>\n\n<h3 class=\"wp-block-heading\">FAQ<\/h3>\n<div id=\"rank-math-faq\" class=\"rank-math-block\">\n<div class=\"rank-math-list \">\n<div id=\"faq-question-1682600986649\" class=\"rank-math-list-item\">\n<h3 class=\"rank-math-question \">La vue de mon enfant va-t-elle s&rsquo;am\u00e9liorer ?<\/h3>\n<div class=\"rank-math-answer \">\n\n<p>Il est possible que la vue d&rsquo;un enfant s&rsquo;am\u00e9liore, mais cela d\u00e9pend du probl\u00e8me sp\u00e9cifique \u00e0 l&rsquo;origine du trouble de la vision. Dans certains cas, le port de lunettes correctrices ou le suivi d&rsquo;une th\u00e9rapie visuelle peuvent contribuer \u00e0 am\u00e9liorer la vue. Toutefois, il est important de consulter un ophtalmologiste p\u00e9diatrique pour d\u00e9terminer le meilleur plan d&rsquo;action pour les besoins individuels de votre enfant.<\/p>\n\n<\/div>\n<\/div>\n<div id=\"faq-question-1682601014853\" class=\"rank-math-list-item\">\n<h3 class=\"rank-math-question \">Quand un enfant doit-il passer un examen de la vue ?<\/h3>\n<div class=\"rank-math-answer \">\n\n<p>Les enfants devraient subir leur premier examen ophtalmologique complet vers l&rsquo;\u00e2ge de six mois. Par la suite, ils devraient subir des examens oculaires suppl\u00e9mentaires \u00e0 l&rsquo;\u00e2ge de trois ans, avant d&rsquo;entrer \u00e0 l&rsquo;\u00e9cole, puis au moins tous les deux ans, sauf avis contraire d&rsquo;un ophtalmologiste. Toutefois, si un enfant a des ant\u00e9c\u00e9dents familiaux de probl\u00e8mes oculaires ou si sa vision ou sa sant\u00e9 oculaire suscite des inqui\u00e9tudes, un examen de la vue devrait \u00eatre programm\u00e9 encore plus t\u00f4t.  <\/p>\n\n<\/div>\n<\/div>\n<div id=\"faq-question-1682601039488\" class=\"rank-math-list-item\">\n<h3 class=\"rank-math-question \">Comment les yeux des enfants sont-ils test\u00e9s ?<\/h3>\n<div class=\"rank-math-answer \">\n\n<p>Les yeux des enfants sont test\u00e9s lors d&rsquo;un examen complet effectu\u00e9 par un ophtalmologiste ou un optom\u00e9triste. L&rsquo;examen comprend g\u00e9n\u00e9ralement un test d&rsquo;acuit\u00e9 visuelle, qui consiste \u00e0 lire des lettres sur un tableau, un test de vision binoculaire, qui \u00e9value la fa\u00e7on dont les yeux fonctionnent ensemble, un test de r\u00e9fraction, qui d\u00e9termine si l&rsquo;enfant a besoin de lunettes ou de lentilles de contact, et un examen de l&rsquo;\u0153il dilat\u00e9, qui permet \u00e0 l&rsquo;ophtalmologiste d&rsquo;examiner l&rsquo;int\u00e9rieur de l&rsquo;\u0153il. L&rsquo;examen peut \u00e9galement comprendre des tests suppl\u00e9mentaires en fonction de l&rsquo;\u00e2ge de l&rsquo;enfant et de ses pr\u00e9occupations sp\u00e9cifiques. L&rsquo;objectif de l&rsquo;examen est d&rsquo;identifier les probl\u00e8mes de vision ou les affections oculaires qui pourraient n\u00e9cessiter un traitement ou un suivi.<\/p>\n\n<\/div>\n<\/div>\n<div id=\"faq-question-1682601070178\" class=\"rank-math-list-item\">\n<h3 class=\"rank-math-question \">Quels sont les signes d&rsquo;une mauvaise sant\u00e9 oculaire ?<\/h3>\n<div class=\"rank-math-answer \">\n\n<p>Les enfants ne sont pas toujours capables de communiquer leurs probl\u00e8mes de vue, il est donc important que les parents soient conscients des signes d&rsquo;une mauvaise sant\u00e9 oculaire. L&rsquo;un des signes les plus courants est que l&rsquo;enfant se frotte fr\u00e9quemment les yeux ou se plaint de d\u00e9mangeaisons ou de br\u00fblures. Le fait de plisser les yeux ou de fermer un \u0153il pour mieux voir peut \u00e9galement \u00eatre un signe de probl\u00e8mes de vision. Un autre indicateur est le fait qu&rsquo;un enfant s&rsquo;assoit trop pr\u00e8s de la t\u00e9l\u00e9vision ou tient des livres trop pr\u00e8s de son visage. En outre, si un enfant souffre fr\u00e9quemment de maux de t\u00eate ou de fatigue oculaire, cela peut \u00eatre d\u00fb \u00e0 un probl\u00e8me de vision sous-jacent. Les parents doivent \u00e9galement \u00eatre attentifs \u00e0 tout mouvement inhabituel des yeux ou si les yeux de l&rsquo;enfant semblent mal align\u00e9s. Si l&rsquo;un de ces signes est pr\u00e9sent, il est important de prendre rendez-vous avec un ophtalmologiste p\u00e9diatrique pour un examen de la vue afin de garantir une sant\u00e9 oculaire et un d\u00e9veloppement de la vision optimaux pour l&rsquo;enfant.<\/p>\n\n<\/div>\n<\/div>\n<div id=\"faq-question-1683806968702\" class=\"rank-math-list-item\">\n<h3 class=\"rank-math-question \">Qu&rsquo;est-ce que la sant\u00e9 oculaire p\u00e9diatrique ?<\/h3>\n<div class=\"rank-math-answer \">\n\n<p>La sant\u00e9 oculaire p\u00e9diatrique est la branche de la m\u00e9decine qui se concentre sur la sant\u00e9 oculaire des nourrissons, des enfants et des adolescents. Il s&rsquo;agit de diagnostiquer et de traiter diverses affections oculaires pouvant toucher les enfants, telles que le strabisme, l&rsquo;amblyopie, les erreurs de r\u00e9fraction et les infections oculaires. La sant\u00e9 oculaire p\u00e9diatrique joue un r\u00f4le essentiel en veillant \u00e0 ce que les enfants aient la meilleure vision et la meilleure sant\u00e9 oculaire possibles, ce qui peut avoir un impact sur leur d\u00e9veloppement scolaire, social et \u00e9motionnel.<\/p>\n\n<\/div>\n<\/div>\n<\/div>\n<\/div>\n<p>\u00a0<\/p>\n\n<h3 class=\"wp-block-heading\">Contactez-nous d\u00e8s maintenant si vous avez des questions !<\/h3>\n","protected":false},"excerpt":{"rendered":"<p>Des yeux sains, des enfants heureux ! Prot\u00e9geons leur vision d&rsquo;un avenir meilleur. La sant\u00e9 oculaire des enfants consiste \u00e0 [&hellip;]<\/p>\n","protected":false},"author":4,"featured_media":160864,"parent":0,"menu_order":0,"comment_status":"closed","ping_status":"closed","template":"","meta":{"site-sidebar-layout":"default","site-content-layout":"","ast-site-content-layout":"default","site-content-style":"default","site-sidebar-style":"default","ast-global-header-display":"","ast-banner-title-visibility":"","ast-main-header-display":"","ast-hfb-above-header-display":"","ast-hfb-below-header-display":"","ast-hfb-mobile-header-display":"","site-post-title":"","ast-breadcrumbs-content":"","ast-featured-img":"","footer-sml-layout":"","ast-disable-related-posts":"","theme-transparent-header-meta":"","adv-header-id-meta":"","stick-header-meta":"","header-above-stick-meta":"","header-main-stick-meta":"","header-below-stick-meta":"","astra-migrate-meta-layouts":"default","ast-page-background-enabled":"default","ast-page-background-meta":{"desktop":{"background-color":"var(--ast-global-color-4)","background-image":"","background-repeat":"repeat","background-position":"center center","background-size":"auto","background-attachment":"scroll","background-type":"","background-media":"","overlay-type":"","overlay-color":"","overlay-opacity":"","overlay-gradient":""},"tablet":{"background-color":"","background-image":"","background-repeat":"repeat","background-position":"center center","background-size":"auto","background-attachment":"scroll","background-type":"","background-media":"","overlay-type":"","overlay-color":"","overlay-opacity":"","overlay-gradient":""},"mobile":{"background-color":"","background-image":"","background-repeat":"repeat","background-position":"center center","background-size":"auto","background-attachment":"scroll","background-type":"","background-media":"","overlay-type":"","overlay-color":"","overlay-opacity":"","overlay-gradient":""}},"ast-content-background-meta":{"desktop":{"background-color":"var(--ast-global-color-5)","background-image":"","background-repeat":"repeat","background-position":"center center","background-size":"auto","background-attachment":"scroll","background-type":"","background-media":"","overlay-type":"","overlay-color":"","overlay-opacity":"","overlay-gradient":""},"tablet":{"background-color":"var(--ast-global-color-5)","background-image":"","background-repeat":"repeat","background-position":"center center","background-size":"auto","background-attachment":"scroll","background-type":"","background-media":"","overlay-type":"","overlay-color":"","overlay-opacity":"","overlay-gradient":""},"mobile":{"background-color":"var(--ast-global-color-5)","background-image":"","background-repeat":"repeat","background-position":"center center","background-size":"auto","background-attachment":"scroll","background-type":"","background-media":"","overlay-type":"","overlay-color":"","overlay-opacity":"","overlay-gradient":""}},"footnotes":""},"class_list":["post-145283","page","type-page","status-publish","has-post-thumbnail","hentry"],"_links":{"self":[{"href":"https:\/\/medclinics.com\/fr\/wp-json\/wp\/v2\/pages\/145283","targetHints":{"allow":["GET"]}}],"collection":[{"href":"https:\/\/medclinics.com\/fr\/wp-json\/wp\/v2\/pages"}],"about":[{"href":"https:\/\/medclinics.com\/fr\/wp-json\/wp\/v2\/types\/page"}],"author":[{"embeddable":true,"href":"https:\/\/medclinics.com\/fr\/wp-json\/wp\/v2\/users\/4"}],"replies":[{"embeddable":true,"href":"https:\/\/medclinics.com\/fr\/wp-json\/wp\/v2\/comments?post=145283"}],"version-history":[{"count":0,"href":"https:\/\/medclinics.com\/fr\/wp-json\/wp\/v2\/pages\/145283\/revisions"}],"wp:featuredmedia":[{"embeddable":true,"href":"https:\/\/medclinics.com\/fr\/wp-json\/wp\/v2\/media\/160864"}],"wp:attachment":[{"href":"https:\/\/medclinics.com\/fr\/wp-json\/wp\/v2\/media?parent=145283"}],"curies":[{"name":"wp","href":"https:\/\/api.w.org\/{rel}","templated":true}]}}