{"id":145273,"date":"2023-05-11T13:36:15","date_gmt":"2023-05-11T10:36:15","guid":{"rendered":"https:\/\/medclinics.com\/myopie\/"},"modified":"2025-01-02T16:59:43","modified_gmt":"2025-01-02T13:59:43","slug":"myopie","status":"publish","type":"page","link":"https:\/\/medclinics.com\/fr\/myopie\/","title":{"rendered":"Myopie"},"content":{"rendered":"\n<h2 class=\"wp-block-heading\">Dites adieu \u00e0 la vision floue et bonjour \u00e0 un monde de clart\u00e9 gr\u00e2ce \u00e0 nos options de traitement de la myopie ! Laissez-nous vous aider \u00e0 voir le monde sous un jour nouveau.<\/h2>\n\n<p>La myopie est une erreur de r\u00e9fraction courante de l&rsquo;\u0153il qui affecte la vision des objets \u00e9loign\u00e9s. Les personnes atteintes de myopie ont des difficult\u00e9s \u00e0 voir les objets \u00e9loign\u00e9s, mais peuvent g\u00e9n\u00e9ralement voir les objets proches sans probl\u00e8me.<\/p>\n\n<p>Cette affection survient lorsque l&rsquo;<a href=\"https:\/\/istanbul-tourist-information.com\/en\/\" target=\"_blank\" rel=\"noreferrer noopener\">\u0153il<\/a> est trop long ou que la corn\u00e9e (la surface claire de l&rsquo;avant de l&rsquo;\u0153il) est trop inclin\u00e9e, ce qui fait que la lumi\u00e8re se concentre devant la r\u00e9tine au lieu de se concentrer directement sur elle. L&rsquo;image appara\u00eet alors floue. La myopie peut \u00e9galement survenir si le cristallin \u00e0 l&rsquo;int\u00e9rieur de l&rsquo;\u0153il est trop \u00e9pais.<\/p>\n\n<p>Elle peut se d\u00e9velopper pendant l&rsquo;enfance et s&rsquo;aggrave souvent pendant l&rsquo;adolescence, au fur et \u00e0 mesure que l&rsquo;\u0153il grandit. Elle peut \u00e9galement se d\u00e9velopper \u00e0 l&rsquo;\u00e2ge adulte en raison de divers facteurs tels que la g\u00e9n\u00e9tique, un travail prolong\u00e9 \u00e0 proximit\u00e9 et des facteurs environnementaux. Si elle n&rsquo;est pas trait\u00e9e, la myopie peut entra\u00eener d&rsquo;autres probl\u00e8mes oculaires tels que le glaucome, la cataracte et le d\u00e9collement de la r\u00e9tine. Les options de traitement comprennent les lunettes correctrices, les lentilles de contact et la chirurgie r\u00e9fractive.<\/p>\n\n<h3 class=\"wp-block-heading\">Tout ce que vous devez savoir sur la <a href=\"https:\/\/medclinics.com\/fr\/traitements-des-yeux\/\" target=\"_blank\" rel=\"noreferrer noopener\">chirurgie des yeux<\/a>, y compris les prix, les soins et le processus de gu\u00e9rison, ou <a href=\"#requestform\">contactez-nous<\/a>!<\/h3>\n\n<figure class=\"wp-block-image size-large\"><img fetchpriority=\"high\" decoding=\"async\" width=\"5662\" height=\"3775\" src=\"https:\/\/medclinics.com\/wp-content\/uploads\/2023\/05\/myopia.png\" alt=\"Myopie - myopie Istanbul Turquie\" class=\"wp-image-81767\" srcset=\"https:\/\/medclinics.com\/wp-content\/uploads\/2023\/05\/myopia.png 5662w, https:\/\/medclinics.com\/wp-content\/uploads\/2023\/05\/myopia-500x333.png 500w, https:\/\/medclinics.com\/wp-content\/uploads\/2023\/05\/myopia-1024x683.png 1024w, https:\/\/medclinics.com\/wp-content\/uploads\/2023\/05\/myopia-768x512.png 768w, https:\/\/medclinics.com\/wp-content\/uploads\/2023\/05\/myopia-1536x1024.png 1536w, https:\/\/medclinics.com\/wp-content\/uploads\/2023\/05\/myopia-2048x1365.png 2048w, https:\/\/medclinics.com\/wp-content\/uploads\/2023\/05\/myopia-24x16.png 24w, https:\/\/medclinics.com\/wp-content\/uploads\/2023\/05\/myopia-36x24.png 36w, https:\/\/medclinics.com\/wp-content\/uploads\/2023\/05\/myopia-48x32.png 48w\" sizes=\"(max-width: 5662px) 100vw, 5662px\" \/><\/figure>\n\n<h2 class=\"wp-block-heading\">FAQ<\/h2>\n<div id=\"rank-math-faq\" class=\"rank-math-block\">\n<div class=\"rank-math-list \">\n<div id=\"faq-question-1682603361561\" class=\"rank-math-list-item\">\n<h3 class=\"rank-math-question \">Comment corriger la myopie ?<\/h3>\n<div class=\"rank-math-answer \">\n\n<p>La myopie peut \u00eatre corrig\u00e9e par diff\u00e9rentes m\u00e9thodes. La fa\u00e7on la plus courante de la corriger est d&rsquo;utiliser des lunettes ou des lentilles de contact dont la prescription est con\u00e7ue pour aider les yeux \u00e0 se concentrer correctement. Une autre m\u00e9thode populaire est la chirurgie r\u00e9fractive, telle que le LASIK, qui utilise un laser pour remodeler la corn\u00e9e et am\u00e9liorer la vision. L&rsquo;orthok\u00e9ratologie, qui consiste \u00e0 porter des lentilles de contact sp\u00e9cialis\u00e9es qui remod\u00e8lent la corn\u00e9e pendant le sommeil, est une autre option. Une autre m\u00e9thode consiste \u00e0 utiliser des lentilles implantables qui sont ins\u00e9r\u00e9es chirurgicalement dans l&rsquo;\u0153il. Outre ces m\u00e9thodes de correction, il existe \u00e9galement diverses techniques qui peuvent contribuer \u00e0 ralentir la progression de la myopie chez les enfants, comme l&rsquo;utilisation de gouttes oculaires d&rsquo;atropine \u00e0 faible dose ou de lentilles de contact multifocales. Il est important de consulter un ophtalmologiste pour d\u00e9terminer le plan de traitement le plus appropri\u00e9 pour un individu.<\/p>\n\n<\/div>\n<\/div>\n<div id=\"faq-question-1682665852961\" class=\"rank-math-list-item\">\n<h3 class=\"rank-math-question \">La myopie est-elle g\u00e9n\u00e9tique ?<\/h3>\n<div class=\"rank-math-answer \">\n\n<p>Oui, la myopie peut \u00eatre g\u00e9n\u00e9tique. Des \u00e9tudes ont montr\u00e9 que si l&rsquo;un des parents ou les deux en sont atteints, leurs enfants sont plus susceptibles de d\u00e9velopper une myopie. Le risque de d\u00e9velopper une myopie augmente encore si les deux parents sont myopes. Cependant, la g\u00e9n\u00e9tique n&rsquo;est pas le seul facteur qui influence le d\u00e9veloppement de cette maladie. Les facteurs environnementaux, tels que la proximit\u00e9 prolong\u00e9e du travail et le manque de temps pass\u00e9 \u00e0 l&rsquo;ext\u00e9rieur, jouent \u00e9galement un r\u00f4le.<\/p>\n\n<\/div>\n<\/div>\n<div id=\"faq-question-1682666623404\" class=\"rank-math-list-item\">\n<h3 class=\"rank-math-question \">Quand la myopie s&rsquo;arr\u00eate-t-elle ?<\/h3>\n<div class=\"rank-math-answer \">\n\n<p>La progression de la myopie peut varier d&rsquo;une personne \u00e0 l&rsquo;autre, mais elle se stabilise g\u00e9n\u00e9ralement \u00e0 la fin de l&rsquo;adolescence ou au d\u00e9but de l&rsquo;\u00e2ge adulte. Cependant, dans certains cas, elle peut continuer \u00e0 \u00e9voluer \u00e0 l&rsquo;\u00e2ge adulte. Il est important que les personnes passent r\u00e9guli\u00e8rement des examens oculaires pour suivre l&rsquo;\u00e9volution de leur maladie.<\/p>\n\n<\/div>\n<\/div>\n<div id=\"faq-question-1682666956133\" class=\"rank-math-list-item\">\n<h3 class=\"rank-math-question \">La myopie peut-elle s&rsquo;am\u00e9liorer ?<\/h3>\n<div class=\"rank-math-answer \">\n\n<p>Dans certains cas, la myopie peut s&rsquo;am\u00e9liorer d&rsquo;elle-m\u00eame, en particulier chez les enfants et les adolescents. Cela peut se produire car les yeux continuent de grandir et de changer pendant cette p\u00e9riode de d\u00e9veloppement. Cependant, elle a g\u00e9n\u00e9ralement tendance \u00e0 s&rsquo;aggraver avec le temps, en particulier lorsqu&rsquo;elle n&rsquo;est pas corrig\u00e9e. En outre, certaines formes de myopie, comme la myopie d\u00e9g\u00e9n\u00e9rative, sont progressives et peuvent entra\u00eener une perte de vision grave si elles ne sont pas trait\u00e9es. Il est donc essentiel de passer r\u00e9guli\u00e8rement des examens de la vue et de suivre les conseils d&rsquo;un ophtalmologiste pour surveiller et g\u00e9rer efficacement cette maladie.<\/p>\n\n<\/div>\n<\/div>\n<\/div>\n<\/div>\n<p>\u00a0<\/p>\n\n<h3 class=\"wp-block-heading\">Contactez-nous d\u00e8s maintenant si vous avez des questions !<\/h3>\n","protected":false},"excerpt":{"rendered":"<p>Dites adieu \u00e0 la vision floue et bonjour \u00e0 un monde de clart\u00e9 gr\u00e2ce \u00e0 nos options de traitement de [&hellip;]<\/p>\n","protected":false},"author":4,"featured_media":92126,"parent":0,"menu_order":0,"comment_status":"closed","ping_status":"closed","template":"","meta":{"site-sidebar-layout":"default","site-content-layout":"","ast-site-content-layout":"default","site-content-style":"default","site-sidebar-style":"default","ast-global-header-display":"","ast-banner-title-visibility":"","ast-main-header-display":"","ast-hfb-above-header-display":"","ast-hfb-below-header-display":"","ast-hfb-mobile-header-display":"","site-post-title":"","ast-breadcrumbs-content":"","ast-featured-img":"","footer-sml-layout":"","ast-disable-related-posts":"","theme-transparent-header-meta":"","adv-header-id-meta":"","stick-header-meta":"","header-above-stick-meta":"","header-main-stick-meta":"","header-below-stick-meta":"","astra-migrate-meta-layouts":"default","ast-page-background-enabled":"default","ast-page-background-meta":{"desktop":{"background-color":"var(--ast-global-color-4)","background-image":"","background-repeat":"repeat","background-position":"center center","background-size":"auto","background-attachment":"scroll","background-type":"","background-media":"","overlay-type":"","overlay-color":"","overlay-opacity":"","overlay-gradient":""},"tablet":{"background-color":"","background-image":"","background-repeat":"repeat","background-position":"center center","background-size":"auto","background-attachment":"scroll","background-type":"","background-media":"","overlay-type":"","overlay-color":"","overlay-opacity":"","overlay-gradient":""},"mobile":{"background-color":"","background-image":"","background-repeat":"repeat","background-position":"center center","background-size":"auto","background-attachment":"scroll","background-type":"","background-media":"","overlay-type":"","overlay-color":"","overlay-opacity":"","overlay-gradient":""}},"ast-content-background-meta":{"desktop":{"background-color":"var(--ast-global-color-5)","background-image":"","background-repeat":"repeat","background-position":"center center","background-size":"auto","background-attachment":"scroll","background-type":"","background-media":"","overlay-type":"","overlay-color":"","overlay-opacity":"","overlay-gradient":""},"tablet":{"background-color":"var(--ast-global-color-5)","background-image":"","background-repeat":"repeat","background-position":"center center","background-size":"auto","background-attachment":"scroll","background-type":"","background-media":"","overlay-type":"","overlay-color":"","overlay-opacity":"","overlay-gradient":""},"mobile":{"background-color":"var(--ast-global-color-5)","background-image":"","background-repeat":"repeat","background-position":"center center","background-size":"auto","background-attachment":"scroll","background-type":"","background-media":"","overlay-type":"","overlay-color":"","overlay-opacity":"","overlay-gradient":""}},"footnotes":""},"class_list":["post-145273","page","type-page","status-publish","has-post-thumbnail","hentry"],"_links":{"self":[{"href":"https:\/\/medclinics.com\/fr\/wp-json\/wp\/v2\/pages\/145273","targetHints":{"allow":["GET"]}}],"collection":[{"href":"https:\/\/medclinics.com\/fr\/wp-json\/wp\/v2\/pages"}],"about":[{"href":"https:\/\/medclinics.com\/fr\/wp-json\/wp\/v2\/types\/page"}],"author":[{"embeddable":true,"href":"https:\/\/medclinics.com\/fr\/wp-json\/wp\/v2\/users\/4"}],"replies":[{"embeddable":true,"href":"https:\/\/medclinics.com\/fr\/wp-json\/wp\/v2\/comments?post=145273"}],"version-history":[{"count":0,"href":"https:\/\/medclinics.com\/fr\/wp-json\/wp\/v2\/pages\/145273\/revisions"}],"wp:featuredmedia":[{"embeddable":true,"href":"https:\/\/medclinics.com\/fr\/wp-json\/wp\/v2\/media\/92126"}],"wp:attachment":[{"href":"https:\/\/medclinics.com\/fr\/wp-json\/wp\/v2\/media?parent=145273"}],"curies":[{"name":"wp","href":"https:\/\/api.w.org\/{rel}","templated":true}]}}