{"id":145257,"date":"2023-05-11T11:36:41","date_gmt":"2023-05-11T08:36:41","guid":{"rendered":"https:\/\/medclinics.com\/amblyopie-2\/"},"modified":"2024-12-29T00:50:07","modified_gmt":"2024-12-28T21:50:07","slug":"amblyopie-2","status":"publish","type":"page","link":"https:\/\/medclinics.com\/fr\/amblyopie-2\/","title":{"rendered":"Amblyopie"},"content":{"rendered":"\n<h2 class=\"wp-block-heading\">Ne laissez pas l&rsquo;amblyopie troubler votre vision. Faites confiance \u00e0 nos experts pour vous aider \u00e0 retrouver une vision claire et un avenir plus radieux.<\/h2>\n\n<p>L&rsquo;amblyopie, commun\u00e9ment appel\u00e9e \u00ab\u00a0\u0153il paresseux\u00a0\u00bb, est un trouble de la vision qui survient pendant l&rsquo;enfance. Elle se caract\u00e9rise par une baisse de la vision d&rsquo;un ou des deux yeux qui ne peut \u00eatre corrig\u00e9e par des lunettes ou des lentilles de contact. Cette perte de vision se produit parce que le cerveau \u00ab\u00a0apprend\u00a0\u00bb \u00e0 ignorer les signaux provenant de l&rsquo;\u0153il le plus faible et ne traite que les signaux provenant de l&rsquo;\u0153il le plus fort. Cela se produit parce que le cerveau re\u00e7oit des images floues ou doubles de l&rsquo;\u0153il le plus faible, et apprend donc \u00e0 ignorer les signaux de cet \u0153il pour \u00e9viter la confusion.<\/p>\n\n<p>Il existe plusieurs causes \u00e0 cette maladie, mais la plus courante est le strabisme, c&rsquo;est-\u00e0-dire un mauvais alignement des <a href=\"https:\/\/istanbul-tourist-information.com\/en\/category\/eye\/\" target=\"_blank\" rel=\"noreferrer noopener\">yeux<\/a>. Parmi les autres causes, on peut citer une diff\u00e9rence significative d&rsquo;erreur de r\u00e9fraction entre les deux yeux, par exemple un \u0153il beaucoup plus myope ou plus hyperm\u00e9trope que l&rsquo;autre, ou une obstruction physique qui emp\u00eache la lumi\u00e8re de p\u00e9n\u00e9trer correctement dans l&rsquo;\u0153il. Elle peut \u00eatre d\u00e9tect\u00e9e lors d&rsquo;un examen complet de la vue, qui est recommand\u00e9 pour tous les enfants \u00e0 partir de l&rsquo;\u00e2ge de 6 mois environ.<\/p>\n\n<p>Le traitement de l&rsquo;amblyopie consiste g\u00e9n\u00e9ralement \u00e0 corriger les probl\u00e8mes sous-jacents, par exemple en traitant le strabisme ou en corrigeant une erreur de r\u00e9fraction \u00e0 l&rsquo;aide de lunettes ou de lentilles de contact. En outre, l&rsquo;\u0153il le plus fort peut \u00eatre patch\u00e9 ou rendu flou afin de forcer l&rsquo;\u0153il le plus faible \u00e0 travailler davantage et \u00e0 am\u00e9liorer sa vision. Ce traitement dure g\u00e9n\u00e9ralement de plusieurs semaines \u00e0 plusieurs mois, et il est important de suivre attentivement les instructions du m\u00e9decin pour obtenir le meilleur r\u00e9sultat possible. Si elle n&rsquo;est pas trait\u00e9e, l&rsquo;amblyopie peut entra\u00eener une perte de vision permanente dans l&rsquo;\u0153il affect\u00e9. Un d\u00e9pistage et un traitement pr\u00e9coces sont donc essentiels pour pr\u00e9server la vision.<\/p>\n\n<h3 class=\"wp-block-heading\">D\u00e9couvrez votre solution de <a href=\"https:\/\/medclinics.com\/fr\/chirurgie-oculaire-generale\/\" target=\"_blank\" rel=\"noreferrer noopener\">chirurgie oculaire<\/a> parfaite avec nous. Du prix au service apr\u00e8s-vente, nous avons tout ce qu&rsquo;il faut &#8211;<a href=\"https:\/\/medclinics.com\/wp-admin\/post.php?post=81673&amp;action=edit#requestform\">contactez-nous<\/a> d\u00e8s aujourd&rsquo;hui !<\/h3>\n\n<figure class=\"wp-block-image size-large\"><img fetchpriority=\"high\" decoding=\"async\" width=\"6016\" height=\"4016\" src=\"https:\/\/medclinics.com\/wp-content\/uploads\/2023\/05\/amblyopia.png\" alt=\"Un enfant atteint d'amblyopie\" class=\"wp-image-81680\" srcset=\"https:\/\/medclinics.com\/wp-content\/uploads\/2023\/05\/amblyopia.png 6016w, https:\/\/medclinics.com\/wp-content\/uploads\/2023\/05\/amblyopia-500x334.png 500w, https:\/\/medclinics.com\/wp-content\/uploads\/2023\/05\/amblyopia-1024x684.png 1024w, https:\/\/medclinics.com\/wp-content\/uploads\/2023\/05\/amblyopia-768x513.png 768w, https:\/\/medclinics.com\/wp-content\/uploads\/2023\/05\/amblyopia-1536x1025.png 1536w, https:\/\/medclinics.com\/wp-content\/uploads\/2023\/05\/amblyopia-2048x1367.png 2048w, https:\/\/medclinics.com\/wp-content\/uploads\/2023\/05\/amblyopia-24x16.png 24w, https:\/\/medclinics.com\/wp-content\/uploads\/2023\/05\/amblyopia-36x24.png 36w, https:\/\/medclinics.com\/wp-content\/uploads\/2023\/05\/amblyopia-48x32.png 48w\" sizes=\"(max-width: 6016px) 100vw, 6016px\" \/><\/figure>\n\n<h2 class=\"wp-block-heading\">FAQ<\/h2>\n<div id=\"rank-math-faq\" class=\"rank-math-block\">\n<div class=\"rank-math-list \">\n<div id=\"faq-question-1682603361561\" class=\"rank-math-list-item\">\n<h3 class=\"rank-math-question \">Que signifie l&rsquo;amblyopie ?<\/h3>\n<div class=\"rank-math-answer \">\n\n<p>L&rsquo;amblyopie, commun\u00e9ment appel\u00e9e \u00ab\u00a0\u0153il paresseux\u00a0\u00bb, est une maladie qui affecte la vision pendant l&rsquo;enfance. Ce trouble survient lorsqu&rsquo;un \u0153il ne se d\u00e9veloppe pas correctement, ce qui entra\u00eene une mauvaise perception visuelle et, en fin de compte, une n\u00e9gligence de la part du cerveau. En cons\u00e9quence, l&rsquo;\u0153il affect\u00e9 peut voir moins bien, m\u00eame avec une correction, ce qui peut entra\u00eener d&rsquo;autres probl\u00e8mes de vision en l&rsquo;absence de traitement.<\/p>\n\n<\/div>\n<\/div>\n<div id=\"faq-question-1682665852961\" class=\"rank-math-list-item\">\n<h3 class=\"rank-math-question \">L&rsquo;amblyopie peut-elle \u00eatre corrig\u00e9e ?<\/h3>\n<div class=\"rank-math-answer \">\n\n<p>Oui, l&rsquo;amblyopie peut \u00eatre corrig\u00e9e gr\u00e2ce \u00e0 un traitement, surtout si elle est d\u00e9tect\u00e9e et trait\u00e9e \u00e0 un stade pr\u00e9coce. Les traitements les plus courants comprennent l&rsquo;application d&rsquo;un patch sur l&rsquo;\u0153il sain pour forcer l&rsquo;\u0153il faible \u00e0 travailler davantage, des gouttes ophtalmiques pour brouiller la vision de l&rsquo;\u0153il sain, et des lunettes ou des lentilles de contact correctrices. Dans certains cas, une intervention chirurgicale peut \u00eatre n\u00e9cessaire pour corriger les probl\u00e8mes structurels sous-jacents de l&rsquo;\u0153il. Le succ\u00e8s du traitement d\u00e9pend de plusieurs facteurs, notamment de l&rsquo;\u00e2ge auquel le traitement commence, de la gravit\u00e9 de la maladie et de l&rsquo;observance du plan de traitement par le patient.<\/p>\n\n<\/div>\n<\/div>\n<div id=\"faq-question-1682666623404\" class=\"rank-math-list-item\">\n<h3 class=\"rank-math-question \">L&rsquo;amblyopie peut-elle provoquer un strabisme ?<\/h3>\n<div class=\"rank-math-answer \">\n\n<p>Oui, l&rsquo;amblyopie peut parfois provoquer un strabisme, c&rsquo;est-\u00e0-dire un d\u00e9faut d&rsquo;alignement des yeux. En effet, le cerveau peut favoriser un \u0153il par rapport \u00e0 l&rsquo;autre, ce qui entra\u00eene l&rsquo;orientation de l&rsquo;\u0153il le plus faible vers l&rsquo;int\u00e9rieur ou l&rsquo;ext\u00e9rieur et provoque un strabisme. Cependant, il est important de noter que tous les cas d&rsquo;amblyopie n&rsquo;entra\u00eenent pas un strabisme et que tous les cas de strabisme ne sont pas caus\u00e9s par l&rsquo;amblyopie.<\/p>\n\n<\/div>\n<\/div>\n<div id=\"faq-question-1682666956133\" class=\"rank-math-list-item\">\n<h3 class=\"rank-math-question \">L&rsquo;amblyopie peut-elle \u00eatre corrig\u00e9e chez l&rsquo;adulte ?<\/h3>\n<div class=\"rank-math-answer \">\n\n<p>Oui, l&rsquo;amblyopie peut \u00eatre corrig\u00e9e chez l&rsquo;adulte, m\u00eame si cela prend plus de temps et demande plus d&rsquo;efforts que chez l&rsquo;enfant. Les options de traitement pour les adultes comprennent la th\u00e9rapie visuelle, les patchs oculaires ou une combinaison des deux. Il est important de consulter un ophtalmologiste pour une \u00e9valuation correcte et un plan de traitement personnalis\u00e9.<\/p>\n\n<\/div>\n<\/div>\n<\/div>\n<\/div>\n<p>\u00a0<\/p>\n\n<h3 class=\"wp-block-heading\">Contactez-nous d\u00e8s maintenant si vous avez des questions !<\/h3>\n","protected":false},"excerpt":{"rendered":"<p>Ne laissez pas l&rsquo;amblyopie troubler votre vision. Faites confiance \u00e0 nos experts pour vous aider \u00e0 retrouver une vision claire [&hellip;]<\/p>\n","protected":false},"author":4,"featured_media":93117,"parent":0,"menu_order":0,"comment_status":"closed","ping_status":"closed","template":"","meta":{"site-sidebar-layout":"default","site-content-layout":"","ast-site-content-layout":"default","site-content-style":"default","site-sidebar-style":"default","ast-global-header-display":"","ast-banner-title-visibility":"","ast-main-header-display":"","ast-hfb-above-header-display":"","ast-hfb-below-header-display":"","ast-hfb-mobile-header-display":"","site-post-title":"","ast-breadcrumbs-content":"","ast-featured-img":"","footer-sml-layout":"","ast-disable-related-posts":"","theme-transparent-header-meta":"","adv-header-id-meta":"","stick-header-meta":"","header-above-stick-meta":"","header-main-stick-meta":"","header-below-stick-meta":"","astra-migrate-meta-layouts":"default","ast-page-background-enabled":"default","ast-page-background-meta":{"desktop":{"background-color":"var(--ast-global-color-4)","background-image":"","background-repeat":"repeat","background-position":"center center","background-size":"auto","background-attachment":"scroll","background-type":"","background-media":"","overlay-type":"","overlay-color":"","overlay-opacity":"","overlay-gradient":""},"tablet":{"background-color":"","background-image":"","background-repeat":"repeat","background-position":"center center","background-size":"auto","background-attachment":"scroll","background-type":"","background-media":"","overlay-type":"","overlay-color":"","overlay-opacity":"","overlay-gradient":""},"mobile":{"background-color":"","background-image":"","background-repeat":"repeat","background-position":"center center","background-size":"auto","background-attachment":"scroll","background-type":"","background-media":"","overlay-type":"","overlay-color":"","overlay-opacity":"","overlay-gradient":""}},"ast-content-background-meta":{"desktop":{"background-color":"var(--ast-global-color-5)","background-image":"","background-repeat":"repeat","background-position":"center center","background-size":"auto","background-attachment":"scroll","background-type":"","background-media":"","overlay-type":"","overlay-color":"","overlay-opacity":"","overlay-gradient":""},"tablet":{"background-color":"var(--ast-global-color-5)","background-image":"","background-repeat":"repeat","background-position":"center center","background-size":"auto","background-attachment":"scroll","background-type":"","background-media":"","overlay-type":"","overlay-color":"","overlay-opacity":"","overlay-gradient":""},"mobile":{"background-color":"var(--ast-global-color-5)","background-image":"","background-repeat":"repeat","background-position":"center center","background-size":"auto","background-attachment":"scroll","background-type":"","background-media":"","overlay-type":"","overlay-color":"","overlay-opacity":"","overlay-gradient":""}},"footnotes":""},"class_list":["post-145257","page","type-page","status-publish","has-post-thumbnail","hentry"],"_links":{"self":[{"href":"https:\/\/medclinics.com\/fr\/wp-json\/wp\/v2\/pages\/145257","targetHints":{"allow":["GET"]}}],"collection":[{"href":"https:\/\/medclinics.com\/fr\/wp-json\/wp\/v2\/pages"}],"about":[{"href":"https:\/\/medclinics.com\/fr\/wp-json\/wp\/v2\/types\/page"}],"author":[{"embeddable":true,"href":"https:\/\/medclinics.com\/fr\/wp-json\/wp\/v2\/users\/4"}],"replies":[{"embeddable":true,"href":"https:\/\/medclinics.com\/fr\/wp-json\/wp\/v2\/comments?post=145257"}],"version-history":[{"count":0,"href":"https:\/\/medclinics.com\/fr\/wp-json\/wp\/v2\/pages\/145257\/revisions"}],"wp:featuredmedia":[{"embeddable":true,"href":"https:\/\/medclinics.com\/fr\/wp-json\/wp\/v2\/media\/93117"}],"wp:attachment":[{"href":"https:\/\/medclinics.com\/fr\/wp-json\/wp\/v2\/media?parent=145257"}],"curies":[{"name":"wp","href":"https:\/\/api.w.org\/{rel}","templated":true}]}}