{"id":145249,"date":"2023-05-27T09:48:40","date_gmt":"2023-05-27T06:48:40","guid":{"rendered":"https:\/\/medclinics.com\/cataractes\/"},"modified":"2025-01-02T13:28:52","modified_gmt":"2025-01-02T10:28:52","slug":"cataractes","status":"publish","type":"page","link":"https:\/\/medclinics.com\/fr\/cataractes\/","title":{"rendered":"Cataractes"},"content":{"rendered":"\n<h2 class=\"wp-block-heading\">Vous avez des probl\u00e8mes de vision floue ou de faible luminosit\u00e9 ? Obtenez une consultation pour d\u00e9cider de vos options pour le traitement de la cataracte.<\/h2>\n\n<p>La cataracte rend les yeux troubles et flous. Elle se produit lentement et vous pouvez ne pas la remarquer au d\u00e9but. Elle peut survenir avec l&rsquo;\u00e2ge, mais aussi \u00e0 la suite d&rsquo;une blessure, d&rsquo;un m\u00e9dicament ou d&rsquo;un probl\u00e8me de sant\u00e9.<\/p>\n\n<p>La cataracte peut rendre votre vision floue, en particulier la nuit. La lumi\u00e8re peut vous g\u00eaner et vous pouvez voir double d&rsquo;un \u0153il. Si vous n&rsquo;obtenez pas d&rsquo;aide, votre vision pourrait s&rsquo;aggraver. Mais la chirurgie peut y rem\u00e9dier et am\u00e9liorer votre vision.<\/p>\n\n<p><br\/>Au cours de l&rsquo;op\u00e9ration, la lentille trouble de votre \u0153il est retir\u00e9e et remplac\u00e9e par une nouvelle lentille appel\u00e9e lentille intraoculaire (LIO). L&rsquo;op\u00e9ration est rapide, elle dure environ 15 \u00e0 20 minutes pour chaque \u0153il. Vous rentrerez probablement chez vous le jour m\u00eame apr\u00e8s avoir subi une anesth\u00e9sie locale. Vous vous sentirez mieux en quelques jours et pourrez reprendre vos activit\u00e9s normales.<\/p>\n\n<p>Cette op\u00e9ration est tr\u00e8s courante. Elle est \u00e9galement tr\u00e8s efficace &#8211; dans plus de 98 % des cas selon l&rsquo;American Society of Cataract and Refractive Surgery (Soci\u00e9t\u00e9 am\u00e9ricaine de chirurgie de la cataracte et de chirurgie r\u00e9fractive). La chirurgie ne cesse de s&rsquo;am\u00e9liorer gr\u00e2ce aux nouvelles technologies et techniques. Cela signifie des r\u00e9sultats encore meilleurs pour les patients.  <\/p>\n\n<h3 class=\"wp-block-heading\">Tout ce que vous devez savoir sur la <a href=\"https:\/\/medclinics.com\/fr\/chirurgie-oculaire-generale\/\" target=\"_blank\" rel=\"noreferrer noopener\">chirurgie g\u00e9n\u00e9rale de l&rsquo;\u0153il<\/a>, y compris le prix, les soins et le processus de gu\u00e9rison, ou <a href=\"#requestform\">contactez-nous<\/a>!<\/h3>\n\n<figure class=\"wp-block-image size-large\"><img fetchpriority=\"high\" decoding=\"async\" width=\"6720\" height=\"4480\" src=\"https:\/\/medclinics.com\/wp-content\/uploads\/2023\/05\/cataract.png\" alt=\"Cataractes\" class=\"wp-image-81653\" srcset=\"https:\/\/medclinics.com\/wp-content\/uploads\/2023\/05\/cataract.png 6720w, https:\/\/medclinics.com\/wp-content\/uploads\/2023\/05\/cataract-500x333.png 500w, https:\/\/medclinics.com\/wp-content\/uploads\/2023\/05\/cataract-1024x683.png 1024w, https:\/\/medclinics.com\/wp-content\/uploads\/2023\/05\/cataract-768x512.png 768w, https:\/\/medclinics.com\/wp-content\/uploads\/2023\/05\/cataract-1536x1024.png 1536w, https:\/\/medclinics.com\/wp-content\/uploads\/2023\/05\/cataract-2048x1365.png 2048w, https:\/\/medclinics.com\/wp-content\/uploads\/2023\/05\/cataract-24x16.png 24w, https:\/\/medclinics.com\/wp-content\/uploads\/2023\/05\/cataract-36x24.png 36w, https:\/\/medclinics.com\/wp-content\/uploads\/2023\/05\/cataract-48x32.png 48w\" sizes=\"(max-width: 6720px) 100vw, 6720px\" \/><\/figure>\n\n<h2 class=\"wp-block-heading\">FAQ  <\/h2>\n\n<h3 class=\"wp-block-heading\">Contactez-nous d\u00e8s maintenant si vous avez des questions !<\/h3>\n","protected":false},"excerpt":{"rendered":"<p>Vous avez des probl\u00e8mes de vision floue ou de faible luminosit\u00e9 ? Obtenez une consultation pour d\u00e9cider de vos options [&hellip;]<\/p>\n","protected":false},"author":4,"featured_media":93148,"parent":0,"menu_order":0,"comment_status":"closed","ping_status":"closed","template":"","meta":{"site-sidebar-layout":"default","site-content-layout":"","ast-site-content-layout":"default","site-content-style":"default","site-sidebar-style":"default","ast-global-header-display":"","ast-banner-title-visibility":"","ast-main-header-display":"","ast-hfb-above-header-display":"","ast-hfb-below-header-display":"","ast-hfb-mobile-header-display":"","site-post-title":"","ast-breadcrumbs-content":"","ast-featured-img":"","footer-sml-layout":"","ast-disable-related-posts":"","theme-transparent-header-meta":"","adv-header-id-meta":"","stick-header-meta":"","header-above-stick-meta":"","header-main-stick-meta":"","header-below-stick-meta":"","astra-migrate-meta-layouts":"default","ast-page-background-enabled":"default","ast-page-background-meta":{"desktop":{"background-color":"var(--ast-global-color-4)","background-image":"","background-repeat":"repeat","background-position":"center center","background-size":"auto","background-attachment":"scroll","background-type":"","background-media":"","overlay-type":"","overlay-color":"","overlay-opacity":"","overlay-gradient":""},"tablet":{"background-color":"","background-image":"","background-repeat":"repeat","background-position":"center center","background-size":"auto","background-attachment":"scroll","background-type":"","background-media":"","overlay-type":"","overlay-color":"","overlay-opacity":"","overlay-gradient":""},"mobile":{"background-color":"","background-image":"","background-repeat":"repeat","background-position":"center center","background-size":"auto","background-attachment":"scroll","background-type":"","background-media":"","overlay-type":"","overlay-color":"","overlay-opacity":"","overlay-gradient":""}},"ast-content-background-meta":{"desktop":{"background-color":"var(--ast-global-color-5)","background-image":"","background-repeat":"repeat","background-position":"center center","background-size":"auto","background-attachment":"scroll","background-type":"","background-media":"","overlay-type":"","overlay-color":"","overlay-opacity":"","overlay-gradient":""},"tablet":{"background-color":"var(--ast-global-color-5)","background-image":"","background-repeat":"repeat","background-position":"center center","background-size":"auto","background-attachment":"scroll","background-type":"","background-media":"","overlay-type":"","overlay-color":"","overlay-opacity":"","overlay-gradient":""},"mobile":{"background-color":"var(--ast-global-color-5)","background-image":"","background-repeat":"repeat","background-position":"center center","background-size":"auto","background-attachment":"scroll","background-type":"","background-media":"","overlay-type":"","overlay-color":"","overlay-opacity":"","overlay-gradient":""}},"footnotes":""},"class_list":["post-145249","page","type-page","status-publish","has-post-thumbnail","hentry"],"_links":{"self":[{"href":"https:\/\/medclinics.com\/fr\/wp-json\/wp\/v2\/pages\/145249","targetHints":{"allow":["GET"]}}],"collection":[{"href":"https:\/\/medclinics.com\/fr\/wp-json\/wp\/v2\/pages"}],"about":[{"href":"https:\/\/medclinics.com\/fr\/wp-json\/wp\/v2\/types\/page"}],"author":[{"embeddable":true,"href":"https:\/\/medclinics.com\/fr\/wp-json\/wp\/v2\/users\/4"}],"replies":[{"embeddable":true,"href":"https:\/\/medclinics.com\/fr\/wp-json\/wp\/v2\/comments?post=145249"}],"version-history":[{"count":0,"href":"https:\/\/medclinics.com\/fr\/wp-json\/wp\/v2\/pages\/145249\/revisions"}],"wp:featuredmedia":[{"embeddable":true,"href":"https:\/\/medclinics.com\/fr\/wp-json\/wp\/v2\/media\/93148"}],"wp:attachment":[{"href":"https:\/\/medclinics.com\/fr\/wp-json\/wp\/v2\/media?parent=145249"}],"curies":[{"name":"wp","href":"https:\/\/api.w.org\/{rel}","templated":true}]}}