{"id":145129,"date":"2023-11-10T20:51:04","date_gmt":"2023-11-10T17:51:04","guid":{"rendered":"https:\/\/medclinics.com\/greffe-de-cheveux-pour-les-femmes\/"},"modified":"2025-01-25T00:36:41","modified_gmt":"2025-01-24T21:36:41","slug":"greffe-de-cheveux-pour-les-femmes","status":"publish","type":"page","link":"https:\/\/medclinics.com\/fr\/greffe-de-cheveux-pour-les-femmes\/","title":{"rendered":"Greffe de cheveux pour les femmes"},"content":{"rendered":"\n<h2 class=\"wp-block-heading\">La greffe de cheveux chez la femme est de plus en plus populaire.<\/h2>\n\n<p>Alors que dans le pass\u00e9, presque seuls les hommes avaient recours \u00e0 la <a href=\"https:\/\/istanbul-tourist-information.com\/en\/category\/hair\/\" target=\"_blank\" rel=\"noreferrer noopener\">transplantation capillaire<\/a>, de plus en plus de femmes cherchent aujourd&rsquo;hui une solution permanente \u00e0 la perte de cheveux.<\/p>\n\n<p>Un homme chauve peut \u00eatre tr\u00e8s s\u00e9duisant, mais il en va tout autrement pour les femmes. Les cheveux sont toujours consid\u00e9r\u00e9s comme un symbole de f\u00e9minit\u00e9. La situation est d&rsquo;autant plus difficile pour les femmes lorsque, avec le temps, les cheveux tombent de plus en plus, que la ligne de d\u00e9marcation des cheveux se forme ou que le sommet du cr\u00e2ne devient de plus en plus visible.<\/p>\n\n<p>Les statistiques indiquent que le nombre de greffes de cheveux pour les femmes a augment\u00e9 de plus de 20 % au cours des dix derni\u00e8res ann\u00e9es. (Soci\u00e9t\u00e9 internationale de chirurgie de restauration capillaire &#8211; ISHRS).<\/p>\n\n<p>Cette augmentation du nombre de greffes de cheveux chez les femmes est due en partie \u00e0 l&rsquo;acceptation croissante de la greffe de cheveux, ainsi qu&rsquo;\u00e0 l&rsquo;\u00e9volution constante de la technologie.<br\/>Toutes les techniques courantes de greffe de cheveux, telles que la <a href=\"https:\/\/medclinics.com\/fr\/greffe-de-cheveux-fue\/\" data-type=\"page\" data-id=\"80085\" target=\"_blank\" rel=\"noreferrer noopener\">FUE<\/a>, la <a href=\"https:\/\/medclinics.com\/fue-sapphire-hair-transplant\/\" data-type=\"page\" data-id=\"80109\" target=\"_blank\" rel=\"noreferrer noopener\">FUE Sapphire<\/a> ou la <a href=\"https:\/\/medclinics.com\/fr\/greffe-de-cheveux-dhi\/\" data-type=\"page\" data-id=\"80131\">DHI<\/a>, peuvent \u00e9galement \u00eatre utilis\u00e9es chez les femmes. La transplantation de cheveux sans rasage est particuli\u00e8rement populaire.<\/p>\n\n<h3 class=\"wp-block-heading\">Tout ce que vous devez savoir sur les <a href=\"https:\/\/medclinics.com\/fr\/greffe-de-cheveux\/\" target=\"_blank\" rel=\"noreferrer noopener\">greffes de cheveux<\/a>, y compris le prix, les soins et le processus de gu\u00e9rison, ou <a href=\"#requestform\">contactez-nous<\/a>!<\/h3>\n\n<figure class=\"wp-block-image size-large\"><img fetchpriority=\"high\" decoding=\"async\" width=\"1440\" height=\"470\" src=\"https:\/\/medclinics.com\/wp-content\/uploads\/2023\/02\/Regenera-Activa-Hair-Treatment-istanbul-in-istanbul.jpg\" alt=\"Greffe de cheveux pour une femme &#xE0; Istanbul en Turquie\" class=\"wp-image-53881\" srcset=\"https:\/\/medclinics.com\/wp-content\/uploads\/2023\/02\/Regenera-Activa-Hair-Treatment-istanbul-in-istanbul.jpg 1440w, https:\/\/medclinics.com\/wp-content\/uploads\/2023\/02\/Regenera-Activa-Hair-Treatment-istanbul-in-istanbul-500x163.jpg 500w, https:\/\/medclinics.com\/wp-content\/uploads\/2023\/02\/Regenera-Activa-Hair-Treatment-istanbul-in-istanbul-1024x334.jpg 1024w, https:\/\/medclinics.com\/wp-content\/uploads\/2023\/02\/Regenera-Activa-Hair-Treatment-istanbul-in-istanbul-768x251.jpg 768w\" sizes=\"(max-width: 1440px) 100vw, 1440px\" \/><\/figure>\n\n<h2 class=\"wp-block-heading\">FAQ  <\/h2>\n<div id=\"rank-math-faq\" class=\"rank-math-block\">\n<div class=\"rank-math-list \">\n<div id=\"faq-question-1683391548998\" class=\"rank-math-list-item\">\n<h3 class=\"rank-math-question \">Les femmes peuvent-elles \u00e9galement b\u00e9n\u00e9ficier d&rsquo;une greffe de cheveux ?<\/h3>\n<div class=\"rank-math-answer \">\n\n<p>La greffe de cheveux chez la femme peut \u00e9galement \u00eatre r\u00e9alis\u00e9e comme la greffe de cheveux chez l&rsquo;homme. Les techniques sont les m\u00eames.  <\/p>\n\n<\/div>\n<\/div>\n<div id=\"faq-question-1683391585179\" class=\"rank-math-list-item\">\n<h3 class=\"rank-math-question \">Les cheveux doivent-ils \u00eatre ras\u00e9s lors d&rsquo;une greffe de cheveux chez la femme ?  <\/h3>\n<div class=\"rank-math-answer \">\n\n<p>En r\u00e8gle g\u00e9n\u00e9rale, la t\u00eate est ras\u00e9e lors d&rsquo;une greffe de cheveux. Cependant, il existe aujourd&rsquo;hui de nouvelles m\u00e9thodes qui permettent une transplantation sans rasage complet. Dans le cas de la greffe de cheveux chez la femme, cette solution est souvent pr\u00e9f\u00e9r\u00e9e.<\/p>\n\n<\/div>\n<\/div>\n<div id=\"faq-question-1683391788739\" class=\"rank-math-list-item\">\n<h3 class=\"rank-math-question \">La greffe de cheveux sans rasage est-elle plus co\u00fbteuse que les m\u00e9thodes classiques de greffe de cheveux ? <\/h3>\n<div class=\"rank-math-answer \">\n\n<p>Non, le prix est le m\u00eame, car les m\u00eames techniques sont utilis\u00e9es. Si vous optez pour une greffe de cheveux sans rasage, il y aura une diff\u00e9rence de prix, car cette technique exige une plus grande exp\u00e9rience du m\u00e9decin et prend plus de temps.  <\/p>\n\n<\/div>\n<\/div>\n<div id=\"faq-question-1683392049787\" class=\"rank-math-list-item\">\n<h3 class=\"rank-math-question \">Quand est-il pr\u00e9f\u00e9rable de proc\u00e9der \u00e0 une greffe de cheveux sans se raser ?<\/h3>\n<div class=\"rank-math-answer \">\n\n<p>Cette technique est souvent utilis\u00e9e lorsque seule une petite partie du cuir chevelu doit \u00eatre trait\u00e9e, comme la racine des cheveux ou la couronne.<\/p>\n\n<\/div>\n<\/div>\n<\/div>\n<\/div>\n<p><\/p>\n\n<h3 class=\"wp-block-heading\">Contactez-nous d\u00e8s maintenant si vous avez des questions !<\/h3>\n","protected":false},"excerpt":{"rendered":"<p>La greffe de cheveux chez la femme est de plus en plus populaire. Alors que dans le pass\u00e9, presque seuls [&hellip;]<\/p>\n","protected":false},"author":4,"featured_media":91862,"parent":0,"menu_order":0,"comment_status":"closed","ping_status":"closed","template":"","meta":{"site-sidebar-layout":"default","site-content-layout":"","ast-site-content-layout":"default","site-content-style":"default","site-sidebar-style":"default","ast-global-header-display":"","ast-banner-title-visibility":"","ast-main-header-display":"","ast-hfb-above-header-display":"","ast-hfb-below-header-display":"","ast-hfb-mobile-header-display":"","site-post-title":"","ast-breadcrumbs-content":"","ast-featured-img":"","footer-sml-layout":"","ast-disable-related-posts":"","theme-transparent-header-meta":"","adv-header-id-meta":"","stick-header-meta":"","header-above-stick-meta":"","header-main-stick-meta":"","header-below-stick-meta":"","astra-migrate-meta-layouts":"default","ast-page-background-enabled":"default","ast-page-background-meta":{"desktop":{"background-color":"var(--ast-global-color-4)","background-image":"","background-repeat":"repeat","background-position":"center center","background-size":"auto","background-attachment":"scroll","background-type":"","background-media":"","overlay-type":"","overlay-color":"","overlay-opacity":"","overlay-gradient":""},"tablet":{"background-color":"","background-image":"","background-repeat":"repeat","background-position":"center center","background-size":"auto","background-attachment":"scroll","background-type":"","background-media":"","overlay-type":"","overlay-color":"","overlay-opacity":"","overlay-gradient":""},"mobile":{"background-color":"","background-image":"","background-repeat":"repeat","background-position":"center center","background-size":"auto","background-attachment":"scroll","background-type":"","background-media":"","overlay-type":"","overlay-color":"","overlay-opacity":"","overlay-gradient":""}},"ast-content-background-meta":{"desktop":{"background-color":"var(--ast-global-color-5)","background-image":"","background-repeat":"repeat","background-position":"center center","background-size":"auto","background-attachment":"scroll","background-type":"","background-media":"","overlay-type":"","overlay-color":"","overlay-opacity":"","overlay-gradient":""},"tablet":{"background-color":"var(--ast-global-color-5)","background-image":"","background-repeat":"repeat","background-position":"center center","background-size":"auto","background-attachment":"scroll","background-type":"","background-media":"","overlay-type":"","overlay-color":"","overlay-opacity":"","overlay-gradient":""},"mobile":{"background-color":"var(--ast-global-color-5)","background-image":"","background-repeat":"repeat","background-position":"center center","background-size":"auto","background-attachment":"scroll","background-type":"","background-media":"","overlay-type":"","overlay-color":"","overlay-opacity":"","overlay-gradient":""}},"footnotes":""},"class_list":["post-145129","page","type-page","status-publish","has-post-thumbnail","hentry"],"_links":{"self":[{"href":"https:\/\/medclinics.com\/fr\/wp-json\/wp\/v2\/pages\/145129","targetHints":{"allow":["GET"]}}],"collection":[{"href":"https:\/\/medclinics.com\/fr\/wp-json\/wp\/v2\/pages"}],"about":[{"href":"https:\/\/medclinics.com\/fr\/wp-json\/wp\/v2\/types\/page"}],"author":[{"embeddable":true,"href":"https:\/\/medclinics.com\/fr\/wp-json\/wp\/v2\/users\/4"}],"replies":[{"embeddable":true,"href":"https:\/\/medclinics.com\/fr\/wp-json\/wp\/v2\/comments?post=145129"}],"version-history":[{"count":0,"href":"https:\/\/medclinics.com\/fr\/wp-json\/wp\/v2\/pages\/145129\/revisions"}],"wp:featuredmedia":[{"embeddable":true,"href":"https:\/\/medclinics.com\/fr\/wp-json\/wp\/v2\/media\/91862"}],"wp:attachment":[{"href":"https:\/\/medclinics.com\/fr\/wp-json\/wp\/v2\/media?parent=145129"}],"curies":[{"name":"wp","href":"https:\/\/api.w.org\/{rel}","templated":true}]}}