{"id":145117,"date":"2023-11-30T20:20:00","date_gmt":"2023-11-30T17:20:00","guid":{"rendered":"https:\/\/medclinics.com\/greffe-de-cheveux-sans-rasage\/"},"modified":"2025-01-26T23:28:56","modified_gmt":"2025-01-26T20:28:56","slug":"greffe-de-cheveux-sans-rasage","status":"publish","type":"page","link":"https:\/\/medclinics.com\/fr\/greffe-de-cheveux-sans-rasage\/","title":{"rendered":"Greffe de cheveux sans rasage"},"content":{"rendered":"\n<h2 class=\"wp-block-heading\">La greffe de cheveux sans rasage, \u00e9galement connue sous le nom de greffe de cheveux sans rasage, est tr\u00e8s populaire, en particulier chez les femmes.<\/h2>\n\n<p>Quelle femme a envie de se promener chauve, ne serait-ce que temporairement ?<\/p>\n\n<p>En g\u00e9n\u00e9ral, une <a href=\"https:\/\/istanbul-tourist-information.com\/en\/category\/hair\/\" target=\"_blank\" rel=\"noreferrer noopener\">greffe de cheveux<\/a> implique le rasage de la t\u00eate enti\u00e8re. Cela permet au m\u00e9decin d&rsquo;avoir un meilleur acc\u00e8s aux follicules pileux et \u00e0 la zone receveuse.<\/p>\n\n<p>Dans le cas d&rsquo;une greffe de cheveux sans rasage, seuls les cheveux de la zone donneuse sont raccourcis \u00e0 une certaine longueur afin que le chirurgien puisse acc\u00e9der aux follicules pileux. La zone r\u00e9ceptrice n&rsquo;est pas ras\u00e9e du tout.<\/p>\n\n<p>Cette technique est souvent utilis\u00e9e lorsque seule une petite partie du cuir chevelu doit \u00eatre trait\u00e9e, comme la racine des cheveux ou la couronne.<\/p>\n\n<p>Dans ce cas, la m\u00e9thode FUE est g\u00e9n\u00e9ralement utilis\u00e9e comme m\u00e9thode de transplantation.<\/p>\n\n<p>La greffe de cheveux sans rasage prend plus de temps qu&rsquo;avec, car le chirurgien doit soigneusement raccourcir et extraire les follicules pileux, tout en pr\u00e9servant les cheveux existants dans la zone donneuse.<\/p>\n\n<p>Une cro\u00fbte temporaire peut appara\u00eetre apr\u00e8s une transplantation sans rasage. Il faut \u00e9galement s&rsquo;attendre \u00e0 un gonflement et \u00e0 des rougeurs.<br\/>Cependant, en g\u00e9n\u00e9ral, le temps de r\u00e9cup\u00e9ration est plus court que pour une greffe de cheveux normale.<\/p>\n\n<h3 class=\"wp-block-heading\">Tout ce que vous devez savoir sur les <a href=\"https:\/\/medclinics.com\/fr\/greffe-de-cheveux\/\" target=\"_blank\" rel=\"noreferrer noopener\">greffes de cheveux<\/a>, y compris le prix, les soins et le processus de gu\u00e9rison, ou <a href=\"#requestform\">contactez-nous<\/a>!<\/h3>\n\n<figure class=\"wp-block-image size-full is-resized\"><img fetchpriority=\"high\" decoding=\"async\" width=\"711\" height=\"400\" src=\"https:\/\/medclinics.com\/wp-content\/uploads\/2023\/10\/hair-transplant-without-shaving-near-me-edited.jpg\" alt=\"Greffe de cheveux sans rasage\" class=\"wp-image-116039\" style=\"object-fit:cover;width:960px;height:540px\" srcset=\"https:\/\/medclinics.com\/wp-content\/uploads\/2023\/10\/hair-transplant-without-shaving-near-me-edited.jpg 711w, https:\/\/medclinics.com\/wp-content\/uploads\/2023\/10\/hair-transplant-without-shaving-near-me-edited-500x281.jpg 500w, https:\/\/medclinics.com\/wp-content\/uploads\/2023\/10\/hair-transplant-without-shaving-near-me-edited-24x14.jpg 24w, https:\/\/medclinics.com\/wp-content\/uploads\/2023\/10\/hair-transplant-without-shaving-near-me-edited-36x20.jpg 36w, https:\/\/medclinics.com\/wp-content\/uploads\/2023\/10\/hair-transplant-without-shaving-near-me-edited-48x27.jpg 48w\" sizes=\"(max-width: 711px) 100vw, 711px\" \/><\/figure>\n\n<h2 class=\"wp-block-heading\">FAQ  <\/h2>\n<div id=\"rank-math-faq\" class=\"rank-math-block\">\n<div class=\"rank-math-list \">\n<div id=\"faq-question-1683391548998\" class=\"rank-math-list-item\">\n<h3 class=\"rank-math-question \">Comment se d\u00e9roule une greffe de cheveux sans rasage ?<\/h3>\n<div class=\"rank-math-answer \">\n\n<p>Dans le cas d&rsquo;une greffe de cheveux sans rasage, seule la zone donneuse doit \u00eatre taill\u00e9e \u00e0 une certaine longueur. La zone r\u00e9ceptrice n&rsquo;est pas ras\u00e9e du tout. Cette m\u00e9thode n\u00e9cessite beaucoup d&rsquo;exp\u00e9rience.<\/p>\n\n<\/div>\n<\/div>\n<div id=\"faq-question-1683391585179\" class=\"rank-math-list-item\">\n<h3 class=\"rank-math-question \">La m\u00e9thode de greffe de cheveux est-elle utilis\u00e9e pour la greffe de cheveux sans rasage ?<\/h3>\n<div class=\"rank-math-answer \">\n\n<p>En g\u00e9n\u00e9ral, la technique FUE est utilis\u00e9e pour la transplantation de cheveux sans rasage.<\/p>\n\n<\/div>\n<\/div>\n<div id=\"faq-question-1683391788739\" class=\"rank-math-list-item\">\n<h3 class=\"rank-math-question \">La greffe de cheveux sans rasage est-elle plus co\u00fbteuse que les m\u00e9thodes classiques de greffe de cheveux ?  <\/h3>\n<div class=\"rank-math-answer \">\n\n<p>En g\u00e9n\u00e9ral, la technique de greffe de cheveux non ras\u00e9s peut \u00eatre plus co\u00fbteuse que les techniques de greffe de cheveux traditionnelles en raison du temps et des efforts suppl\u00e9mentaires n\u00e9cessaires pour effectuer la proc\u00e9dure sans raser la t\u00eate enti\u00e8re.  <\/p>\n\n<\/div>\n<\/div>\n<div id=\"faq-question-1683392049787\" class=\"rank-math-list-item\">\n<h3 class=\"rank-math-question \">Quand est-il pr\u00e9f\u00e9rable de proc\u00e9der \u00e0 une greffe de cheveux sans se raser ?<\/h3>\n<div class=\"rank-math-answer \">\n\n<p>Cette technique est souvent utilis\u00e9e lorsque seule une petite partie du cuir chevelu doit \u00eatre trait\u00e9e, comme la racine des cheveux ou la couronne.<\/p>\n\n<\/div>\n<\/div>\n<\/div>\n<\/div>\n<p><\/p>\n\n<h3 class=\"wp-block-heading\">Contactez-nous d\u00e8s maintenant si vous avez des questions !<\/h3>\n","protected":false},"excerpt":{"rendered":"<p>La greffe de cheveux sans rasage, \u00e9galement connue sous le nom de greffe de cheveux sans rasage, est tr\u00e8s populaire, [&hellip;]<\/p>\n","protected":false},"author":4,"featured_media":91876,"parent":0,"menu_order":0,"comment_status":"closed","ping_status":"closed","template":"","meta":{"site-sidebar-layout":"default","site-content-layout":"","ast-site-content-layout":"default","site-content-style":"default","site-sidebar-style":"default","ast-global-header-display":"","ast-banner-title-visibility":"","ast-main-header-display":"","ast-hfb-above-header-display":"","ast-hfb-below-header-display":"","ast-hfb-mobile-header-display":"","site-post-title":"","ast-breadcrumbs-content":"","ast-featured-img":"","footer-sml-layout":"","ast-disable-related-posts":"","theme-transparent-header-meta":"","adv-header-id-meta":"","stick-header-meta":"","header-above-stick-meta":"","header-main-stick-meta":"","header-below-stick-meta":"","astra-migrate-meta-layouts":"default","ast-page-background-enabled":"default","ast-page-background-meta":{"desktop":{"background-color":"var(--ast-global-color-4)","background-image":"","background-repeat":"repeat","background-position":"center center","background-size":"auto","background-attachment":"scroll","background-type":"","background-media":"","overlay-type":"","overlay-color":"","overlay-opacity":"","overlay-gradient":""},"tablet":{"background-color":"","background-image":"","background-repeat":"repeat","background-position":"center center","background-size":"auto","background-attachment":"scroll","background-type":"","background-media":"","overlay-type":"","overlay-color":"","overlay-opacity":"","overlay-gradient":""},"mobile":{"background-color":"","background-image":"","background-repeat":"repeat","background-position":"center center","background-size":"auto","background-attachment":"scroll","background-type":"","background-media":"","overlay-type":"","overlay-color":"","overlay-opacity":"","overlay-gradient":""}},"ast-content-background-meta":{"desktop":{"background-color":"var(--ast-global-color-5)","background-image":"","background-repeat":"repeat","background-position":"center center","background-size":"auto","background-attachment":"scroll","background-type":"","background-media":"","overlay-type":"","overlay-color":"","overlay-opacity":"","overlay-gradient":""},"tablet":{"background-color":"var(--ast-global-color-5)","background-image":"","background-repeat":"repeat","background-position":"center center","background-size":"auto","background-attachment":"scroll","background-type":"","background-media":"","overlay-type":"","overlay-color":"","overlay-opacity":"","overlay-gradient":""},"mobile":{"background-color":"var(--ast-global-color-5)","background-image":"","background-repeat":"repeat","background-position":"center center","background-size":"auto","background-attachment":"scroll","background-type":"","background-media":"","overlay-type":"","overlay-color":"","overlay-opacity":"","overlay-gradient":""}},"footnotes":""},"class_list":["post-145117","page","type-page","status-publish","has-post-thumbnail","hentry"],"_links":{"self":[{"href":"https:\/\/medclinics.com\/fr\/wp-json\/wp\/v2\/pages\/145117","targetHints":{"allow":["GET"]}}],"collection":[{"href":"https:\/\/medclinics.com\/fr\/wp-json\/wp\/v2\/pages"}],"about":[{"href":"https:\/\/medclinics.com\/fr\/wp-json\/wp\/v2\/types\/page"}],"author":[{"embeddable":true,"href":"https:\/\/medclinics.com\/fr\/wp-json\/wp\/v2\/users\/4"}],"replies":[{"embeddable":true,"href":"https:\/\/medclinics.com\/fr\/wp-json\/wp\/v2\/comments?post=145117"}],"version-history":[{"count":0,"href":"https:\/\/medclinics.com\/fr\/wp-json\/wp\/v2\/pages\/145117\/revisions"}],"wp:featuredmedia":[{"embeddable":true,"href":"https:\/\/medclinics.com\/fr\/wp-json\/wp\/v2\/media\/91876"}],"wp:attachment":[{"href":"https:\/\/medclinics.com\/fr\/wp-json\/wp\/v2\/media?parent=145117"}],"curies":[{"name":"wp","href":"https:\/\/api.w.org\/{rel}","templated":true}]}}