{"id":145087,"date":"2023-05-08T17:16:29","date_gmt":"2023-05-08T14:16:29","guid":{"rendered":"https:\/\/medclinics.com\/greffe-de-cheveux-fue-sapphire\/"},"modified":"2025-01-02T23:39:13","modified_gmt":"2025-01-02T20:39:13","slug":"greffe-de-cheveux-fue-sapphire","status":"publish","type":"page","link":"https:\/\/medclinics.com\/fr\/greffe-de-cheveux-fue-sapphire\/","title":{"rendered":"Greffe de cheveux FUE Sapphire &#8211; Meilleures cliniques, prix et plus d&rsquo;informations"},"content":{"rendered":"\n<h2 class=\"wp-block-heading\" id=\"if-youre-looking-for-a-sapphire-fue-hair-transplant-youre-in-right-hands-with-med-clinics\">Si vous \u00eates \u00e0 la recherche d&rsquo;une greffe de cheveux Sapphire FUE, vous \u00eates entre de bonnes mains avec MedClinics !<\/h2>\n\n<p>Il s&rsquo;agit d&rsquo;un guide complet qui r\u00e9pond \u00e0 tous vos besoins. Vous pouvez facilement comparer les proc\u00e9dures de greffe de cheveux Sapphire FUE, les cliniques, les co\u00fbts, les avantages et plus encore. Vous pouvez apprendre tout ce que vous voulez !  <\/p>\n\n<div class=\"wp-block-rank-math-toc-block\" id=\"rank-math-toc\"><h2>Table des mati\u00e8res<\/h2><nav><ul><li><a href=\"#high-tech-fue-hair-transplantation\">Transplantation de cheveux FUE de haute technologie<\/a><\/li><li><a href=\"#stage-of-sapphire-fue-hair-transplantation\">Stade de la greffe de cheveux Sapphire FUE<\/a><\/li><li><a href=\"#the-advantages-of-the-sapphire-fue-hair-transplantation-method\">Les avantages de la m\u00e9thode de transplantation capillaire Sapphire FUE<\/a><\/li><li><a href=\"#why-should-you-prefer-istanbul-turkey-for-your-sapphire-fue-hair-transplantation\">Pourquoi devriez-vous pr\u00e9f\u00e9rer Istanbul, Turquie pour votre greffe de cheveux FUE Saphir ?<\/a><\/li><li><a href=\"#prices-compared-to-other-countries-2024\">Prix par rapport aux autres pays, 2023<\/a><\/li><li><a href=\"#what-you-need-to-know-before-you-decide-for-a-sapphire-fue-hair-transplantation\">Que devez-vous savoir avant d&rsquo;opter pour une greffe de cheveux Sapphire FUE ?<\/a><\/li><li><a href=\"#faq\">FAQ<\/a><\/li><\/ul><\/nav><\/div>\n\n<p><\/p>\n\n<figure class=\"wp-block-image size-large\"><img fetchpriority=\"high\" decoding=\"async\" width=\"1440\" height=\"470\" src=\"https:\/\/medclinics.com\/wp-content\/uploads\/2023\/04\/hair-transplant-in-istanbul.jpg\" alt=\"Greffe de cheveux FUE en saphir &#xE0; Istanbul\" class=\"wp-image-53360\" srcset=\"https:\/\/medclinics.com\/wp-content\/uploads\/2023\/04\/hair-transplant-in-istanbul.jpg 1440w, https:\/\/medclinics.com\/wp-content\/uploads\/2023\/04\/hair-transplant-in-istanbul-500x163.jpg 500w, https:\/\/medclinics.com\/wp-content\/uploads\/2023\/04\/hair-transplant-in-istanbul-1024x334.jpg 1024w, https:\/\/medclinics.com\/wp-content\/uploads\/2023\/04\/hair-transplant-in-istanbul-768x251.jpg 768w\" sizes=\"(max-width: 1440px) 100vw, 1440px\" \/><\/figure>\n\n<h2 class=\"wp-block-heading\" id=\"high-tech-fue-hair-transplantation\">Transplantation de cheveux FUE de haute technologie<\/h2>\n\n<p>De nombreux facteurs sont \u00e0 l&rsquo;origine de la chute des cheveux. Ils peuvent \u00eatre g\u00e9n\u00e9tiques ou environnementaux. C&rsquo;est pourquoi la <a href=\"https:\/\/hairtransplant.gen.tr\/\" target=\"_blank\" rel=\"noopener\">transplantation de cheveux<\/a> suscite un int\u00e9r\u00eat croissant. Avec le d\u00e9veloppement de la technologie, de nombreuses m\u00e9thodes de transplantation capillaire ont \u00e9t\u00e9 mises au point. La m\u00e9thode FUE est la technique de transplantation capillaire la plus avanc\u00e9e \u00e0 l&rsquo;heure actuelle. Elle donne des r\u00e9sultats naturels. La m\u00e9thode Sapphire FUE permet d&rsquo;obtenir un taux de r\u00e9ussite plus \u00e9lev\u00e9. Elle utilise un dispositif sp\u00e9cial avec une pointe en saphir.        <\/p>\n\n<p>Les greffes de cheveux FUE utilisent des lames en acier. Les greffes FUE saphir utilisent des lames en saphir. Les lames en saphir sont particuli\u00e8rement utiles pour r\u00e9aliser des incisions dans la zone receveuse. C&rsquo;est la diff\u00e9rence entre la transplantation capillaire FUE et la transplantation capillaire Sapphire FUE. Les lames ouvrent de minuscules microcanaux dans la zone o\u00f9 les greffes sont effectu\u00e9es. Cela permet d&rsquo;acc\u00e9l\u00e9rer le processus de cicatrisation et de minimiser les cro\u00fbtes.      <\/p>\n\n<h2 class=\"wp-block-heading\" id=\"stage-of-sapphire-fue-hair-transplantation\">Stade de la greffe de cheveux Sapphire FUE<\/h2>\n\n<p>Les follicules pileux sont pr\u00e9lev\u00e9s sur la zone donneuse dans le cadre de la technique Saphir. Cette zone est g\u00e9n\u00e9ralement situ\u00e9e \u00e0 l&rsquo;arri\u00e8re de la t\u00eate. Des incisions en forme de V sont ensuite pratiqu\u00e9es \u00e0 l&rsquo;aide de lames de saphir. Les follicules pileux y sont transplant\u00e9s un par un.   <\/p>\n\n<p>La r\u00e9serve de cheveux dans la zone donneuse influe le plus sur le r\u00e9sultat. En cas de perte de cheveux importante, la FUE Sapphire peut \u00eatre tr\u00e8s efficace. Mais vous devez vous attendre \u00e0 des r\u00e9sultats r\u00e9alistes en fonction des cheveux de la zone donneuse.  <\/p>\n\n<h2 class=\"wp-block-heading\" id=\"the-advantages-of-the-sapphire-fue-hair-transplantation-method\">Les avantages de la m\u00e9thode de transplantation capillaire Sapphire FUE<\/h2>\n\n<p>Les feuilles de saphir sont dures et lisses. Les coupes effectu\u00e9es avec la lame de saphir sont donc presque parfaites. Les m\u00e9decins peuvent effectuer des coupes plus fr\u00e9quentes. En effet, les lames en saphir ont des extr\u00e9mit\u00e9s en forme de V. Celles-ci garantissent :    <\/p>\n\n<ul class=\"wp-block-list\">\n<li>L\u00e9sions tissulaires minimales<\/li>\n\n\n\n<li>Gu\u00e9rison rapide<\/li>\n\n\n\n<li>Des r\u00e9sultats plus naturels<\/li>\n\n\n\n<li>B\u00e9n\u00e9fique pour les personnes souffrant d&rsquo;allergies (par exemple, allergies aux m\u00e9taux)<\/li>\n\n\n\n<li>La direction des cheveux peut \u00eatre facilement ajust\u00e9e<\/li>\n<\/ul>\n\n<figure class=\"wp-block-image size-full is-resized\"><img decoding=\"async\" width=\"780\" height=\"488\" src=\"https:\/\/medclinics.com\/wp-content\/uploads\/2024\/04\/sapphire-fue-hair-transplant-clinics.jpg\" alt=\"cliniques de transplantation capillaire sapphire fue\" class=\"wp-image-163046\" style=\"width:900px;height:auto\" srcset=\"https:\/\/medclinics.com\/wp-content\/uploads\/2024\/04\/sapphire-fue-hair-transplant-clinics.jpg 780w, https:\/\/medclinics.com\/wp-content\/uploads\/2024\/04\/sapphire-fue-hair-transplant-clinics-300x188.jpg 300w, https:\/\/medclinics.com\/wp-content\/uploads\/2024\/04\/sapphire-fue-hair-transplant-clinics-768x480.jpg 768w\" sizes=\"(max-width: 780px) 100vw, 780px\" \/><\/figure>\n\n<h2 class=\"wp-block-heading\" id=\"why-should-you-prefer-istanbul-turkey-for-your-sapphire-fue-hair-transplantation\">Pourquoi devriez-vous pr\u00e9f\u00e9rer Istanbul, Turquie pour votre greffe de cheveux FUE Saphir ?<\/h2>\n\n<p>Si vous vous rendez \u00e0 Istanbul, en Turquie, vous rencontrerez probablement dans l&rsquo;avion de nombreuses personnes ayant subi une greffe de cheveux. La ville est tr\u00e8s pris\u00e9e pour le traitement de la perte de cheveux.  Mais pourquoi ?<\/p>\n\n<p>Tout d&rsquo;abord, les prix de la greffe de cheveux Sapphire FUE en Turquie sont inf\u00e9rieurs \u00e0 ceux d&rsquo;autres pays. Les pays occidentaux, en particulier, sont plus chers que la Turquie. C&rsquo;est pourquoi les gens choisissent la Turquie.  <\/p>\n\n<p>Les cliniques de transplantation capillaire d&rsquo;Istanbul, en Turquie, se sont fait une r\u00e9putation dans ce domaine. Elles fournissent des \u00e9quipements de haute qualit\u00e9, des m\u00e9decins exp\u00e9riment\u00e9s et comp\u00e9tents, un personnel m\u00e9dical aimable, des services de transport et bien plus encore. <\/p>\n\n<p>Les m\u00e9decins turcs \u00e9couteront attentivement vos souhaits. Vous pouvez facilement obtenir des consultations en ligne et leur poser vos questions. Ils \u00e9laborent un plan de traitement adapt\u00e9 \u00e0 vos besoins.   <\/p>\n\n<p>La communication n&rsquo;est plus un obstacle ! Le personnel m\u00e9dical des cliniques de transplantation capillaire d&rsquo;Istanbul est multilingue. En outre, il est plus facile d&rsquo;obtenir un rendez-vous en Turquie que dans d&rsquo;autres pays.  <\/p>\n\n<p>Vous n&rsquo;avez pas encore pris rendez-vous pour votre traitement de greffe de cheveux Sapphire FUE \u00e0 Istanbul ? Contactez-nous pour tout savoir ! <\/p>\n\n<h2 class=\"wp-block-heading\" id=\"prices-compared-to-other-countries-2024\">Prix par rapport aux autres pays, 2023<\/h2>\n\n<figure class=\"wp-block-table is-style-stripes\"><table class=\"has-black-color has-text-color has-background\" style=\"background-color:#e1ecf3\"><thead><tr><th>Greffe de cheveux<\/th><th class=\"has-text-align-center\" data-align=\"center\">Co\u00fbt de la greffe de cheveux en Turquie<\/th><th class=\"has-text-align-center\" data-align=\"center\">Co\u00fbt de la greffe de cheveux \u00e0 Berlin<\/th><th class=\"has-text-align-center\" data-align=\"center\">Co\u00fbt de la greffe de cheveux au Royaume-Uni<\/th><th class=\"has-text-align-center\" data-align=\"center\">Co\u00fbt de la greffe de cheveux aux \u00c9tats-Unis<\/th><th class=\"has-text-align-center\" data-align=\"center\">Co\u00fbt de la greffe de cheveux aux Pays-Bas<\/th><\/tr><\/thead><tbody><tr><td>Greffe de cheveux<\/td><td class=\"has-text-align-center\" data-align=\"center\">\u00e0 partir de <br\/>1.700 \u20ac<\/td><td class=\"has-text-align-center\" data-align=\"center\">\u00e0 partir de<br\/>7.000 \u20ac<\/td><td class=\"has-text-align-center\" data-align=\"center\">\u00e0 partir de<br\/>10.000 \u20ac<\/td><td class=\"has-text-align-center\" data-align=\"center\">\u00e0 partir de<br\/>12.500 \u20ac<\/td><td class=\"has-text-align-center\" data-align=\"center\">\u00e0 partir de<br\/>4000\u20ac<\/td><\/tr><\/tbody><\/table><\/figure>\n\n<h2 class=\"wp-block-heading\" id=\"what-you-need-to-know-before-you-decide-for-a-sapphire-fue-hair-transplantation\">Que devez-vous savoir avant d&rsquo;opter pour une greffe de cheveux Sapphire FUE ?<\/h2>\n\n<ul class=\"wp-block-list\">\n<li>Des pointes de saphir de diff\u00e9rentes tailles sont utilis\u00e9es. Cela permet d&rsquo;ouvrir des canaux dont le diam\u00e8tre est le plus proche des follicules pileux \u00e0 greffer. <\/li>\n\n\n\n<li>Si vous avez suffisamment de follicules pileux dans la zone donneuse et que vous avez entre 20 et 60 ans, vous pouvez b\u00e9n\u00e9ficier de ce traitement contre la perte de cheveux.<\/li>\n\n\n\n<li>La greffe de cheveux Sapphire FUE est une m\u00e9thode courante pour les pertes de cheveux s\u00e9v\u00e8res et \u00e9tendues.<\/li>\n\n\n\n<li>Il s&rsquo;agit d&rsquo;une solution permanente pour les fissures temporales, le recul de la ligne des cheveux, les fissures au niveau de la couronne ou les fissures au niveau de la couronne.<\/li>\n\n\n\n<li>Si vous \u00eates \u00e0 la recherche d&rsquo;une clinique fiable, vous pouvez choisir Istanbul, en Turquie. Il y a de nombreux m\u00e9decins exp\u00e9riment\u00e9s pour la greffe de cheveux FUE Sapphire \u00e0 Istanbul.  <\/li>\n\n\n\n<li>Vous pouvez \u00e9galement lire nos blogs sur les <a href=\"https:\/\/medclinics.com\/fr\/meilleures-cliniques-de-greffe-de-cheveux-en-allemagne-chirurgiens-et-prix\/\">greffes de cheveux en Allemagne<\/a>, en <a href=\"https:\/\/medclinics.com\/fr\/meilleures-cliniques-de-greffe-de-cheveux-en-hongrie-budapest-chirurgiens-et-prix\/\">Hongrie<\/a>, en <a href=\"https:\/\/medclinics.com\/fr\/meilleures-cliniques-de-greffe-de-cheveux-en-republique-tcheque-chirurgiens-et-prix\/\">R\u00e9publique tch\u00e8que<\/a>, en <a href=\"https:\/\/medclinics.com\/fr\/greffe-de-cheveux-en-thailande-meillerures-cliniques-et-prix\/\">Tha\u00eflande<\/a> et aux <a href=\"https:\/\/medclinics.com\/fr\/meilleures-cliniques-de-greffe-de-cheveux-aux-pays-bas-top-5-des-pays-prix-et-plus-encore\/\">Pays-Bas<\/a>. Vous pourrez ainsi facilement les comparer. <\/li>\n\n\n\n<li>2 \u00e0 3 mois apr\u00e8s la greffe de cheveux FUE Sapphire, les cheveux sortent \u00e0 nouveau et commencent \u00e0 pousser. Les nouveaux cheveux poussent de fa\u00e7on permanente au bout de 5 mois et peuvent \u00eatre ras\u00e9s au bout d&rsquo;un an. <\/li>\n\n\n\n<li>Par rapport \u00e0 la m\u00e9thode FUE standard, la greffe de cheveux Sapphire FUE garantit une croissance des cheveux 15 % plus rapide et 30 % plus importante.<\/li>\n\n\n\n<li>Les prix des greffes de cheveux Sapphire FUE sont g\u00e9n\u00e9ralement inf\u00e9rieurs \u00e0 ceux pratiqu\u00e9s dans d&rsquo;autres pays. Les m\u00e9decins turcs sp\u00e9cialis\u00e9s dans la greffe de cheveux ont cr\u00e9\u00e9 leur marque dans ce domaine. Ils garantissent des normes de qualit\u00e9 \u00e9lev\u00e9es.  <\/li>\n<\/ul>\n\n<p>Tout ce que vous devez savoir sur les <a href=\"https:\/\/medclinics.com\/fr\/greffe-de-cheveux\/\" target=\"_blank\" rel=\"noreferrer noopener\">greffes de cheveux<\/a>, y compris le prix, les soins et le processus de gu\u00e9rison, ou <a href=\"#requestform\">contactez-nous<\/a>!<\/p>\n\n<h2 class=\"wp-block-heading\" id=\"faq\">FAQ  <\/h2>\n<div id=\"rank-math-faq\" class=\"rank-math-block\">\n<div class=\"rank-math-list \">\n<div id=\"faq-question-1683391548998\" class=\"rank-math-list-item\">\n<h3 class=\"rank-math-question \">Qu&rsquo;est-ce que la m\u00e9thode FUE ?<\/h3>\n<div class=\"rank-math-answer \">\n\n<p>La FUE est connue sous le nom d&rsquo;extraction d&rsquo;unit\u00e9s folliculaires. La m\u00e9thode la plus utilis\u00e9e pour la greffe de cheveux. Avec cette technique, les greffons de la zone donneuse sont pr\u00e9lev\u00e9s individuellement. Les canaux pour les futurs cheveux sont ensuite ouverts. Et les cheveux sont transplant\u00e9s dans la zone receveuse un par un.   Cette technique permet de pr\u00e9lever la plus grande quantit\u00e9 de cheveux du donneur et de minimiser le pourcentage de rejets lors du pr\u00e9l\u00e8vement des greffons.  <\/p>\n\n<\/div>\n<\/div>\n<div id=\"faq-question-1683391585179\" class=\"rank-math-list-item\">\n<h3 class=\"rank-math-question \">La greffe de cheveux par la m\u00e9thode FUE est-elle douloureuse ?<\/h3>\n<div class=\"rank-math-answer \">\n\n<p>Non. La technique FUE est indolore. L&rsquo;intervention \u00e9tant r\u00e9alis\u00e9e sous anesth\u00e9sie locale, vous ne ressentirez aucune douleur pendant l&rsquo;op\u00e9ration. Cependant, vous pouvez ressentir une l\u00e9g\u00e8re douleur dans les premiers jours suivant l&rsquo;op\u00e9ration, qui peut \u00eatre facilement trait\u00e9e avec des analg\u00e9siques normaux.<\/p>\n\n<\/div>\n<\/div>\n<div id=\"faq-question-1683391788739\" class=\"rank-math-list-item\">\n<h3 class=\"rank-math-question \">Combien de greffons peuvent \u00eatre transplant\u00e9s ?<\/h3>\n<div class=\"rank-math-answer \">\n\n<p>Au cours d&rsquo;une s\u00e9ance, un maximum de 5 000 greffons sont normalement transplant\u00e9s. Si vous avez besoin de plus, le m\u00e9decin vous recommandera une deuxi\u00e8me s\u00e9ance apr\u00e8s 6 mois.<\/p>\n\n<\/div>\n<\/div>\n<div id=\"faq-question-1683392049787\" class=\"rank-math-list-item\">\n<h3 class=\"rank-math-question \">Quelle est la diff\u00e9rence entre la m\u00e9thode DHI et la m\u00e9thode FUE ?<\/h3>\n<div class=\"rank-math-answer \">\n\n<p>Dans la m\u00e9thode FUE, les greffons sont pr\u00e9lev\u00e9s dans la zone donneuse, plac\u00e9s dans un liquide et transplant\u00e9s d\u00e8s que tous les greffons ont \u00e9t\u00e9 pr\u00e9lev\u00e9s.<br \/>Dans la m\u00e9thode DHI, les greffons sont transplant\u00e9s d\u00e8s qu&rsquo;ils sont pr\u00e9lev\u00e9s, sans attendre dans un liquide.<\/p>\n\n<\/div>\n<\/div>\n<\/div>\n<\/div>\n<p><\/p>\n\n<h3 class=\"wp-block-heading\" id=\"contact-us-now-in-case-you-have-any-questions\">Contactez-nous d\u00e8s maintenant si vous avez des questions !<\/h3>\n","protected":false},"excerpt":{"rendered":"<p>Si vous \u00eates \u00e0 la recherche d&rsquo;une greffe de cheveux Sapphire FUE, vous \u00eates entre de bonnes mains avec MedClinics [&hellip;]<\/p>\n","protected":false},"author":4,"featured_media":91855,"parent":0,"menu_order":0,"comment_status":"closed","ping_status":"closed","template":"","meta":{"site-sidebar-layout":"default","site-content-layout":"","ast-site-content-layout":"default","site-content-style":"default","site-sidebar-style":"default","ast-global-header-display":"","ast-banner-title-visibility":"","ast-main-header-display":"","ast-hfb-above-header-display":"","ast-hfb-below-header-display":"","ast-hfb-mobile-header-display":"","site-post-title":"","ast-breadcrumbs-content":"","ast-featured-img":"","footer-sml-layout":"","ast-disable-related-posts":"","theme-transparent-header-meta":"","adv-header-id-meta":"","stick-header-meta":"","header-above-stick-meta":"","header-main-stick-meta":"","header-below-stick-meta":"","astra-migrate-meta-layouts":"default","ast-page-background-enabled":"default","ast-page-background-meta":{"desktop":{"background-color":"var(--ast-global-color-4)","background-image":"","background-repeat":"repeat","background-position":"center center","background-size":"auto","background-attachment":"scroll","background-type":"","background-media":"","overlay-type":"","overlay-color":"","overlay-opacity":"","overlay-gradient":""},"tablet":{"background-color":"","background-image":"","background-repeat":"repeat","background-position":"center center","background-size":"auto","background-attachment":"scroll","background-type":"","background-media":"","overlay-type":"","overlay-color":"","overlay-opacity":"","overlay-gradient":""},"mobile":{"background-color":"","background-image":"","background-repeat":"repeat","background-position":"center center","background-size":"auto","background-attachment":"scroll","background-type":"","background-media":"","overlay-type":"","overlay-color":"","overlay-opacity":"","overlay-gradient":""}},"ast-content-background-meta":{"desktop":{"background-color":"var(--ast-global-color-5)","background-image":"","background-repeat":"repeat","background-position":"center center","background-size":"auto","background-attachment":"scroll","background-type":"","background-media":"","overlay-type":"","overlay-color":"","overlay-opacity":"","overlay-gradient":""},"tablet":{"background-color":"var(--ast-global-color-5)","background-image":"","background-repeat":"repeat","background-position":"center center","background-size":"auto","background-attachment":"scroll","background-type":"","background-media":"","overlay-type":"","overlay-color":"","overlay-opacity":"","overlay-gradient":""},"mobile":{"background-color":"var(--ast-global-color-5)","background-image":"","background-repeat":"repeat","background-position":"center center","background-size":"auto","background-attachment":"scroll","background-type":"","background-media":"","overlay-type":"","overlay-color":"","overlay-opacity":"","overlay-gradient":""}},"footnotes":""},"class_list":["post-145087","page","type-page","status-publish","has-post-thumbnail","hentry"],"_links":{"self":[{"href":"https:\/\/medclinics.com\/fr\/wp-json\/wp\/v2\/pages\/145087","targetHints":{"allow":["GET"]}}],"collection":[{"href":"https:\/\/medclinics.com\/fr\/wp-json\/wp\/v2\/pages"}],"about":[{"href":"https:\/\/medclinics.com\/fr\/wp-json\/wp\/v2\/types\/page"}],"author":[{"embeddable":true,"href":"https:\/\/medclinics.com\/fr\/wp-json\/wp\/v2\/users\/4"}],"replies":[{"embeddable":true,"href":"https:\/\/medclinics.com\/fr\/wp-json\/wp\/v2\/comments?post=145087"}],"version-history":[{"count":0,"href":"https:\/\/medclinics.com\/fr\/wp-json\/wp\/v2\/pages\/145087\/revisions"}],"wp:featuredmedia":[{"embeddable":true,"href":"https:\/\/medclinics.com\/fr\/wp-json\/wp\/v2\/media\/91855"}],"wp:attachment":[{"href":"https:\/\/medclinics.com\/fr\/wp-json\/wp\/v2\/media?parent=145087"}],"curies":[{"name":"wp","href":"https:\/\/api.w.org\/{rel}","templated":true}]}}