{"id":145031,"date":"2023-05-25T18:52:31","date_gmt":"2023-05-25T18:52:31","guid":{"rendered":"https:\/\/medclinics.com\/examen-medical-complet\/"},"modified":"2024-04-01T14:59:10","modified_gmt":"2024-04-01T11:59:10","slug":"examen-medical-complet","status":"publish","type":"page","link":"https:\/\/medclinics.com\/fr\/examen-medical-complet\/","title":{"rendered":"Examen m\u00e9dical complet"},"content":{"rendered":"\n<h2 class=\"wp-block-heading\" id=\"medical-check-up\">Bilan de sant\u00e9<\/h2>\n\n<p>est un programme de contr\u00f4le du corps et de diagnostic pr\u00e9coce des maladies, comprenant une gamme compl\u00e8te de tests et d&rsquo;examens, qui vous permettra de v\u00e9rifier si tout va bien dans votre corps.<\/p>\n\n<div class=\"wp-block-rank-math-toc-block\" id=\"rank-math-toc\"><h2>Table des mati\u00e8res<\/h2><nav><ul><li><a href=\"#medical-check-up\">Bilan de sant\u00e9<\/a><\/li><li><a href=\"#so-what-is\">Qu&rsquo;est-ce que c&rsquo;est ?<\/a><\/li><li><a href=\"#treatment-plan\">Plan de traitement<\/a><\/li><li><a href=\"#types-and-methods\">Types et m\u00e9thodes<\/a><\/li><li><a href=\"#medical-check-up-costs-by-country\">Co\u00fbts des examens m\u00e9dicaux par pays<\/a><\/li><li><a href=\"#faq\">FAQ<\/a><\/li><li><a href=\"#history\">L&rsquo;histoire<\/a><\/li><\/ul><\/nav><\/div>\n\n<h2 class=\"wp-block-heading\" id=\"so-what-is\">Qu&rsquo;est-ce que c&rsquo;est ?<\/h2>\n\n<ul class=\"wp-block-list\">\n<li>Le check-up m\u00e9dical est un programme de contr\u00f4le du corps et de diagnostic pr\u00e9coce des maladies, comprenant une gamme compl\u00e8te de tests et d&rsquo;examens, qui vous permettra de v\u00e9rifier si tout va bien dans votre corps en 1 \u00e0 2 jours (en fonction de la complexit\u00e9).  <\/li>\n\n\n\n<li>L&rsquo;Organisation mondiale de la sant\u00e9 recommande d&rsquo;effectuer des examens m\u00e9dicaux tous les 2 ou 3 ans avant l&rsquo;\u00e2ge de 40 ans et tous les ans apr\u00e8s 40 ans.<\/li>\n\n\n\n<li>Le programme de contr\u00f4le m\u00e9dical est choisi individuellement pour chaque patient, en fonction de son \u00e9tat de sant\u00e9, de ses plaintes et de son \u00e2ge.<\/li>\n\n\n\n<li>Le bilan de sant\u00e9 vous permet de pr\u00e9venir de nombreuses maladies et vous donne \u00e9galement la possibilit\u00e9 de commencer le traitement n\u00e9cessaire aux premiers stades de la maladie. <\/li>\n<\/ul>\n\n<h2 class=\"wp-block-heading\" id=\"treatment-plan\">Plan de traitement<\/h2>\n<div id=\"rank-math-faq\" class=\"rank-math-block\">\n<div class=\"rank-math-list \">\n<div id=\"faq-question-1686304666791\" class=\"rank-math-list-item\">\n<h3 class=\"rank-math-question \">1. Jour<\/h3>\n<div class=\"rank-math-answer \">\n\n<p>Consultation avec votre oncologue traitant<br \/>Veuillez vous pr\u00e9senter \u00e0 la clinique avec un estomac vide<br \/>D\u00e9termination des 4 marqueurs tumoraux \u00e0 d\u00e9finir<br \/>Performance de la tomographie par \u00e9mission de positons<br \/>Vous serez accompagn\u00e9 par un assistant anglophone<\/p>\n\n<\/div>\n<\/div>\n<div id=\"faq-question-1686304680037\" class=\"rank-math-list-item\">\n<h3 class=\"rank-math-question \">2. Jour<\/h3>\n<div class=\"rank-math-answer \">\n\n<p>Vos r\u00e9sultats sont maintenant disponibles<br \/>Deuxi\u00e8me consultation avec votre oncologue traitant<br \/>Consultation d\u00e9taill\u00e9e et, si n\u00e9cessaire, recommandation d&rsquo;un traitement ult\u00e9rieur<br \/>Vous recevrez tous les r\u00e9sultats par \u00e9crit et en anglais<\/p>\n\n<\/div>\n<\/div>\n<\/div>\n<\/div>\n<figure class=\"wp-block-image size-full\"><img fetchpriority=\"high\" decoding=\"async\" width=\"960\" height=\"550\" src=\"https:\/\/medclinics.com\/wp-content\/uploads\/2023\/05\/medical-check-up-in-istanbul-1.jpg\" alt=\"visite m&#xE9;dicale &#xE0; istbul\" class=\"wp-image-86681\" srcset=\"https:\/\/medclinics.com\/wp-content\/uploads\/2023\/05\/medical-check-up-in-istanbul-1.jpg 960w, https:\/\/medclinics.com\/wp-content\/uploads\/2023\/05\/medical-check-up-in-istanbul-1-500x286.jpg 500w, https:\/\/medclinics.com\/wp-content\/uploads\/2023\/05\/medical-check-up-in-istanbul-1-768x440.jpg 768w, https:\/\/medclinics.com\/wp-content\/uploads\/2023\/05\/medical-check-up-in-istanbul-1-24x14.jpg 24w, https:\/\/medclinics.com\/wp-content\/uploads\/2023\/05\/medical-check-up-in-istanbul-1-36x21.jpg 36w, https:\/\/medclinics.com\/wp-content\/uploads\/2023\/05\/medical-check-up-in-istanbul-1-48x28.jpg 48w\" sizes=\"(max-width: 960px) 100vw, 960px\" \/><\/figure>\n\n<h2 class=\"wp-block-heading\" id=\"types-and-methods\">Types et m\u00e9thodes<\/h2>\n\n<h3 class=\"wp-block-heading\" id=\"medical-check-up-types\">Types de bilans m\u00e9dicaux :<\/h3>\n\n<p><strong>Les programmes<\/strong> de bilans m\u00e9dicaux pr\u00e9ventifs sont adapt\u00e9s \u00e0 l&rsquo;\u00e2ge et au sexe du client, \u00e0 son \u00e9tat de sant\u00e9 actuel, \u00e0 ses ant\u00e9c\u00e9dents m\u00e9dicaux, \u00e0 ses facteurs de risque, \u00e0 ses objectifs de diagnostic, etc. Sur la base des r\u00e9sultats d&rsquo;une discussion pr\u00e9liminaire, le m\u00e9decin d\u00e9cide des tests \u00e0 prescrire \u00e0 chaque patient. Les programmes g\u00e9n\u00e9raux de contr\u00f4le pr\u00e9ventif tiennent compte du sexe et de l&rsquo;\u00e2ge. Par exemple, il existe des examens pour les femmes \u00e2g\u00e9es de 25 \u00e0 40 ans, de 40 \u00e0 50 ans et de plus de 50 ans. Des programmes similaires sont disponibles pour les hommes dans les groupes d&rsquo;\u00e2ge respectifs.<\/p>\n\n<p>Outre les diagnostics g\u00e9n\u00e9raux, plusieurs cliniques proposent des <strong>bilans m\u00e9dicaux sp\u00e9cialis\u00e9s<\/strong> pour la d\u00e9tection de maladies sp\u00e9cifiques ainsi que pour l&rsquo;examen d&rsquo;organes et de syst\u00e8mes particuliers. Certains programmes sont con\u00e7us \u00e0 des fins sp\u00e9cifiques, comme la planification de la grossesse. Les programmes de contr\u00f4le sp\u00e9cialis\u00e9s peuvent \u00eatre les suivants :<\/p>\n\n<ul class=\"wp-block-list\">\n<li>Cardiaque<\/li>\n\n\n\n<li>G\u00e9nito-urinaire<\/li>\n\n\n\n<li>Oncologique<\/li>\n\n\n\n<li>Neurologique<\/li>\n\n\n\n<li>Dermatologie<\/li>\n\n\n\n<li>Endocrinologie<\/li>\n\n\n\n<li>Gyn\u00e9cologie<\/li>\n\n\n\n<li>Orthop\u00e9die<\/li>\n<\/ul>\n\n<h3 class=\"wp-block-heading\" id=\"what-is-included-in-the-standard-medical-check-up-program\">Qu&rsquo;est-ce qui est inclus dans le programme de contr\u00f4le m\u00e9dical standard ?<\/h3>\n\n<ul class=\"wp-block-list\">\n<li>Un rendez-vous avec un m\u00e9decin g\u00e9n\u00e9raliste,<\/li>\n\n\n\n<li>Analyses de sang et d&rsquo;urine,<\/li>\n\n\n\n<li>Une \u00e9chographie des organes internes,<\/li>\n\n\n\n<li>Consultations avec des sp\u00e9cialistes (gyn\u00e9cologue, mammologue, gastro-ent\u00e9rologue, neurologue, etc,)<\/li>\n\n\n\n<li>ECG et \u00e9chocardiographie.<\/li>\n<\/ul>\n\n<h3 class=\"wp-block-heading\" id=\"medical-check-up-for\">Examen m\u00e9dical pour :<\/h3>\n\n<ul class=\"wp-block-list\">\n<li>Il est recommand\u00e9 aux hommes et aux femmes \u00e2g\u00e9s de 25 \u00e0 30 ans d&rsquo;effectuer un bilan de sant\u00e9 complet tous les deux ou trois ans.<\/li>\n\n\n\n<li>Les personnes souffrant de maladies chroniques ou pr\u00e9dispos\u00e9es \u00e0 certaines maladies devraient \u00eatre examin\u00e9es chaque ann\u00e9e.<\/li>\n\n\n\n<li><a href=\"https:\/\/medclinics.com\/fr\/bilan-de-sante-complet-pour-les-hommes-de-plus-de-40-ans\/\" target=\"_blank\" rel=\"noreferrer noopener\">Apr\u00e8s 40 ans,<\/a> lorsque le risque de maladies augmente, il est conseill\u00e9 d&rsquo;effectuer un contr\u00f4le annuel.<\/li>\n\n\n\n<li>Les personnes dont l&rsquo;\u00e9tat de sant\u00e9 est ind\u00e9termin\u00e9.<\/li>\n\n\n\n<li>Les personnes ayant une h\u00e9r\u00e9dit\u00e9 d\u00e9favorable. Si l&rsquo;un de vos proches parents a souffert d&rsquo;un cancer ou d&rsquo;une autre maladie, des examens r\u00e9guliers peuvent permettre de d\u00e9tecter d&rsquo;\u00e9ventuelles maladies \u00e0 un stade pr\u00e9coce.<\/li>\n<\/ul>\n\n<p>Une \u00e9quipe de m\u00e9decins hautement qualifi\u00e9s, chacun sp\u00e9cialiste dans son domaine, est \u00e0 la disposition des patients \u00e0 tout moment et assure un service de haut niveau. Votre traitement sera effectu\u00e9 par l&rsquo;un de ces experts et suivi du d\u00e9but \u00e0 la fin. Vous \u00eates entre de bonnes mains !<\/p>\n\n<p>Vous recevrez tous les r\u00e9sultats par \u00e9crit et en anglais.<br\/>Si un traitement compl\u00e9mentaire s&rsquo;av\u00e8re n\u00e9cessaire ou recommand\u00e9, nos experts seront \u00e0 votre disposition pour vous conseiller et vous aider, et \u00e9tabliront avec vous le meilleur plan de traitement possible, que vous pourrez suivre dans votre pays d&rsquo;origine.<\/p>\n\n<figure class=\"wp-block-image size-full\"><img decoding=\"async\" width=\"960\" height=\"550\" src=\"https:\/\/medclinics.com\/wp-content\/uploads\/2023\/05\/medical-check-up-istanbul-turkey-1.jpg\" alt=\"Check-up &#xE0; Istanbul en Turquie\" class=\"wp-image-89108\" srcset=\"https:\/\/medclinics.com\/wp-content\/uploads\/2023\/05\/medical-check-up-istanbul-turkey-1.jpg 960w, https:\/\/medclinics.com\/wp-content\/uploads\/2023\/05\/medical-check-up-istanbul-turkey-1-500x286.jpg 500w, https:\/\/medclinics.com\/wp-content\/uploads\/2023\/05\/medical-check-up-istanbul-turkey-1-768x440.jpg 768w, https:\/\/medclinics.com\/wp-content\/uploads\/2023\/05\/medical-check-up-istanbul-turkey-1-24x14.jpg 24w, https:\/\/medclinics.com\/wp-content\/uploads\/2023\/05\/medical-check-up-istanbul-turkey-1-36x21.jpg 36w, https:\/\/medclinics.com\/wp-content\/uploads\/2023\/05\/medical-check-up-istanbul-turkey-1-48x28.jpg 48w\" sizes=\"(max-width: 960px) 100vw, 960px\" \/><\/figure>\n\n<h2 class=\"wp-block-heading\" id=\"medical-check-up-costs-by-country\">Co\u00fbts des examens m\u00e9dicaux par pays<\/h2>\n\n<p>Le co\u00fbt d&rsquo;une visite m\u00e9dicale d\u00e9pend de la formule choisie et de la clinique ou de l&rsquo;h\u00f4pital s\u00e9lectionn\u00e9.<br\/>Les prix indiqu\u00e9s ci-dessous sont destin\u00e9s \u00e0 vous donner une id\u00e9e approximative et ne constituent pas un devis d\u00e9finitif. Votre conseiller MedClincs se fera un plaisir de vous fournir des informations d\u00e9taill\u00e9es.<\/p>\n\n<figure class=\"wp-block-table\"><table><thead><tr><th>Pays<\/th><th>Prix (forfait de base)<\/th><th>\u00c9valuation ;<\/th><\/tr><\/thead><tbody><tr><td>Turquie<\/td><td>~ 450\u20ac<\/td><td>\u2605\u2605\u2605\u2605\u2605<\/td><\/tr><tr><td>Tha\u00eflande<\/td><td>~ 750\u20ac<\/td><td>\u2605\u2605\u2605<\/td><\/tr><tr><td>Mexique<\/td><td>~ 1000\u20ac<\/td><td>\u2605\u2605\u2605<\/td><\/tr><tr><td>Espagne<\/td><td>~ 1800\u20ac<\/td><td>\u2605\u2605\u2605<\/td><\/tr><tr><td>Allemagne<\/td><td>~ 2200\u20ac<\/td><td>\u2605\u2605\u2605<\/td><\/tr><tr><td>Royaume-Uni<\/td><td>~ 3100\u20ac<\/td><td>\u2605\u2605\u2605<\/td><\/tr><\/tbody><\/table><\/figure>\n\n<h2 class=\"wp-block-heading\" id=\"faq\">FAQ<\/h2>\n<div id=\"rank-math-faq\" class=\"rank-math-block\">\n<div class=\"rank-math-list \">\n<div id=\"faq-question-1682793841034\" class=\"rank-math-list-item\">\n<h3 class=\"rank-math-question \">En quoi une visite m\u00e9dicale est-elle plus avantageuse que de faire les m\u00eames tests soi-m\u00eame ?<\/h3>\n<div class=\"rank-math-answer \">\n\n<p>Le programme de check-up est un bilan de sant\u00e9 complet qui comprend des tests et des examens instrumentaux figurant sur la liste obligatoire de l&rsquo;Organisation mondiale de la sant\u00e9 (OMS). Les formules sont \u00e9labor\u00e9es en fonction de vos objectifs, en tenant compte de votre \u00e2ge, de votre h\u00e9r\u00e9dit\u00e9, de vos probl\u00e8mes de sant\u00e9. Gr\u00e2ce \u00e0 ce programme, vous n&rsquo;avez plus besoin de chercher vous-m\u00eame un examen, quel m\u00e9decin consulter et o\u00f9 le faire. En outre, cela revient moins cher que de subir soi-m\u00eame tous les examens et tests d&rsquo;un m\u00e9decin, et cela ne prend que tr\u00e8s peu de temps (1 \u00e0 3 jours).<\/p>\n\n<\/div>\n<\/div>\n<div id=\"faq-question-1682793850782\" class=\"rank-math-list-item\">\n<h3 class=\"rank-math-question \">Qui a besoin d&rsquo;un bilan de sant\u00e9 ?<\/h3>\n<div class=\"rank-math-answer \">\n\n<p>Toute personne soucieuse de sa sant\u00e9 devrait faire un bilan de sant\u00e9 chaque ann\u00e9e, car de nombreuses maladies ne se manifestent pas \u00e0 un stade pr\u00e9coce et ne peuvent \u00eatre d\u00e9tect\u00e9es qu&rsquo;\u00e0 l&rsquo;aide d&rsquo;un diagnostic. Il est \u00e9galement important d&rsquo;effectuer un bilan de sant\u00e9 pour les personnes \u00e0 risque, par exemple les personnes atteintes de tumeurs b\u00e9nignes, les personnes pr\u00e9sentant des facteurs h\u00e9r\u00e9ditaires, les personnes ayant de mauvaises habitudes, les personnes travaillant dans des industries nocives et les personnes \u00e2g\u00e9es de plus de quarante ans.<\/p>\n\n<\/div>\n<\/div>\n<div id=\"faq-question-1682793869814\" class=\"rank-math-list-item\">\n<h3 class=\"rank-math-question \">Vers quelles cliniques orientez-vous les patients ?<\/h3>\n<div class=\"rank-math-answer \">\n\n<p>Nous orientons les patients vers des cliniques certifi\u00e9es disposant de d\u00e9partements internationaux et de coordinateurs parlant diff\u00e9rentes langues telles que l&rsquo;anglais, l&rsquo;allemand, l&rsquo;espagnol, le russe, l&rsquo;arabe, le portugais, le turc, etc.<\/p>\n\n<\/div>\n<\/div>\n<div id=\"faq-question-1682793890409\" class=\"rank-math-list-item\">\n<h3 class=\"rank-math-question \">Puis-je obtenir les r\u00e9sultats des tests et examens dans ma langue maternelle ?<\/h3>\n<div class=\"rank-math-answer \">\n\n<p>Vous recevrez tous les r\u00e9sultats et examens par \u00e9crit et en anglais.<\/p>\n\n<\/div>\n<\/div>\n<div id=\"faq-question-1682793908042\" class=\"rank-math-list-item\">\n<h3 class=\"rank-math-question \">Que faire si j&rsquo;ai des plaintes sp\u00e9cifiques ?<\/h3>\n<div class=\"rank-math-answer \">\n\n<p>Lorsque vous nous contactez, \u00e9noncez toutes vos plaintes et montrez les r\u00e9sultats de vos examens, si vous en avez. Nous trouverons une clinique sp\u00e9cialis\u00e9e dans votre probl\u00e8me.<\/p>\n\n<\/div>\n<\/div>\n<div id=\"faq-question-1682793923540\" class=\"rank-math-list-item\">\n<h3 class=\"rank-math-question \">Comment vais-je \u00eatre examin\u00e9 ?<\/h3>\n<div class=\"rank-math-answer \">\n\n<p>En fonction de vos souhaits, nous vous proposons plusieurs formules : Basic, Premium, Platinum ou examens sp\u00e9cifiques aux organes. Il est \u00e9galement possible d&rsquo;\u00e9tablir un plan d&rsquo;examen personnalis\u00e9, adapt\u00e9 \u00e0 vos besoins. En g\u00e9n\u00e9ral, tous les examens sont effectu\u00e9s en une journ\u00e9e, mais les examens plus d\u00e9taill\u00e9s peuvent prendre de 2 \u00e0 3 jours.<\/p>\n\n<\/div>\n<\/div>\n<div id=\"faq-question-1682793940377\" class=\"rank-math-list-item\">\n<h3 class=\"rank-math-question \">Est-ce douloureux ?<\/h3>\n<div class=\"rank-math-answer \">\n\n<p>La plupart des tests sont indolores. La coloscopie et la fibrogastroscopie \u00e9tant inconfortables, elles sont effectu\u00e9es sous s\u00e9dation &#8211; un court sommeil induit par des m\u00e9dicaments. Pendant la s\u00e9dation, le patient ne ressent rien.<\/p>\n\n<\/div>\n<\/div>\n<div id=\"faq-question-1682793958640\" class=\"rank-math-list-item\">\n<h3 class=\"rank-math-question \">Supposons que l&rsquo;on d\u00e9couvre que je suis atteint d&rsquo;une maladie. Que se passe-t-il alors ?<\/h3>\n<div class=\"rank-math-answer \">\n\n<p>Si le diagnostic r\u00e9v\u00e8le que des examens compl\u00e9mentaires sont n\u00e9cessaires, il se peut que vous deviez rester en Turquie pendant quelques jours. Plus tard, cela d\u00e9pend des circonstances. Vous pouvez obtenir un rapport final et une consultation aupr\u00e8s d&rsquo;un sp\u00e9cialiste, rentrer chez vous et vous faire soigner sur place, ou rester en Turquie.<\/p>\n\n<\/div>\n<\/div>\n<div id=\"faq-question-1682793976303\" class=\"rank-math-list-item\">\n<h3 class=\"rank-math-question \">Comment puis-je comprendre le m\u00e9decin si je ne parle pas sa langue ?<\/h3>\n<div class=\"rank-math-answer \">\n\n<p>Vous serez toujours accompagn\u00e9 d&rsquo;un coordinateur ou d&rsquo;un interpr\u00e8te. Il ou elle est pr\u00e9sent(e) lors des consultations avec tous les m\u00e9decins, vous n&rsquo;aurez donc aucun probl\u00e8me \u00e0 comprendre la langue.<\/p>\n\n<\/div>\n<\/div>\n<\/div>\n<\/div>\n<h2 class=\"wp-block-heading\" id=\"history\">L&rsquo;histoire<\/h2>\n\n<h3 class=\"wp-block-heading\" id=\"check-up-diagnostics-was-first-used-in-the-us-in-the-late-1970-s\">Le diagnostic par check-up a \u00e9t\u00e9 utilis\u00e9 pour la premi\u00e8re fois aux \u00c9tats-Unis \u00e0 la fin des ann\u00e9es 1970.<\/h3>\n\n<p>pour offrir un d\u00e9pistage pr\u00e9ventif \u00e0 trois mille cadres moyens et sup\u00e9rieurs de l&rsquo;industrie \u00e2g\u00e9s de 35 \u00e0 55 ans.<\/p>\n\n<p><a href=\"https:\/\/de.wikipedia.org\/wiki\/X-Ray\" target=\"_blank\" rel=\"noreferrer noopener\">Le plan d&rsquo;examen<\/a> \u00e9tait tr\u00e8s simple, mais assez r\u00e9volutionnaire pour l&rsquo;\u00e9poque : analyses sanguines, radiographie du corps entier et ECG au repos et en charge. L&rsquo;\u00e9tude a r\u00e9v\u00e9l\u00e9 que la plupart des hommes et des femmes, \u00e0 premi\u00e8re vue en bonne sant\u00e9, pr\u00e9sentaient des anomalies qui n\u00e9cessitaient \u00e0 la fois des mesures pr\u00e9ventives et un traitement. Il est \u00e0 noter qu&rsquo;apr\u00e8s la fin de l&rsquo;exp\u00e9rience, les m\u00e9decins ont continu\u00e9 \u00e0 examiner leurs patients r\u00e9guli\u00e8rement (tous les deux ans), tout en adaptant les orientations du traitement et de la pr\u00e9vention.<\/p>\n\n<p>Les r\u00e9sultats de leurs travaux ont \u00e9t\u00e9 publi\u00e9s en 2000. Il s&rsquo;est av\u00e9r\u00e9 que le contr\u00f4le effectu\u00e9 dans le groupe \u00e9tudi\u00e9 a permis de r\u00e9duire la morbidit\u00e9 de plusieurs dizaines de fois et la mortalit\u00e9 de pr\u00e8s de la moiti\u00e9 par rapport aux valeurs moyennes des branches.<\/p>\n","protected":false},"excerpt":{"rendered":"<p>Bilan de sant\u00e9 est un programme de contr\u00f4le du corps et de diagnostic pr\u00e9coce des maladies, comprenant une gamme compl\u00e8te [&hellip;]<\/p>\n","protected":false},"author":4,"featured_media":33390,"parent":0,"menu_order":0,"comment_status":"closed","ping_status":"closed","template":"","meta":{"site-sidebar-layout":"default","site-content-layout":"","ast-site-content-layout":"default","site-content-style":"default","site-sidebar-style":"default","ast-global-header-display":"","ast-banner-title-visibility":"","ast-main-header-display":"","ast-hfb-above-header-display":"","ast-hfb-below-header-display":"","ast-hfb-mobile-header-display":"","site-post-title":"","ast-breadcrumbs-content":"","ast-featured-img":"","footer-sml-layout":"","ast-disable-related-posts":"","theme-transparent-header-meta":"","adv-header-id-meta":"","stick-header-meta":"","header-above-stick-meta":"","header-main-stick-meta":"","header-below-stick-meta":"","astra-migrate-meta-layouts":"default","ast-page-background-enabled":"default","ast-page-background-meta":{"desktop":{"background-color":"var(--ast-global-color-4)","background-image":"","background-repeat":"repeat","background-position":"center center","background-size":"auto","background-attachment":"scroll","background-type":"","background-media":"","overlay-type":"","overlay-color":"","overlay-opacity":"","overlay-gradient":""},"tablet":{"background-color":"","background-image":"","background-repeat":"repeat","background-position":"center center","background-size":"auto","background-attachment":"scroll","background-type":"","background-media":"","overlay-type":"","overlay-color":"","overlay-opacity":"","overlay-gradient":""},"mobile":{"background-color":"","background-image":"","background-repeat":"repeat","background-position":"center center","background-size":"auto","background-attachment":"scroll","background-type":"","background-media":"","overlay-type":"","overlay-color":"","overlay-opacity":"","overlay-gradient":""}},"ast-content-background-meta":{"desktop":{"background-color":"var(--ast-global-color-5)","background-image":"","background-repeat":"repeat","background-position":"center center","background-size":"auto","background-attachment":"scroll","background-type":"","background-media":"","overlay-type":"","overlay-color":"","overlay-opacity":"","overlay-gradient":""},"tablet":{"background-color":"var(--ast-global-color-5)","background-image":"","background-repeat":"repeat","background-position":"center center","background-size":"auto","background-attachment":"scroll","background-type":"","background-media":"","overlay-type":"","overlay-color":"","overlay-opacity":"","overlay-gradient":""},"mobile":{"background-color":"var(--ast-global-color-5)","background-image":"","background-repeat":"repeat","background-position":"center center","background-size":"auto","background-attachment":"scroll","background-type":"","background-media":"","overlay-type":"","overlay-color":"","overlay-opacity":"","overlay-gradient":""}},"footnotes":""},"class_list":["post-145031","page","type-page","status-publish","has-post-thumbnail","hentry"],"_links":{"self":[{"href":"https:\/\/medclinics.com\/fr\/wp-json\/wp\/v2\/pages\/145031","targetHints":{"allow":["GET"]}}],"collection":[{"href":"https:\/\/medclinics.com\/fr\/wp-json\/wp\/v2\/pages"}],"about":[{"href":"https:\/\/medclinics.com\/fr\/wp-json\/wp\/v2\/types\/page"}],"author":[{"embeddable":true,"href":"https:\/\/medclinics.com\/fr\/wp-json\/wp\/v2\/users\/4"}],"replies":[{"embeddable":true,"href":"https:\/\/medclinics.com\/fr\/wp-json\/wp\/v2\/comments?post=145031"}],"version-history":[{"count":0,"href":"https:\/\/medclinics.com\/fr\/wp-json\/wp\/v2\/pages\/145031\/revisions"}],"wp:featuredmedia":[{"embeddable":true,"href":"https:\/\/medclinics.com\/fr\/wp-json\/wp\/v2\/media\/33390"}],"wp:attachment":[{"href":"https:\/\/medclinics.com\/fr\/wp-json\/wp\/v2\/media?parent=145031"}],"curies":[{"name":"wp","href":"https:\/\/api.w.org\/{rel}","templated":true}]}}