{"id":145019,"date":"2023-04-29T18:25:04","date_gmt":"2023-04-29T15:25:04","guid":{"rendered":"https:\/\/medclinics.com\/test-pcr-rapide-sur-et-fiable\/"},"modified":"2025-01-02T19:09:21","modified_gmt":"2025-01-02T16:09:21","slug":"test-pcr-rapide-sur-et-fiable","status":"publish","type":"page","link":"https:\/\/medclinics.com\/fr\/test-pcr-rapide-sur-et-fiable\/","title":{"rendered":"Test PCR &#8211; Rapide, s\u00fbr et fiable"},"content":{"rendered":"\n<h2 class=\"wp-block-heading\" id=\"pcr-test\">Test PCR<\/h2>\n\n<p>R\u00e9servez votre test PCR Covid-19 et obtenez votre r\u00e9sultat le jour m\u00eame !<\/p>\n\n<figure class=\"wp-block-image size-full\"><img fetchpriority=\"high\" decoding=\"async\" width=\"960\" height=\"540\" src=\"https:\/\/medclinics.com\/wp-content\/uploads\/2023\/07\/pcr-test-in-turkey.jpg\" alt=\"Test PCR en Turquie\" class=\"wp-image-97529\" srcset=\"https:\/\/medclinics.com\/wp-content\/uploads\/2023\/07\/pcr-test-in-turkey.jpg 960w, https:\/\/medclinics.com\/wp-content\/uploads\/2023\/07\/pcr-test-in-turkey-500x281.jpg 500w, https:\/\/medclinics.com\/wp-content\/uploads\/2023\/07\/pcr-test-in-turkey-768x432.jpg 768w, https:\/\/medclinics.com\/wp-content\/uploads\/2023\/07\/pcr-test-in-turkey-24x14.jpg 24w, https:\/\/medclinics.com\/wp-content\/uploads\/2023\/07\/pcr-test-in-turkey-36x20.jpg 36w, https:\/\/medclinics.com\/wp-content\/uploads\/2023\/07\/pcr-test-in-turkey-48x27.jpg 48w\" sizes=\"(max-width: 960px) 100vw, 960px\" \/><\/figure>\n\n<div class=\"wp-block-rank-math-toc-block\" id=\"rank-math-toc\"><h2>Table des mati\u00e8res<\/h2><nav><ul><li><a href=\"#pcr-test\">Test PCR<\/a><\/li><li><a href=\"#treatment-plan\">Plan de traitement<\/a><\/li><li><a href=\"#so-what-is\">Qu&rsquo;est-ce que c&rsquo;est ?<\/a><\/li><li><a href=\"#types-and-methods\">Types et m\u00e9thodes<\/a><\/li><li><a href=\"#faq\">FAQ<\/a><\/li><\/ul><\/nav><\/div>\n\n<h2 class=\"wp-block-heading\" id=\"treatment-plan\">Plan de traitement<\/h2>\n\n<h3 class=\"wp-block-heading\">Test PCR pas \u00e0 pas !<\/h3>\n\n<h4 class=\"wp-block-heading\">R\u00e9servez en ligne et recevez votre confirmation instantan\u00e9e.<br\/>Montrez votre confirmation \u00e0 la r\u00e9ception du laboratoire !<\/h4>\n\n<h2 class=\"wp-block-heading\" id=\"so-what-is\">Qu&rsquo;est-ce que c&rsquo;est ?<\/h2>\n\n<p><strong>Test PCR dans les d\u00e9tails du laboratoire :<\/strong><\/p>\n\n<ul class=\"wp-block-list\">\n<li>S\u00e9lectionnez le nombre de personnes \u00e0 tester, choisissez la date du <a href=\"https:\/\/medclinics.com\/check-up\/\">test<\/a> et cliquez sur \u00ab\u00a0R\u00e9server\u00a0\u00bb.<\/li>\n\n\n\n<li>Veuillez nous indiquer votre adresse lors du processus de commande, afin que nous puissions vous diriger vers le laboratoire le plus proche.<\/li>\n\n\n\n<li>Si vous \u00eates plus d&rsquo;une personne \u00e0 tester, veuillez indiquer \u00e9galement les noms des autres invit\u00e9s.<\/li>\n\n\n\n<li>Pr\u00e9sentez votre courrier de confirmation au personnel du laboratoire, effectuez votre <a href=\"https:\/\/istanbul-tourist-information.com\/en\/medical-treatment\/\" target=\"_blank\" rel=\"noreferrer noopener\">test PCR<\/a> et choisissez entre la bouche et le nez.<\/li>\n\n\n\n<li>Obtenez votre r\u00e9sultat le jour m\u00eame apr\u00e8s 3-4 heures, v\u00e9rifiez votre r\u00e9sultat en ligne.<\/li>\n\n\n\n<li>Enregistrez le r\u00e9sultat sur votre smartphone, montrez votre r\u00e9sultat \u00e0 l&rsquo;a\u00e9roport<\/li>\n<\/ul>\n\n<p><strong>Les heures d&rsquo;ouverture des laboratoires peuvent changer, veuillez vous renseigner sur les heures d&rsquo;ouverture avant de venir !<\/strong><\/p>\n\n<p><strong>Si vous avez d\u00e9j\u00e0 re\u00e7u un r\u00e9sultat positif, vous ne pouvez pas subir un nouveau test avant 10 jours !<\/strong>  Vous comprendrez que si le personnel du laboratoire d\u00e9couvre que vous avez \u00e9t\u00e9 test\u00e9(e) positif(ve) au cours des 10 derniers jours, nous ne pourrons pas vous rembourser.<\/p>\n\n<p>Veuillez noter que notre plateforme n&rsquo;est pas responsable des probl\u00e8mes qui pourraient survenir au cours du processus de test.<\/p>\n\n<figure class=\"wp-block-image size-full\"><img decoding=\"async\" width=\"960\" height=\"540\" src=\"https:\/\/medclinics.com\/wp-content\/uploads\/2023\/07\/pcr-test-in-istanbul-turkey.jpg\" alt=\"Test PCR dans un laboratoire en Turquie\" class=\"wp-image-97536\" srcset=\"https:\/\/medclinics.com\/wp-content\/uploads\/2023\/07\/pcr-test-in-istanbul-turkey.jpg 960w, https:\/\/medclinics.com\/wp-content\/uploads\/2023\/07\/pcr-test-in-istanbul-turkey-500x281.jpg 500w, https:\/\/medclinics.com\/wp-content\/uploads\/2023\/07\/pcr-test-in-istanbul-turkey-768x432.jpg 768w, https:\/\/medclinics.com\/wp-content\/uploads\/2023\/07\/pcr-test-in-istanbul-turkey-24x14.jpg 24w, https:\/\/medclinics.com\/wp-content\/uploads\/2023\/07\/pcr-test-in-istanbul-turkey-36x20.jpg 36w, https:\/\/medclinics.com\/wp-content\/uploads\/2023\/07\/pcr-test-in-istanbul-turkey-48x27.jpg 48w\" sizes=\"(max-width: 960px) 100vw, 960px\" \/><\/figure>\n\n<h2 class=\"wp-block-heading\" id=\"types-and-methods\">Types et m\u00e9thodes<\/h2>\n\n<h3 class=\"wp-block-heading\">Quels sont les \u00e9l\u00e9ments recherch\u00e9s dans un test PCR ?<\/h3>\n\n<p>Les tests de r\u00e9action en cha\u00eene par polym\u00e9rase, \u00e9galement appel\u00e9s tests PCR, ne sont rien d&rsquo;autre que des tests d&rsquo;acide nucl\u00e9ique.<\/p>\n\n<p>Un \u00e9chantillon est pr\u00e9lev\u00e9 dans le nez ou la bouche. En laboratoire, cet \u00e9chantillon peut \u00eatre utilis\u00e9 pour d\u00e9tecter s&rsquo;il contient le mat\u00e9riel g\u00e9n\u00e9tique du virus SARS-CoV-2. Le COVID-19 est caus\u00e9 par ce virus.<\/p>\n\n<p>Un simple test permet de d\u00e9tecter le virus \u00e0 un stade tr\u00e8s pr\u00e9coce, souvent avant que le patient ne pr\u00e9sente des sympt\u00f4mes.<\/p>\n\n<figure class=\"wp-block-image size-full is-resized\"><img decoding=\"async\" width=\"960\" height=\"540\" src=\"https:\/\/medclinics.com\/wp-content\/uploads\/2023\/02\/pcr-test-at-laboratory-in-marmaris-1.png\" alt=\"Test PCR dans un laboratoire en Turquie\" class=\"wp-image-17171\" style=\"width:960px;height:540px\" srcset=\"https:\/\/medclinics.com\/wp-content\/uploads\/2023\/02\/pcr-test-at-laboratory-in-marmaris-1.png 960w, https:\/\/medclinics.com\/wp-content\/uploads\/2023\/02\/pcr-test-at-laboratory-in-marmaris-1-300x169.png 300w, https:\/\/medclinics.com\/wp-content\/uploads\/2023\/02\/pcr-test-at-laboratory-in-marmaris-1-768x432.png 768w, https:\/\/medclinics.com\/wp-content\/uploads\/2023\/02\/pcr-test-at-laboratory-in-marmaris-1-600x338.png 600w\" sizes=\"(max-width: 960px) 100vw, 960px\" \/><\/figure>\n\n<h2 class=\"wp-block-heading\" id=\"faq\">FAQ<\/h2>\n<div id=\"rank-math-faq\" class=\"rank-math-block\">\n<div class=\"rank-math-list \">\n<div id=\"faq-question-1682792545763\" class=\"rank-math-list-item\">\n<h3 class=\"rank-math-question \">Puis-je \u00e9galement \u00eatre test\u00e9 le week-end ?<\/h3>\n<div class=\"rank-math-answer \">\n\n<p>Oui, vous pouvez \u00e9galement \u00eatre test\u00e9 le week-end dans certains laboratoires.<\/p>\n\n<\/div>\n<\/div>\n<div id=\"faq-question-1682792561203\" class=\"rank-math-list-item\">\n<h3 class=\"rank-math-question \">Puis-je me faire d\u00e9pister dans un laboratoire situ\u00e9 \u00e0 proximit\u00e9 de mon h\u00f4tel ?<\/h3>\n<div class=\"rank-math-answer \">\n\n<p>Veuillez nous indiquer votre adresse lors du processus de commande, afin que nous puissions vous diriger vers le laboratoire le plus proche !<\/p>\n\n<\/div>\n<\/div>\n<div id=\"faq-question-1682792581196\" class=\"rank-math-list-item\">\n<h3 class=\"rank-math-question \">Dans quelle langue se trouve le r\u00e9sultat ?<\/h3>\n<div class=\"rank-math-answer \">\n\n<p>Vous recevrez vos r\u00e9sultats en anglais.<\/p>\n\n<\/div>\n<\/div>\n<div id=\"faq-question-1682792601618\" class=\"rank-math-list-item\">\n<h3 class=\"rank-math-question \">Dois-je me rendre \u00e0 nouveau au laboratoire pour obtenir le r\u00e9sultat ?<\/h3>\n<div class=\"rank-math-answer \">\n\n<p>Non, vous pouvez t\u00e9l\u00e9charger les r\u00e9sultats sur votre smartphone au format PDF.<\/p>\n\n<\/div>\n<\/div>\n<div id=\"faq-question-1682792617770\" class=\"rank-math-list-item\">\n<h3 class=\"rank-math-question \">Le r\u00e9sultat de ce test est-il accept\u00e9 \u00e0 l&rsquo;a\u00e9roport ?<\/h3>\n<div class=\"rank-math-answer \">\n\n<p>Oui, le r\u00e9sultat du test est valable \u00e0 l&rsquo;a\u00e9roport et dans 190 pays, \u00e0 l&rsquo;exception du Qatar et de la Jordanie.<\/p>\n\n<\/div>\n<\/div>\n<div id=\"faq-question-1682792638230\" class=\"rank-math-list-item\">\n<h3 class=\"rank-math-question \"><strong>Dans quel d\u00e9lai puis-je obtenir le r\u00e9sultat du test ?<\/strong><\/h3>\n<div class=\"rank-math-answer \">\n\n<p>Vous pouvez consulter et imprimer le r\u00e9sultat du test le jour m\u00eame.<\/p>\n\n<\/div>\n<\/div>\n<div id=\"faq-question-1682792655872\" class=\"rank-math-list-item\">\n<h3 class=\"rank-math-question \"><strong>Que se passe-t-il si j&rsquo;ai d\u00e9j\u00e0 eu un r\u00e9sultat positif, puis-je refaire le test ?<\/strong><\/h3>\n<div class=\"rank-math-answer \">\n\n<p>Si vous avez d\u00e9j\u00e0 subi un test positif, vous ne pouvez pas effectuer un deuxi\u00e8me test dans les 10 jours qui suivent.<br \/>Nous ne pouvons pas rembourser l&rsquo;argent si le personnel du laboratoire d\u00e9couvre que vous avez d\u00e9j\u00e0 subi un test positif.<br \/>Ne faites pas de r\u00e9servation si vous avez d\u00e9j\u00e0 \u00e9t\u00e9 test\u00e9(e) positif(ve).<\/p>\n\n<\/div>\n<\/div>\n<div id=\"faq-question-1682792680591\" class=\"rank-math-list-item\">\n<h3 class=\"rank-math-question \">Comment puis-je r\u00e9server un test PCR Covid ?<\/h3>\n<div class=\"rank-math-answer \">\n\n<p>Notre personnel se fera un plaisir de vous aider \u00e0 r\u00e9server votre test PCR.<\/p>\n\n<\/div>\n<\/div>\n<\/div>\n<\/div>\n<p>\u00a0<\/p>\n","protected":false},"excerpt":{"rendered":"<p>Test PCR R\u00e9servez votre test PCR Covid-19 et obtenez votre r\u00e9sultat le jour m\u00eame ! Plan de traitement Test PCR [&hellip;]<\/p>\n","protected":false},"author":4,"featured_media":45027,"parent":0,"menu_order":0,"comment_status":"closed","ping_status":"closed","template":"","meta":{"site-sidebar-layout":"default","site-content-layout":"","ast-site-content-layout":"default","site-content-style":"default","site-sidebar-style":"default","ast-global-header-display":"","ast-banner-title-visibility":"","ast-main-header-display":"","ast-hfb-above-header-display":"","ast-hfb-below-header-display":"","ast-hfb-mobile-header-display":"","site-post-title":"","ast-breadcrumbs-content":"","ast-featured-img":"","footer-sml-layout":"","ast-disable-related-posts":"","theme-transparent-header-meta":"","adv-header-id-meta":"","stick-header-meta":"","header-above-stick-meta":"","header-main-stick-meta":"","header-below-stick-meta":"","astra-migrate-meta-layouts":"default","ast-page-background-enabled":"default","ast-page-background-meta":{"desktop":{"background-color":"var(--ast-global-color-4)","background-image":"","background-repeat":"repeat","background-position":"center center","background-size":"auto","background-attachment":"scroll","background-type":"","background-media":"","overlay-type":"","overlay-color":"","overlay-opacity":"","overlay-gradient":""},"tablet":{"background-color":"","background-image":"","background-repeat":"repeat","background-position":"center center","background-size":"auto","background-attachment":"scroll","background-type":"","background-media":"","overlay-type":"","overlay-color":"","overlay-opacity":"","overlay-gradient":""},"mobile":{"background-color":"","background-image":"","background-repeat":"repeat","background-position":"center center","background-size":"auto","background-attachment":"scroll","background-type":"","background-media":"","overlay-type":"","overlay-color":"","overlay-opacity":"","overlay-gradient":""}},"ast-content-background-meta":{"desktop":{"background-color":"var(--ast-global-color-5)","background-image":"","background-repeat":"repeat","background-position":"center center","background-size":"auto","background-attachment":"scroll","background-type":"","background-media":"","overlay-type":"","overlay-color":"","overlay-opacity":"","overlay-gradient":""},"tablet":{"background-color":"var(--ast-global-color-5)","background-image":"","background-repeat":"repeat","background-position":"center center","background-size":"auto","background-attachment":"scroll","background-type":"","background-media":"","overlay-type":"","overlay-color":"","overlay-opacity":"","overlay-gradient":""},"mobile":{"background-color":"var(--ast-global-color-5)","background-image":"","background-repeat":"repeat","background-position":"center center","background-size":"auto","background-attachment":"scroll","background-type":"","background-media":"","overlay-type":"","overlay-color":"","overlay-opacity":"","overlay-gradient":""}},"footnotes":""},"class_list":["post-145019","page","type-page","status-publish","has-post-thumbnail","hentry"],"_links":{"self":[{"href":"https:\/\/medclinics.com\/fr\/wp-json\/wp\/v2\/pages\/145019","targetHints":{"allow":["GET"]}}],"collection":[{"href":"https:\/\/medclinics.com\/fr\/wp-json\/wp\/v2\/pages"}],"about":[{"href":"https:\/\/medclinics.com\/fr\/wp-json\/wp\/v2\/types\/page"}],"author":[{"embeddable":true,"href":"https:\/\/medclinics.com\/fr\/wp-json\/wp\/v2\/users\/4"}],"replies":[{"embeddable":true,"href":"https:\/\/medclinics.com\/fr\/wp-json\/wp\/v2\/comments?post=145019"}],"version-history":[{"count":0,"href":"https:\/\/medclinics.com\/fr\/wp-json\/wp\/v2\/pages\/145019\/revisions"}],"wp:featuredmedia":[{"embeddable":true,"href":"https:\/\/medclinics.com\/fr\/wp-json\/wp\/v2\/media\/45027"}],"wp:attachment":[{"href":"https:\/\/medclinics.com\/fr\/wp-json\/wp\/v2\/media?parent=145019"}],"curies":[{"name":"wp","href":"https:\/\/api.w.org\/{rel}","templated":true}]}}