{"id":144877,"date":"2023-05-21T08:31:34","date_gmt":"2023-05-21T05:31:34","guid":{"rendered":"https:\/\/medclinics.com\/lifting-des-seins\/"},"modified":"2025-01-02T13:32:29","modified_gmt":"2025-01-02T10:32:29","slug":"lifting-des-seins","status":"publish","type":"page","link":"https:\/\/medclinics.com\/fr\/lifting-des-seins\/","title":{"rendered":"Lifting des seins"},"content":{"rendered":"\n<h2 class=\"wp-block-heading\">Avec le lifting mammaire, profitez pour la premi\u00e8re fois d&rsquo;une belle forme de seins rebondis ! <\/h2>\n\n<p>Un lifting des seins (mastopexie) permet de redonner aux seins tombants une forme plus ferme, plus \u00e9clatante et plus esth\u00e9tique. Vous pouvez subir cette op\u00e9ration pour une raison ou une autre. Par exemple, apr\u00e8s une grossesse ou un allaitement, le lifting mammaire permet de redonner une meilleure forme aux seins. Apr\u00e8s une perte de poids, il permet d&rsquo;am\u00e9liorer le contour des seins. Il peut \u00e9galement s&rsquo;agir d&rsquo;une option correcte si vous cherchez \u00e0 avoir une poitrine bien galb\u00e9e.<\/p>\n\n<p>En ce qui concerne les types de lifting mammaire, le Crescent Lift est destin\u00e9 \u00e0 un affaissement minimal et se fait avec une petite incision. Le lifting p\u00e9ri-ar\u00e9olaire ou Donut Lift est destin\u00e9 \u00e0 rem\u00e9dier \u00e0 un l\u00e9ger affaissement et peut \u00e9galement contribuer \u00e0 r\u00e9duire la taille de l&rsquo;ar\u00e9ole. La cicatrice suit le bord de l&rsquo;ar\u00e9ole. <\/p>\n\n<p>Dans le cas d&rsquo;un lifting vertical ou d&rsquo;un lifting en sucette, le chirurgien enl\u00e8ve l&rsquo;exc\u00e8s de peau et remod\u00e8le l&rsquo;ensemble du sein. Les cicatrices (2 cicatrices) sont facilement dissimul\u00e9es. Il s&rsquo;agit donc d&rsquo;une m\u00e9thode commune. T invers\u00e9 ou lifting de l&rsquo;ancre Si vos seins sont tr\u00e8s tombants, cette intervention peut \u00eatre la meilleure solution. L&rsquo;op\u00e9ration comporte trois incisions.<\/p>\n\n<p>D&rsquo;autre part, le lifting mammaire vampirique est une proc\u00e9dure non chirurgicale. Elle utilise des injections de plasma riche en plaquettes (PRP). Cette technique pr\u00e9sente moins de risques. Mais il ne convient pas aux femmes qui souffrent d&rsquo;un affaissement important des seins. <\/p>\n\n<p>Le lifting mammaire est souvent associ\u00e9 \u00e0 une <a href=\"https:\/\/www.breastaugmentation.gen.tr\/\" target=\"_blank\" rel=\"noreferrer noopener nofollow\">augmentation mammaire<\/a>. Vous devriez consulter votre m\u00e9decin et choisir ensemble la bonne m\u00e9thode. <\/p>\n\n<h3 class=\"wp-block-heading\">Tout ce que vous devez savoir sur les <a href=\"https:\/\/medclinics.com\/breast-aesthetic-surgery\/\" target=\"_blank\" rel=\"noreferrer noopener\">chirurgies mammaires esth\u00e9tiques<\/a>, y compris le prix, les soins et le processus de gu\u00e9rison, ou <a href=\"#requestform\">contactez-nous<\/a>!<\/h3>\n\n<figure class=\"wp-block-image size-large\"><img fetchpriority=\"high\" decoding=\"async\" width=\"1440\" height=\"470\" src=\"https:\/\/medclinics.com\/wp-content\/uploads\/2023\/03\/breast-lift-istanbul.jpg\" alt=\"lifting des seins &#xE0; Istanbul en Turquie\" class=\"wp-image-53004\" srcset=\"https:\/\/medclinics.com\/wp-content\/uploads\/2023\/03\/breast-lift-istanbul.jpg 1440w, https:\/\/medclinics.com\/wp-content\/uploads\/2023\/03\/breast-lift-istanbul-500x163.jpg 500w, https:\/\/medclinics.com\/wp-content\/uploads\/2023\/03\/breast-lift-istanbul-1024x334.jpg 1024w, https:\/\/medclinics.com\/wp-content\/uploads\/2023\/03\/breast-lift-istanbul-768x251.jpg 768w\" sizes=\"(max-width: 1440px) 100vw, 1440px\" \/><\/figure>\n\n<h2 class=\"wp-block-heading\">FAQ !<\/h2>\n<div id=\"rank-math-faq\" class=\"rank-math-block\">\n<div class=\"rank-math-list \">\n<div id=\"faq-question-1682602684334\" class=\"rank-math-list-item\">\n<h3 class=\"rank-math-question \">Le lifting mammaire laisse-t-il des cicatrices ?<\/h3>\n<div class=\"rank-math-answer \">\n\n<p>Le lifting des seins est une intervention chirurgicale. Il y aura des cicatrices, mais elles s&rsquo;estomperont avec le temps et seront \u00e0 peine visibles. Le m\u00e9decin s&rsquo;efforcera de rendre l&rsquo;incision aussi invisible que possible.<\/p>\n\n<\/div>\n<\/div>\n<div id=\"faq-question-1682602700934\" class=\"rank-math-list-item\">\n<h3 class=\"rank-math-question \">De combien ma poitrine peut-elle \u00eatre augment\u00e9e ?<\/h3>\n<div class=\"rank-math-answer \">\n\n<p>Lors de l&rsquo;examen pr\u00e9liminaire, le m\u00e9decin traitant vous expliquera exactement de combien votre poitrine peut \u00eatre soulev\u00e9e. Diff\u00e9rents facteurs individuels, tels que l&rsquo;\u00e2ge et l&rsquo;\u00e9lasticit\u00e9 de la peau, jouent un r\u00f4le d\u00e9cisif.<br \/>Parfois, le mamelon doit \u00e9galement \u00eatre d\u00e9plac\u00e9 vers une partie plus haute du sein.<\/p>\n\n<\/div>\n<\/div>\n<div id=\"faq-question-1682602721732\" class=\"rank-math-list-item\">\n<h3 class=\"rank-math-question \">Les liftings mammaires sont-ils une r\u00e9ussite ?<\/h3>\n<div class=\"rank-math-answer \">\n\n<p>Un lifting mammaire ne doit \u00eatre pratiqu\u00e9 que par un chirurgien exp\u00e9riment\u00e9 pour que l&rsquo;op\u00e9ration donne les r\u00e9sultats escompt\u00e9s. Il est possible d&rsquo;obtenir un aspect plus esth\u00e9tique et plus jeune des seins.<\/p>\n\n<\/div>\n<\/div>\n<div id=\"faq-question-1682602747270\" class=\"rank-math-list-item\">\n<h3 class=\"rank-math-question \">Quelles sont les techniques chirurgicales de r\u00e9duction mammaire ?<\/h3>\n<div class=\"rank-math-answer \">\n\n<p>Le chirurgien peut utiliser plusieurs techniques pour le lifting des seins. Il s&rsquo;agit de la technique de l&rsquo;ancre ou du T invers\u00e9, de la technique verticale ou de la sucette, et de la technique du croissant. Votre m\u00e9decin discutera avec vous de la technique qui vous convient le mieux et des raisons qui la motivent.<\/p>\n\n<\/div>\n<\/div>\n<\/div>\n<\/div>\n<h2 class=\"wp-block-heading\">Contactez-nous d\u00e8s maintenant si vous avez des questions !<\/h2>\n","protected":false},"excerpt":{"rendered":"<p>Avec le lifting mammaire, profitez pour la premi\u00e8re fois d&rsquo;une belle forme de seins rebondis ! Un lifting des seins [&hellip;]<\/p>\n","protected":false},"author":4,"featured_media":98744,"parent":0,"menu_order":0,"comment_status":"closed","ping_status":"closed","template":"","meta":{"site-sidebar-layout":"default","site-content-layout":"","ast-site-content-layout":"default","site-content-style":"default","site-sidebar-style":"default","ast-global-header-display":"","ast-banner-title-visibility":"","ast-main-header-display":"","ast-hfb-above-header-display":"","ast-hfb-below-header-display":"","ast-hfb-mobile-header-display":"","site-post-title":"","ast-breadcrumbs-content":"","ast-featured-img":"","footer-sml-layout":"","ast-disable-related-posts":"","theme-transparent-header-meta":"","adv-header-id-meta":"","stick-header-meta":"","header-above-stick-meta":"","header-main-stick-meta":"","header-below-stick-meta":"","astra-migrate-meta-layouts":"default","ast-page-background-enabled":"default","ast-page-background-meta":{"desktop":{"background-color":"var(--ast-global-color-4)","background-image":"","background-repeat":"repeat","background-position":"center center","background-size":"auto","background-attachment":"scroll","background-type":"","background-media":"","overlay-type":"","overlay-color":"","overlay-opacity":"","overlay-gradient":""},"tablet":{"background-color":"","background-image":"","background-repeat":"repeat","background-position":"center center","background-size":"auto","background-attachment":"scroll","background-type":"","background-media":"","overlay-type":"","overlay-color":"","overlay-opacity":"","overlay-gradient":""},"mobile":{"background-color":"","background-image":"","background-repeat":"repeat","background-position":"center center","background-size":"auto","background-attachment":"scroll","background-type":"","background-media":"","overlay-type":"","overlay-color":"","overlay-opacity":"","overlay-gradient":""}},"ast-content-background-meta":{"desktop":{"background-color":"var(--ast-global-color-5)","background-image":"","background-repeat":"repeat","background-position":"center center","background-size":"auto","background-attachment":"scroll","background-type":"","background-media":"","overlay-type":"","overlay-color":"","overlay-opacity":"","overlay-gradient":""},"tablet":{"background-color":"var(--ast-global-color-5)","background-image":"","background-repeat":"repeat","background-position":"center center","background-size":"auto","background-attachment":"scroll","background-type":"","background-media":"","overlay-type":"","overlay-color":"","overlay-opacity":"","overlay-gradient":""},"mobile":{"background-color":"var(--ast-global-color-5)","background-image":"","background-repeat":"repeat","background-position":"center center","background-size":"auto","background-attachment":"scroll","background-type":"","background-media":"","overlay-type":"","overlay-color":"","overlay-opacity":"","overlay-gradient":""}},"footnotes":""},"class_list":["post-144877","page","type-page","status-publish","has-post-thumbnail","hentry"],"_links":{"self":[{"href":"https:\/\/medclinics.com\/fr\/wp-json\/wp\/v2\/pages\/144877","targetHints":{"allow":["GET"]}}],"collection":[{"href":"https:\/\/medclinics.com\/fr\/wp-json\/wp\/v2\/pages"}],"about":[{"href":"https:\/\/medclinics.com\/fr\/wp-json\/wp\/v2\/types\/page"}],"author":[{"embeddable":true,"href":"https:\/\/medclinics.com\/fr\/wp-json\/wp\/v2\/users\/4"}],"replies":[{"embeddable":true,"href":"https:\/\/medclinics.com\/fr\/wp-json\/wp\/v2\/comments?post=144877"}],"version-history":[{"count":0,"href":"https:\/\/medclinics.com\/fr\/wp-json\/wp\/v2\/pages\/144877\/revisions"}],"wp:featuredmedia":[{"embeddable":true,"href":"https:\/\/medclinics.com\/fr\/wp-json\/wp\/v2\/media\/98744"}],"wp:attachment":[{"href":"https:\/\/medclinics.com\/fr\/wp-json\/wp\/v2\/media?parent=144877"}],"curies":[{"name":"wp","href":"https:\/\/api.w.org\/{rel}","templated":true}]}}