{"id":144867,"date":"2023-05-20T13:41:48","date_gmt":"2023-05-20T10:41:48","guid":{"rendered":"https:\/\/medclinics.com\/reduction-mammaire\/"},"modified":"2025-01-02T13:28:52","modified_gmt":"2025-01-02T10:28:52","slug":"reduction-mammaire","status":"publish","type":"page","link":"https:\/\/medclinics.com\/fr\/reduction-mammaire\/","title":{"rendered":"R\u00e9duction mammaire"},"content":{"rendered":"\n<h2 class=\"wp-block-heading\">La r\u00e9duction mammaire vise \u00e0 r\u00e9duire la taille et \u00e0 corriger la forme du sein. <\/h2>\n\n<p>Lors de cette intervention, des incisions sont pratiqu\u00e9es pour retirer l&rsquo;exc\u00e8s de tissu mammaire et de peau. Cette op\u00e9ration peut \u00e9galement r\u00e9duire la peau fonc\u00e9e autour du mamelon (ar\u00e9ole). Le fait d&rsquo;avoir une forte poitrine pose quelques probl\u00e8mes. Il peut s&rsquo;agir de douleurs chroniques au niveau du cou, du dos et des \u00e9paules, de rougeurs chroniques ou d&rsquo;irritations cutan\u00e9es sous les seins.<\/p>\n\n<p>De plus, vous pouvez avoir du mal \u00e0 entrer dans les soutiens-gorge et les robes. La r\u00e9duction mammaire pour les hommes est \u00e9galement possible en cas de gyn\u00e9comastie, etc. Vous pouvez opter pour cette chirurgie si vous avez des probl\u00e8mes avec l&rsquo;un ou l&rsquo;autre de ces \u00e9l\u00e9ments. Pour l&rsquo;intervention, le chirurgien pratique g\u00e9n\u00e9ralement une incision \u00e0 l&rsquo;int\u00e9rieur et autour du mamelon, sous chaque sein. Il enl\u00e8ve ensuite l&rsquo;exc\u00e8s de tissu mammaire, de graisse et de peau. Cela permet de remodeler le sein.  <\/p>\n\n<p>Il existe plusieurs techniques pour cette <a href=\"https:\/\/istanbul-tourist-information.com\/en\/category\/plastic-and-aesthetic-surgery\/\" target=\"_blank\" rel=\"noreferrer noopener\">chirurgie esth\u00e9tique<\/a>. La r\u00e9duction traditionnelle, la r\u00e9duction par liposuccion uniquement et la r\u00e9duction mammaire par incision verticale (r\u00e9duction Lollipop) sont les plus populaires. La <strong>r\u00e9duction traditionnelle<\/strong> consiste \u00e0 enlever l&rsquo;exc\u00e8s de tissu mammaire, de graisse et de peau. Il est possible de remodeler le tissu restant pour une esth\u00e9tique optimale.  <\/p>\n\n<p>La <strong>r\u00e9duction par liposuccion<\/strong> est une m\u00e9thode moins invasive. Il n&rsquo;absorbe que les tissus adipeux. En outre, elle n&rsquo;implique pas de tissus ou de contours importants. La r\u00e9duction mammaire par incision verticale (r\u00e9duction lollipop) est une technique moins cicatrisante pour une r\u00e9duction mod\u00e9r\u00e9e. Il s&rsquo;agit d&rsquo;une incision verticale de l&rsquo;ar\u00e9ole au pli du sein.<\/p>\n\n<p>Vous pouvez \u00e9galement combiner une r\u00e9duction mammaire avec un lifting des seins. En tant que MedClinics, nous sommes l\u00e0 pour trouver les meilleures cliniques et les meilleurs chirurgiens plasticiens pour votre chirurgie mammaire !<\/p>\n\n<h3 class=\"wp-block-heading\">Tout ce que vous devez savoir sur les <a href=\"https:\/\/medclinics.com\/breast-aesthetic-surgery\/\" target=\"_blank\" rel=\"noreferrer noopener\">chirurgies mammaires esth\u00e9tiques<\/a>, y compris le prix, les soins et le processus de gu\u00e9rison, ou <a href=\"#requestform\" target=\"_blank\" rel=\"noreferrer noopener\">contactez-nous<\/a>!<\/h3>\n\n<figure class=\"wp-block-image size-large\"><img fetchpriority=\"high\" decoding=\"async\" width=\"1440\" height=\"470\" src=\"https:\/\/medclinics.com\/wp-content\/uploads\/2023\/02\/breast-eduction-istanbul.jpg\" alt=\"R&#xE9;duction mammaire &#xE0; Istanbul en Turquie\" class=\"wp-image-53074\" srcset=\"https:\/\/medclinics.com\/wp-content\/uploads\/2023\/02\/breast-eduction-istanbul.jpg 1440w, https:\/\/medclinics.com\/wp-content\/uploads\/2023\/02\/breast-eduction-istanbul-500x163.jpg 500w, https:\/\/medclinics.com\/wp-content\/uploads\/2023\/02\/breast-eduction-istanbul-1024x334.jpg 1024w, https:\/\/medclinics.com\/wp-content\/uploads\/2023\/02\/breast-eduction-istanbul-768x251.jpg 768w\" sizes=\"(max-width: 1440px) 100vw, 1440px\" \/><\/figure>\n\n<h2 class=\"wp-block-heading\">FAQ !<\/h2>\n<div id=\"rank-math-faq\" class=\"rank-math-block\">\n<div class=\"rank-math-list \">\n<div id=\"faq-question-1682602684334\" class=\"rank-math-list-item\">\n<h3 class=\"rank-math-question \">Qui peut b\u00e9n\u00e9ficier d&rsquo;une r\u00e9duction mammaire ?<\/h3>\n<div class=\"rank-math-answer \">\n\n<p>Toute femme qui souffre de la taille de ses seins peut b\u00e9n\u00e9ficier d&rsquo;une r\u00e9duction mammaire. Des seins trop volumineux peuvent entra\u00eener une g\u00eane psychologique et physique. Souvent, les femmes souffrent de douleurs dorsales et cervicales ou de probl\u00e8mes de posture.<\/p>\n\n<\/div>\n<\/div>\n<div id=\"faq-question-1682602700934\" class=\"rank-math-list-item\">\n<h3 class=\"rank-math-question \">De combien ma poitrine peut-elle \u00eatre r\u00e9duite ?<\/h3>\n<div class=\"rank-math-answer \">\n\n<p>L&rsquo;ampleur de la r\u00e9duction mammaire sera d\u00e9termin\u00e9e par votre m\u00e9decin traitant en concertation avec vous. En fonction de votre morphologie et de votre poids initial, il est possible de retirer entre 200 et 1500 grammes par c\u00f4t\u00e9.<\/p>\n\n<\/div>\n<\/div>\n<div id=\"faq-question-1682602721732\" class=\"rank-math-list-item\">\n<h3 class=\"rank-math-question \">Les hommes peuvent-ils b\u00e9n\u00e9ficier d&rsquo;une r\u00e9duction mammaire ?<\/h3>\n<div class=\"rank-math-answer \">\n\n<p>Oui, les hommes peuvent \u00e9galement b\u00e9n\u00e9ficier d&rsquo;une chirurgie de r\u00e9duction mammaire. Le terme m\u00e9dical pour cela est gyn\u00e9comastie. Elle appara\u00eet juste apr\u00e8s la naissance, pendant la pubert\u00e9 ou \u00e0 un \u00e2ge plus avanc\u00e9. Il ne s&rsquo;agit pas d&rsquo;une affection dangereuse, mais de nombreux hommes trouvent les seins trop volumineux g\u00eanants et en souffrent psychologiquement<\/p>\n\n<\/div>\n<\/div>\n<div id=\"faq-question-1682602747270\" class=\"rank-math-list-item\">\n<h3 class=\"rank-math-question \">Quelles sont les techniques chirurgicales de r\u00e9duction mammaire ?<\/h3>\n<div class=\"rank-math-answer \">\n\n<p>On distingue la technique verticale, o\u00f9 l&rsquo;incision passe autour de l&rsquo;ar\u00e9ole et descend verticalement du mamelon jusqu&rsquo;au pli du sein. Cette technique est \u00e9galement appel\u00e9e \u00ab\u00a0incision en sucette\u00a0\u00bb ou \u00ab\u00a0incision en trou de serrure\u00a0\u00bb. Dans le cas du T invers\u00e9, l&rsquo;incision se situe dans le pli du sein et s&rsquo;\u00e9tend verticalement vers le haut jusqu&rsquo;\u00e0 l&rsquo;ar\u00e9ole. Ces techniques sont principalement utilis\u00e9es pour les r\u00e9ductions mammaires.<\/p>\n\n<\/div>\n<\/div>\n<\/div>\n<\/div>\n<h2 class=\"wp-block-heading\">Contactez-nous d\u00e8s maintenant si vous avez des questions !<\/h2>\n","protected":false},"excerpt":{"rendered":"<p>La r\u00e9duction mammaire vise \u00e0 r\u00e9duire la taille et \u00e0 corriger la forme du sein. Lors de cette intervention, des [&hellip;]<\/p>\n","protected":false},"author":4,"featured_media":98752,"parent":0,"menu_order":0,"comment_status":"closed","ping_status":"closed","template":"","meta":{"site-sidebar-layout":"default","site-content-layout":"","ast-site-content-layout":"default","site-content-style":"default","site-sidebar-style":"default","ast-global-header-display":"","ast-banner-title-visibility":"","ast-main-header-display":"","ast-hfb-above-header-display":"","ast-hfb-below-header-display":"","ast-hfb-mobile-header-display":"","site-post-title":"","ast-breadcrumbs-content":"","ast-featured-img":"","footer-sml-layout":"","ast-disable-related-posts":"","theme-transparent-header-meta":"","adv-header-id-meta":"","stick-header-meta":"","header-above-stick-meta":"","header-main-stick-meta":"","header-below-stick-meta":"","astra-migrate-meta-layouts":"default","ast-page-background-enabled":"default","ast-page-background-meta":{"desktop":{"background-color":"var(--ast-global-color-4)","background-image":"","background-repeat":"repeat","background-position":"center center","background-size":"auto","background-attachment":"scroll","background-type":"","background-media":"","overlay-type":"","overlay-color":"","overlay-opacity":"","overlay-gradient":""},"tablet":{"background-color":"","background-image":"","background-repeat":"repeat","background-position":"center center","background-size":"auto","background-attachment":"scroll","background-type":"","background-media":"","overlay-type":"","overlay-color":"","overlay-opacity":"","overlay-gradient":""},"mobile":{"background-color":"","background-image":"","background-repeat":"repeat","background-position":"center center","background-size":"auto","background-attachment":"scroll","background-type":"","background-media":"","overlay-type":"","overlay-color":"","overlay-opacity":"","overlay-gradient":""}},"ast-content-background-meta":{"desktop":{"background-color":"var(--ast-global-color-5)","background-image":"","background-repeat":"repeat","background-position":"center center","background-size":"auto","background-attachment":"scroll","background-type":"","background-media":"","overlay-type":"","overlay-color":"","overlay-opacity":"","overlay-gradient":""},"tablet":{"background-color":"var(--ast-global-color-5)","background-image":"","background-repeat":"repeat","background-position":"center center","background-size":"auto","background-attachment":"scroll","background-type":"","background-media":"","overlay-type":"","overlay-color":"","overlay-opacity":"","overlay-gradient":""},"mobile":{"background-color":"var(--ast-global-color-5)","background-image":"","background-repeat":"repeat","background-position":"center center","background-size":"auto","background-attachment":"scroll","background-type":"","background-media":"","overlay-type":"","overlay-color":"","overlay-opacity":"","overlay-gradient":""}},"footnotes":""},"class_list":["post-144867","page","type-page","status-publish","has-post-thumbnail","hentry"],"_links":{"self":[{"href":"https:\/\/medclinics.com\/fr\/wp-json\/wp\/v2\/pages\/144867","targetHints":{"allow":["GET"]}}],"collection":[{"href":"https:\/\/medclinics.com\/fr\/wp-json\/wp\/v2\/pages"}],"about":[{"href":"https:\/\/medclinics.com\/fr\/wp-json\/wp\/v2\/types\/page"}],"author":[{"embeddable":true,"href":"https:\/\/medclinics.com\/fr\/wp-json\/wp\/v2\/users\/4"}],"replies":[{"embeddable":true,"href":"https:\/\/medclinics.com\/fr\/wp-json\/wp\/v2\/comments?post=144867"}],"version-history":[{"count":0,"href":"https:\/\/medclinics.com\/fr\/wp-json\/wp\/v2\/pages\/144867\/revisions"}],"wp:featuredmedia":[{"embeddable":true,"href":"https:\/\/medclinics.com\/fr\/wp-json\/wp\/v2\/media\/98752"}],"wp:attachment":[{"href":"https:\/\/medclinics.com\/fr\/wp-json\/wp\/v2\/media?parent=144867"}],"curies":[{"name":"wp","href":"https:\/\/api.w.org\/{rel}","templated":true}]}}