{"id":144855,"date":"2023-05-22T13:50:50","date_gmt":"2023-05-22T10:50:50","guid":{"rendered":"https:\/\/medclinics.com\/augmentation-mammaire-avec-transfert-de-graisse\/"},"modified":"2025-01-02T15:25:51","modified_gmt":"2025-01-02T12:25:51","slug":"augmentation-mammaire-avec-transfert-de-graisse","status":"publish","type":"page","link":"https:\/\/medclinics.com\/fr\/augmentation-mammaire-avec-transfert-de-graisse\/","title":{"rendered":"Augmentation mammaire par transfert de graisse"},"content":{"rendered":"\n<h2 class=\"wp-block-heading\">L&rsquo;augmentation mammaire par transfert de graisse peut \u00eatre la solution id\u00e9ale si vous souhaitez am\u00e9liorer votre poitrine et obtenir une apparence plus naturelle.<\/h2>\n\n<p>La proc\u00e9dure utilise la liposuccion pour enlever la graisse de zones sp\u00e9cifiques du corps (comme l&rsquo;abdomen, les cuisses ou les fesses). La graisse retir\u00e9e est ensuite nettoy\u00e9e et transf\u00e9r\u00e9e dans les seins pour en augmenter le volume.<\/p>\n\n<p>L&rsquo;augmentation mammaire par transfert de graisse est un moyen naturel d&rsquo;am\u00e9liorer la forme et la taille des seins. Les chirurgiens retirent la graisse du ventre, des hanches, du dos, des jambes ou des bras. Par cons\u00e9quent, ces zones de votre corps r\u00e9tr\u00e9cissent. Votre m\u00e9decin injecte des cellules graisseuses dans vos seins et les fait grossir. Les seins contiennent beaucoup de tissu adipeux. L&rsquo;ajout de graisse permet donc d&rsquo;obtenir un aspect et une sensation plus naturels.<\/p>\n\n<p>Cette m\u00e9thode pr\u00e9sente certaines limites. Il se peut que vous ayez besoin de plus d&rsquo;une s\u00e9ance pour constater une augmentation significative. En outre, certaines graisses peuvent \u00eatre r\u00e9absorb\u00e9es par l&rsquo;organisme. Cela peut modifier les r\u00e9sultats. Pour l&rsquo;augmentation mammaire par transfert de graisse, les co\u00fbts, les avis et plus encore, vous devriez lire notre <a href=\"https:\/\/www.breastaugmentation.gen.tr\/\" target=\"_blank\" rel=\"noreferrer noopener nofollow\">blog sur l&rsquo;augmentation mammaire<\/a> pour obtenir des informations utiles. <\/p>\n\n<h3 class=\"wp-block-heading\">Tout ce que vous devez savoir sur la <a href=\"https:\/\/medclinics.com\/breast-aesthetic-surgery\/\" target=\"_blank\" rel=\"noreferrer noopener\">chirurgie mammaire<\/a>, y compris le prix, les soins et le processus de gu\u00e9rison, ou <a href=\"#requestform\">contactez-nous<\/a>!<\/h3>\n\n<figure class=\"wp-block-image size-full\"><img fetchpriority=\"high\" decoding=\"async\" width=\"960\" height=\"550\" src=\"https:\/\/medclinics.com\/wp-content\/uploads\/2023\/03\/breast-augmentation-in-istanbul-near-me.jpg\" alt=\"l'augmentation mammaire &#xE0; Istanbul pr&#xE8;s de chez moi\" class=\"wp-image-21590\" srcset=\"https:\/\/medclinics.com\/wp-content\/uploads\/2023\/03\/breast-augmentation-in-istanbul-near-me.jpg 960w, https:\/\/medclinics.com\/wp-content\/uploads\/2023\/03\/breast-augmentation-in-istanbul-near-me-300x172.jpg 300w, https:\/\/medclinics.com\/wp-content\/uploads\/2023\/03\/breast-augmentation-in-istanbul-near-me-280x160.jpg 280w, https:\/\/medclinics.com\/wp-content\/uploads\/2023\/03\/breast-augmentation-in-istanbul-near-me-768x440.jpg 768w, https:\/\/medclinics.com\/wp-content\/uploads\/2023\/03\/breast-augmentation-in-istanbul-near-me-600x344.jpg 600w\" sizes=\"(max-width: 960px) 100vw, 960px\" \/><\/figure>\n\n<h2 class=\"wp-block-heading\">FAQ  <\/h2>\n<div id=\"rank-math-faq\" class=\"rank-math-block\">\n<div class=\"rank-math-list \">\n<div id=\"faq-question-1682603361561\" class=\"rank-math-list-item\">\n<h3 class=\"rank-math-question \">Ai-je besoin de plusieurs s\u00e9ances de lipofilling ?<\/h3>\n<div class=\"rank-math-answer \">\n\n<p>En g\u00e9n\u00e9ral, 1 \u00e0 3 s\u00e9ances de transfert de graisse suffisent pour augmenter la taille des seins d\u00e9sir\u00e9s.<\/p>\n\n<\/div>\n<\/div>\n<div id=\"faq-question-1682665852961\" class=\"rank-math-list-item\">\n<h3 class=\"rank-math-question \">L&rsquo;augmentation mammaire par transfert de graisse est-elle permanente ?<\/h3>\n<div class=\"rank-math-answer \">\n\n<p>L&rsquo;augmentation mammaire par graisse autologue est durable, mais elle n&rsquo;est pas \u00e9ternelle. Avec le temps, le corps peut absorber certaines cellules graisseuses. Certaines cellules graisseuses ne survivent pas \u00e0 la transplantation ou ne se d\u00e9veloppent pas correctement.<\/p>\n\n<\/div>\n<\/div>\n<div id=\"faq-question-1682666623404\" class=\"rank-math-list-item\">\n<h3 class=\"rank-math-question \">Les seins transf\u00e9r\u00e9s par la graisse sont-ils naturels ?<\/h3>\n<div class=\"rank-math-answer \">\n\n<p>Oui, les seins qui ont \u00e9t\u00e9 augment\u00e9s par transfert de graisse donnent une sensation naturelle car la graisse transf\u00e9r\u00e9e se fond dans le corps.<\/p>\n\n<\/div>\n<\/div>\n<div id=\"faq-question-1682666956133\" class=\"rank-math-list-item\">\n<h3 class=\"rank-math-question \">Puis-je allaiter apr\u00e8s une augmentation mammaire par transfert de graisse ?<\/h3>\n<div class=\"rank-math-answer \">\n\n<p>L&rsquo;allaitement est possible m\u00eame apr\u00e8s une augmentation mammaire avec de la graisse autologue. Les canaux lactif\u00e8res ne sont g\u00e9n\u00e9ralement pas touch\u00e9s. par le transfert de graisse.<\/p>\n\n<\/div>\n<\/div>\n<\/div>\n<\/div>\n<p><\/p>\n\n<h3 class=\"wp-block-heading\">Contactez-nous d\u00e8s maintenant si vous avez des questions !<\/h3>\n","protected":false},"excerpt":{"rendered":"<p>L&rsquo;augmentation mammaire par transfert de graisse peut \u00eatre la solution id\u00e9ale si vous souhaitez am\u00e9liorer votre poitrine et obtenir une [&hellip;]<\/p>\n","protected":false},"author":4,"featured_media":53227,"parent":0,"menu_order":0,"comment_status":"closed","ping_status":"closed","template":"","meta":{"site-sidebar-layout":"default","site-content-layout":"","ast-site-content-layout":"default","site-content-style":"default","site-sidebar-style":"default","ast-global-header-display":"","ast-banner-title-visibility":"","ast-main-header-display":"","ast-hfb-above-header-display":"","ast-hfb-below-header-display":"","ast-hfb-mobile-header-display":"","site-post-title":"","ast-breadcrumbs-content":"","ast-featured-img":"","footer-sml-layout":"","ast-disable-related-posts":"","theme-transparent-header-meta":"","adv-header-id-meta":"","stick-header-meta":"","header-above-stick-meta":"","header-main-stick-meta":"","header-below-stick-meta":"","astra-migrate-meta-layouts":"default","ast-page-background-enabled":"default","ast-page-background-meta":{"desktop":{"background-color":"var(--ast-global-color-4)","background-image":"","background-repeat":"repeat","background-position":"center center","background-size":"auto","background-attachment":"scroll","background-type":"","background-media":"","overlay-type":"","overlay-color":"","overlay-opacity":"","overlay-gradient":""},"tablet":{"background-color":"","background-image":"","background-repeat":"repeat","background-position":"center center","background-size":"auto","background-attachment":"scroll","background-type":"","background-media":"","overlay-type":"","overlay-color":"","overlay-opacity":"","overlay-gradient":""},"mobile":{"background-color":"","background-image":"","background-repeat":"repeat","background-position":"center center","background-size":"auto","background-attachment":"scroll","background-type":"","background-media":"","overlay-type":"","overlay-color":"","overlay-opacity":"","overlay-gradient":""}},"ast-content-background-meta":{"desktop":{"background-color":"var(--ast-global-color-5)","background-image":"","background-repeat":"repeat","background-position":"center center","background-size":"auto","background-attachment":"scroll","background-type":"","background-media":"","overlay-type":"","overlay-color":"","overlay-opacity":"","overlay-gradient":""},"tablet":{"background-color":"var(--ast-global-color-5)","background-image":"","background-repeat":"repeat","background-position":"center center","background-size":"auto","background-attachment":"scroll","background-type":"","background-media":"","overlay-type":"","overlay-color":"","overlay-opacity":"","overlay-gradient":""},"mobile":{"background-color":"var(--ast-global-color-5)","background-image":"","background-repeat":"repeat","background-position":"center center","background-size":"auto","background-attachment":"scroll","background-type":"","background-media":"","overlay-type":"","overlay-color":"","overlay-opacity":"","overlay-gradient":""}},"footnotes":""},"class_list":["post-144855","page","type-page","status-publish","has-post-thumbnail","hentry"],"_links":{"self":[{"href":"https:\/\/medclinics.com\/fr\/wp-json\/wp\/v2\/pages\/144855","targetHints":{"allow":["GET"]}}],"collection":[{"href":"https:\/\/medclinics.com\/fr\/wp-json\/wp\/v2\/pages"}],"about":[{"href":"https:\/\/medclinics.com\/fr\/wp-json\/wp\/v2\/types\/page"}],"author":[{"embeddable":true,"href":"https:\/\/medclinics.com\/fr\/wp-json\/wp\/v2\/users\/4"}],"replies":[{"embeddable":true,"href":"https:\/\/medclinics.com\/fr\/wp-json\/wp\/v2\/comments?post=144855"}],"version-history":[{"count":0,"href":"https:\/\/medclinics.com\/fr\/wp-json\/wp\/v2\/pages\/144855\/revisions"}],"wp:featuredmedia":[{"embeddable":true,"href":"https:\/\/medclinics.com\/fr\/wp-json\/wp\/v2\/media\/53227"}],"wp:attachment":[{"href":"https:\/\/medclinics.com\/fr\/wp-json\/wp\/v2\/media?parent=144855"}],"curies":[{"name":"wp","href":"https:\/\/api.w.org\/{rel}","templated":true}]}}