{"id":144847,"date":"2023-06-09T13:57:00","date_gmt":"2023-06-09T10:57:00","guid":{"rendered":"https:\/\/medclinics.com\/chirurgie-esthetique-mammaire\/"},"modified":"2025-01-02T13:29:35","modified_gmt":"2025-01-02T10:29:35","slug":"chirurgie-esthetique-mammaire","status":"publish","type":"page","link":"https:\/\/medclinics.com\/fr\/chirurgie-esthetique-mammaire\/","title":{"rendered":"Chirurgie mammaire"},"content":{"rendered":"\n<h2 class=\"wp-block-heading\" id=\"breast-surgery-or-mammoplasty\">Chirurgie mammaire ou mammoplastie<\/h2>\n\n<p><strong>est con\u00e7u pour modifier la forme et la taille des seins. Elle permet de retrouver la confiance en soi et d&rsquo;\u00e9liminer de nombreux complexes qui entravent la vie normale.<\/strong><\/p>\n\n<div class=\"wp-block-rank-math-toc-block\" id=\"rank-math-toc\"><h2>Table des mati\u00e8res<\/h2><nav><ul><li><a href=\"#breast-surgery-or-mammoplasty\">Chirurgie mammaire ou mammoplastie<\/a><\/li><li><a href=\"#so-what-is\">Qu&rsquo;est-ce que c&rsquo;est ?<\/a><\/li><li><a href=\"#treatment-plan\">Plan de traitement<\/a><\/li><li><a href=\"#aftercare-healing-process\">Suivi et processus de gu\u00e9rison<\/a><\/li><li><a href=\"#top-breast-surgery-costs-by-country\">Principaux co\u00fbts de la chirurgie mammaire par pays<\/a><\/li><li><a href=\"#types-of-breast-aesthetic-surgery\">Types de chirurgie esth\u00e9tique mammaire<\/a><\/li><li><a href=\"#faq\">FAQ<\/a><\/li><li><a href=\"#history\">L&rsquo;histoire<\/a><\/li><li><a href=\"#cities-and-countries-for-breast-surgery\">Villes et pays pour la chirurgie mammaire<\/a><\/li><\/ul><\/nav><\/div>\n\n<h2 class=\"wp-block-heading\" id=\"so-what-is\">Qu&rsquo;est-ce que c&rsquo;est ?<\/h2>\n\n<ul class=\"wp-block-list\">\n<li>La chirurgie mammaire ou mammoplastie est un ensemble d&rsquo;op\u00e9rations chirurgicales visant \u00e0 modifier la forme et la taille des glandes mammaires, \u00e0 corriger l&rsquo;ar\u00e9ole et les mamelons.<\/li>\n\n\n\n<li>Il permet de retrouver la confiance en soi et de se d\u00e9barrasser d&rsquo;un certain nombre de complexes qui entravent la vie normale.<\/li>\n<\/ul>\n\n<figure class=\"wp-block-image size-full\"><img fetchpriority=\"high\" decoding=\"async\" width=\"960\" height=\"540\" src=\"https:\/\/medclinics.com\/wp-content\/uploads\/2023\/07\/breast-aesthetic-surgery-in-turkey.jpg\" alt=\"Chirurgie esth&#xE9;tique mammaire &#xE0; Istanbul en Turquie\" class=\"wp-image-96694\" srcset=\"https:\/\/medclinics.com\/wp-content\/uploads\/2023\/07\/breast-aesthetic-surgery-in-turkey.jpg 960w, https:\/\/medclinics.com\/wp-content\/uploads\/2023\/07\/breast-aesthetic-surgery-in-turkey-500x281.jpg 500w, https:\/\/medclinics.com\/wp-content\/uploads\/2023\/07\/breast-aesthetic-surgery-in-turkey-768x432.jpg 768w, https:\/\/medclinics.com\/wp-content\/uploads\/2023\/07\/breast-aesthetic-surgery-in-turkey-24x14.jpg 24w, https:\/\/medclinics.com\/wp-content\/uploads\/2023\/07\/breast-aesthetic-surgery-in-turkey-36x20.jpg 36w, https:\/\/medclinics.com\/wp-content\/uploads\/2023\/07\/breast-aesthetic-surgery-in-turkey-48x27.jpg 48w\" sizes=\"(max-width: 960px) 100vw, 960px\" \/><\/figure>\n\n<h2 class=\"wp-block-heading\" id=\"treatment-plan\">Plan de traitement<\/h2>\n<div id=\"rank-math-faq\" class=\"rank-math-block\">\n<div class=\"rank-math-list \">\n<div id=\"faq-question-1686920579822\" class=\"rank-math-list-item\">\n<h3 class=\"rank-math-question \">1. Jour<\/h3>\n<div class=\"rank-math-answer \">\n\n<p>Rencontre avec votre m\u00e9decin-conseil<br \/>Examen d\u00e9taill\u00e9 de votre sein<br \/>D\u00e9cision finale sur la m\u00e9thode de chirurgie ainsi que sur la forme et le volume des implants <\/p>\n\n<\/div>\n<\/div>\n<div id=\"faq-question-1686920626460\" class=\"rank-math-list-item\">\n<h3 class=\"rank-math-question \">2. Jour<\/h3>\n<div class=\"rank-math-answer \">\n\n<p>Venez \u00e0 la clinique avec l&rsquo;estomac vide et faites le contr\u00f4le sanguin<br \/>Deuxi\u00e8me consultation avec votre m\u00e9decin traitant apr\u00e8s les r\u00e9sultats de l&rsquo;analyse sanguine.<br \/>Pr\u00e9paration et d\u00e9but de l&rsquo;intervention : l&rsquo;intervention est r\u00e9alis\u00e9e sous anesth\u00e9sie g\u00e9n\u00e9rale, vous ne ressentirez donc aucune douleur.<br \/>Les augmentations mammaires durent g\u00e9n\u00e9ralement entre 2 et 3 heures.<br \/>Si un lifting des seins ou une correction des mamelons est effectu\u00e9 en m\u00eame temps qu&rsquo;une augmentation mammaire, la dur\u00e9e de l&rsquo;intervention est alors prolong\u00e9e d&rsquo;environ 1 \u00e0 2 heures.<br \/>Apr\u00e8s votre r\u00e9veil, vous serez transf\u00e9r\u00e9 dans votre chambre priv\u00e9e \u00e0 l&rsquo;h\u00f4pital.<br \/>En raison de l&rsquo;anesth\u00e9sie g\u00e9n\u00e9rale, vous passerez une nuit \u00e0 l&rsquo;h\u00f4pital sous surveillance m\u00e9dicale.<br \/>Veuillez noter que vous devrez porter un soutien-gorge sp\u00e9cial pendant environ un mois, que vous recevrez gratuitement de notre clinique.<\/p>\n\n<\/div>\n<\/div>\n<div id=\"faq-question-1686920640309\" class=\"rank-math-list-item\">\n<h3 class=\"rank-math-question \">3. Jour<\/h3>\n<div class=\"rank-math-answer \">\n\n<p>Consultation avec votre m\u00e9decin traitant<br \/>Contr\u00f4le de la zone op\u00e9ratoire<br \/>Retrait des drainages<br \/>Informations sur ce \u00e0 quoi vous devez faire attention dans les prochains jours<br \/>Ensuite, vous quitterez l&rsquo;h\u00f4pital, vous vous rendrez \u00e0 votre h\u00f4tel et vous vous d\u00e9tendrez<br \/>Pour pr\u00e9venir d&rsquo;\u00e9ventuelles douleurs et r\u00e9duire l&rsquo;enflure de la zone op\u00e9ratoire, nous vous recommandons vivement d&rsquo;utiliser assid\u00fbment les m\u00e9dicaments que vous recevrez de notre clinique.<\/p>\n\n<\/div>\n<\/div>\n<div id=\"faq-question-1686920659005\" class=\"rank-math-list-item\">\n<h3 class=\"rank-math-question \">4. Jour<\/h3>\n<div class=\"rank-math-answer \">\n\n<p>Si vous vous sentez bien, vous pouvez maintenant explorer la ville ou faire du shopping ! Si vous pr\u00e9f\u00e9rez, vous pouvez vous reposer \u00e0 l&rsquo;h\u00f4tel !<\/p>\n\n<\/div>\n<\/div>\n<div id=\"faq-question-1686920742708\" class=\"rank-math-list-item\">\n<h3 class=\"rank-math-question \">5. Jour<\/h3>\n<div class=\"rank-math-answer \">\n\n<p>Contr\u00f4le final par votre m\u00e9decin traitant dans notre h\u00f4pital<br \/>Examen d\u00e9taill\u00e9 de la zone op\u00e9ratoire<br \/>Nettoyage de la plaie et changement des pansements<br \/>Vous pouvez ensuite rentrer chez vous, d\u00e9tendu.<\/p>\n\n<\/div>\n<\/div>\n<\/div>\n<\/div>\n<h3 class=\"wp-block-heading\" id=\"mammoplasty-for\">Mammoplastie pour :<\/h3>\n\n<ul class=\"wp-block-list\">\n<li>Les femmes en bonne sant\u00e9.<\/li>\n\n\n\n<li>Les femmes qui souhaitent modifier la taille et\/ou la forme de leurs seins.<\/li>\n\n\n\n<li>Les femmes qui souhaitent une reconstruction mammaire \u00e0 la suite d&rsquo;une intervention chirurgicale ou d&rsquo;un accident.<\/li>\n<\/ul>\n\n<h3 class=\"wp-block-heading\" id=\"mammoplasty-duration\">Mammoplastie Dur\u00e9e :<\/h3>\n\n<ul class=\"wp-block-list\">\n<li>La chirurgie mammaire peut durer de 1 \u00e0 8 heures en fonction du type et de la difficult\u00e9 de l&rsquo;op\u00e9ration.<\/li>\n<\/ul>\n\n<h3 class=\"wp-block-heading\" id=\"mammoplasty-recovery-timeline\">D\u00e9lai de r\u00e9tablissement d&rsquo;une mammoplastie :<\/h3>\n\n<ul class=\"wp-block-list\">\n<li>It typically takes around 1-2 weeks to recover from the <a href=\"https:\/\/istanbul-tourist-information.com\/en\/medical-treatment\/\" target=\"_blank\" rel=\"noopener\">surgery<\/a>.<\/li>\n\n\n\n<li>Les activit\u00e9s physiques peuvent \u00eatre reprises apr\u00e8s un mois.<\/li>\n\n\n\n<li>Il faut g\u00e9n\u00e9ralement un minimum de trois mois pour que les r\u00e9sultats du traitement deviennent visibles.<\/li>\n\n\n\n<li>Le gonflement et la cicatrisation r\u00e9sultant de la chirurgie mammaire peuvent prendre jusqu&rsquo;\u00e0 12 mois pour s&rsquo;estomper compl\u00e8tement.<\/li>\n<\/ul>\n\n<h3 class=\"wp-block-heading\" id=\"possible-risks-for-mammoplasty\">Risques possibles de la mammoplastie :<\/h3>\n\n<ul class=\"wp-block-list\">\n<li>H\u00e9matome<\/li>\n\n\n\n<li>Embolie graisseuse<\/li>\n\n\n\n<li>N\u00e9crose des cellules graisseuses<\/li>\n\n\n\n<li>Perte de sensibilit\u00e9<\/li>\n\n\n\n<li>Difficult\u00e9 ou incapacit\u00e9 \u00e0 allaiter<\/li>\n\n\n\n<li>Perte ou diminution de la sensibilit\u00e9 des mamelons<\/li>\n\n\n\n<li>Engourdissement<\/li>\n<\/ul>\n\n<h2 class=\"wp-block-heading\" id=\"aftercare-healing-process\">Suivi et processus de gu\u00e9rison<\/h2>\n<div id=\"rank-math-faq\" class=\"rank-math-block\">\n<div class=\"rank-math-list \">\n<div id=\"faq-question-1686920840200\" class=\"rank-math-list-item\">\n<h3 class=\"rank-math-question \">Postcure<\/h3>\n<div class=\"rank-math-answer \">\n\n<p>Bien entendu, nous nous occuperons \u00e9galement de vous apr\u00e8s votre traitement !<br \/>Nos consultants m\u00e9dicaux s&rsquo;occuperont de vous pendant 1 an apr\u00e8s l&rsquo;op\u00e9ration.<br \/>Si vous avez besoin d&rsquo;aide, si vous avez des questions, vous pouvez contacter notre personnel<br \/>Nous vous demanderons d&rsquo;envoyer des photos pour voir les progr\u00e8s r\u00e9alis\u00e9s 2 semaines, 2 mois, 6 mois et 1 an apr\u00e8s l&rsquo;op\u00e9ration.<\/p>\n\n<\/div>\n<\/div>\n<div id=\"faq-question-1686920853244\" class=\"rank-math-list-item\">\n<h3 class=\"rank-math-question \">Processus de gu\u00e9rison<\/h3>\n<div class=\"rank-math-answer \">\n\n<p>Le processus de gu\u00e9rison dans son ensemble dure entre 6 et 12 mois.<br \/>Au cours des deux premi\u00e8res semaines suivant la chirurgie esth\u00e9tique mammaire, vous devez vous attendre \u00e0 une l\u00e9g\u00e8re augmentation de la temp\u00e9rature. La poitrine sera douloureuse, se raffermira et commencera \u00e0 s&rsquo;assouplir au bout d&rsquo;environ 3 mois.<br \/>Les premi\u00e8res semaines apr\u00e8s l&rsquo;op\u00e9ration, vous devez prendre les m\u00e9dicaments prescrits par le m\u00e9decin.  Il s&rsquo;agit d&rsquo;anti-inflammatoires et d&rsquo;antibiotiques. Ils sont prescrits pour soulager la douleur, l&rsquo;inflammation et pr\u00e9venir le d\u00e9veloppement d&rsquo;une infection.<br \/>La r\u00e9cup\u00e9ration apr\u00e8s une chirurgie esth\u00e9tique des seins est toujours associ\u00e9e \u00e0 l&rsquo;apparition d&rsquo;un gonflement des seins, d&rsquo;ecchymoses (bleus). C&rsquo;est tout \u00e0 fait normal. Les gonflements et les ecchymoses disparaissent avec le temps.<\/p>\n<p>Au cours du premier mois suivant la chirurgie esth\u00e9tique mammaire, la sensibilit\u00e9 du mamelon peut \u00eatre perturb\u00e9e et la sensibilit\u00e9 du sein lui-m\u00eame peut \u00eatre modifi\u00e9e. Il reviendra progressivement \u00e0 la normale.<br \/>Pendant toute la p\u00e9riode de cicatrisation, vous devez prendre soin des points de suture. Comment le faire, avec quelle r\u00e9gularit\u00e9, c&rsquo;est le m\u00e9decin qui doit le dire.<br \/>Pour acc\u00e9l\u00e9rer le processus de cicatrisation, un massage sp\u00e9cial est prescrit d\u00e8s les premi\u00e8res semaines. <\/p>\n\n<\/div>\n<\/div>\n<\/div>\n<\/div>\n<figure class=\"wp-block-image size-full\"><img decoding=\"async\" width=\"960\" height=\"540\" src=\"https:\/\/medclinics.com\/wp-content\/uploads\/2023\/07\/breast-aesthetic-surgery-in-turkey-2.jpg\" alt=\"Chirurgie esth&#xE9;tique mammaire en Turquie 2\" class=\"wp-image-96701\" srcset=\"https:\/\/medclinics.com\/wp-content\/uploads\/2023\/07\/breast-aesthetic-surgery-in-turkey-2.jpg 960w, https:\/\/medclinics.com\/wp-content\/uploads\/2023\/07\/breast-aesthetic-surgery-in-turkey-2-500x281.jpg 500w, https:\/\/medclinics.com\/wp-content\/uploads\/2023\/07\/breast-aesthetic-surgery-in-turkey-2-768x432.jpg 768w, https:\/\/medclinics.com\/wp-content\/uploads\/2023\/07\/breast-aesthetic-surgery-in-turkey-2-24x14.jpg 24w, https:\/\/medclinics.com\/wp-content\/uploads\/2023\/07\/breast-aesthetic-surgery-in-turkey-2-36x20.jpg 36w, https:\/\/medclinics.com\/wp-content\/uploads\/2023\/07\/breast-aesthetic-surgery-in-turkey-2-48x27.jpg 48w\" sizes=\"(max-width: 960px) 100vw, 960px\" \/><\/figure>\n\n<h2 class=\"wp-block-heading\" id=\"top-breast-surgery-costs-by-country\">Principaux co\u00fbts de la chirurgie mammaire par pays<\/h2>\n\n<p>Les co\u00fbts de la chirurgie esth\u00e9tique mammaire d\u00e9pendent de l&rsquo;exp\u00e9rience du chirurgien, de la technique utilis\u00e9e, de la clinique ou de l&rsquo;h\u00f4pital et de votre \u00e9tat de sant\u00e9.<br\/>Les prix indiqu\u00e9s ci-dessous concernent l&rsquo;augmentation mammaire et peuvent changer. Vous pouvez nous contacter pour obtenir des informations d\u00e9taill\u00e9es \u00e0 leur sujet.<\/p>\n\n<figure class=\"wp-block-table\"><table><thead><tr><th>Pays <\/th><th>Prix  <\/th><th>\u00c9valuation ;<\/th><\/tr><\/thead><tbody><tr><td>T\u00fcrkiye (Turquie)<\/td><td>~ 3500\u20ac<\/td><td>\u2605\u2605\u2605\u2605\u2605<\/td><\/tr><tr><td>Allemagne<\/td><td>~ 5000\u20ac<\/td><td>\u2605\u2605\u2605\u2605<\/td><\/tr><tr><td>Pologne<\/td><td>~ 6200\u20ac<\/td><td>\u2605\u2605\u2605<\/td><\/tr><tr><td>Inde<\/td><td>~ 7000\u20ac<\/td><td>\u2605\u2605\u2605<\/td><\/tr><\/tbody><\/table><\/figure>\n\n<h2 class=\"wp-block-heading\" id=\"types-of-breast-aesthetic-surgery\">Types de chirurgie esth\u00e9tique mammaire<\/h2>\n<div class=\"jet-listing-grid--blocks   jet-sm-gb-wrapper jet-sm-gb-8ee14fe5-2e42-4d3b-9612-13db20e24f92\"data-element-id=\"8ee14fe5-2e42-4d3b-9612-13db20e24f92\"data-listing-type=\"blocks\"data-is-block=\"jet-engine\/listing-grid\"><div class=\"jet-listing-notice\">Please select listing to show.<\/div><\/div>\n<h2 class=\"wp-block-heading\" id=\"faq\">FAQ<\/h2>\n<div id=\"rank-math-faq\" class=\"rank-math-block\">\n<div class=\"rank-math-list \">\n<div id=\"faq-question-1682598236692\" class=\"rank-math-list-item\">\n<h3 class=\"rank-math-question \">Qu&rsquo;est-ce que la mammoplastie &#8211; chirurgie esth\u00e9tique des seins ?<\/h3>\n<div class=\"rank-math-answer \">\n\n<p>La chirurgie plastique mammaire est une op\u00e9ration visant \u00e0 corriger la forme, la position et le volume des glandes mammaires. L&rsquo;intervention chirurgicale est pratiqu\u00e9e \u00e0 la fois pour des raisons m\u00e9dicales et \u00e0 la demande du patient \u00e0 des fins esth\u00e9tiques. Selon les pr\u00e9f\u00e9rences de la femme, la mammoplastie permet d&rsquo;augmenter ou de diminuer le volume des seins, d&rsquo;\u00e9liminer l&rsquo;asym\u00e9trie, la ptose li\u00e9e \u00e0 l&rsquo;\u00e2ge, les cons\u00e9quences d&rsquo;un traumatisme ou d&rsquo;une intervention chirurgicale.<\/p>\n\n<\/div>\n<\/div>\n<div id=\"faq-question-1682599778411\" class=\"rank-math-list-item\">\n<h3 class=\"rank-math-question \">Pourquoi la chirurgie esth\u00e9tique mammaire est-elle moins ch\u00e8re en Turquie ?<\/h3>\n<div class=\"rank-math-answer \">\n\n<p>En Turquie, les salaires et le co\u00fbt de la vie sont moins \u00e9lev\u00e9s qu&rsquo;en Europe. De plus, le gouvernement soutient le secteur de la sant\u00e9. Par cons\u00e9quent, une op\u00e9ration mammaire en Turquie peut \u00eatre r\u00e9alis\u00e9e sans compromis sur la qualit\u00e9 et les normes, avec des co\u00fbts inf\u00e9rieurs \u00e0 des prix beaucoup plus bas.<\/p>\n\n<\/div>\n<\/div>\n<div id=\"faq-question-1682599810915\" class=\"rank-math-list-item\">\n<h3 class=\"rank-math-question \">La chirurgie esth\u00e9tique mammaire en Turquie est-elle sans danger ?<\/h3>\n<div class=\"rank-math-answer \">\n\n<p>Avec plus de 2 millions de touristes m\u00e9dicaux par an, la Turquie est l&rsquo;un des trois leaders mondiaux du tourisme de sant\u00e9. Des m\u00e9decins exp\u00e9riment\u00e9s, accompagn\u00e9s d&rsquo;une \u00e9quipe professionnelle, s&rsquo;occupent des patients de mani\u00e8re experte et comp\u00e9tente. Avec environ 86 millions d&rsquo;habitants, la Turquie se classe au 17e rang mondial en termes de population. Les m\u00e9decins ont beaucoup d&rsquo;exp\u00e9rience pratique par rapport \u00e0 d&rsquo;autres pays, ce qui fait d&rsquo;eux des professionnels comp\u00e9tents. La chirurgie mammaire peut \u00eatre pratiqu\u00e9e en toute s\u00e9curit\u00e9 en Turquie.<\/p>\n\n<\/div>\n<\/div>\n<div id=\"faq-question-1682599837003\" class=\"rank-math-list-item\">\n<h3 class=\"rank-math-question \">Quels sont les avantages de la chirurgie esth\u00e9tique mammaire en Turquie ?<\/h3>\n<div class=\"rank-math-answer \">\n\n<p>Vous \u00e9conomisez de l&rsquo;argent et des frais, vous b\u00e9n\u00e9ficiez de la qualit\u00e9 internationale et vous \u00e9vitez les longs d\u00e9lais d&rsquo;attente. En Turquie, vous obtenez un rendez-vous pour votre chirurgie mammaire dans les plus brefs d\u00e9lais, alors qu&rsquo;en Allemagne, vous devez attendre des semaines. La courte dur\u00e9e du vol depuis l&rsquo;Europe est un autre avantage.<\/p>\n\n<\/div>\n<\/div>\n<div id=\"faq-question-1682599872711\" class=\"rank-math-list-item\">\n<h3 class=\"rank-math-question \">La chirurgie esth\u00e9tique des seins est-elle douloureuse ?<\/h3>\n<div class=\"rank-math-answer \">\n\n<p>L&rsquo;intervention \u00e9tant r\u00e9alis\u00e9e sous anesth\u00e9sie g\u00e9n\u00e9rale, le patient ne ressent aucune douleur pendant l&rsquo;op\u00e9ration. Dans les premiers jours suivant l&rsquo;op\u00e9ration, de l\u00e9g\u00e8res douleurs peuvent appara\u00eetre, mais elles peuvent \u00eatre trait\u00e9es avec des analg\u00e9siques classiques.<\/p>\n\n<\/div>\n<\/div>\n<div id=\"faq-question-1682599930139\" class=\"rank-math-list-item\">\n<h3 class=\"rank-math-question \">Quand les fils sont-ils retir\u00e9s apr\u00e8s une chirurgie mammaire ?<\/h3>\n<div class=\"rank-math-answer \">\n\n<p>Comme des fils autodissolvants sont g\u00e9n\u00e9ralement utilis\u00e9s, il n&rsquo;est pas n\u00e9cessaire de les retirer apr\u00e8s l&rsquo;op\u00e9ration.<\/p>\n\n<\/div>\n<\/div>\n<div id=\"faq-question-1682599987623\" class=\"rank-math-list-item\">\n<h3 class=\"rank-math-question \">Quel est l&rsquo;\u00e2ge id\u00e9al pour une chirurgie mammaire ?<\/h3>\n<div class=\"rank-math-answer \">\n\n<p>Bien que la chirurgie mammaire puisse \u00eatre pratiqu\u00e9e sur toute patiente \u00e2g\u00e9e de plus de 18 ans, les m\u00e9decins s&rsquo;accordent \u00e0 dire qu&rsquo;elle n&rsquo;est pas conseill\u00e9e avant l&rsquo;\u00e2ge de 20 ans, lorsque le d\u00e9veloppement physique est achev\u00e9.<\/p>\n\n<\/div>\n<\/div>\n<div id=\"faq-question-1682600021150\" class=\"rank-math-list-item\">\n<h3 class=\"rank-math-question \">Quelles sont les indications de la chirurgie mammaire ?<\/h3>\n<div class=\"rank-math-answer \">\n\n<p>Insatisfaction esth\u00e9tique subjective. Taille trop petite, asym\u00e9trie, disproportion par rapport au reste de la silhouette. Ptose (prolapsus) du tissu glandulaire due \u00e0 une diminution de la production de collag\u00e8ne et d&rsquo;\u00e9lastine. La perte de l&rsquo;\u00e9lasticit\u00e9 ant\u00e9rieure du buste \u00e0 la suite de changements s\u00e9niles ou apr\u00e8s une p\u00e9riode de grossesse est compens\u00e9e \u00e0 l&rsquo;aide d&rsquo;un resserrement chirurgical et d&rsquo;une implantation. Reconstruction apr\u00e8s ablation partielle ou totale des glandes mammaires due \u00e0 une tumeur. La taille est trop grande. De nombreuses femmes ressentent une g\u00eane physique due \u00e0 la formation excessive de glandes et de tissu adipeux. La gyn\u00e9comastie masculine est \u00e9galement une indication.<\/p>\n\n<\/div>\n<\/div>\n<div id=\"faq-question-1682600050418\" class=\"rank-math-list-item\">\n<h3 class=\"rank-math-question \">Quelles sont les contre-indications \u00e0 la chirurgie mammaire ?<\/h3>\n<div class=\"rank-math-answer \">\n\n<p>Infections aigu\u00ebs ou maladies chroniques exacerb\u00e9es, oncologie, maladies cardiovasculaires et h\u00e9matologiques, diab\u00e8te en phase de d\u00e9compensation, moins de six mois apr\u00e8s la fin de l&rsquo;allaitement, troubles mentaux. En outre, toute mammoplastie est contre-indiqu\u00e9e pour les personnes \u00e2g\u00e9es de moins de 18 ans.<\/p>\n\n<\/div>\n<\/div>\n<div id=\"faq-question-1682600076408\" class=\"rank-math-list-item\">\n<h3 class=\"rank-math-question \">Pourrai-je allaiter apr\u00e8s une chirurgie mammaire ?<\/h3>\n<div class=\"rank-math-answer \">\n\n<p>Contrary to popular belief, the ability to lactate after breast <a href=\"\/\/istanbul-tourist-information.com\/en\/medical-treatment\/u0022\">plastic surgery <\/a>remains. La seule exception est la mammoplastie de r\u00e9duction (r\u00e9duction mammaire), dans laquelle la r\u00e9section de l&rsquo;exc\u00e8s de tissu glandulaire est in\u00e9vitable.<\/p>\n\n<\/div>\n<\/div>\n<\/div>\n<\/div>\n<h2 class=\"wp-block-heading\" id=\"history\">L&rsquo;histoire<\/h2>\n\n<h3 class=\"wp-block-heading\" id=\"the-first-mentions-of-breast-surgeries-date-back-to-ancient-times\">Les chirurgies mammaires sont document\u00e9es depuis des si\u00e8cles, bien qu&rsquo;elles concernent principalement les hommes.<\/h3>\n\n<p>Les premi\u00e8res tentatives d&rsquo;augmentation mammaire ont eu lieu au XIXe si\u00e8cle, mais avec des r\u00e9sultats malheureux dus \u00e0 l&rsquo;utilisation d&rsquo;injections de paraffine. Ce n&rsquo;est qu&rsquo;en 1962 que les implants en silicone ont \u00e9t\u00e9 cr\u00e9\u00e9s, test\u00e9s et produits en masse, ce qui a marqu\u00e9 une \u00e9tape importante dans la mammoplastie d&rsquo;augmentation. Diff\u00e9rents mat\u00e9riaux ont \u00e9t\u00e9 utilis\u00e9s pour les implants mammaires au fil du temps, du m\u00e9tal au plastique et \u00e0 l&rsquo;ivoire, tandis que les r\u00e8gles de la mammoplastie de r\u00e9duction ont \u00e9t\u00e9 \u00e9tablies au d\u00e9but du 20e si\u00e8cle et ont \u00e9t\u00e9 activement d\u00e9velopp\u00e9es et am\u00e9lior\u00e9es depuis lors.<\/p>\n\n<h2 class=\"wp-block-heading\" id=\"cities-and-countries-for-breast-surgery\">Villes et pays pour la chirurgie mammaire<\/h2>\n\n<p><em>Prochainement &#8230;. <\/em><\/p>\n","protected":false},"excerpt":{"rendered":"<p>Chirurgie mammaire ou mammoplastie est con\u00e7u pour modifier la forme et la taille des seins. Elle permet de retrouver la [&hellip;]<\/p>\n","protected":false},"author":4,"featured_media":96522,"parent":0,"menu_order":0,"comment_status":"closed","ping_status":"closed","template":"","meta":{"site-sidebar-layout":"default","site-content-layout":"","ast-site-content-layout":"default","site-content-style":"default","site-sidebar-style":"default","ast-global-header-display":"","ast-banner-title-visibility":"","ast-main-header-display":"","ast-hfb-above-header-display":"","ast-hfb-below-header-display":"","ast-hfb-mobile-header-display":"","site-post-title":"","ast-breadcrumbs-content":"","ast-featured-img":"","footer-sml-layout":"","ast-disable-related-posts":"","theme-transparent-header-meta":"","adv-header-id-meta":"","stick-header-meta":"","header-above-stick-meta":"","header-main-stick-meta":"","header-below-stick-meta":"","astra-migrate-meta-layouts":"default","ast-page-background-enabled":"default","ast-page-background-meta":{"desktop":{"background-color":"var(--ast-global-color-4)","background-image":"","background-repeat":"repeat","background-position":"center center","background-size":"auto","background-attachment":"scroll","background-type":"","background-media":"","overlay-type":"","overlay-color":"","overlay-opacity":"","overlay-gradient":""},"tablet":{"background-color":"","background-image":"","background-repeat":"repeat","background-position":"center center","background-size":"auto","background-attachment":"scroll","background-type":"","background-media":"","overlay-type":"","overlay-color":"","overlay-opacity":"","overlay-gradient":""},"mobile":{"background-color":"","background-image":"","background-repeat":"repeat","background-position":"center center","background-size":"auto","background-attachment":"scroll","background-type":"","background-media":"","overlay-type":"","overlay-color":"","overlay-opacity":"","overlay-gradient":""}},"ast-content-background-meta":{"desktop":{"background-color":"var(--ast-global-color-5)","background-image":"","background-repeat":"repeat","background-position":"center center","background-size":"auto","background-attachment":"scroll","background-type":"","background-media":"","overlay-type":"","overlay-color":"","overlay-opacity":"","overlay-gradient":""},"tablet":{"background-color":"var(--ast-global-color-5)","background-image":"","background-repeat":"repeat","background-position":"center center","background-size":"auto","background-attachment":"scroll","background-type":"","background-media":"","overlay-type":"","overlay-color":"","overlay-opacity":"","overlay-gradient":""},"mobile":{"background-color":"var(--ast-global-color-5)","background-image":"","background-repeat":"repeat","background-position":"center center","background-size":"auto","background-attachment":"scroll","background-type":"","background-media":"","overlay-type":"","overlay-color":"","overlay-opacity":"","overlay-gradient":""}},"footnotes":""},"class_list":["post-144847","page","type-page","status-publish","has-post-thumbnail","hentry"],"_links":{"self":[{"href":"https:\/\/medclinics.com\/fr\/wp-json\/wp\/v2\/pages\/144847","targetHints":{"allow":["GET"]}}],"collection":[{"href":"https:\/\/medclinics.com\/fr\/wp-json\/wp\/v2\/pages"}],"about":[{"href":"https:\/\/medclinics.com\/fr\/wp-json\/wp\/v2\/types\/page"}],"author":[{"embeddable":true,"href":"https:\/\/medclinics.com\/fr\/wp-json\/wp\/v2\/users\/4"}],"replies":[{"embeddable":true,"href":"https:\/\/medclinics.com\/fr\/wp-json\/wp\/v2\/comments?post=144847"}],"version-history":[{"count":0,"href":"https:\/\/medclinics.com\/fr\/wp-json\/wp\/v2\/pages\/144847\/revisions"}],"wp:featuredmedia":[{"embeddable":true,"href":"https:\/\/medclinics.com\/fr\/wp-json\/wp\/v2\/media\/96522"}],"wp:attachment":[{"href":"https:\/\/medclinics.com\/fr\/wp-json\/wp\/v2\/media?parent=144847"}],"curies":[{"name":"wp","href":"https:\/\/api.w.org\/{rel}","templated":true}]}}