{"id":144825,"date":"2023-05-23T13:56:39","date_gmt":"2023-05-23T10:56:39","guid":{"rendered":"https:\/\/medclinics.com\/augmentation-mammaire-avec-implants\/"},"modified":"2025-01-02T13:28:00","modified_gmt":"2025-01-02T10:28:00","slug":"augmentation-mammaire-avec-implants","status":"publish","type":"page","link":"https:\/\/medclinics.com\/fr\/augmentation-mammaire-avec-implants\/","title":{"rendered":"Augmentation mammaire avec implants"},"content":{"rendered":"\n<h2 class=\"wp-block-heading\">Le m\u00e9decin choisira la taille et la forme appropri\u00e9es pour votre augmentation mammaire par implants.<\/h2>\n\n<p>La chirurgie d&rsquo;<a href=\"http:\/\/breastaugmentation.gen.tr\" data-type=\"link\" data-id=\"breastaugmentation.gen.tr\" rel=\"nofollow noopener\" target=\"_blank\">augmentation mammaire<\/a> consiste \u00e0 augmenter la taille, la forme ou l&rsquo;ampleur des seins.<\/p>\n\n<p>Vous pouvez utiliser diff\u00e9rents types d&rsquo;implants pour l&rsquo;augmentation mammaire. Il d\u00e9pend de la taille de l&rsquo;incision, de l&rsquo;aspect naturel des r\u00e9sultats et de la substance contenue. Il peut s&rsquo;agir d&rsquo;implants en gel de silicone, d&rsquo;implants Gummy Bear, d&rsquo;implants salins et d&rsquo;implants structur\u00e9s.  <\/p>\n\n<p>Il existe \u00e9galement trois fa\u00e7ons de poser des implants. Pour l&rsquo;augmentation mammaire, on utilise le placement sous les muscles, sur les muscles ou le placement sur deux plans. La mise en place sous le muscle permet d&rsquo;obtenir des r\u00e9sultats plus naturels et de r\u00e9duire le risque d&rsquo;apparence d&rsquo;un implant. Pour le remplacement des muscles, la r\u00e9cup\u00e9ration est plus rapide mais peut \u00eatre plus visible. Enfin, la technique du double plan pr\u00e9sente des avantages pour l&rsquo;un comme pour l&rsquo;autre.<\/p>\n\n<p>La meilleure option pour votre proth\u00e8se mammaire est un diagnostic approfondi et une analyse des aspects physiologiques du corps. Pour obtenir des informations plus d\u00e9taill\u00e9es sur les risques ou d&rsquo;autres facteurs, vous devez en discuter avec votre m\u00e9decin et d\u00e9terminer ensuite ce qu&rsquo;il en est.  <\/p>\n\n<h3 class=\"wp-block-heading\">Tout ce que vous devez savoir sur les <a href=\"https:\/\/medclinics.com\/breast-aesthetic-surgery\/\" target=\"_blank\" rel=\"noreferrer noopener\">chirurgies mammaires esth\u00e9tiques<\/a>, y compris le prix, les soins et le processus de gu\u00e9rison, ou <a href=\"#requestform\">contactez-nous<\/a>!<\/h3>\n\n<figure class=\"wp-block-image size-large\"><img fetchpriority=\"high\" decoding=\"async\" width=\"1440\" height=\"470\" src=\"https:\/\/medclinics.com\/wp-content\/uploads\/2023\/03\/breast-augmentation-in-istanbul-7.jpg\" alt=\"Augmentation mammaire &#xE0; Istanbul en Turquie\" class=\"wp-image-52953\" srcset=\"https:\/\/medclinics.com\/wp-content\/uploads\/2023\/03\/breast-augmentation-in-istanbul-7.jpg 1440w, https:\/\/medclinics.com\/wp-content\/uploads\/2023\/03\/breast-augmentation-in-istanbul-7-500x163.jpg 500w, https:\/\/medclinics.com\/wp-content\/uploads\/2023\/03\/breast-augmentation-in-istanbul-7-1024x334.jpg 1024w, https:\/\/medclinics.com\/wp-content\/uploads\/2023\/03\/breast-augmentation-in-istanbul-7-768x251.jpg 768w\" sizes=\"(max-width: 1440px) 100vw, 1440px\" \/><\/figure>\n\n<h2 class=\"wp-block-heading\">Augmentation mammaire avec implants<\/h2>\n\n<figure class=\"wp-block-embed is-type-video is-provider-youtube wp-block-embed-youtube wp-embed-aspect-16-9 wp-has-aspect-ratio\"><div class=\"wp-block-embed__wrapper\">\n<iframe title=\"How breast enlargement surgery is carried out\" width=\"500\" height=\"281\" src=\"https:\/\/www.youtube.com\/embed\/z666AqMG2Ao?feature=oembed\" frameborder=\"0\" allow=\"accelerometer; autoplay; clipboard-write; encrypted-media; gyroscope; picture-in-picture; web-share\" referrerpolicy=\"strict-origin-when-cross-origin\" allowfullscreen><\/iframe>\n<\/div><figcaption class=\"wp-element-caption\">Augmentation mammaire avec implants | Chirurgie d&rsquo;agrandissement des seins<\/figcaption><\/figure>\n\n<h3 class=\"wp-block-heading\">FAQ<\/h3>\n<div id=\"rank-math-faq\" class=\"rank-math-block\">\n<div class=\"rank-math-list \">\n<div id=\"faq-question-1682600986649\" class=\"rank-math-list-item\">\n<h3 class=\"rank-math-question \">Quelle est l&rsquo;ampleur de l&rsquo;augmentation mammaire par implants ?<\/h3>\n<div class=\"rank-math-answer \">\n\n<p>La taille de l&rsquo;implant sera d\u00e9termin\u00e9e par votre m\u00e9decin traitant en concertation avec vous. Il existe des implants d&rsquo;un volume de 80 \u00e0 750 ml. En r\u00e8gle g\u00e9n\u00e9rale, environ 200 ml correspondent \u00e0 une taille de soutien-gorge. Les augmentations mammaires d&rsquo;un volume de 250 \u00e0 350 ml ont l&rsquo;effet le plus naturel.<\/p>\n\n<\/div>\n<\/div>\n<div id=\"faq-question-1682601014853\" class=\"rank-math-list-item\">\n<h3 class=\"rank-math-question \">De quoi les implants sont-ils remplis ?<\/h3>\n<div class=\"rank-math-answer \">\n\n<p>En g\u00e9n\u00e9ral, on utilise des implants mammaires en gel de silicone. Les implants de nouvelle g\u00e9n\u00e9ration sont remplis d&rsquo;un gel de silicone coh\u00e9sif. Ce gel est plus visqueux que le gel de silicone d&rsquo;autrefois, ce qui pr\u00e9sente l&rsquo;avantage que les implants sont dimensionnellement stables et qu&rsquo;il n&rsquo;y a pas de fuite de silicone, m\u00eame en cas de petites fissures. Il existe \u00e9galement des implants au s\u00e9rum physiologique, qui ne sont remplis de s\u00e9rum physiologique qu&rsquo;apr\u00e8s avoir \u00e9t\u00e9 ancr\u00e9s dans le sein. Par cons\u00e9quent, l&rsquo;op\u00e9ration peut \u00eatre r\u00e9alis\u00e9e avec des incisions relativement petites. Cependant, ces implants ne sont pas naturels lorsqu&rsquo;ils sont port\u00e9s et perdent de leur taille avec le temps, ce qui modifie \u00e9galement la forme du sein.<\/p>\n\n<\/div>\n<\/div>\n<div id=\"faq-question-1682601039488\" class=\"rank-math-list-item\">\n<h3 class=\"rank-math-question \">Quelles sont les techniques chirurgicales pour l&rsquo;augmentation par implants ?<\/h3>\n<div class=\"rank-math-answer \">\n\n<p>On distingue la technique inframammaire, dans laquelle l&rsquo;incision est pratiqu\u00e9e dans le pli du sein et l&rsquo;implant peut \u00eatre plac\u00e9 confortablement sous le muscle mammaire. La technique axillaire pr\u00e9sente toutefois l&rsquo;avantage de ne pas laisser de cicatrice sur le sein, puisque l&rsquo;incision est pratiqu\u00e9e dans l&rsquo;aisselle. Dans cette technique tr\u00e8s exigeante, l&rsquo;implant est plac\u00e9 au-dessus du muscle mammaire.<\/p>\n\n<\/div>\n<\/div>\n<div id=\"faq-question-1682601070178\" class=\"rank-math-list-item\">\n<h3 class=\"rank-math-question \">Qu&rsquo;est-ce qu&rsquo;un implant anatomique ?<\/h3>\n<div class=\"rank-math-answer \">\n\n<p>Les implants ont des formes diff\u00e9rentes. On distingue les implants ronds et les implants en forme de goutte d&rsquo;eau. Les formes en goutte d&rsquo;eau sont plus naturelles, car elles se rapprochent le plus de la forme du buste. C&rsquo;est pourquoi ces implants sont \u00e9galement appel\u00e9s implants anatomiques. Les implants ronds, quant \u00e0 eux, sont surtout utilis\u00e9s lorsqu&rsquo;il s&rsquo;agit de mettre en valeur le d\u00e9collet\u00e9.<\/p>\n\n<\/div>\n<\/div>\n<div id=\"faq-question-1682601091231\" class=\"rank-math-list-item\">\n<h3 class=\"rank-math-question \">Qu&rsquo;est-ce qu&rsquo;un implant lisse ?<\/h3>\n<div class=\"rank-math-answer \">\n\n<p>Les implants diff\u00e8rent par leur structure de surface. Si les implants \u00e0 surface lisse semblent \u00e9galement plus naturels, ce type d&rsquo;implant est plus susceptible de d\u00e9velopper une fibrose capsulaire. C&rsquo;est pourquoi les implants \u00e0 surface rugueuse sont aujourd&rsquo;hui privil\u00e9gi\u00e9s.<\/p>\n\n<\/div>\n<\/div>\n<div id=\"faq-question-1682601112343\" class=\"rank-math-list-item\">\n<h3 class=\"rank-math-question \">Qu&rsquo;est-ce que la fibrose capsulaire ?<\/h3>\n<div class=\"rank-math-answer \">\n\n<p>La fibrose capsulaire est une complication de l&rsquo;augmentation mammaire aussi rare que redout\u00e9e. Le corps forme une fine couche de tissu cicatriciel autour de l&rsquo;implant. Il s&rsquo;agit d&rsquo;une r\u00e9action immunitaire normale, l&rsquo;implant \u00e9tant reconnu comme un corps \u00e9tranger et l&rsquo;organisme essayant de le rejeter. Dans de rares cas, le syst\u00e8me immunitaire r\u00e9agit de mani\u00e8re excessive et la couche cicatricielle devient trop \u00e9paisse. C&rsquo;est ce qu&rsquo;on appelle la fibrose capsulaire. Dans ce cas, votre m\u00e9decin traitant discutera avec vous de la suite du traitement<\/p>\n\n<\/div>\n<\/div>\n<div id=\"faq-question-1682601130982\" class=\"rank-math-list-item\">\n<h3 class=\"rank-math-question \">Quelle est la dur\u00e9e de vie des implants mammaires ?<\/h3>\n<div class=\"rank-math-answer \">\n\n<p>Les fabricants offrent une garantie de 10 ans. Cependant, en moyenne, les implants mammaires de nouvelle g\u00e9n\u00e9ration durent souvent jusqu&rsquo;\u00e0 20 ans. Votre m\u00e9decin traitant d\u00e9cidera si et quand un implant mammaire doit \u00eatre remplac\u00e9. En principe, les implants peuvent rester dans le corps tant qu&rsquo;ils ne sont pas endommag\u00e9s et que vous ne vous en plaignez pas.<\/p>\n\n<\/div>\n<\/div>\n<div id=\"faq-question-1682601167548\" class=\"rank-math-list-item\">\n<h3 class=\"rank-math-question \">Un implant peut-il modifier la qualit\u00e9 du lait ?<\/h3>\n<div class=\"rank-math-answer \">\n\n<p>Les proth\u00e8ses modernes sont dot\u00e9es d&rsquo;un produit de remplissage s\u00fbr, mais m\u00eame celui-ci ne pourra pas fuir, gr\u00e2ce \u00e0 la barri\u00e8re constitu\u00e9e de 1 \u00e0 3 couches.<\/p>\n\n<\/div>\n<\/div>\n<\/div>\n<\/div>\n<p>\u00a0<\/p>\n\n<h3 class=\"wp-block-heading\">Contactez-nous d\u00e8s maintenant si vous avez des questions !<\/h3>\n","protected":false},"excerpt":{"rendered":"<p>Le m\u00e9decin choisira la taille et la forme appropri\u00e9es pour votre augmentation mammaire par implants. La chirurgie d&rsquo;augmentation mammaire consiste [&hellip;]<\/p>\n","protected":false},"author":4,"featured_media":52953,"parent":0,"menu_order":0,"comment_status":"closed","ping_status":"closed","template":"","meta":{"site-sidebar-layout":"default","site-content-layout":"","ast-site-content-layout":"default","site-content-style":"default","site-sidebar-style":"default","ast-global-header-display":"","ast-banner-title-visibility":"","ast-main-header-display":"","ast-hfb-above-header-display":"","ast-hfb-below-header-display":"","ast-hfb-mobile-header-display":"","site-post-title":"","ast-breadcrumbs-content":"","ast-featured-img":"","footer-sml-layout":"","ast-disable-related-posts":"","theme-transparent-header-meta":"","adv-header-id-meta":"","stick-header-meta":"","header-above-stick-meta":"","header-main-stick-meta":"","header-below-stick-meta":"","astra-migrate-meta-layouts":"default","ast-page-background-enabled":"default","ast-page-background-meta":{"desktop":{"background-color":"var(--ast-global-color-4)","background-image":"","background-repeat":"repeat","background-position":"center center","background-size":"auto","background-attachment":"scroll","background-type":"","background-media":"","overlay-type":"","overlay-color":"","overlay-opacity":"","overlay-gradient":""},"tablet":{"background-color":"","background-image":"","background-repeat":"repeat","background-position":"center center","background-size":"auto","background-attachment":"scroll","background-type":"","background-media":"","overlay-type":"","overlay-color":"","overlay-opacity":"","overlay-gradient":""},"mobile":{"background-color":"","background-image":"","background-repeat":"repeat","background-position":"center center","background-size":"auto","background-attachment":"scroll","background-type":"","background-media":"","overlay-type":"","overlay-color":"","overlay-opacity":"","overlay-gradient":""}},"ast-content-background-meta":{"desktop":{"background-color":"var(--ast-global-color-5)","background-image":"","background-repeat":"repeat","background-position":"center center","background-size":"auto","background-attachment":"scroll","background-type":"","background-media":"","overlay-type":"","overlay-color":"","overlay-opacity":"","overlay-gradient":""},"tablet":{"background-color":"var(--ast-global-color-5)","background-image":"","background-repeat":"repeat","background-position":"center center","background-size":"auto","background-attachment":"scroll","background-type":"","background-media":"","overlay-type":"","overlay-color":"","overlay-opacity":"","overlay-gradient":""},"mobile":{"background-color":"var(--ast-global-color-5)","background-image":"","background-repeat":"repeat","background-position":"center center","background-size":"auto","background-attachment":"scroll","background-type":"","background-media":"","overlay-type":"","overlay-color":"","overlay-opacity":"","overlay-gradient":""}},"footnotes":""},"class_list":["post-144825","page","type-page","status-publish","has-post-thumbnail","hentry"],"_links":{"self":[{"href":"https:\/\/medclinics.com\/fr\/wp-json\/wp\/v2\/pages\/144825","targetHints":{"allow":["GET"]}}],"collection":[{"href":"https:\/\/medclinics.com\/fr\/wp-json\/wp\/v2\/pages"}],"about":[{"href":"https:\/\/medclinics.com\/fr\/wp-json\/wp\/v2\/types\/page"}],"author":[{"embeddable":true,"href":"https:\/\/medclinics.com\/fr\/wp-json\/wp\/v2\/users\/4"}],"replies":[{"embeddable":true,"href":"https:\/\/medclinics.com\/fr\/wp-json\/wp\/v2\/comments?post=144825"}],"version-history":[{"count":0,"href":"https:\/\/medclinics.com\/fr\/wp-json\/wp\/v2\/pages\/144825\/revisions"}],"wp:featuredmedia":[{"embeddable":true,"href":"https:\/\/medclinics.com\/fr\/wp-json\/wp\/v2\/media\/52953"}],"wp:attachment":[{"href":"https:\/\/medclinics.com\/fr\/wp-json\/wp\/v2\/media?parent=144825"}],"curies":[{"name":"wp","href":"https:\/\/api.w.org\/{rel}","templated":true}]}}