{"id":144641,"date":"2023-04-25T17:44:00","date_gmt":"2023-04-25T14:44:00","guid":{"rendered":"https:\/\/medclinics.com\/traitements-orthopediques\/"},"modified":"2025-01-02T19:15:12","modified_gmt":"2025-01-02T16:15:12","slug":"traitements-orthopediques","status":"publish","type":"page","link":"https:\/\/medclinics.com\/fr\/traitements-orthopediques\/","title":{"rendered":"Traitements orthop\u00e9diques"},"content":{"rendered":"\n<h2 class=\"wp-block-heading\">Les traitements orthop\u00e9diques sont de plus en plus avanc\u00e9s et permettent souvent de rem\u00e9dier \u00e0 l&rsquo;immobilit\u00e9.<\/h2>\n\n<div class=\"wp-block-columns is-layout-flex wp-container-core-columns-is-layout-28f84493 wp-block-columns-is-layout-flex\">\n<div class=\"wp-block-column is-layout-flow wp-block-column-is-layout-flow\">\n<figure class=\"wp-block-image size-full\"><img fetchpriority=\"high\" decoding=\"async\" width=\"960\" height=\"540\" src=\"https:\/\/medclinics.com\/wp-content\/uploads\/2023\/07\/orthopedics-in-turkey.jpg\" alt=\"Traitements orthop&#xE9;diques en Turquie\" class=\"wp-image-96633\" srcset=\"https:\/\/medclinics.com\/wp-content\/uploads\/2023\/07\/orthopedics-in-turkey.jpg 960w, https:\/\/medclinics.com\/wp-content\/uploads\/2023\/07\/orthopedics-in-turkey-500x281.jpg 500w, https:\/\/medclinics.com\/wp-content\/uploads\/2023\/07\/orthopedics-in-turkey-768x432.jpg 768w, https:\/\/medclinics.com\/wp-content\/uploads\/2023\/07\/orthopedics-in-turkey-24x14.jpg 24w, https:\/\/medclinics.com\/wp-content\/uploads\/2023\/07\/orthopedics-in-turkey-36x20.jpg 36w, https:\/\/medclinics.com\/wp-content\/uploads\/2023\/07\/orthopedics-in-turkey-48x27.jpg 48w\" sizes=\"(max-width: 960px) 100vw, 960px\" \/><\/figure>\n<\/div>\n\n\n\n<div class=\"wp-block-column is-layout-flow wp-block-column-is-layout-flow\">\n<p><\/p>\n\n\n\n<p class=\"has-text-align-left\">Douleurs articulaires, immobilit\u00e9, ou encore d\u00e9ception de ne pas pouvoir profiter de vos activit\u00e9s quotidiennes &#8211; si cela vous semble familier, vous n&rsquo;\u00eates pas seul. Qu&rsquo;il s&rsquo;agisse d&rsquo;un genou qui ne fonctionne pas correctement, de douleurs \u00e0 la hanche ou de probl\u00e8mes de dos, le bon rem\u00e8de orthop\u00e9dique peut faire toute la diff\u00e9rence. De plus en plus de personnes se tournent aujourd&rsquo;hui vers la <strong>Turquie<\/strong> pour trouver des solutions. Avec des m\u00e9decins professionnels, des centres de pointe et des co\u00fbts peu \u00e9lev\u00e9s, la Turquie est aujourd&rsquo;hui une destination de choix pour les traitements orthop\u00e9diques et le <strong>tourisme m\u00e9dical<\/strong>.   <\/p>\n<\/div>\n<\/div>\n\n<h3 class=\"wp-block-heading\">Guide complet des traitements orthop\u00e9diques<\/h3>\n\n<p><\/p>\n\n<p>Des articulations douloureuses et une mobilit\u00e9 limit\u00e9e ne devraient pas restreindre votre vie. Vous avez peut-\u00eatre besoin d&rsquo;une <strong>op\u00e9ration du genou<\/strong>, d&rsquo;une <strong><a href=\"https:\/\/pubmed.ncbi.nlm.nih.gov\/?term=hip+replacement\" target=\"_blank\" rel=\"noreferrer noopener\">proth\u00e8se de la hanche<\/a><\/strong> ou m\u00eame d&rsquo;un traitement non chirurgical comme la <strong>th\u00e9rapie par cellules souches.<\/strong> La Turquie offre de nombreuses alternatives. Vous n&rsquo;avez pas besoin d&rsquo;attendre des ann\u00e9es pour obtenir une solution ou de faire des paiements importants.  <\/p>\n\n<p>Chez <strong>MedClinics<\/strong>, nous mettons les gens en contact avec les sp\u00e9cialistes orthop\u00e9diques les plus satisfaisants de Turquie. Nos m\u00e9decins sont tr\u00e8s exp\u00e9riment\u00e9s. Ils proposent \u00e0 la fois des interventions chirurgicales traditionnelles et des th\u00e9rapies plus modernes, comme la <strong><a href=\"https:\/\/medclinics.com\/fr\/cellules-souches\/\" target=\"_blank\" rel=\"noreferrer noopener\">th\u00e9rapie par cellules souches<\/a><\/strong>, une th\u00e9rapie compl\u00e9mentaire qui peut vous aider dans de nombreux domaines, par exemple pour le r\u00e9tablissement apr\u00e8s une intervention chirurgicale.  <\/p>\n\n<h3 class=\"wp-block-heading\">Traitements orthop\u00e9diques courants en Turquie<\/h3>\n\n<p><br\/>La Turquie est connue pour ses excellents centres cliniques et ses proc\u00e9dures chirurgicales orthop\u00e9diques r\u00e9ussies. Voici quelques-uns des traitements les plus connus pour lesquels les gens se rendent en Turquie : <\/p>\n\n<p><strong><a href=\"https:\/\/medclinics.com\/fr\/remplacement-de-larticulation-du-genou\/\" target=\"_blank\" rel=\"noreferrer noopener\">Chirurgie de remplacement du genou :<\/a><\/strong> Les douleurs du genou peuvent \u00eatre tr\u00e8s g\u00eanantes. Qu&rsquo;elles soient dues \u00e0 l&rsquo;arthrite ou \u00e0 des l\u00e9sions, les douleurs du genou peuvent \u00eatre tr\u00e8s g\u00eanantes. Si vous n&rsquo;\u00eates plus en mesure de pratiquer des sports simples comme la marche, la proth\u00e8se du genou peut \u00eatre la solution. L&rsquo;articulation cass\u00e9e est remplac\u00e9e par une proth\u00e8se. Cela permet une meilleure mobilit\u00e9 et une diminution de la douleur. Certaines personnes ajoutent \u00e0 leur traitement une th\u00e9rapie \u00e0 base de cellules souches avant ou apr\u00e8s l&rsquo;op\u00e9ration.     <\/p>\n\n<p><strong><a href=\"https:\/\/medclinics.com\/fr\/remplacement-de-larticulation-de-la-hanche\/\" target=\"_blank\" rel=\"noreferrer noopener\">Chirurgie de remplacement de la hanche<\/a>:<\/strong>Une douleur chronique \u00e0 la hanche peut vous limiter consid\u00e9rablement. Surtout si elle est due \u00e0 l&rsquo;arthrite. Au cours de l&rsquo;op\u00e9ration, l&rsquo;articulation endommag\u00e9e est remplac\u00e9e par une articulation artificielle. Cela permet de r\u00e9tablir la fonction et de soulager la douleur. La th\u00e9rapie par cellules souches est \u00e9galement une option suppl\u00e9mentaire pour acc\u00e9l\u00e9rer la gu\u00e9rison.    <\/p>\n\n<p><strong><a href=\"https:\/\/medclinics.com\/fr\/remplacement-de-larticulation-de-lepaule\/\" target=\"_blank\" rel=\"noreferrer noopener\">Chirurgie de l&rsquo;\u00e9paule : Les<\/a><\/strong> blessures \u00e0 l&rsquo;\u00e9paule provoquent g\u00e9n\u00e9ralement de fortes douleurs et limitent les mouvements. Qu&rsquo;il s&rsquo;agisse d&rsquo;une op\u00e9ration de l&rsquo;\u00e9paule ou de la r\u00e9paration d&rsquo;un tendon d\u00e9chir\u00e9, le traitement chirurgical peut apporter une solution. <\/p>\n\n<p><strong><a href=\"https:\/\/medclinics.com\/fr\/chirurgie-de-la-colonne-vertebrale\/\" target=\"_blank\" rel=\"noreferrer noopener\">Chirurgie de la scoliose : <\/a><\/strong>Si vous souffrez de scoliose ou d&rsquo;une autre maladie de la colonne vert\u00e9brale, un traitement chirurgical peut s&rsquo;av\u00e9rer n\u00e9cessaire. La chirurgie peut aider \u00e0 redresser la colonne vert\u00e9brale et \u00e0 soulager les douleurs.  <\/p>\n\n<p><strong>Allongement des membres :<\/strong> pour des raisons scientifiques ou esth\u00e9tiques, les chirurgies d&rsquo;allongement des membres peuvent \u00eatre utiles. <\/p>\n\n<p><strong><a href=\"https:\/\/medclinics.com\/fr\/cellules-souches\/\" target=\"_blank\" rel=\"noreferrer noopener\">Th\u00e9rapie par cellules souches<\/a> pour la r\u00e9g\u00e9n\u00e9ration des articulations :<\/strong>ce sujet est l&rsquo;un des plus populaires dans les traitements orthop\u00e9diques. Il est possible de r\u00e9g\u00e9n\u00e9rer le cartilage et les tissus des articulations endommag\u00e9es. Il n&rsquo;y a pas de garantie et chaque personne est diff\u00e9rente. Mais c&rsquo;est une bonne chose d&rsquo;avoir la possibilit\u00e9 d&rsquo;apporter un soutien.   <\/p>\n\n<h3 class=\"wp-block-heading\"><strong>Pourquoi choisir la Turquie pour vos soins orthop\u00e9diques ?<\/strong><\/h3>\n\n<p><br\/>La Turquie est en train de devenir une destination privil\u00e9gi\u00e9e pour les traitements orthop\u00e9diques, car elle offre un \u00e9quilibre fantastique entre des soins de sant\u00e9 de premier ordre et des co\u00fbts peu \u00e9lev\u00e9s. Que vous envisagiez une op\u00e9ration du genou, une proth\u00e8se de la hanche ou une th\u00e9rapie par cellules souches, la Turquie offre une combinaison de soins de classe mondiale et de r\u00e9ponses rentables. <\/p>\n\n<h3 class=\"wp-block-heading\"><strong>Comment les MedClinics peuvent vous aider<\/strong><\/h3>\n\n<p><\/p>\n\n<p>Choisir le meilleur traitement pour votre probl\u00e8me orthop\u00e9dique peut s&rsquo;av\u00e9rer difficile. Chez MedClinics, nous sommes l\u00e0 pour vous aider tout au long du processus. Nous vous fournirons tous les d\u00e9tails sur les alternatives disponibles. Vous entendrez parler des chirurgies conventionnelles, comme le remplacement du genou, mais aussi de rem\u00e8des plus modernes et compl\u00e9mentaires, comme la th\u00e9rapie par cellules souches. Notre objectif est de nous assurer que vous \u00eates bien inform\u00e9.    <\/p>\n\n<p>Si vous \u00eates pr\u00eat \u00e0 d\u00e9couvrir les solutions qui s&rsquo;offrent \u00e0 vous, prenez contact avec nous. Nous vous mettrons en relation avec les meilleurs orthop\u00e9distes de Turquie et vous aiderons \u00e0 trouver le traitement qui vous convient. <\/p>\n\n<h2 class=\"wp-block-heading\">Types de traitements orthop\u00e9diques<\/h2>\n<div class=\"jet-listing-grid--blocks   jet-sm-gb-wrapper jet-sm-gb-3c90ddee-abbd-4e1d-9bc7-33c2832e55ea\"data-element-id=\"3c90ddee-abbd-4e1d-9bc7-33c2832e55ea\"data-listing-type=\"blocks\"data-is-block=\"jet-engine\/listing-grid\"><div class=\"jet-listing-grid jet-listing\"><div class=\"jet-listing-grid__items grid-col-desk-1 grid-col-tablet-1 grid-col-mobile-1 jet-listing-grid--154774 jet-equal-columns__wrapper\" data-queried-id=\"144641|WP_Post\" data-nav=\"{&quot;enabled&quot;:false,&quot;type&quot;:null,&quot;more_el&quot;:null,&quot;query&quot;:[],&quot;widget_settings&quot;:{&quot;lisitng_id&quot;:154774,&quot;posts_num&quot;:1,&quot;columns&quot;:1,&quot;columns_tablet&quot;:1,&quot;columns_mobile&quot;:1,&quot;column_min_width&quot;:240,&quot;column_min_width_tablet&quot;:240,&quot;column_min_width_mobile&quot;:240,&quot;inline_columns_css&quot;:true,&quot;is_archive_template&quot;:&quot;&quot;,&quot;post_status&quot;:[&quot;publish&quot;],&quot;use_random_posts_num&quot;:&quot;&quot;,&quot;max_posts_num&quot;:6,&quot;not_found_message&quot;:&quot;No data was found&quot;,&quot;is_masonry&quot;:false,&quot;equal_columns_height&quot;:true,&quot;use_load_more&quot;:&quot;&quot;,&quot;load_more_id&quot;:&quot;&quot;,&quot;load_more_type&quot;:&quot;click&quot;,&quot;load_more_offset&quot;:null,&quot;use_custom_post_types&quot;:&quot;&quot;,&quot;custom_post_types&quot;:[],&quot;hide_widget_if&quot;:&quot;&quot;,&quot;carousel_enabled&quot;:&quot;&quot;,&quot;slides_to_scroll&quot;:1,&quot;arrows&quot;:true,&quot;arrow_icon&quot;:&quot;fa fa-angle-left&quot;,&quot;dots&quot;:&quot;&quot;,&quot;autoplay&quot;:true,&quot;pause_on_hover&quot;:true,&quot;autoplay_speed&quot;:5000,&quot;infinite&quot;:true,&quot;center_mode&quot;:&quot;&quot;,&quot;effect&quot;:&quot;slide&quot;,&quot;speed&quot;:500,&quot;inject_alternative_items&quot;:&quot;&quot;,&quot;injection_items&quot;:[],&quot;scroll_slider_enabled&quot;:&quot;&quot;,&quot;scroll_slider_on&quot;:[&quot;desktop&quot;,&quot;tablet&quot;,&quot;mobile&quot;],&quot;custom_query&quot;:false,&quot;custom_query_id&quot;:&quot;216&quot;,&quot;_element_id&quot;:&quot;&quot;,&quot;collapse_first_last_gap&quot;:false,&quot;list_tag_selection&quot;:&quot;&quot;,&quot;list_items_wrapper_tag&quot;:&quot;div&quot;,&quot;list_item_tag&quot;:&quot;div&quot;,&quot;empty_items_wrapper_tag&quot;:&quot;div&quot;}}\" data-page=\"1\" data-pages=\"1\" data-listing-source=\"posts\" data-listing-id=\"154774\" data-query-id=\"\"><style>.elementor-154768 .elementor-element.elementor-element-658edc4{--display:flex;--min-height:200px;--flex-direction:row;--container-widget-width:calc( ( 1 - var( --container-widget-flex-grow ) ) * 100% );--container-widget-height:100%;--container-widget-flex-grow:1;--container-widget-align-self:stretch;--flex-wrap-mobile:wrap;--align-items:stretch;--gap:10px 10px;--row-gap:10px;--column-gap:10px;--border-radius:10px 10px 10px 10px;box-shadow:0px 4px 6px 0px rgba(177, 182, 190, 0.25);}.elementor-154768 .elementor-element.elementor-element-658edc4:not(.elementor-motion-effects-element-type-background), .elementor-154768 .elementor-element.elementor-element-658edc4 > .elementor-motion-effects-container > .elementor-motion-effects-layer{background-color:#E1ECF3;}.elementor-154768 .elementor-element.elementor-element-dbaaf29{--display:flex;--justify-content:center;--gap:0px 0px;--row-gap:0px;--column-gap:0px;--border-radius:10px 0px 0px 10px;--margin-top:-10px;--margin-bottom:-10px;--margin-left:-10px;--margin-right:0px;--padding-top:0px;--padding-bottom:0px;--padding-left:10px;--padding-right:10px;}.elementor-154768 .elementor-element.elementor-element-dbaaf29:not(.elementor-motion-effects-element-type-background), .elementor-154768 .elementor-element.elementor-element-dbaaf29 > .elementor-motion-effects-container > .elementor-motion-effects-layer{background-color:#FFFFFF;background-position:center center;background-repeat:no-repeat;background-size:cover;}.elementor-154768 .elementor-element.elementor-element-dbaaf29.e-con{--order:-99999 \/* order start hack *\/;--flex-grow:0;--flex-shrink:0;}.elementor-154768 .elementor-element.elementor-element-fa35788{--display:flex;--gap:0px 0px;--row-gap:0px;--column-gap:0px;}.elementor-154768 .elementor-element.elementor-element-425556c .jet-listing-dynamic-link__link{align-self:flex-start;font-size:18px;font-weight:600;line-height:20px;color:#303437;flex-direction:row;}.elementor-154768 .elementor-element.elementor-element-425556c .jet-listing-dynamic-link__link:hover{color:#225B75;}.elementor-154768 .elementor-element.elementor-element-425556c .jet-listing-dynamic-link__icon{order:-1;}.elementor-widget-jet-button .jet-button__plane-normal{background-color:var( --e-global-color-primary );}.elementor-widget-jet-button .jet-button__plane-hover{background-color:var( --e-global-color-secondary );}.elementor-widget-jet-button  .jet-button__state-normal .jet-button__label{font-family:var( --e-global-typography-primary-font-family ), Sans-serif;font-weight:var( --e-global-typography-primary-font-weight );}.elementor-widget-jet-button  .jet-button__state-hover .jet-button__label{font-family:var( --e-global-typography-primary-font-family ), Sans-serif;font-weight:var( --e-global-typography-primary-font-weight );}.elementor-154768 .elementor-element.elementor-element-c1f6025 .jet-button__container{justify-content:center;}.elementor-154768 .elementor-element.elementor-element-c1f6025 .jet-button__instance{background-color:#63AACE;border-radius:10px 10px 10px 10px;}.elementor-154768 .elementor-element.elementor-element-c1f6025 .jet-button__instance:hover{background-color:var( --e-global-color-primary );}.elementor-154768 .elementor-element.elementor-element-c1f6025 .jet-button__plane-normal{background-color:#225B75;}.elementor-154768 .elementor-element.elementor-element-c1f6025 .jet-button__plane-hover{background-color:var( --e-global-color-primary );}.elementor-154768 .elementor-element.elementor-element-c1f6025 .jet-button__state-normal .jet-button__label{text-align:left;}.elementor-154768 .elementor-element.elementor-element-c1f6025 .jet-button__state-hover .jet-button__label{text-align:left;}.elementor-154768 .elementor-element.elementor-element-c1f6025  .jet-button__state-normal .jet-button__label{font-size:14px;}.elementor-154768 .elementor-element.elementor-element-c1f6025  .jet-button__state-hover .jet-button__label{font-size:14px;}.elementor-154768 .elementor-element.elementor-element-c1f6025 > .elementor-widget-container{margin:20px 0px 0px 0px;}.elementor-154768 .elementor-element.elementor-element-c1f6025.elementor-element{--align-self:flex-start;}@media(min-width:768px){.elementor-154768 .elementor-element.elementor-element-dbaaf29{--width:40%;}.elementor-154768 .elementor-element.elementor-element-fa35788{--width:60%;}}@media(max-width:767px){.elementor-154768 .elementor-element.elementor-element-658edc4{--padding-top:-5px;--padding-bottom:-5px;--padding-left:-5px;--padding-right:-5px;}.elementor-154768 .elementor-element.elementor-element-dbaaf29{--min-height:210px;--border-radius:10px 10px 0px 0px;--margin-top:0px;--margin-bottom:0px;--margin-left:0px;--margin-right:0px;--padding-top:0px;--padding-bottom:0px;--padding-left:0px;--padding-right:0px;}.elementor-154768 .elementor-element.elementor-element-c1f6025 .jet-button__instance{width:1000px;margin:10px 0px 0px 0px;border-radius:10px 10px 10px 10px;}.elementor-154768 .elementor-element.elementor-element-c1f6025 .jet-button__state-normal{justify-content:center;}.elementor-154768 .elementor-element.elementor-element-c1f6025 .jet-button__state-hover{justify-content:center;}.elementor-154768 .elementor-element.elementor-element-c1f6025 .jet-button__instance--icon-top .jet-button__state-normal{align-items:center;justify-content:center;}.elementor-154768 .elementor-element.elementor-element-c1f6025 .jet-button__instance--icon-top .jet-button__state-hover{align-items:center;justify-content:center;}.elementor-154768 .elementor-element.elementor-element-c1f6025 .jet-button__instance--icon-bottom .jet-button__state-normal{align-items:center;justify-content:center;}.elementor-154768 .elementor-element.elementor-element-c1f6025 .jet-button__instance--icon-bottom .jet-button__state-hover{align-items:center;justify-content:center;}.elementor-154768 .elementor-element.elementor-element-c1f6025 > .elementor-widget-container{margin:0px 0px 0px 0px;}.elementor-154768 .elementor-element.elementor-element-c1f6025.elementor-element{--align-self:stretch;}}<\/style><div class=\"jet-listing-grid__item jet-listing-dynamic-post-147492 jet-equal-columns\" data-post-id=\"147492\"  ><style type=\"text\/css\">.jet-listing-dynamic-post-147492 .elementor-element.elementor-element-dbaaf29:not(.elementor-motion-effects-element-type-background), .jet-listing-dynamic-post-147492 .elementor-element.elementor-element-dbaaf29 > .elementor-motion-effects-container > .elementor-motion-effects-layer{background-image:url(\"https:\/\/medclinics.com\/wp-content\/uploads\/2024\/02\/Orthopedic-Treatments.jpg\");}<\/style>\t\t<div data-elementor-type=\"jet-listing-items\" data-elementor-id=\"154768\" class=\"elementor elementor-154768 elementor-154744\" data-elementor-post-type=\"jet-engine\">\n\t\t\t\t<div class=\"elementor-element elementor-element-658edc4 e-con-full e-flex e-con e-parent\" data-id=\"658edc4\" data-element_type=\"container\" data-e-type=\"container\" data-settings=\"{&quot;background_background&quot;:&quot;classic&quot;,&quot;jet_parallax_layout_list&quot;:[]}\">\n\t\t<div class=\"elementor-element elementor-element-dbaaf29 e-con-full e-flex e-con e-child\" data-id=\"dbaaf29\" data-element_type=\"container\" data-e-type=\"container\" data-settings=\"{&quot;background_background&quot;:&quot;classic&quot;,&quot;jet_parallax_layout_list&quot;:[]}\">\n\t\t\t\t<\/div>\n\t\t<div class=\"elementor-element elementor-element-fa35788 e-con-full e-flex e-con e-child\" data-id=\"fa35788\" data-element_type=\"container\" data-e-type=\"container\" data-settings=\"{&quot;jet_parallax_layout_list&quot;:[]}\">\n\t\t\t\t<div class=\"elementor-element elementor-element-425556c elementor-widget elementor-widget-jet-listing-dynamic-link\" data-id=\"425556c\" data-element_type=\"widget\" data-e-type=\"widget\" data-widget_type=\"jet-listing-dynamic-link.default\">\n\t\t\t\t<div class=\"elementor-widget-container\">\n\t\t\t\t\t<a href=\"https:\/\/medclinics.com\/fr\/traitements-orthopediques-a-istanbul-turquie-meilleures-cliniques-prix-et-chirurgiens\/\" class=\"jet-listing-dynamic-link__link\">Traitements orthop\u00e9diques \u00e0 Istanbul, Turquie | Meilleures cliniques, prix et chirurgiens<\/a>\t\t\t\t<\/div>\n\t\t\t\t<\/div>\n\t\t\t\t<div class=\"elementor-element elementor-element-c1f6025 elementor-widget elementor-widget-jet-button\" data-id=\"c1f6025\" data-element_type=\"widget\" data-e-type=\"widget\" data-widget_type=\"jet-button.default\">\n\t\t\t\t<div class=\"elementor-widget-container\">\n\t\t\t\t\t<div class=\"elementor-jet-button jet-elements\"><div class=\"jet-button__container\">\n\t<a class=\"jet-button__instance jet-button__instance--icon-left hover-effect-0\" href=\"https:\/\/medclinics.com\/fr\/traitements-orthopediques-a-istanbul-turquie-meilleures-cliniques-prix-et-chirurgiens\/\">\n\t\t<div class=\"jet-button__plane jet-button__plane-normal\"><\/div>\n\t\t<div class=\"jet-button__plane jet-button__plane-hover\"><\/div>\n\t\t<div class=\"jet-button__state jet-button__state-normal\">\n\t\t\t<span class=\"jet-button__label\">Voir le poste<\/span>\t\t<\/div>\n\t\t<div class=\"jet-button__state jet-button__state-hover\">\n\t\t\t<span class=\"jet-button__label\">Voir le poste<\/span>\t\t<\/div>\n\t<\/a>\n<\/div>\n<\/div>\t\t\t\t<\/div>\n\t\t\t\t<\/div>\n\t\t\t\t<\/div>\n\t\t\t\t<\/div>\n\t\t\t\t<\/div>\n\t\t<\/div><\/div><\/div><\/div>\n<h2 class=\"wp-block-heading\">Contactez-nous, notre conseiller patient vous guidera et vous conseillera tout au long du processus !<\/h2>\n\n<p>Avec MedClinics, vous trouverez le traitement ou l&rsquo;intervention chirurgicale qui vous convient le mieux. Nous vous expliquerons tous les d\u00e9tails et vous aiderons \u00e0 trouver la clinique la plus adapt\u00e9e \u00e0 vos besoins sp\u00e9cifiques.<\/p>\n\n<p>N&rsquo;h\u00e9sitez pas \u00e0 nous contacter pour discuter du <a href=\"https:\/\/medclinics.com\/fr\/traitements-orthopediques\/orthopedic-treatments-2\/\" target=\"_blank\" rel=\"noreferrer noopener\">traitement ou de la chirurgie orthop\u00e9dique<\/a> que vous pr\u00e9f\u00e9rez.<\/p>\n\n<div class=\"wp-block-buttons is-layout-flex wp-block-buttons-is-layout-flex\">\n<div class=\"wp-block-button has-custom-width wp-block-button__width-100 is-style-fill\"><a class=\"wp-block-button__link has-background wp-element-button\" href=\"#requestform\" style=\"border-radius:8px;background-color:#225b75\">Consultation gratuite<\/a><\/div>\n<\/div>\n","protected":false},"excerpt":{"rendered":"<p>Les traitements orthop\u00e9diques sont de plus en plus avanc\u00e9s et permettent souvent de rem\u00e9dier \u00e0 l&rsquo;immobilit\u00e9. Douleurs articulaires, immobilit\u00e9, ou [&hellip;]<\/p>\n","protected":false},"author":4,"featured_media":91709,"parent":0,"menu_order":0,"comment_status":"closed","ping_status":"closed","template":"","meta":{"site-sidebar-layout":"default","site-content-layout":"","ast-site-content-layout":"default","site-content-style":"default","site-sidebar-style":"default","ast-global-header-display":"","ast-banner-title-visibility":"","ast-main-header-display":"","ast-hfb-above-header-display":"","ast-hfb-below-header-display":"","ast-hfb-mobile-header-display":"","site-post-title":"","ast-breadcrumbs-content":"","ast-featured-img":"","footer-sml-layout":"","ast-disable-related-posts":"","theme-transparent-header-meta":"","adv-header-id-meta":"","stick-header-meta":"","header-above-stick-meta":"","header-main-stick-meta":"","header-below-stick-meta":"","astra-migrate-meta-layouts":"default","ast-page-background-enabled":"default","ast-page-background-meta":{"desktop":{"background-color":"var(--ast-global-color-4)","background-image":"","background-repeat":"repeat","background-position":"center center","background-size":"auto","background-attachment":"scroll","background-type":"","background-media":"","overlay-type":"","overlay-color":"","overlay-opacity":"","overlay-gradient":""},"tablet":{"background-color":"","background-image":"","background-repeat":"repeat","background-position":"center center","background-size":"auto","background-attachment":"scroll","background-type":"","background-media":"","overlay-type":"","overlay-color":"","overlay-opacity":"","overlay-gradient":""},"mobile":{"background-color":"","background-image":"","background-repeat":"repeat","background-position":"center center","background-size":"auto","background-attachment":"scroll","background-type":"","background-media":"","overlay-type":"","overlay-color":"","overlay-opacity":"","overlay-gradient":""}},"ast-content-background-meta":{"desktop":{"background-color":"var(--ast-global-color-5)","background-image":"","background-repeat":"repeat","background-position":"center center","background-size":"auto","background-attachment":"scroll","background-type":"","background-media":"","overlay-type":"","overlay-color":"","overlay-opacity":"","overlay-gradient":""},"tablet":{"background-color":"var(--ast-global-color-5)","background-image":"","background-repeat":"repeat","background-position":"center center","background-size":"auto","background-attachment":"scroll","background-type":"","background-media":"","overlay-type":"","overlay-color":"","overlay-opacity":"","overlay-gradient":""},"mobile":{"background-color":"var(--ast-global-color-5)","background-image":"","background-repeat":"repeat","background-position":"center center","background-size":"auto","background-attachment":"scroll","background-type":"","background-media":"","overlay-type":"","overlay-color":"","overlay-opacity":"","overlay-gradient":""}},"footnotes":""},"class_list":["post-144641","page","type-page","status-publish","has-post-thumbnail","hentry"],"_links":{"self":[{"href":"https:\/\/medclinics.com\/fr\/wp-json\/wp\/v2\/pages\/144641","targetHints":{"allow":["GET"]}}],"collection":[{"href":"https:\/\/medclinics.com\/fr\/wp-json\/wp\/v2\/pages"}],"about":[{"href":"https:\/\/medclinics.com\/fr\/wp-json\/wp\/v2\/types\/page"}],"author":[{"embeddable":true,"href":"https:\/\/medclinics.com\/fr\/wp-json\/wp\/v2\/users\/4"}],"replies":[{"embeddable":true,"href":"https:\/\/medclinics.com\/fr\/wp-json\/wp\/v2\/comments?post=144641"}],"version-history":[{"count":0,"href":"https:\/\/medclinics.com\/fr\/wp-json\/wp\/v2\/pages\/144641\/revisions"}],"wp:featuredmedia":[{"embeddable":true,"href":"https:\/\/medclinics.com\/fr\/wp-json\/wp\/v2\/media\/91709"}],"wp:attachment":[{"href":"https:\/\/medclinics.com\/fr\/wp-json\/wp\/v2\/media?parent=144641"}],"curies":[{"name":"wp","href":"https:\/\/api.w.org\/{rel}","templated":true}]}}