{"id":144599,"date":"2023-04-18T14:17:26","date_gmt":"2023-04-18T14:17:26","guid":{"rendered":"https:\/\/medclinics.com\/examens-medicaux\/"},"modified":"2024-04-01T15:38:49","modified_gmt":"2024-04-01T12:38:49","slug":"examens-medicaux","status":"publish","type":"page","link":"https:\/\/medclinics.com\/fr\/examens-medicaux\/","title":{"rendered":"Examens m\u00e9dicaux"},"content":{"rendered":"\n<h2 class=\"wp-block-heading\">La tendance \u00e0 la visite m\u00e9dicale gagne en popularit\u00e9 et est devenue l&rsquo;une des proc\u00e9dures les plus recherch\u00e9es dans le monde.<\/h2>\n\n<figure class=\"wp-block-image size-full\"><img fetchpriority=\"high\" decoding=\"async\" width=\"960\" height=\"550\" src=\"https:\/\/medclinics.com\/wp-content\/uploads\/2023\/05\/medical-check-up-in-istanbul-1.jpg\" alt=\"bilan de sant&#xE9; &#xE0; istanbul\" class=\"wp-image-86681\" srcset=\"https:\/\/medclinics.com\/wp-content\/uploads\/2023\/05\/medical-check-up-in-istanbul-1.jpg 960w, https:\/\/medclinics.com\/wp-content\/uploads\/2023\/05\/medical-check-up-in-istanbul-1-500x286.jpg 500w, https:\/\/medclinics.com\/wp-content\/uploads\/2023\/05\/medical-check-up-in-istanbul-1-768x440.jpg 768w, https:\/\/medclinics.com\/wp-content\/uploads\/2023\/05\/medical-check-up-in-istanbul-1-24x14.jpg 24w, https:\/\/medclinics.com\/wp-content\/uploads\/2023\/05\/medical-check-up-in-istanbul-1-36x21.jpg 36w, https:\/\/medclinics.com\/wp-content\/uploads\/2023\/05\/medical-check-up-in-istanbul-1-48x28.jpg 48w\" sizes=\"(max-width: 960px) 100vw, 960px\" \/><\/figure>\n\n<h3 class=\"wp-block-heading\">D\u00e9couvrez les cliniques et h\u00f4pitaux les mieux not\u00e9s qui offrent des services exceptionnels pour votre bilan de sant\u00e9 complet.<\/h3>\n\n<p><strong>La pr\u00e9vention sauve des vies<\/strong><\/p>\n\n<p>Alors que dans le pass\u00e9, les soins de sant\u00e9 pr\u00e9ventifs \u00e9taient largement laiss\u00e9s \u00e0 l&rsquo;appr\u00e9ciation du m\u00e9decin de famille, les progr\u00e8s de la m\u00e9decine ont conduit \u00e0 la mise au point d&rsquo;options de d\u00e9pistage compl\u00e8tes.<\/p>\n\n<p>Outre le contr\u00f4le des valeurs sanguines standard telles que le sucre, les valeurs h\u00e9patiques et le cholest\u00e9rol, des forfaits personnalis\u00e9s sont propos\u00e9s. Une distinction est faite entre les examens pr\u00e9ventifs pour les hommes et les femmes, une coordination est faite en fonction de l&rsquo;\u00e2ge, et il existe m\u00eame des examens pr\u00e9ventifs pour les enfants.<\/p>\n\n<p>Il est aujourd&rsquo;hui courant de proc\u00e9der \u00e0 des d\u00e9pistages sp\u00e9ciaux du cancer, en particulier \u00e0 la recherche de marqueurs du cancer, \u00e0 une mammographie ou \u00e0 un <a href=\"https:\/\/en.wikipedia.org\/wiki\/Pap_test\" target=\"_blank\" rel=\"noreferrer noopener\">frottis<\/a> pour les femmes, \u00e0 un examen de la prostate pour les hommes et \u00e0 une coloscopie ou \u00e0 un autre test de d\u00e9pistage pour d\u00e9tecter le cancer du c\u00f4lon.<\/p>\n\n<p>En outre, le m\u00e9decin peut recommander d&rsquo;autres tests en fonction des facteurs de risque individuels et des ant\u00e9c\u00e9dents m\u00e9dicaux du patient.<\/p>\n\n<p><strong>Avec<\/strong> <strong>MedClinics, vous pouvez trouver les formules de d\u00e9pistage qui vous conviennent le mieux \u00e0 un prix abordable !<\/strong> <strong><a href=\"https:\/\/medclinics.com\/eye\/#requestform\">Contactez-nous<\/a> d\u00e8s maintenant et trouvez les check-up qui vous conviennent le mieux !<\/strong><\/p>\n\n<h2 class=\"wp-block-heading\">Types d&rsquo;examens m\u00e9dicaux :<\/h2>\n<div class=\"jet-listing-grid--blocks   jet-sm-gb-wrapper jet-sm-gb-0cf7b254-192e-43d9-a62c-da60482c3509\"data-element-id=\"0cf7b254-192e-43d9-a62c-da60482c3509\"data-listing-type=\"blocks\"data-is-block=\"jet-engine\/listing-grid\"><div class=\"jet-listing-notice\">Please select listing to show.<\/div><\/div>\n<h2 class=\"wp-block-heading\">Contactez-nous, notre conseiller patient vous guidera et vous conseillera tout au long du processus !<\/h2>\n\n<p>Avec MedClinics, vous trouverez la solution et le traitement de chirurgie plastique et esth\u00e9tique qui vous conviennent le mieux.\nNous vous expliquerons tous les d\u00e9tails et vous aiderons \u00e0 trouver la clinique la plus adapt\u00e9e \u00e0 vos besoins sp\u00e9cifiques. <\/p>\n\n<p> <\/p>\n","protected":false},"excerpt":{"rendered":"<p>La tendance \u00e0 la visite m\u00e9dicale gagne en popularit\u00e9 et est devenue l&rsquo;une des proc\u00e9dures les plus recherch\u00e9es dans le [&hellip;]<\/p>\n","protected":false},"author":4,"featured_media":86681,"parent":0,"menu_order":0,"comment_status":"closed","ping_status":"closed","template":"","meta":{"site-sidebar-layout":"default","site-content-layout":"","ast-site-content-layout":"default","site-content-style":"default","site-sidebar-style":"default","ast-global-header-display":"","ast-banner-title-visibility":"","ast-main-header-display":"","ast-hfb-above-header-display":"","ast-hfb-below-header-display":"","ast-hfb-mobile-header-display":"","site-post-title":"","ast-breadcrumbs-content":"","ast-featured-img":"","footer-sml-layout":"","ast-disable-related-posts":"","theme-transparent-header-meta":"","adv-header-id-meta":"","stick-header-meta":"","header-above-stick-meta":"","header-main-stick-meta":"","header-below-stick-meta":"","astra-migrate-meta-layouts":"default","ast-page-background-enabled":"default","ast-page-background-meta":{"desktop":{"background-color":"var(--ast-global-color-4)","background-image":"","background-repeat":"repeat","background-position":"center center","background-size":"auto","background-attachment":"scroll","background-type":"","background-media":"","overlay-type":"","overlay-color":"","overlay-opacity":"","overlay-gradient":""},"tablet":{"background-color":"","background-image":"","background-repeat":"repeat","background-position":"center center","background-size":"auto","background-attachment":"scroll","background-type":"","background-media":"","overlay-type":"","overlay-color":"","overlay-opacity":"","overlay-gradient":""},"mobile":{"background-color":"","background-image":"","background-repeat":"repeat","background-position":"center center","background-size":"auto","background-attachment":"scroll","background-type":"","background-media":"","overlay-type":"","overlay-color":"","overlay-opacity":"","overlay-gradient":""}},"ast-content-background-meta":{"desktop":{"background-color":"var(--ast-global-color-5)","background-image":"","background-repeat":"repeat","background-position":"center center","background-size":"auto","background-attachment":"scroll","background-type":"","background-media":"","overlay-type":"","overlay-color":"","overlay-opacity":"","overlay-gradient":""},"tablet":{"background-color":"var(--ast-global-color-5)","background-image":"","background-repeat":"repeat","background-position":"center center","background-size":"auto","background-attachment":"scroll","background-type":"","background-media":"","overlay-type":"","overlay-color":"","overlay-opacity":"","overlay-gradient":""},"mobile":{"background-color":"var(--ast-global-color-5)","background-image":"","background-repeat":"repeat","background-position":"center center","background-size":"auto","background-attachment":"scroll","background-type":"","background-media":"","overlay-type":"","overlay-color":"","overlay-opacity":"","overlay-gradient":""}},"footnotes":""},"class_list":["post-144599","page","type-page","status-publish","has-post-thumbnail","hentry"],"_links":{"self":[{"href":"https:\/\/medclinics.com\/fr\/wp-json\/wp\/v2\/pages\/144599","targetHints":{"allow":["GET"]}}],"collection":[{"href":"https:\/\/medclinics.com\/fr\/wp-json\/wp\/v2\/pages"}],"about":[{"href":"https:\/\/medclinics.com\/fr\/wp-json\/wp\/v2\/types\/page"}],"author":[{"embeddable":true,"href":"https:\/\/medclinics.com\/fr\/wp-json\/wp\/v2\/users\/4"}],"replies":[{"embeddable":true,"href":"https:\/\/medclinics.com\/fr\/wp-json\/wp\/v2\/comments?post=144599"}],"version-history":[{"count":0,"href":"https:\/\/medclinics.com\/fr\/wp-json\/wp\/v2\/pages\/144599\/revisions"}],"wp:featuredmedia":[{"embeddable":true,"href":"https:\/\/medclinics.com\/fr\/wp-json\/wp\/v2\/media\/86681"}],"wp:attachment":[{"href":"https:\/\/medclinics.com\/fr\/wp-json\/wp\/v2\/media?parent=144599"}],"curies":[{"name":"wp","href":"https:\/\/api.w.org\/{rel}","templated":true}]}}