{"id":144535,"date":"2023-05-24T14:35:25","date_gmt":"2023-05-24T11:35:25","guid":{"rendered":"https:\/\/medclinics.com\/fiv-fecondation-in-vitro\/"},"modified":"2025-01-02T16:24:22","modified_gmt":"2025-01-02T13:24:22","slug":"fiv-fecondation-in-vitro","status":"publish","type":"page","link":"https:\/\/medclinics.com\/fr\/fiv-fecondation-in-vitro\/","title":{"rendered":"FIV &#8211; F\u00e9condation in vitro"},"content":{"rendered":"\n<h2 class=\"wp-block-heading\">Vous souhaitez avoir un enfant depuis longtemps, mais la grossesse ne se d\u00e9roule pas comme pr\u00e9vu ? Envisagez-vous une FIV ?<\/h2>\n\n<figure class=\"wp-block-image size-full\"><img fetchpriority=\"high\" decoding=\"async\" width=\"960\" height=\"540\" src=\"https:\/\/medclinics.com\/wp-content\/uploads\/2023\/07\/ivf-in-vitro-fertilisation-in-turkey.jpg\" alt=\"FIV F&#xE9;condation in vitro Istanbul Turquie\" class=\"wp-image-96649\" srcset=\"https:\/\/medclinics.com\/wp-content\/uploads\/2023\/07\/ivf-in-vitro-fertilisation-in-turkey.jpg 960w, https:\/\/medclinics.com\/wp-content\/uploads\/2023\/07\/ivf-in-vitro-fertilisation-in-turkey-500x281.jpg 500w, https:\/\/medclinics.com\/wp-content\/uploads\/2023\/07\/ivf-in-vitro-fertilisation-in-turkey-768x432.jpg 768w, https:\/\/medclinics.com\/wp-content\/uploads\/2023\/07\/ivf-in-vitro-fertilisation-in-turkey-24x14.jpg 24w, https:\/\/medclinics.com\/wp-content\/uploads\/2023\/07\/ivf-in-vitro-fertilisation-in-turkey-36x20.jpg 36w, https:\/\/medclinics.com\/wp-content\/uploads\/2023\/07\/ivf-in-vitro-fertilisation-in-turkey-48x27.jpg 48w\" sizes=\"(max-width: 960px) 100vw, 960px\" \/><\/figure>\n\n<h2 class=\"wp-block-heading\">Introduction \u00e0 l&rsquo;ins\u00e9mination artificielle<\/h2>\n\n<p>L&rsquo;<a href=\"https:\/\/medclinics.com\/fr\/insemination-artificielle-fiv-a-istanbul-turquie-meilleures-cliniques-prix-chirurgiens-et-taux-de-reussite\/\" target=\"_blank\" rel=\"noreferrer noopener\">ins\u00e9mination artificielle<\/a> est une m\u00e9thode de traitement complexe qui prend du temps. MedClinics vous accompagne \u00e0 chaque \u00e9tape de la proc\u00e9dure. Tout commence par une analyse. Ici, vous verrez tout : les tactiques, les taux de r\u00e9ussite et les m\u00e9thodes d&rsquo;ins\u00e9mination artificielle. Une diff\u00e9rence est faite entre la <a href=\"https:\/\/medclinics.com\/fr\/fiv-fecondation-in-vitro\/\" target=\"_blank\" rel=\"noreferrer noopener\">FIV<\/a>, l&rsquo;<a href=\"https:\/\/medclinics.com\/fr\/insemination-artificielle-fiv-a-istanbul-turquie-meilleures-cliniques-prix-chirurgiens-et-taux-de-reussite\/\" target=\"_blank\" rel=\"noreferrer noopener\">ins\u00e9mination<\/a> et d&rsquo;autres. En tant qu&rsquo;avanc\u00e9e cruciale dans le traitement de la reproduction, l&rsquo;ins\u00e9mination synth\u00e9tique donne de l&rsquo;espoir aux personnes et aux couples confront\u00e9s \u00e0 des situations difficiles en mati\u00e8re de fertilit\u00e9. Cet article propose une exploration d\u00e9taill\u00e9e des techniques impliqu\u00e9es, des \u00e9l\u00e9ments affectant les co\u00fbts de r\u00e9alisation et des diff\u00e9rentes techniques disponibles, ainsi que de la FIV et de l&rsquo;ins\u00e9mination intra-ut\u00e9rine (IUI).      <\/p>\n\n<p>L&rsquo;ins\u00e9mination artificielle est con\u00e7ue pour aider en th\u00e9orie lorsque la f\u00e9condation \u00e0 base de plantes est difficile ou impossible en raison de probl\u00e8mes de sant\u00e9 sous-jacents. La m\u00e9thode a beaucoup \u00e9volu\u00e9 au fil des ans, offrant des taux de r\u00e9ussite plus \u00e9lev\u00e9s et des processus plus personnalis\u00e9s pour r\u00e9pondre aux souhaits individuels. Voyons ce qui fait de ce rem\u00e8de une alternative prometteuse pour les m\u00e8res et les p\u00e8res pleins d&rsquo;espoir.  <\/p>\n\n<h2 class=\"wp-block-heading\">Diagnostic : Le point de d\u00e9part<\/h2>\n\n<p>Avant de commencer la technique, il est important de proc\u00e9der \u00e0 une analyse appropri\u00e9e. Le diagnostic consiste \u00e0 \u00e9valuer les deux compagnons afin de d\u00e9terminer la cause sous-jacente de l&rsquo;infertilit\u00e9. Les tests diagnostiques courants consistent en des dosages hormonaux, des analyses de sperme et des \u00e9chographies pour \u00e9valuer les organes reproducteurs. Cette premi\u00e8re \u00e9tape est importante, car elle aide le groupe scientifique \u00e0 choisir la m\u00e9thode de traitement la plus appropri\u00e9e.   <\/p>\n\n<p>MedClinics propose des services de diagnostic complets afin de s&rsquo;assurer que la bonne voie est emprunt\u00e9e d\u00e8s le d\u00e9part. En \u00e9valuant les situations personnelles, ils aident \u00e0 mettre au point un plan de traitement con\u00e7u pour obtenir des r\u00e9sultats viables et agr\u00e9ables. <\/p>\n\n<h2 class=\"wp-block-heading\">MedClinics : Soutien tout au long du processus<\/h2>\n\n<p>MedClinics a pour mission d&rsquo;aider les patients dans leur parcours de fertilit\u00e9. La m\u00e9thode personnalis\u00e9e garantit que chaque \u00e9tape est contr\u00f4l\u00e9e avec soin et compr\u00e9hension. De l&rsquo;analyse initiale au suivi post-m\u00e9thode, MedClinics donne la priorit\u00e9 au bien-\u00eatre du patient, en lui offrant des conseils, un accompagnement \u00e9motionnel et des connaissances scientifiques. Ce niveau d&rsquo;attention est vital pour un traitement aussi sensible et consid\u00e9rable que l&rsquo;ins\u00e9mination artificielle.   <\/p>\n\n<h2 class=\"wp-block-heading\">Proc\u00e9dures d&rsquo;ins\u00e9mination artificielle<\/h2>\n\n<p>Il existe plusieurs approches de l&rsquo;ins\u00e9mination artificielle, et chaque technique a sa m\u00e9thode sp\u00e9cifique pour accomplir la th\u00e9orie. Les techniques les plus couramment utilis\u00e9es sont la f\u00e9condation in vitro (FIV) et l&rsquo;ins\u00e9mination intra-ut\u00e9rine (IIU). La proc\u00e9dure consiste g\u00e9n\u00e9ralement \u00e0 pr\u00e9parer le sperme et \u00e0 l&rsquo;introduire imm\u00e9diatement dans l&rsquo;ut\u00e9rus ou \u00e0 f\u00e9conder un ovule \u00e0 l&rsquo;ext\u00e9rieur du cadre avant l&rsquo;implantation.  <\/p>\n\n<h3 class=\"wp-block-heading\">Les diff\u00e9rentes m\u00e9thodes d&rsquo;ins\u00e9mination artificielle<\/h3>\n\n<ol class=\"wp-block-list\">\n<li><strong><a href=\"https:\/\/medclinics.com\/fr\/insemination-artificielle-fiv-a-istanbul-turquie-meilleures-cliniques-prix-chirurgiens-et-taux-de-reussite\/\" data-type=\"post\" data-id=\"146937\">FIV (f\u00e9condation in vitro)<\/a>:<\/strong> les ovules sont pr\u00e9lev\u00e9s dans les ovaires et f\u00e9cond\u00e9s en laboratoire avant d&rsquo;\u00eatre implant\u00e9s dans l&rsquo;ut\u00e9rus.<\/li>\n\n\n\n<li><strong><a href=\"https:\/\/medclinics.com\/fr\/insemination-2\/\" data-type=\"page\" data-id=\"146375\">IUI (ins\u00e9mination intra-ut\u00e9rine)<\/a>:<\/strong> le sperme est plac\u00e9 directement dans l&rsquo;ut\u00e9rus pour faciliter la f\u00e9condation.<\/li>\n\n\n\n<li><strong><a href=\"https:\/\/pubmed.ncbi.nlm.nih.gov\/8059813\/\" target=\"_blank\" data-type=\"link\" data-id=\"https:\/\/pubmed.ncbi.nlm.nih.gov\/8059813\/\" rel=\"noreferrer noopener\">ZIFT (Zygote Intrafallopian Transfer)<\/a>:<\/strong> des ovules f\u00e9cond\u00e9s (zygotes) sont plac\u00e9s dans les trompes de Fallope.<\/li>\n<\/ol>\n\n<p>Chaque m\u00e9thode a ses propres avantages et le choix de la bonne m\u00e9thode d\u00e9pend de l&rsquo;\u00e9tat, de l&rsquo;\u00e2ge et des ant\u00e9c\u00e9dents m\u00e9dicaux de la personne.<\/p>\n\n<h2 class=\"wp-block-heading\">Taux de r\u00e9ussite de l&rsquo;ins\u00e9mination artificielle<\/h2>\n\n<p>Les taux de r\u00e9ussite varient en fonction de plusieurs \u00e9l\u00e9ments, notamment l&rsquo;\u00e2ge, l&rsquo;\u00e9tat de sant\u00e9 moyen et la m\u00e9thode utilis\u00e9e. Par exemple, les patients plus jeunes ont g\u00e9n\u00e9ralement des taux de r\u00e9ussite plus \u00e9lev\u00e9s avec la FIV, tandis que diff\u00e9rentes strat\u00e9gies comme l&rsquo;IIU peuvent convenir \u00e0 des personnes ayant des probl\u00e8mes de fertilit\u00e9 particuliers.  <\/p>\n\n<h2 class=\"wp-block-heading\">FIV : la f\u00e9condation in vitro expliqu\u00e9e<\/h2>\n\n<p>La FIV est l&rsquo;une des m\u00e9thodes d&rsquo;ins\u00e9mination synth\u00e9tique les plus connues et les plus largement utilis\u00e9es. Le syst\u00e8me consiste \u00e0 stimuler les ovaires pour qu&rsquo;ils fournissent plusieurs ovules, \u00e0 les pr\u00e9lever, \u00e0 les f\u00e9conder en laboratoire et \u00e0 implanter les embryons dans l&rsquo;ut\u00e9rus. La FIV est souvent encourag\u00e9e pour les personnes dont les trompes de Fallope sont obstru\u00e9es, qui souffrent d&rsquo;une infertilit\u00e9 masculine excessive ou qui ont des probl\u00e8mes de fertilit\u00e9 inexpliqu\u00e9s. Ce syst\u00e8me n\u00e9cessite un suivi attentif et une expertise scientifique afin de maximiser les chances de r\u00e9ussite.    <\/p>\n\n<h2 class=\"wp-block-heading\">Villes et pays pour la FIV et la f\u00e9condation artificielle<\/h2>\n<div class=\"jet-listing-grid--blocks   jet-sm-gb-wrapper jet-sm-gb-f82a0a43-a005-49d6-b977-9db479f4a59d\"data-element-id=\"f82a0a43-a005-49d6-b977-9db479f4a59d\"data-listing-type=\"blocks\"data-is-block=\"jet-engine\/listing-grid\"><div class=\"jet-listing-grid jet-listing\"><div class=\"jet-listing-grid__items grid-col-desk-1 grid-col-tablet-1 grid-col-mobile-1 jet-listing-grid--154774 jet-equal-columns__wrapper\" data-queried-id=\"144535|WP_Post\" data-nav=\"{&quot;enabled&quot;:false,&quot;type&quot;:null,&quot;more_el&quot;:null,&quot;query&quot;:[],&quot;widget_settings&quot;:{&quot;lisitng_id&quot;:154774,&quot;posts_num&quot;:20,&quot;columns&quot;:1,&quot;columns_tablet&quot;:1,&quot;columns_mobile&quot;:1,&quot;column_min_width&quot;:240,&quot;column_min_width_tablet&quot;:240,&quot;column_min_width_mobile&quot;:240,&quot;inline_columns_css&quot;:true,&quot;is_archive_template&quot;:&quot;&quot;,&quot;post_status&quot;:[&quot;publish&quot;],&quot;use_random_posts_num&quot;:&quot;&quot;,&quot;max_posts_num&quot;:6,&quot;not_found_message&quot;:&quot;No data was found&quot;,&quot;is_masonry&quot;:false,&quot;equal_columns_height&quot;:true,&quot;use_load_more&quot;:&quot;&quot;,&quot;load_more_id&quot;:&quot;&quot;,&quot;load_more_type&quot;:&quot;click&quot;,&quot;load_more_offset&quot;:null,&quot;use_custom_post_types&quot;:&quot;&quot;,&quot;custom_post_types&quot;:[],&quot;hide_widget_if&quot;:&quot;&quot;,&quot;carousel_enabled&quot;:&quot;&quot;,&quot;slides_to_scroll&quot;:1,&quot;arrows&quot;:true,&quot;arrow_icon&quot;:&quot;fa fa-angle-left&quot;,&quot;dots&quot;:&quot;&quot;,&quot;autoplay&quot;:true,&quot;pause_on_hover&quot;:true,&quot;autoplay_speed&quot;:5000,&quot;infinite&quot;:true,&quot;center_mode&quot;:&quot;&quot;,&quot;effect&quot;:&quot;slide&quot;,&quot;speed&quot;:500,&quot;inject_alternative_items&quot;:&quot;&quot;,&quot;injection_items&quot;:[],&quot;scroll_slider_enabled&quot;:&quot;&quot;,&quot;scroll_slider_on&quot;:[&quot;desktop&quot;,&quot;tablet&quot;,&quot;mobile&quot;],&quot;custom_query&quot;:false,&quot;custom_query_id&quot;:&quot;214&quot;,&quot;_element_id&quot;:&quot;&quot;,&quot;collapse_first_last_gap&quot;:false,&quot;list_tag_selection&quot;:&quot;&quot;,&quot;list_items_wrapper_tag&quot;:&quot;div&quot;,&quot;list_item_tag&quot;:&quot;div&quot;,&quot;empty_items_wrapper_tag&quot;:&quot;div&quot;}}\" data-page=\"1\" data-pages=\"1\" data-listing-source=\"posts\" data-listing-id=\"154774\" data-query-id=\"\"><style>.elementor-154768 .elementor-element.elementor-element-658edc4{--display:flex;--min-height:200px;--flex-direction:row;--container-widget-width:calc( ( 1 - var( --container-widget-flex-grow ) ) * 100% );--container-widget-height:100%;--container-widget-flex-grow:1;--container-widget-align-self:stretch;--flex-wrap-mobile:wrap;--align-items:stretch;--gap:10px 10px;--row-gap:10px;--column-gap:10px;--border-radius:10px 10px 10px 10px;box-shadow:0px 4px 6px 0px rgba(177, 182, 190, 0.25);}.elementor-154768 .elementor-element.elementor-element-658edc4:not(.elementor-motion-effects-element-type-background), .elementor-154768 .elementor-element.elementor-element-658edc4 > .elementor-motion-effects-container > .elementor-motion-effects-layer{background-color:#E1ECF3;}.elementor-154768 .elementor-element.elementor-element-dbaaf29{--display:flex;--justify-content:center;--gap:0px 0px;--row-gap:0px;--column-gap:0px;--border-radius:10px 0px 0px 10px;--margin-top:-10px;--margin-bottom:-10px;--margin-left:-10px;--margin-right:0px;--padding-top:0px;--padding-bottom:0px;--padding-left:10px;--padding-right:10px;}.elementor-154768 .elementor-element.elementor-element-dbaaf29:not(.elementor-motion-effects-element-type-background), .elementor-154768 .elementor-element.elementor-element-dbaaf29 > .elementor-motion-effects-container > .elementor-motion-effects-layer{background-color:#FFFFFF;background-position:center center;background-repeat:no-repeat;background-size:cover;}.elementor-154768 .elementor-element.elementor-element-dbaaf29.e-con{--order:-99999 \/* order start hack *\/;--flex-grow:0;--flex-shrink:0;}.elementor-154768 .elementor-element.elementor-element-fa35788{--display:flex;--gap:0px 0px;--row-gap:0px;--column-gap:0px;}.elementor-154768 .elementor-element.elementor-element-425556c .jet-listing-dynamic-link__link{align-self:flex-start;font-size:18px;font-weight:600;line-height:20px;color:#303437;flex-direction:row;}.elementor-154768 .elementor-element.elementor-element-425556c .jet-listing-dynamic-link__link:hover{color:#225B75;}.elementor-154768 .elementor-element.elementor-element-425556c .jet-listing-dynamic-link__icon{order:-1;}.elementor-widget-jet-button .jet-button__plane-normal{background-color:var( --e-global-color-primary );}.elementor-widget-jet-button .jet-button__plane-hover{background-color:var( --e-global-color-secondary );}.elementor-widget-jet-button  .jet-button__state-normal .jet-button__label{font-family:var( --e-global-typography-primary-font-family ), Sans-serif;font-weight:var( --e-global-typography-primary-font-weight );}.elementor-widget-jet-button  .jet-button__state-hover .jet-button__label{font-family:var( --e-global-typography-primary-font-family ), Sans-serif;font-weight:var( --e-global-typography-primary-font-weight );}.elementor-154768 .elementor-element.elementor-element-c1f6025 .jet-button__container{justify-content:center;}.elementor-154768 .elementor-element.elementor-element-c1f6025 .jet-button__instance{background-color:#63AACE;border-radius:10px 10px 10px 10px;}.elementor-154768 .elementor-element.elementor-element-c1f6025 .jet-button__instance:hover{background-color:var( --e-global-color-primary );}.elementor-154768 .elementor-element.elementor-element-c1f6025 .jet-button__plane-normal{background-color:#225B75;}.elementor-154768 .elementor-element.elementor-element-c1f6025 .jet-button__plane-hover{background-color:var( --e-global-color-primary );}.elementor-154768 .elementor-element.elementor-element-c1f6025 .jet-button__state-normal .jet-button__label{text-align:left;}.elementor-154768 .elementor-element.elementor-element-c1f6025 .jet-button__state-hover .jet-button__label{text-align:left;}.elementor-154768 .elementor-element.elementor-element-c1f6025  .jet-button__state-normal .jet-button__label{font-size:14px;}.elementor-154768 .elementor-element.elementor-element-c1f6025  .jet-button__state-hover .jet-button__label{font-size:14px;}.elementor-154768 .elementor-element.elementor-element-c1f6025 > .elementor-widget-container{margin:20px 0px 0px 0px;}.elementor-154768 .elementor-element.elementor-element-c1f6025.elementor-element{--align-self:flex-start;}@media(min-width:768px){.elementor-154768 .elementor-element.elementor-element-dbaaf29{--width:40%;}.elementor-154768 .elementor-element.elementor-element-fa35788{--width:60%;}}@media(max-width:767px){.elementor-154768 .elementor-element.elementor-element-658edc4{--padding-top:-5px;--padding-bottom:-5px;--padding-left:-5px;--padding-right:-5px;}.elementor-154768 .elementor-element.elementor-element-dbaaf29{--min-height:210px;--border-radius:10px 10px 0px 0px;--margin-top:0px;--margin-bottom:0px;--margin-left:0px;--margin-right:0px;--padding-top:0px;--padding-bottom:0px;--padding-left:0px;--padding-right:0px;}.elementor-154768 .elementor-element.elementor-element-c1f6025 .jet-button__instance{width:1000px;margin:10px 0px 0px 0px;border-radius:10px 10px 10px 10px;}.elementor-154768 .elementor-element.elementor-element-c1f6025 .jet-button__state-normal{justify-content:center;}.elementor-154768 .elementor-element.elementor-element-c1f6025 .jet-button__state-hover{justify-content:center;}.elementor-154768 .elementor-element.elementor-element-c1f6025 .jet-button__instance--icon-top .jet-button__state-normal{align-items:center;justify-content:center;}.elementor-154768 .elementor-element.elementor-element-c1f6025 .jet-button__instance--icon-top .jet-button__state-hover{align-items:center;justify-content:center;}.elementor-154768 .elementor-element.elementor-element-c1f6025 .jet-button__instance--icon-bottom .jet-button__state-normal{align-items:center;justify-content:center;}.elementor-154768 .elementor-element.elementor-element-c1f6025 .jet-button__instance--icon-bottom .jet-button__state-hover{align-items:center;justify-content:center;}.elementor-154768 .elementor-element.elementor-element-c1f6025 > .elementor-widget-container{margin:0px 0px 0px 0px;}.elementor-154768 .elementor-element.elementor-element-c1f6025.elementor-element{--align-self:stretch;}}<\/style><div class=\"jet-listing-grid__item jet-listing-dynamic-post-147498 jet-equal-columns\" data-post-id=\"147498\"  ><style type=\"text\/css\">.jet-listing-dynamic-post-147498 .elementor-element.elementor-element-dbaaf29:not(.elementor-motion-effects-element-type-background), .jet-listing-dynamic-post-147498 .elementor-element.elementor-element-dbaaf29 > .elementor-motion-effects-container > .elementor-motion-effects-layer{background-image:url(\"https:\/\/medclinics.com\/wp-content\/uploads\/2024\/03\/istanbul-city.jpg\");}<\/style>\t\t<div data-elementor-type=\"jet-listing-items\" data-elementor-id=\"154768\" class=\"elementor elementor-154768 elementor-154744\" data-elementor-post-type=\"jet-engine\">\n\t\t\t\t<div class=\"elementor-element elementor-element-658edc4 e-con-full e-flex e-con e-parent\" data-id=\"658edc4\" data-element_type=\"container\" data-e-type=\"container\" data-settings=\"{&quot;background_background&quot;:&quot;classic&quot;,&quot;jet_parallax_layout_list&quot;:[]}\">\n\t\t<div class=\"elementor-element elementor-element-dbaaf29 e-con-full e-flex e-con e-child\" data-id=\"dbaaf29\" data-element_type=\"container\" data-e-type=\"container\" data-settings=\"{&quot;background_background&quot;:&quot;classic&quot;,&quot;jet_parallax_layout_list&quot;:[]}\">\n\t\t\t\t<\/div>\n\t\t<div class=\"elementor-element elementor-element-fa35788 e-con-full e-flex e-con e-child\" data-id=\"fa35788\" data-element_type=\"container\" data-e-type=\"container\" data-settings=\"{&quot;jet_parallax_layout_list&quot;:[]}\">\n\t\t\t\t<div class=\"elementor-element elementor-element-425556c elementor-widget elementor-widget-jet-listing-dynamic-link\" data-id=\"425556c\" data-element_type=\"widget\" data-e-type=\"widget\" data-widget_type=\"jet-listing-dynamic-link.default\">\n\t\t\t\t<div class=\"elementor-widget-container\">\n\t\t\t\t\t<a href=\"https:\/\/medclinics.com\/fr\/insemination-artificielle-fiv-a-istanbul-turquie-meilleures-cliniques-prix-chirurgiens-et-taux-de-reussite\/\" class=\"jet-listing-dynamic-link__link\">Ins\u00e9mination artificielle &#8211; FIV \u00e0 Istanbul, Turquie | Meilleures cliniques, prix, chirurgiens et taux de r\u00e9ussite<\/a>\t\t\t\t<\/div>\n\t\t\t\t<\/div>\n\t\t\t\t<div class=\"elementor-element elementor-element-c1f6025 elementor-widget elementor-widget-jet-button\" data-id=\"c1f6025\" data-element_type=\"widget\" data-e-type=\"widget\" data-widget_type=\"jet-button.default\">\n\t\t\t\t<div class=\"elementor-widget-container\">\n\t\t\t\t\t<div class=\"elementor-jet-button jet-elements\"><div class=\"jet-button__container\">\n\t<a class=\"jet-button__instance jet-button__instance--icon-left hover-effect-0\" href=\"https:\/\/medclinics.com\/fr\/insemination-artificielle-fiv-a-istanbul-turquie-meilleures-cliniques-prix-chirurgiens-et-taux-de-reussite\/\">\n\t\t<div class=\"jet-button__plane jet-button__plane-normal\"><\/div>\n\t\t<div class=\"jet-button__plane jet-button__plane-hover\"><\/div>\n\t\t<div class=\"jet-button__state jet-button__state-normal\">\n\t\t\t<span class=\"jet-button__label\">Voir le poste<\/span>\t\t<\/div>\n\t\t<div class=\"jet-button__state jet-button__state-hover\">\n\t\t\t<span class=\"jet-button__label\">Voir le poste<\/span>\t\t<\/div>\n\t<\/a>\n<\/div>\n<\/div>\t\t\t\t<\/div>\n\t\t\t\t<\/div>\n\t\t\t\t<\/div>\n\t\t\t\t<\/div>\n\t\t\t\t<\/div>\n\t\t<\/div><\/div><\/div><\/div>\n<h2 class=\"wp-block-heading\">Contactez-nous, notre conseiller patient vous guidera et vous conseillera tout au long du processus !<\/h2>\n\n<p>Ensemble, nous trouverons la meilleure solution et le meilleur <a href=\"https:\/\/medclinics.com\/fr\/traitements\/\" target=\"_blank\" rel=\"noreferrer noopener\">traitement<\/a> pour vous. Nous vous expliquerons tous les d\u00e9tails et vous aiderons \u00e0 trouver la clinique la plus adapt\u00e9e \u00e0 vos besoins sp\u00e9cifiques.<\/p>\n\n<p>Veuillez nous contacter pour discuter du traitement de FIV &#8211; f\u00e9condation in vitro que vous pr\u00e9f\u00e9rez.<\/p>\n\n<div class=\"wp-block-buttons is-layout-flex wp-block-buttons-is-layout-flex\">\n<div class=\"wp-block-button has-custom-width wp-block-button__width-100 is-style-fill\"><a class=\"wp-block-button__link has-background wp-element-button\" href=\"#requestform\" style=\"border-radius:8px;background-color:#225b75\">Consultation gratuite<\/a><\/div>\n<\/div>\n\n<p><\/p>\n","protected":false},"excerpt":{"rendered":"<p>Vous souhaitez avoir un enfant depuis longtemps, mais la grossesse ne se d\u00e9roule pas comme pr\u00e9vu ? Envisagez-vous une FIV [&hellip;]<\/p>\n","protected":false},"author":4,"featured_media":54943,"parent":0,"menu_order":0,"comment_status":"closed","ping_status":"closed","template":"","meta":{"site-sidebar-layout":"default","site-content-layout":"","ast-site-content-layout":"default","site-content-style":"default","site-sidebar-style":"default","ast-global-header-display":"","ast-banner-title-visibility":"","ast-main-header-display":"","ast-hfb-above-header-display":"","ast-hfb-below-header-display":"","ast-hfb-mobile-header-display":"","site-post-title":"","ast-breadcrumbs-content":"","ast-featured-img":"","footer-sml-layout":"","ast-disable-related-posts":"","theme-transparent-header-meta":"","adv-header-id-meta":"","stick-header-meta":"","header-above-stick-meta":"","header-main-stick-meta":"","header-below-stick-meta":"","astra-migrate-meta-layouts":"default","ast-page-background-enabled":"default","ast-page-background-meta":{"desktop":{"background-color":"var(--ast-global-color-4)","background-image":"","background-repeat":"repeat","background-position":"center center","background-size":"auto","background-attachment":"scroll","background-type":"","background-media":"","overlay-type":"","overlay-color":"","overlay-opacity":"","overlay-gradient":""},"tablet":{"background-color":"","background-image":"","background-repeat":"repeat","background-position":"center center","background-size":"auto","background-attachment":"scroll","background-type":"","background-media":"","overlay-type":"","overlay-color":"","overlay-opacity":"","overlay-gradient":""},"mobile":{"background-color":"","background-image":"","background-repeat":"repeat","background-position":"center center","background-size":"auto","background-attachment":"scroll","background-type":"","background-media":"","overlay-type":"","overlay-color":"","overlay-opacity":"","overlay-gradient":""}},"ast-content-background-meta":{"desktop":{"background-color":"var(--ast-global-color-5)","background-image":"","background-repeat":"repeat","background-position":"center center","background-size":"auto","background-attachment":"scroll","background-type":"","background-media":"","overlay-type":"","overlay-color":"","overlay-opacity":"","overlay-gradient":""},"tablet":{"background-color":"var(--ast-global-color-5)","background-image":"","background-repeat":"repeat","background-position":"center center","background-size":"auto","background-attachment":"scroll","background-type":"","background-media":"","overlay-type":"","overlay-color":"","overlay-opacity":"","overlay-gradient":""},"mobile":{"background-color":"var(--ast-global-color-5)","background-image":"","background-repeat":"repeat","background-position":"center center","background-size":"auto","background-attachment":"scroll","background-type":"","background-media":"","overlay-type":"","overlay-color":"","overlay-opacity":"","overlay-gradient":""}},"footnotes":""},"class_list":["post-144535","page","type-page","status-publish","has-post-thumbnail","hentry"],"_links":{"self":[{"href":"https:\/\/medclinics.com\/fr\/wp-json\/wp\/v2\/pages\/144535","targetHints":{"allow":["GET"]}}],"collection":[{"href":"https:\/\/medclinics.com\/fr\/wp-json\/wp\/v2\/pages"}],"about":[{"href":"https:\/\/medclinics.com\/fr\/wp-json\/wp\/v2\/types\/page"}],"author":[{"embeddable":true,"href":"https:\/\/medclinics.com\/fr\/wp-json\/wp\/v2\/users\/4"}],"replies":[{"embeddable":true,"href":"https:\/\/medclinics.com\/fr\/wp-json\/wp\/v2\/comments?post=144535"}],"version-history":[{"count":0,"href":"https:\/\/medclinics.com\/fr\/wp-json\/wp\/v2\/pages\/144535\/revisions"}],"wp:featuredmedia":[{"embeddable":true,"href":"https:\/\/medclinics.com\/fr\/wp-json\/wp\/v2\/media\/54943"}],"wp:attachment":[{"href":"https:\/\/medclinics.com\/fr\/wp-json\/wp\/v2\/media?parent=144535"}],"curies":[{"name":"wp","href":"https:\/\/api.w.org\/{rel}","templated":true}]}}