{"id":144439,"date":"2023-04-18T14:56:31","date_gmt":"2023-04-18T14:56:31","guid":{"rendered":"https:\/\/medclinics.com\/produits-de-comblement-dermique\/"},"modified":"2024-04-06T11:47:38","modified_gmt":"2024-04-06T08:47:38","slug":"produits-de-comblement-dermique","status":"publish","type":"page","link":"https:\/\/medclinics.com\/fr\/produits-de-comblement-dermique\/","title":{"rendered":"Produits de comblement dermique"},"content":{"rendered":"\n<h2 class=\"wp-block-heading\">Vous cherchez \u00e0 restaurer le volume et \u00e0 r\u00e9duire les rides ? Pensez aux produits de comblement dermique, la solution id\u00e9ale pour une apparence jeune et rajeunie. <\/h2>\n\n<p><strong>Voici notre guide complet sur les produits de comblement dermique injectables.<\/strong><\/p>\n\n<p>Ces remarquables traitements injectables permettent de repulper les zones creuses, d&rsquo;att\u00e9nuer les rides et de rehausser votre beaut\u00e9 naturelle. Dites adieu \u00e0 la peau rel\u00e2ch\u00e9e et bonjour \u00e0 une peau rafra\u00eechie et plus radieuse. D\u00e9couvrez le pouvoir de transformation des produits de comblement et retrouvez une version plus vivante de vous-m\u00eame.<\/p>\n\n<p>Les <a href=\"https:\/\/en.wikipedia.org\/wiki\/Injectable_filler\" target=\"_blank\" rel=\"noreferrer noopener\">produits de comblement<\/a> sont connus depuis longtemps en m\u00e9decine esth\u00e9tique et ont fait leurs preuves en tant qu&rsquo;alternative \u00e0 la chirurgie plastique.<br\/>Les produits de comblement \u00e0 base d&rsquo;acide hyaluronique r\u00e9solvent g\u00e9n\u00e9ralement deux probl\u00e8mes \u00e0 la fois : ils corrigent les imperfections sans intervention chirurgicale et stimulent la production d&rsquo;acide hyaluronique par le patient lui-m\u00eame. Les produits de comblement dermique \u00e0 base d&rsquo;acide hyaluronique varient en densit\u00e9 et durent de 6 mois \u00e0 1 an.<\/p>\n\n<p>MedClinics vous accompagne sur le chemin du changement ! B\u00e9n\u00e9ficiez d&rsquo;un service simple et d&rsquo;un r\u00e9seau \u00e9tendu.<\/p>\n\n<p>D\u00e9couvrez les produits de <a href=\"https:\/\/medclinics.com\/fr\/comblement-des-levres\/\" target=\"_blank\" data-type=\"page\" data-id=\"89657\" rel=\"noreferrer noopener\">comblement des l\u00e8vres<\/a> qui ne feront jamais dispara\u00eetre votre sourire de vos l\u00e8vres, les produits de comblement sous les yeux qui vous aideront \u00e0 obtenir un regard radieux et les produits de comblement nasog\u00e9niens qui feront dispara\u00eetre les joues affaiss\u00e9es. M\u00eame votre nez peut \u00eatre redessin\u00e9 gr\u00e2ce aux produits de comblement.<\/p>\n\n<p><strong>Faites-vous traiter par des dermatologues certifi\u00e9s \u00e0 Istanbul dans des cliniques et des salons de beaut\u00e9 renomm\u00e9s. <a href=\"#request\" target=\"_blank\" rel=\"noreferrer noopener\">Contactez<\/a> nous d\u00e8s maintenant !<\/strong><\/p>\n\n<h2 class=\"wp-block-heading\">Contactez-nous, notre conseiller patient vous guidera et vous conseillera tout au long du processus !<\/h2>\n\n<p>Avec MedClinics, vous trouverez le traitement qui vous convient. Nous vous expliquerons tous les d\u00e9tails et vous aiderons \u00e0 trouver la clinique la plus adapt\u00e9e \u00e0 vos besoins sp\u00e9cifiques.<\/p>\n","protected":false},"excerpt":{"rendered":"<p>Vous cherchez \u00e0 restaurer le volume et \u00e0 r\u00e9duire les rides ? Pensez aux produits de comblement dermique, la solution [&hellip;]<\/p>\n","protected":false},"author":4,"featured_media":161288,"parent":0,"menu_order":0,"comment_status":"closed","ping_status":"closed","template":"","meta":{"site-sidebar-layout":"default","site-content-layout":"","ast-site-content-layout":"default","site-content-style":"default","site-sidebar-style":"default","ast-global-header-display":"","ast-banner-title-visibility":"","ast-main-header-display":"","ast-hfb-above-header-display":"","ast-hfb-below-header-display":"","ast-hfb-mobile-header-display":"","site-post-title":"","ast-breadcrumbs-content":"","ast-featured-img":"","footer-sml-layout":"","ast-disable-related-posts":"","theme-transparent-header-meta":"","adv-header-id-meta":"","stick-header-meta":"","header-above-stick-meta":"","header-main-stick-meta":"","header-below-stick-meta":"","astra-migrate-meta-layouts":"default","ast-page-background-enabled":"default","ast-page-background-meta":{"desktop":{"background-color":"var(--ast-global-color-4)","background-image":"","background-repeat":"repeat","background-position":"center center","background-size":"auto","background-attachment":"scroll","background-type":"","background-media":"","overlay-type":"","overlay-color":"","overlay-opacity":"","overlay-gradient":""},"tablet":{"background-color":"","background-image":"","background-repeat":"repeat","background-position":"center center","background-size":"auto","background-attachment":"scroll","background-type":"","background-media":"","overlay-type":"","overlay-color":"","overlay-opacity":"","overlay-gradient":""},"mobile":{"background-color":"","background-image":"","background-repeat":"repeat","background-position":"center center","background-size":"auto","background-attachment":"scroll","background-type":"","background-media":"","overlay-type":"","overlay-color":"","overlay-opacity":"","overlay-gradient":""}},"ast-content-background-meta":{"desktop":{"background-color":"var(--ast-global-color-5)","background-image":"","background-repeat":"repeat","background-position":"center center","background-size":"auto","background-attachment":"scroll","background-type":"","background-media":"","overlay-type":"","overlay-color":"","overlay-opacity":"","overlay-gradient":""},"tablet":{"background-color":"var(--ast-global-color-5)","background-image":"","background-repeat":"repeat","background-position":"center center","background-size":"auto","background-attachment":"scroll","background-type":"","background-media":"","overlay-type":"","overlay-color":"","overlay-opacity":"","overlay-gradient":""},"mobile":{"background-color":"var(--ast-global-color-5)","background-image":"","background-repeat":"repeat","background-position":"center center","background-size":"auto","background-attachment":"scroll","background-type":"","background-media":"","overlay-type":"","overlay-color":"","overlay-opacity":"","overlay-gradient":""}},"footnotes":""},"class_list":["post-144439","page","type-page","status-publish","has-post-thumbnail","hentry"],"_links":{"self":[{"href":"https:\/\/medclinics.com\/fr\/wp-json\/wp\/v2\/pages\/144439","targetHints":{"allow":["GET"]}}],"collection":[{"href":"https:\/\/medclinics.com\/fr\/wp-json\/wp\/v2\/pages"}],"about":[{"href":"https:\/\/medclinics.com\/fr\/wp-json\/wp\/v2\/types\/page"}],"author":[{"embeddable":true,"href":"https:\/\/medclinics.com\/fr\/wp-json\/wp\/v2\/users\/4"}],"replies":[{"embeddable":true,"href":"https:\/\/medclinics.com\/fr\/wp-json\/wp\/v2\/comments?post=144439"}],"version-history":[{"count":0,"href":"https:\/\/medclinics.com\/fr\/wp-json\/wp\/v2\/pages\/144439\/revisions"}],"wp:featuredmedia":[{"embeddable":true,"href":"https:\/\/medclinics.com\/fr\/wp-json\/wp\/v2\/media\/161288"}],"wp:attachment":[{"href":"https:\/\/medclinics.com\/fr\/wp-json\/wp\/v2\/media?parent=144439"}],"curies":[{"name":"wp","href":"https:\/\/api.w.org\/{rel}","templated":true}]}}