{"id":144433,"date":"2023-04-18T15:31:17","date_gmt":"2023-04-18T12:31:17","guid":{"rendered":"https:\/\/medclinics.com\/traitement-de-renouvellement-de-la-peau\/"},"modified":"2025-01-29T13:15:26","modified_gmt":"2025-01-29T10:15:26","slug":"traitement-de-renouvellement-de-la-peau","status":"publish","type":"page","link":"https:\/\/medclinics.com\/fr\/traitement-de-renouvellement-de-la-peau\/","title":{"rendered":"Traitement de renouvellement de la peau"},"content":{"rendered":"\n<h2 class=\"wp-block-heading\">D\u00e9couvrez les secrets d&rsquo;une peau sans d\u00e9faut gr\u00e2ce aux techniques modernes de renouvellement de la peau !<\/h2>\n\n<figure class=\"wp-block-image size-full\"><img fetchpriority=\"high\" decoding=\"async\" width=\"1000\" height=\"700\" src=\"https:\/\/medclinics.com\/wp-content\/uploads\/2023\/04\/skin-care-2.jpg\" alt=\"Renouvellement de la peau &#xE0; Istanbul en Turquie\" class=\"wp-image-47821\" srcset=\"https:\/\/medclinics.com\/wp-content\/uploads\/2023\/04\/skin-care-2.jpg 1000w, https:\/\/medclinics.com\/wp-content\/uploads\/2023\/04\/skin-care-2-500x350.jpg 500w, https:\/\/medclinics.com\/wp-content\/uploads\/2023\/04\/skin-care-2-768x538.jpg 768w\" sizes=\"(max-width: 1000px) 100vw, 1000px\" \/><\/figure>\n\n<p>Le renouvellement de la peau a toujours \u00e9t\u00e9 une question cl\u00e9 dans le domaine des soins de la peau. Avec les progr\u00e8s technologiques, de nouvelles techniques sont d\u00e9velopp\u00e9es pour revitaliser la peau et augmenter l&rsquo;apparence d&rsquo;une peau jeune.<\/p>\n\n<p>Il existe aujourd&rsquo;hui diff\u00e9rentes techniques de renouvellement de la peau. Les <a href=\"https:\/\/medclinics.com\/fr\/peeling-chimique\/\" data-type=\"page\" data-id=\"93269\">peelings chimiques<\/a>, par exemple, utilisent des produits chimiques pour \u00e9liminer la couche externe de la peau. Cela r\u00e9v\u00e8le la peau plus lisse qui se trouve en dessous.<\/p>\n\n<p>La microdermabrasion stimulerait la production de <a href=\"https:\/\/pubmed.ncbi.nlm.nih.gov\/?term=collagen\" target=\"_blank\" rel=\"noreferrer noopener\">collag\u00e8ne<\/a>. En m\u00eame temps, les cellules mortes sont \u00e9limin\u00e9es. Il peut en r\u00e9sulter une r\u00e9duction des ridules, des rides ou des dommages caus\u00e9s par le soleil.<\/p>\n\n<figure class=\"wp-block-image size-large\"><img decoding=\"async\" width=\"1024\" height=\"683\" src=\"https:\/\/medclinics.com\/wp-content\/uploads\/2025\/01\/Adsiz-tasarim-4-1024x683.jpg\" alt=\"Traitement de renouvellement de la peau &#xE0; Istanbul 2025\" class=\"wp-image-173521\" srcset=\"https:\/\/medclinics.com\/wp-content\/uploads\/2025\/01\/Adsiz-tasarim-4-1024x683.jpg 1024w, https:\/\/medclinics.com\/wp-content\/uploads\/2025\/01\/Adsiz-tasarim-4-300x200.jpg 300w, https:\/\/medclinics.com\/wp-content\/uploads\/2025\/01\/Adsiz-tasarim-4-768x512.jpg 768w, https:\/\/medclinics.com\/wp-content\/uploads\/2025\/01\/Adsiz-tasarim-4.jpg 1200w\" sizes=\"(max-width: 1024px) 100vw, 1024px\" \/><\/figure>\n\n<p>Les cicatrices d&rsquo;acn\u00e9 ou les irr\u00e9gularit\u00e9s du teint sont trait\u00e9es par resurfa\u00e7age au laser. Cela permet \u00e9galement d&rsquo;\u00e9liminer les couches de peau ab\u00eem\u00e9es et de favoriser la croissance de nouvelles cellules.<\/p>\n\n<p>Le microneedling, tel que <a href=\"https:\/\/medclinics.com\/fr\/morpheus8-3\/\" target=\"_blank\" data-type=\"page\" data-id=\"89799\" rel=\"noreferrer noopener\">Morpheus8<\/a>, utilise de minuscules aiguilles pour faire de petites perforations dans la peau et stimuler l&rsquo;\u00e9lastine et le collag\u00e8ne. Les cicatrices s&rsquo;att\u00e9nuent et les rides et ridules s&rsquo;estompent.<\/p>\n\n<p>Les traitements par radiofr\u00e9quence r\u00e9chauffent et resserrent les couches profondes de la peau pour une apparence plus jeune.<\/p>\n\n<h2 class=\"wp-block-heading\">Contactez-nous, notre conseiller patient vous guidera et vous conseillera tout au long du processus !<\/h2>\n\n<p>Avec MedClinics, vous trouverez le traitement qui vous convient. Nous vous expliquerons tous les d\u00e9tails et vous aiderons \u00e0 trouver la clinique la plus adapt\u00e9e \u00e0 vos besoins sp\u00e9cifiques.<\/p>\n","protected":false},"excerpt":{"rendered":"<p>D\u00e9couvrez les secrets d&rsquo;une peau sans d\u00e9faut gr\u00e2ce aux techniques modernes de renouvellement de la peau ! Le renouvellement de [&hellip;]<\/p>\n","protected":false},"author":4,"featured_media":53446,"parent":0,"menu_order":0,"comment_status":"closed","ping_status":"closed","template":"","meta":{"site-sidebar-layout":"default","site-content-layout":"","ast-site-content-layout":"default","site-content-style":"default","site-sidebar-style":"default","ast-global-header-display":"","ast-banner-title-visibility":"","ast-main-header-display":"","ast-hfb-above-header-display":"","ast-hfb-below-header-display":"","ast-hfb-mobile-header-display":"","site-post-title":"","ast-breadcrumbs-content":"","ast-featured-img":"","footer-sml-layout":"","ast-disable-related-posts":"","theme-transparent-header-meta":"","adv-header-id-meta":"","stick-header-meta":"","header-above-stick-meta":"","header-main-stick-meta":"","header-below-stick-meta":"","astra-migrate-meta-layouts":"default","ast-page-background-enabled":"default","ast-page-background-meta":{"desktop":{"background-color":"var(--ast-global-color-4)","background-image":"","background-repeat":"repeat","background-position":"center center","background-size":"auto","background-attachment":"scroll","background-type":"","background-media":"","overlay-type":"","overlay-color":"","overlay-opacity":"","overlay-gradient":""},"tablet":{"background-color":"","background-image":"","background-repeat":"repeat","background-position":"center center","background-size":"auto","background-attachment":"scroll","background-type":"","background-media":"","overlay-type":"","overlay-color":"","overlay-opacity":"","overlay-gradient":""},"mobile":{"background-color":"","background-image":"","background-repeat":"repeat","background-position":"center center","background-size":"auto","background-attachment":"scroll","background-type":"","background-media":"","overlay-type":"","overlay-color":"","overlay-opacity":"","overlay-gradient":""}},"ast-content-background-meta":{"desktop":{"background-color":"var(--ast-global-color-5)","background-image":"","background-repeat":"repeat","background-position":"center center","background-size":"auto","background-attachment":"scroll","background-type":"","background-media":"","overlay-type":"","overlay-color":"","overlay-opacity":"","overlay-gradient":""},"tablet":{"background-color":"var(--ast-global-color-5)","background-image":"","background-repeat":"repeat","background-position":"center center","background-size":"auto","background-attachment":"scroll","background-type":"","background-media":"","overlay-type":"","overlay-color":"","overlay-opacity":"","overlay-gradient":""},"mobile":{"background-color":"var(--ast-global-color-5)","background-image":"","background-repeat":"repeat","background-position":"center center","background-size":"auto","background-attachment":"scroll","background-type":"","background-media":"","overlay-type":"","overlay-color":"","overlay-opacity":"","overlay-gradient":""}},"footnotes":""},"class_list":["post-144433","page","type-page","status-publish","has-post-thumbnail","hentry"],"_links":{"self":[{"href":"https:\/\/medclinics.com\/fr\/wp-json\/wp\/v2\/pages\/144433","targetHints":{"allow":["GET"]}}],"collection":[{"href":"https:\/\/medclinics.com\/fr\/wp-json\/wp\/v2\/pages"}],"about":[{"href":"https:\/\/medclinics.com\/fr\/wp-json\/wp\/v2\/types\/page"}],"author":[{"embeddable":true,"href":"https:\/\/medclinics.com\/fr\/wp-json\/wp\/v2\/users\/4"}],"replies":[{"embeddable":true,"href":"https:\/\/medclinics.com\/fr\/wp-json\/wp\/v2\/comments?post=144433"}],"version-history":[{"count":0,"href":"https:\/\/medclinics.com\/fr\/wp-json\/wp\/v2\/pages\/144433\/revisions"}],"wp:featuredmedia":[{"embeddable":true,"href":"https:\/\/medclinics.com\/fr\/wp-json\/wp\/v2\/media\/53446"}],"wp:attachment":[{"href":"https:\/\/medclinics.com\/fr\/wp-json\/wp\/v2\/media?parent=144433"}],"curies":[{"name":"wp","href":"https:\/\/api.w.org\/{rel}","templated":true}]}}