{"id":144411,"date":"2023-04-18T15:00:04","date_gmt":"2023-04-18T15:00:04","guid":{"rendered":"https:\/\/medclinics.com\/relaxant-musculaire-et-traitement-des-rides\/"},"modified":"2024-04-01T15:50:44","modified_gmt":"2024-04-01T12:50:44","slug":"relaxant-musculaire-et-traitement-des-rides","status":"publish","type":"page","link":"https:\/\/medclinics.com\/fr\/relaxant-musculaire-et-traitement-des-rides\/","title":{"rendered":"Relaxant musculaire et traitement des rides"},"content":{"rendered":"\n<h2 class=\"wp-block-heading\">L&rsquo;\u00e2ge ne devrait pas \u00eatre un secret cach\u00e9, mais votre visage est le reflet de la jeunesse de votre \u00e2me !<\/h2>\n\n<h3 class=\"wp-block-heading\"><strong><strong>Appliquez le traitement antirides Vous aurez l&rsquo;impression de rajeunir d&rsquo;un an en un rien de temps, \u00e0 un prix abordable et pour un co\u00fbt minime !<\/strong><\/strong><\/h3>\n\n<figure class=\"wp-block-image size-full\"><img fetchpriority=\"high\" decoding=\"async\" width=\"1000\" height=\"595\" src=\"https:\/\/medclinics.com\/wp-content\/uploads\/2023\/04\/muscle-relaxant-in-istanbul-in-turkey.webp\" alt=\"relaxant musculaire et traitement des rides &#xE0; istanbul en turquie\" class=\"wp-image-52965\" srcset=\"https:\/\/medclinics.com\/wp-content\/uploads\/2023\/04\/muscle-relaxant-in-istanbul-in-turkey.webp 1000w, https:\/\/medclinics.com\/wp-content\/uploads\/2023\/04\/muscle-relaxant-in-istanbul-in-turkey-500x298.webp 500w, https:\/\/medclinics.com\/wp-content\/uploads\/2023\/04\/muscle-relaxant-in-istanbul-in-turkey-768x457.webp 768w\" sizes=\"(max-width: 1000px) 100vw, 1000px\" \/><\/figure>\n\n<p>Ces derni\u00e8res ann\u00e9es, le nombre de traitements esth\u00e9tiques a consid\u00e9rablement augment\u00e9 et la tendance est \u00e0 la hausse. Qui n&rsquo;aimerait pas para\u00eetre 10 ans plus jeune, et ce sans chirurgie ?<\/p>\n\n<p>Ainsi, le fameux <a href=\"https:\/\/en.wikipedia.org\/wiki\/Botulinum_toxin\" target=\"_blank\" rel=\"noreferrer noopener\">relaxant musculaire<\/a>, la plus puissante toxine nerveuse connue, est depuis longtemps devenu indispensable dans l&rsquo;industrie cosm\u00e9tique. Il inhibe la transmission de l&rsquo;excitation des nerfs au muscle et fait dispara\u00eetre les rides par une petite injection au bon endroit. Il est utilis\u00e9, entre autres, pour le <a href=\"https:\/\/medclinics.com\/fr\/traitement-des-rides-avec-un-relaxant-musculaire\/\" target=\"_blank\" data-type=\"page\" data-id=\"87987\" rel=\"noreferrer noopener\">traitement des rides<\/a> afin d&rsquo;\u00e9liminer les rides du lion, les pattes d&rsquo;oie, le menton en forme de fraise et les rides du front.<\/p>\n\n<p>Cependant, il n&rsquo;est pas seulement utilis\u00e9 \u00e0 des fins cosm\u00e9tiques, mais aussi pour lutter contre les migraines, les grincements de dents ou la transpiration extr\u00eame des pieds et des mains.<\/p>\n\n<p>Le relaxant musculaire est un agent neurotoxique qui ne peut \u00eatre utilis\u00e9 que par des m\u00e9decins exp\u00e9riment\u00e9s. \u00c0 forte dose et entre de mauvaises mains, il peut \u00eatre tr\u00e8s dangereux.<\/p>\n\n<p>Avec MedClinics, vous trouverez les m\u00e9decins, les cliniques et les salons de beaut\u00e9 les plus c\u00e9l\u00e8bres et les meilleurs, qui sont des sp\u00e9cialistes dans leur domaine depuis des ann\u00e9es. Profitez de notre exp\u00e9rience et laissez-nous vous conseiller. Appelez maintenant et r\u00e9alisez votre r\u00eave de jeunesse \u00e9ternelle !<\/p>\n\n<h2 class=\"wp-block-heading\">Contactez-nous, notre conseiller patient vous guidera et vous conseillera tout au long du processus !<\/h2>\n\n<p>Avec MedClinics, vous trouverez le traitement qui vous convient. Nous vous expliquerons tous les d\u00e9tails et vous aiderons \u00e0 trouver la clinique la plus adapt\u00e9e \u00e0 vos besoins sp\u00e9cifiques.<br\/><\/p>\n","protected":false},"excerpt":{"rendered":"<p>L&rsquo;\u00e2ge ne devrait pas \u00eatre un secret cach\u00e9, mais votre visage est le reflet de la jeunesse de votre \u00e2me [&hellip;]<\/p>\n","protected":false},"author":4,"featured_media":98766,"parent":0,"menu_order":0,"comment_status":"closed","ping_status":"closed","template":"","meta":{"site-sidebar-layout":"default","site-content-layout":"","ast-site-content-layout":"default","site-content-style":"default","site-sidebar-style":"default","ast-global-header-display":"","ast-banner-title-visibility":"","ast-main-header-display":"","ast-hfb-above-header-display":"","ast-hfb-below-header-display":"","ast-hfb-mobile-header-display":"","site-post-title":"","ast-breadcrumbs-content":"","ast-featured-img":"","footer-sml-layout":"","ast-disable-related-posts":"","theme-transparent-header-meta":"","adv-header-id-meta":"","stick-header-meta":"","header-above-stick-meta":"","header-main-stick-meta":"","header-below-stick-meta":"","astra-migrate-meta-layouts":"default","ast-page-background-enabled":"default","ast-page-background-meta":{"desktop":{"background-color":"var(--ast-global-color-4)","background-image":"","background-repeat":"repeat","background-position":"center center","background-size":"auto","background-attachment":"scroll","background-type":"","background-media":"","overlay-type":"","overlay-color":"","overlay-opacity":"","overlay-gradient":""},"tablet":{"background-color":"","background-image":"","background-repeat":"repeat","background-position":"center center","background-size":"auto","background-attachment":"scroll","background-type":"","background-media":"","overlay-type":"","overlay-color":"","overlay-opacity":"","overlay-gradient":""},"mobile":{"background-color":"","background-image":"","background-repeat":"repeat","background-position":"center center","background-size":"auto","background-attachment":"scroll","background-type":"","background-media":"","overlay-type":"","overlay-color":"","overlay-opacity":"","overlay-gradient":""}},"ast-content-background-meta":{"desktop":{"background-color":"var(--ast-global-color-5)","background-image":"","background-repeat":"repeat","background-position":"center center","background-size":"auto","background-attachment":"scroll","background-type":"","background-media":"","overlay-type":"","overlay-color":"","overlay-opacity":"","overlay-gradient":""},"tablet":{"background-color":"var(--ast-global-color-5)","background-image":"","background-repeat":"repeat","background-position":"center center","background-size":"auto","background-attachment":"scroll","background-type":"","background-media":"","overlay-type":"","overlay-color":"","overlay-opacity":"","overlay-gradient":""},"mobile":{"background-color":"var(--ast-global-color-5)","background-image":"","background-repeat":"repeat","background-position":"center center","background-size":"auto","background-attachment":"scroll","background-type":"","background-media":"","overlay-type":"","overlay-color":"","overlay-opacity":"","overlay-gradient":""}},"footnotes":""},"class_list":["post-144411","page","type-page","status-publish","has-post-thumbnail","hentry"],"_links":{"self":[{"href":"https:\/\/medclinics.com\/fr\/wp-json\/wp\/v2\/pages\/144411","targetHints":{"allow":["GET"]}}],"collection":[{"href":"https:\/\/medclinics.com\/fr\/wp-json\/wp\/v2\/pages"}],"about":[{"href":"https:\/\/medclinics.com\/fr\/wp-json\/wp\/v2\/types\/page"}],"author":[{"embeddable":true,"href":"https:\/\/medclinics.com\/fr\/wp-json\/wp\/v2\/users\/4"}],"replies":[{"embeddable":true,"href":"https:\/\/medclinics.com\/fr\/wp-json\/wp\/v2\/comments?post=144411"}],"version-history":[{"count":0,"href":"https:\/\/medclinics.com\/fr\/wp-json\/wp\/v2\/pages\/144411\/revisions"}],"wp:featuredmedia":[{"embeddable":true,"href":"https:\/\/medclinics.com\/fr\/wp-json\/wp\/v2\/media\/98766"}],"wp:attachment":[{"href":"https:\/\/medclinics.com\/fr\/wp-json\/wp\/v2\/media?parent=144411"}],"curies":[{"name":"wp","href":"https:\/\/api.w.org\/{rel}","templated":true}]}}