{"id":144407,"date":"2023-04-18T15:37:07","date_gmt":"2023-04-18T12:37:07","guid":{"rendered":"https:\/\/medclinics.com\/operations-non-chirurgicales\/"},"modified":"2025-01-29T13:15:41","modified_gmt":"2025-01-29T10:15:41","slug":"operations-non-chirurgicales","status":"publish","type":"page","link":"https:\/\/medclinics.com\/fr\/operations-non-chirurgicales\/","title":{"rendered":"Op\u00e9rations non chirurgicales"},"content":{"rendered":"\n<h2 class=\"wp-block-heading\">Lib\u00e9rez votre potentiel de beaut\u00e9 gr\u00e2ce \u00e0 la puissance des op\u00e9rations non chirurgicales !<\/h2>\n\n<figure class=\"wp-block-image size-large\"><img fetchpriority=\"high\" decoding=\"async\" width=\"1440\" height=\"470\" src=\"https:\/\/medclinics.com\/wp-content\/uploads\/2023\/02\/fake-eye-lashes-istanbul.jpg\" alt=\"op&#xE9;rations non chirurgicales &#xE0; Istanbul en Turquie\" class=\"wp-image-53818\" srcset=\"https:\/\/medclinics.com\/wp-content\/uploads\/2023\/02\/fake-eye-lashes-istanbul.jpg 1440w, https:\/\/medclinics.com\/wp-content\/uploads\/2023\/02\/fake-eye-lashes-istanbul-500x163.jpg 500w, https:\/\/medclinics.com\/wp-content\/uploads\/2023\/02\/fake-eye-lashes-istanbul-1024x334.jpg 1024w, https:\/\/medclinics.com\/wp-content\/uploads\/2023\/02\/fake-eye-lashes-istanbul-768x251.jpg 768w\" sizes=\"(max-width: 1440px) 100vw, 1440px\" \/><\/figure>\n\n<div style=\"height:13px\" aria-hidden=\"true\" class=\"wp-block-spacer\"><\/div>\n\n<p>Les op\u00e9rations non chirurgicales telles que les ongles proth\u00e9tiques <a href=\"https:\/\/medclinics.com\/fr\/faux-cils\/\">, les faux cils,<\/a> les extensions de cheveux, le <a href=\"https:\/\/pubmed.ncbi.nlm.nih.gov\/?term=microblading\" target=\"_blank\" rel=\"noreferrer noopener\">microblading<\/a> et le <a href=\"https:\/\/medclinics.com\/fr\/micro-ombrage\/\">microshading<\/a> constituent des m\u00e9thodes non invasives d&rsquo;am\u00e9lioration de l&rsquo;apparence. <a href=\"https:\/\/medclinics.com\/fr\/clous-prothetiques\/\">Les ongles proth\u00e9tiques<\/a> sont des extensions synth\u00e9tiques qui sont appliqu\u00e9es sur les ongles naturels.<\/p>\n\n<p>Les <a href=\"https:\/\/medclinics.com\/fr\/faux-cils\/\" data-type=\"page\" data-id=\"90217\">faux cils<\/a> permettent d&rsquo;obtenir des cils plus longs et plus volumineux. Les extensions donnent la longueur des cheveux naturels et augmentent leur volume.  Le microblading et l&rsquo;ombrage rehaussent les sourcils en utilisant des techniques semi-permanentes.<\/p>\n\n<figure class=\"wp-block-image size-large\"><img decoding=\"async\" width=\"1024\" height=\"683\" src=\"https:\/\/medclinics.com\/wp-content\/uploads\/2025\/01\/Adsiz-tasarim-7-1024x683.jpg\" alt=\"Op&#xE9;rations non chirurgicales &#xE0; Istanbul 2025\" class=\"wp-image-173546\" srcset=\"https:\/\/medclinics.com\/wp-content\/uploads\/2025\/01\/Adsiz-tasarim-7-1024x683.jpg 1024w, https:\/\/medclinics.com\/wp-content\/uploads\/2025\/01\/Adsiz-tasarim-7-300x200.jpg 300w, https:\/\/medclinics.com\/wp-content\/uploads\/2025\/01\/Adsiz-tasarim-7-768x512.jpg 768w, https:\/\/medclinics.com\/wp-content\/uploads\/2025\/01\/Adsiz-tasarim-7.jpg 1200w\" sizes=\"(max-width: 1024px) 100vw, 1024px\" \/><figcaption class=\"wp-element-caption\">Op\u00e9rations non chirurgicales \u00e0 Istanbul 2025<\/figcaption><\/figure>\n\n<h3 class=\"wp-block-heading\">Contactez nous. Votre conseiller personnel sera l\u00e0 pour vous guider et vous assister tout au long de la proc\u00e9dure !<\/h3>\n\n<p>Avec les MedClinics, vous pouvez trouver le traitement le plus efficace et l&rsquo;op\u00e9ration non chirurgicale qui r\u00e9pond \u00e0 vos besoins. Nous examinerons tous les d\u00e9tails et vous aiderons \u00e0 trouver l&rsquo;institut de beaut\u00e9 qui r\u00e9pondra le mieux \u00e0 vos besoins sp\u00e9cifiques.<\/p>\n","protected":false},"excerpt":{"rendered":"<p>Lib\u00e9rez votre potentiel de beaut\u00e9 gr\u00e2ce \u00e0 la puissance des op\u00e9rations non chirurgicales ! Les op\u00e9rations non chirurgicales telles que [&hellip;]<\/p>\n","protected":false},"author":4,"featured_media":20417,"parent":0,"menu_order":0,"comment_status":"closed","ping_status":"closed","template":"","meta":{"site-sidebar-layout":"default","site-content-layout":"","ast-site-content-layout":"default","site-content-style":"default","site-sidebar-style":"default","ast-global-header-display":"","ast-banner-title-visibility":"","ast-main-header-display":"","ast-hfb-above-header-display":"","ast-hfb-below-header-display":"","ast-hfb-mobile-header-display":"","site-post-title":"","ast-breadcrumbs-content":"","ast-featured-img":"","footer-sml-layout":"","ast-disable-related-posts":"","theme-transparent-header-meta":"","adv-header-id-meta":"","stick-header-meta":"","header-above-stick-meta":"","header-main-stick-meta":"","header-below-stick-meta":"","astra-migrate-meta-layouts":"default","ast-page-background-enabled":"default","ast-page-background-meta":{"desktop":{"background-color":"var(--ast-global-color-4)","background-image":"","background-repeat":"repeat","background-position":"center center","background-size":"auto","background-attachment":"scroll","background-type":"","background-media":"","overlay-type":"","overlay-color":"","overlay-opacity":"","overlay-gradient":""},"tablet":{"background-color":"","background-image":"","background-repeat":"repeat","background-position":"center center","background-size":"auto","background-attachment":"scroll","background-type":"","background-media":"","overlay-type":"","overlay-color":"","overlay-opacity":"","overlay-gradient":""},"mobile":{"background-color":"","background-image":"","background-repeat":"repeat","background-position":"center center","background-size":"auto","background-attachment":"scroll","background-type":"","background-media":"","overlay-type":"","overlay-color":"","overlay-opacity":"","overlay-gradient":""}},"ast-content-background-meta":{"desktop":{"background-color":"var(--ast-global-color-5)","background-image":"","background-repeat":"repeat","background-position":"center center","background-size":"auto","background-attachment":"scroll","background-type":"","background-media":"","overlay-type":"","overlay-color":"","overlay-opacity":"","overlay-gradient":""},"tablet":{"background-color":"var(--ast-global-color-5)","background-image":"","background-repeat":"repeat","background-position":"center center","background-size":"auto","background-attachment":"scroll","background-type":"","background-media":"","overlay-type":"","overlay-color":"","overlay-opacity":"","overlay-gradient":""},"mobile":{"background-color":"var(--ast-global-color-5)","background-image":"","background-repeat":"repeat","background-position":"center center","background-size":"auto","background-attachment":"scroll","background-type":"","background-media":"","overlay-type":"","overlay-color":"","overlay-opacity":"","overlay-gradient":""}},"footnotes":""},"class_list":["post-144407","page","type-page","status-publish","has-post-thumbnail","hentry"],"_links":{"self":[{"href":"https:\/\/medclinics.com\/fr\/wp-json\/wp\/v2\/pages\/144407","targetHints":{"allow":["GET"]}}],"collection":[{"href":"https:\/\/medclinics.com\/fr\/wp-json\/wp\/v2\/pages"}],"about":[{"href":"https:\/\/medclinics.com\/fr\/wp-json\/wp\/v2\/types\/page"}],"author":[{"embeddable":true,"href":"https:\/\/medclinics.com\/fr\/wp-json\/wp\/v2\/users\/4"}],"replies":[{"embeddable":true,"href":"https:\/\/medclinics.com\/fr\/wp-json\/wp\/v2\/comments?post=144407"}],"version-history":[{"count":0,"href":"https:\/\/medclinics.com\/fr\/wp-json\/wp\/v2\/pages\/144407\/revisions"}],"wp:featuredmedia":[{"embeddable":true,"href":"https:\/\/medclinics.com\/fr\/wp-json\/wp\/v2\/media\/20417"}],"wp:attachment":[{"href":"https:\/\/medclinics.com\/fr\/wp-json\/wp\/v2\/media?parent=144407"}],"curies":[{"name":"wp","href":"https:\/\/api.w.org\/{rel}","templated":true}]}}