{"id":144399,"date":"2023-04-18T15:25:38","date_gmt":"2023-04-18T15:25:38","guid":{"rendered":"https:\/\/medclinics.com\/traitements-de-mesotherapie\/"},"modified":"2024-04-01T15:46:43","modified_gmt":"2024-04-01T12:46:43","slug":"traitements-de-mesotherapie","status":"publish","type":"page","link":"https:\/\/medclinics.com\/fr\/traitements-de-mesotherapie\/","title":{"rendered":"Traitements de m\u00e9soth\u00e9rapie"},"content":{"rendered":"\n<h2 class=\"wp-block-heading\"><strong>D\u00e9couvrez le pouvoir de la m\u00e9soth\u00e9rapie, une proc\u00e9dure innovante de rajeunissement de la peau qui donne des r\u00e9sultats \u00e9tonnants.<\/strong><\/h2>\n\n<figure class=\"wp-block-image size-full\"><img fetchpriority=\"high\" decoding=\"async\" width=\"1000\" height=\"667\" src=\"https:\/\/medclinics.com\/wp-content\/uploads\/2023\/04\/Mesotherapy-2.jpg\" alt=\"M&#xE9;soth&#xE9;rapie &#xE0; Istanbul en Turquie\" class=\"wp-image-48725\" srcset=\"https:\/\/medclinics.com\/wp-content\/uploads\/2023\/04\/Mesotherapy-2.jpg 1000w, https:\/\/medclinics.com\/wp-content\/uploads\/2023\/04\/Mesotherapy-2-500x334.jpg 500w, https:\/\/medclinics.com\/wp-content\/uploads\/2023\/04\/Mesotherapy-2-768x512.jpg 768w\" sizes=\"(max-width: 1000px) 100vw, 1000px\" \/><\/figure>\n\n<p>La m\u00e9soth\u00e9rapie est une proc\u00e9dure cosm\u00e9tique innovante qui peut offrir une myriade d&rsquo;avantages \u00e0 ceux qui recherchent la solution la plus efficace et la moins invasive. La proc\u00e9dure consiste \u00e0 injecter un m\u00e9lange sp\u00e9cialement con\u00e7u de vitamines, de min\u00e9raux, d&rsquo;hormones, d&rsquo;enzymes et d&rsquo;autres ingr\u00e9dients directement dans certaines r\u00e9gions de votre peau, comme votre corps ou votre visage.<\/p>\n\n<p>Cr\u00e9\u00e9e par le docteur Michel Pistor dans les ann\u00e9es 1950, la m\u00e9soth\u00e9rapie a acquis une renomm\u00e9e internationale gr\u00e2ce \u00e0 ses r\u00e9sultats remarquables. La m\u00e9soth\u00e9rapie est administr\u00e9e en tr\u00e8s petites quantit\u00e9s et est cibl\u00e9e avec pr\u00e9cision pour une plus grande efficacit\u00e9.<\/p>\n\n<p>Les ingr\u00e9dients utilis\u00e9s peuvent varier en fonction de ce que vous souhaitez obtenir, mais ils comprennent g\u00e9n\u00e9ralement des acides hyaluroniques, des vitamines (telles que la vitamine C), des acides amin\u00e9s, des antioxydants, ainsi que des extraits de plantes dont l&rsquo;innocuit\u00e9 a \u00e9t\u00e9 d\u00e9montr\u00e9e au fil du temps.<\/p>\n\n<p>L&rsquo;un des principaux avantages de la m\u00e9soth\u00e9rapie est le <a href=\"https:\/\/medclinics.com\/fr\/mesotherapie-faciale\/\" target=\"_blank\" data-type=\"page\" data-id=\"89050\" rel=\"noreferrer noopener\">rajeunissement de l&rsquo;apparence de la peau<\/a> gr\u00e2ce \u00e0 la stimulation de la production de collag\u00e8ne, ce qui am\u00e9liore la texture, la fermet\u00e9 et l&rsquo;\u00e9lasticit\u00e9 de la peau et lui donne un aspect plus jeune qu&rsquo;auparavant. En outre, il aide \u00e0 hydrater et \u00e0 nourrir, en apportant les nutriments essentiels l\u00e0 o\u00f9 ils sont le plus n\u00e9cessaires, ce qui permet d&rsquo;am\u00e9liorer la sant\u00e9 en g\u00e9n\u00e9ral.<\/p>\n\n<p>Le traitement de <a href=\"https:\/\/medclinics.com\/fr\/mesotherapie-capillaire\/\" data-type=\"page\" data-id=\"89278\" target=\"_blank\" rel=\"noreferrer noopener\">restauration capillaire<\/a> par cette m\u00e9thode non chirurgicale pr\u00e9sente un autre grand avantage. Il favorise la croissance tout en am\u00e9liorant la densit\u00e9, ce qui rend le cuir chevelu plus sain !<\/p>\n\n<p>Enfin, la m\u00e9soth\u00e9rapie permet \u00e9galement une <a href=\"https:\/\/medclinics.com\/fr\/mesotherapie-de-la-cellulite\/\" data-type=\"page\" data-id=\"88912\" target=\"_blank\" rel=\"noreferrer noopener\">r\u00e9duction <\/a>localis\u00e9e <a href=\"https:\/\/medclinics.com\/fr\/mesotherapie-de-la-cellulite\/\" data-type=\"page\" data-id=\"88912\" target=\"_blank\" rel=\"noreferrer noopener\">de la graisse <\/a>lorsqu&rsquo;elle est inject\u00e9e correctement. Vous obtiendrez ainsi une silhouette plus fine sans avoir recours \u00e0 la chirurgie !<\/p>\n\n<p>En conclusion, la m\u00e9soth\u00e9rapie offre de nombreux avantages, notamment une peau d&rsquo;apparence revitalis\u00e9e, la repousse des cheveux, la r\u00e9duction des d\u00e9p\u00f4ts de graisse ind\u00e9sirables, le tout en toute s\u00e9curit\u00e9. Cette proc\u00e9dure \u00e9tonnante pourrait bien changer \u00e0 jamais notre vision des traitements de beaut\u00e9, alors pourquoi ne pas l&rsquo;essayer d\u00e8s aujourd&rsquo;hui ?<\/p>\n\n<h2 class=\"wp-block-heading\">Contactez-nous, notre conseiller patient vous guidera et vous conseillera tout au long du processus !<\/h2>\n\n<p>Avec MedClinics, vous trouverez le traitement qui vous convient. Nous vous expliquerons tous les d\u00e9tails et vous aiderons \u00e0 trouver la clinique la plus adapt\u00e9e \u00e0 vos besoins sp\u00e9cifiques.<\/p>\n","protected":false},"excerpt":{"rendered":"<p>D\u00e9couvrez le pouvoir de la m\u00e9soth\u00e9rapie, une proc\u00e9dure innovante de rajeunissement de la peau qui donne des r\u00e9sultats \u00e9tonnants. La [&hellip;]<\/p>\n","protected":false},"author":4,"featured_media":93041,"parent":0,"menu_order":0,"comment_status":"closed","ping_status":"closed","template":"","meta":{"site-sidebar-layout":"default","site-content-layout":"","ast-site-content-layout":"default","site-content-style":"default","site-sidebar-style":"default","ast-global-header-display":"","ast-banner-title-visibility":"","ast-main-header-display":"","ast-hfb-above-header-display":"","ast-hfb-below-header-display":"","ast-hfb-mobile-header-display":"","site-post-title":"","ast-breadcrumbs-content":"","ast-featured-img":"","footer-sml-layout":"","ast-disable-related-posts":"","theme-transparent-header-meta":"","adv-header-id-meta":"","stick-header-meta":"","header-above-stick-meta":"","header-main-stick-meta":"","header-below-stick-meta":"","astra-migrate-meta-layouts":"default","ast-page-background-enabled":"default","ast-page-background-meta":{"desktop":{"background-color":"var(--ast-global-color-4)","background-image":"","background-repeat":"repeat","background-position":"center center","background-size":"auto","background-attachment":"scroll","background-type":"","background-media":"","overlay-type":"","overlay-color":"","overlay-opacity":"","overlay-gradient":""},"tablet":{"background-color":"","background-image":"","background-repeat":"repeat","background-position":"center center","background-size":"auto","background-attachment":"scroll","background-type":"","background-media":"","overlay-type":"","overlay-color":"","overlay-opacity":"","overlay-gradient":""},"mobile":{"background-color":"","background-image":"","background-repeat":"repeat","background-position":"center center","background-size":"auto","background-attachment":"scroll","background-type":"","background-media":"","overlay-type":"","overlay-color":"","overlay-opacity":"","overlay-gradient":""}},"ast-content-background-meta":{"desktop":{"background-color":"var(--ast-global-color-5)","background-image":"","background-repeat":"repeat","background-position":"center center","background-size":"auto","background-attachment":"scroll","background-type":"","background-media":"","overlay-type":"","overlay-color":"","overlay-opacity":"","overlay-gradient":""},"tablet":{"background-color":"var(--ast-global-color-5)","background-image":"","background-repeat":"repeat","background-position":"center center","background-size":"auto","background-attachment":"scroll","background-type":"","background-media":"","overlay-type":"","overlay-color":"","overlay-opacity":"","overlay-gradient":""},"mobile":{"background-color":"var(--ast-global-color-5)","background-image":"","background-repeat":"repeat","background-position":"center center","background-size":"auto","background-attachment":"scroll","background-type":"","background-media":"","overlay-type":"","overlay-color":"","overlay-opacity":"","overlay-gradient":""}},"footnotes":""},"class_list":["post-144399","page","type-page","status-publish","has-post-thumbnail","hentry"],"_links":{"self":[{"href":"https:\/\/medclinics.com\/fr\/wp-json\/wp\/v2\/pages\/144399","targetHints":{"allow":["GET"]}}],"collection":[{"href":"https:\/\/medclinics.com\/fr\/wp-json\/wp\/v2\/pages"}],"about":[{"href":"https:\/\/medclinics.com\/fr\/wp-json\/wp\/v2\/types\/page"}],"author":[{"embeddable":true,"href":"https:\/\/medclinics.com\/fr\/wp-json\/wp\/v2\/users\/4"}],"replies":[{"embeddable":true,"href":"https:\/\/medclinics.com\/fr\/wp-json\/wp\/v2\/comments?post=144399"}],"version-history":[{"count":0,"href":"https:\/\/medclinics.com\/fr\/wp-json\/wp\/v2\/pages\/144399\/revisions"}],"wp:featuredmedia":[{"embeddable":true,"href":"https:\/\/medclinics.com\/fr\/wp-json\/wp\/v2\/media\/93041"}],"wp:attachment":[{"href":"https:\/\/medclinics.com\/fr\/wp-json\/wp\/v2\/media?parent=144399"}],"curies":[{"name":"wp","href":"https:\/\/api.w.org\/{rel}","templated":true}]}}