{"id":151717,"date":"2021-11-30T14:47:50","date_gmt":"2021-11-30T11:47:50","guid":{"rendered":"https:\/\/medclinics.com\/politica-de-devoluciones-y-reembolsos\/"},"modified":"2024-03-19T12:14:43","modified_gmt":"2024-03-19T09:14:43","slug":"politica-de-devoluciones-y-reembolsos","status":"publish","type":"page","link":"https:\/\/medclinics.com\/es\/politica-de-devoluciones-y-reembolsos\/","title":{"rendered":"Pol\u00edtica de devoluciones y reembolsos"},"content":{"rendered":"\n<p><b>Esta es una p\u00e1gina de muestra.<\/b><\/p>\n\n<h3>Overview<\/h3>\n\n<p>Nuestra pol\u00edtica de reembolsos y devoluciones dura 30 d\u00edas. Si han pasado 30 d\u00edas desde su compra, no podemos ofrecerle un reembolso o cambio completo.<\/p>\n\n<p>Para poder realizar una devoluci\u00f3n, el art\u00edculo debe estar sin usar y en el mismo estado en que lo recibi\u00f3. Tambi\u00e9n debe estar en el embalaje original.<\/p>\n\n<p>Hay varios tipos de bienes que est\u00e1n exentos de ser devueltos. No se pueden devolver productos perecederos como alimentos, flores, peri\u00f3dicos o revistas. Tampoco aceptamos productos que sean art\u00edculos \u00edntimos o sanitarios, materiales peligrosos o l\u00edquidos o gases inflamables.<\/p>\n\n<p>Art\u00edculos adicionales no retornables:<\/p>\n\n<ul class=\"wp-block-list\">\n<li>Tarjetas de regalo<\/li>\n<li>Productos de software descargables<\/li>\n<li>Algunos art\u00edculos de salud y cuidado personal<\/li>\n<\/ul>\n\n<p>Para completar su devoluci\u00f3n, necesitamos un recibo o prueba de compra.<\/p>\n\n<p>No env\u00ede su compra al fabricante.<\/p>\n\n<p>Hay ciertas situaciones en las que s\u00f3lo se conceden reembolsos parciales:<\/p>\n\n<ul class=\"wp-block-list\">\n<li>Libro con evidentes signos de uso<\/li>\n<li>CD, DVD, cinta VHS, software, videojuego, cinta de casete o disco de vinilo que haya sido abierto.<\/li>\n<li>Cualquier art\u00edculo que no est\u00e9 en su estado original, est\u00e9 da\u00f1ado o le falten piezas por razones que no se deban a nuestro error.<\/li>\n<li>Cualquier art\u00edculo que se devuelva m\u00e1s de 30 d\u00edas despu\u00e9s de la entrega<\/li>\n<\/ul>\n\n<h2>Refunds<\/h2>\n\n<p>Una vez recibida e inspeccionada su devoluci\u00f3n, le enviaremos un correo electr\u00f3nico para notificarle que hemos recibido su art\u00edculo devuelto. Tambi\u00e9n le notificaremos la aprobaci\u00f3n o el rechazo de su reembolso.<\/p>\n\n<p>Si se aprueba, se procesar\u00e1 el reembolso y se aplicar\u00e1 autom\u00e1ticamente un cr\u00e9dito a su tarjeta de cr\u00e9dito o m\u00e9todo de pago original, en un plazo determinado de d\u00edas.<\/p>\n\n<b>Late or missing refunds<\/b>\n\n<p>Si a\u00fan no ha recibido el reembolso, primero compruebe de nuevo su cuenta bancaria.<\/p>\n\n<p>A continuaci\u00f3n, p\u00f3ngase en contacto con la compa\u00f1\u00eda de su tarjeta de cr\u00e9dito, ya que puede pasar alg\u00fan tiempo antes de que se contabilice oficialmente su reembolso.<\/p>\n\n<p>A continuaci\u00f3n, p\u00f3ngase en contacto con su banco. A menudo hay un tiempo de procesamiento antes de que se contabilice el reembolso.<\/p>\n\n<p>Si has hecho todo esto y todav\u00eda no has recibido tu reembolso, ponte en contacto con nosotros en la {direcci\u00f3n de correo electr\u00f3nico}.<\/p>\n\n<b>Sale items<\/b>\n\n<p>S\u00f3lo se pueden reembolsar los art\u00edculos de precio normal. Los art\u00edculos en venta no pueden ser reembolsados.<\/p>\n\n<h2>Exchanges<\/h2>\n\n<p>S\u00f3lo sustituimos los art\u00edculos si est\u00e1n defectuosos o da\u00f1ados. Si necesitas cambiarlo por el mismo art\u00edculo, env\u00edanos un correo electr\u00f3nico a {direcci\u00f3n de correo electr\u00f3nico} y env\u00eda tu art\u00edculo a {direcci\u00f3n f\u00edsica}.<\/p>\n\n<h2>Gifts<\/h2>\n\n<p>Si el art\u00edculo estaba marcado como regalo cuando se compr\u00f3 y se le envi\u00f3 directamente, recibir\u00e1 un cr\u00e9dito de regalo por el valor de su devoluci\u00f3n. Una vez recibido el art\u00edculo devuelto, se le enviar\u00e1 un certificado de regalo.<\/p>\n\n<p>Si el art\u00edculo no estaba marcado como regalo en el momento de la compra, o si la persona que hizo el regalo se lo envi\u00f3 a s\u00ed misma para d\u00e1rselo a usted m\u00e1s tarde, enviaremos un reembolso a la persona que hizo el regalo y \u00e9sta se enterar\u00e1 de su devoluci\u00f3n.<\/p>\n\n<h2>Shipping returns<\/h2>\n\n<p>Para devolver su producto, debe enviarlo por correo a {direcci\u00f3n f\u00edsica}.<\/p>\n\n<p>Usted ser\u00e1 responsable de pagar sus propios gastos de env\u00edo para devolver su art\u00edculo. Los gastos de env\u00edo no son reembolsables. Si recibe un reembolso, los gastos de env\u00edo de la devoluci\u00f3n se deducir\u00e1n de su reembolso.<\/p>\n\n<p>Dependiendo de su lugar de residencia, el tiempo que puede tardar en llegar su producto intercambiado puede variar.<\/p>\n\n<p>Si va a devolver art\u00edculos m\u00e1s caros, puede considerar la posibilidad de utilizar un servicio de env\u00edo con seguimiento o adquirir un seguro de env\u00edo. No garantizamos que recibamos su art\u00edculo devuelto.<\/p>\n\n<h2>Need help?<\/h2>\n\n<p>P\u00f3ngase en contacto con nosotros en {email} para las preguntas relacionadas con los reembolsos y las devoluciones.<\/p>\n","protected":false},"excerpt":{"rendered":"<p>Esta es una p\u00e1gina de muestra. Overview Nuestra pol\u00edtica de reembolsos y devoluciones dura 30 d\u00edas. Si han pasado 30 [&hellip;]<\/p>\n","protected":false},"author":4,"featured_media":0,"parent":0,"menu_order":0,"comment_status":"closed","ping_status":"closed","template":"","meta":{"site-sidebar-layout":"default","site-content-layout":"","ast-site-content-layout":"default","site-content-style":"default","site-sidebar-style":"default","ast-global-header-display":"","ast-banner-title-visibility":"","ast-main-header-display":"","ast-hfb-above-header-display":"","ast-hfb-below-header-display":"","ast-hfb-mobile-header-display":"","site-post-title":"","ast-breadcrumbs-content":"","ast-featured-img":"","footer-sml-layout":"","ast-disable-related-posts":"","theme-transparent-header-meta":"","adv-header-id-meta":"","stick-header-meta":"","header-above-stick-meta":"","header-main-stick-meta":"","header-below-stick-meta":"","astra-migrate-meta-layouts":"default","ast-page-background-enabled":"default","ast-page-background-meta":{"desktop":{"background-color":"var(--ast-global-color-4)","background-image":"","background-repeat":"repeat","background-position":"center center","background-size":"auto","background-attachment":"scroll","background-type":"","background-media":"","overlay-type":"","overlay-color":"","overlay-opacity":"","overlay-gradient":""},"tablet":{"background-color":"","background-image":"","background-repeat":"repeat","background-position":"center center","background-size":"auto","background-attachment":"scroll","background-type":"","background-media":"","overlay-type":"","overlay-color":"","overlay-opacity":"","overlay-gradient":""},"mobile":{"background-color":"","background-image":"","background-repeat":"repeat","background-position":"center center","background-size":"auto","background-attachment":"scroll","background-type":"","background-media":"","overlay-type":"","overlay-color":"","overlay-opacity":"","overlay-gradient":""}},"ast-content-background-meta":{"desktop":{"background-color":"var(--ast-global-color-5)","background-image":"","background-repeat":"repeat","background-position":"center center","background-size":"auto","background-attachment":"scroll","background-type":"","background-media":"","overlay-type":"","overlay-color":"","overlay-opacity":"","overlay-gradient":""},"tablet":{"background-color":"var(--ast-global-color-5)","background-image":"","background-repeat":"repeat","background-position":"center center","background-size":"auto","background-attachment":"scroll","background-type":"","background-media":"","overlay-type":"","overlay-color":"","overlay-opacity":"","overlay-gradient":""},"mobile":{"background-color":"var(--ast-global-color-5)","background-image":"","background-repeat":"repeat","background-position":"center center","background-size":"auto","background-attachment":"scroll","background-type":"","background-media":"","overlay-type":"","overlay-color":"","overlay-opacity":"","overlay-gradient":""}},"footnotes":""},"class_list":["post-151717","page","type-page","status-publish","hentry"],"_links":{"self":[{"href":"https:\/\/medclinics.com\/es\/wp-json\/wp\/v2\/pages\/151717","targetHints":{"allow":["GET"]}}],"collection":[{"href":"https:\/\/medclinics.com\/es\/wp-json\/wp\/v2\/pages"}],"about":[{"href":"https:\/\/medclinics.com\/es\/wp-json\/wp\/v2\/types\/page"}],"author":[{"embeddable":true,"href":"https:\/\/medclinics.com\/es\/wp-json\/wp\/v2\/users\/4"}],"replies":[{"embeddable":true,"href":"https:\/\/medclinics.com\/es\/wp-json\/wp\/v2\/comments?post=151717"}],"version-history":[{"count":0,"href":"https:\/\/medclinics.com\/es\/wp-json\/wp\/v2\/pages\/151717\/revisions"}],"wp:attachment":[{"href":"https:\/\/medclinics.com\/es\/wp-json\/wp\/v2\/media?parent=151717"}],"curies":[{"name":"wp","href":"https:\/\/api.w.org\/{rel}","templated":true}]}}