{"id":148905,"date":"2025-02-07T14:38:00","date_gmt":"2025-02-07T11:38:00","guid":{"rendered":"https:\/\/medclinics.com\/terapia-con-celulas-madre-para-las-cardiopatias-una-nueva-solucion-prometedora\/"},"modified":"2025-01-03T00:14:51","modified_gmt":"2025-01-02T21:14:51","slug":"terapia-con-celulas-madre-para-las-cardiopatias-una-nueva-solucion-prometedora","status":"publish","type":"page","link":"https:\/\/medclinics.com\/es\/terapia-con-celulas-madre-para-las-cardiopatias-una-nueva-solucion-prometedora\/","title":{"rendered":"Terapia con c\u00e9lulas madre para las cardiopat\u00edas: Una nueva soluci\u00f3n prometedora"},"content":{"rendered":"\n<h2 class=\"wp-block-heading\">Si est\u00e1 buscando el potencial ilimitado de la terapia con c\u00e9lulas madre para las cardiopat\u00edas, \u00a1ha llegado al lugar adecuado!<\/h2>\n\n<p><br\/>Las cardiopat\u00edas son un conjunto de enfermedades que afectan al coraz\u00f3n. Es la principal causa de muerte tanto en hombres como en mujeres en Estados Unidos. Las cardiopat\u00edas pueden provocar dolor tor\u00e1cico, infarto de miocardio y otros problemas de salud graves.<\/p>\n\n<p><strong>\u00bfCu\u00e1les son los s\u00edntomas de los problemas card\u00edacos?<\/strong><\/p>\n\n<ul class=\"wp-block-list\">\n<li>Dolor tor\u00e1cico, opresi\u00f3n en el pecho, presi\u00f3n en el pecho y malestar tor\u00e1cico<\/li>\n\n\n\n<li>Falta de aliento<\/li>\n\n\n\n<li>Dolor en el cuello, la mand\u00edbula, la garganta, la parte superior del vientre o la espalda.<\/li>\n\n\n\n<li>Dolor, entumecimiento, debilidad o frialdad en las piernas o los brazos  <\/li>\n<\/ul>\n\n<p><strong>\u00bfQui\u00e9n tiene m\u00e1s probabilidades de sufrir una cardiopat\u00eda?<\/strong><\/p>\n\n<ul class=\"wp-block-list\">\n<li><strong>Edad:<\/strong> A medida que se envejece, aumenta el riesgo.<\/li>\n\n\n\n<li><strong>Sexo:<\/strong> En general, los hombres tienen un riesgo mayor que las mujeres.<\/li>\n\n\n\n<li><strong>Antecedentes familiares:<\/strong> Si tiene antecedentes familiares de enfermedad cardiaca, su riesgo es significativamente mayor.<\/li>\n\n\n\n<li><strong>Enfermedades:<\/strong> Ciertas afecciones m\u00e9dicas como la hipertensi\u00f3n, el colesterol alto, la diabetes, la obesidad y la apnea del sue\u00f1o aumentan significativamente el riesgo.<\/li>\n\n\n\n<li><strong>Factores relacionados con el estilo de vida:<\/strong> El tabaquismo, el consumo excesivo de alcohol, una dieta poco saludable, la inactividad f\u00edsica y el estr\u00e9s cr\u00f3nico contribuyen a aumentar el riesgo de cardiopat\u00edas.<\/li>\n<\/ul>\n\n<p>Recuerda que, aunque est\u00e9s en riesgo, no significa que vayas a padecer una cardiopat\u00eda.<\/p>\n\n<p><strong>Cosas que puede hacer para reducir el riesgo:<\/strong><\/p>\n\n<ul class=\"wp-block-list\">\n<li><strong>Sigue una dieta sana:<\/strong> Mucha fruta, verdura y cereales integrales.<\/li>\n\n\n\n<li><strong>Haz ejercicio con regularidad:<\/strong> Intenta realizar al menos 30 minutos de actividad la mayor\u00eda de los d\u00edas.<\/li>\n\n\n\n<li><strong>Mantener un peso saludable:<\/strong> Perder incluso una peque\u00f1a cantidad puede ayudar si se padece sobrepeso u obesidad.<\/li>\n\n\n\n<li><strong>No fume:<\/strong> Dejar de fumar es una de las mejores cosas que puede hacer por su coraz\u00f3n.<\/li>\n\n\n\n<li><strong>Controle su tensi\u00f3n arterial y su colesterol:<\/strong> Si tiene niveles altos, colabore con su m\u00e9dico para controlarlos.<\/li>\n\n\n\n<li><strong>Controla el estr\u00e9s:<\/strong> Puede elevar la tensi\u00f3n arterial y aumentar el riesgo.<\/li>\n\n\n\n<li><strong>Hazte revisiones peri\u00f3dicas:<\/strong> Tu m\u00e9dico puede controlar tus factores de riesgo y asegurarse de que recibes la atenci\u00f3n necesaria.<\/li>\n<\/ul>\n\n<p><strong>El tipo m\u00e1s com\u00fan de cardiopat\u00eda es la enfermedad arterial coronaria (EAC). La EAC se produce cuando las arterias que suministran sangre al coraz\u00f3n se estrechan o bloquean. Esto puede provocar dolor tor\u00e1cico, infarto de miocardio y otros problemas de salud graves.<\/strong><\/p>\n\n<p><strong>Otros tipos de cardiopat\u00edas son:<\/strong><\/p>\n\n<ul class=\"wp-block-list\">\n<li><strong>Insuficiencia card\u00edaca:<\/strong> Se produce cuando el coraz\u00f3n no puede bombear suficiente sangre para satisfacer las necesidades del organismo.<\/li>\n\n\n\n<li><strong>Arritmias:<\/strong> Se trata de latidos irregulares que pueden ser peligrosos.<\/li>\n\n\n\n<li><strong>Problemas valvulares:<\/strong> Esto ocurre cuando las v\u00e1lvulas del coraz\u00f3n no funcionan correctamente.<\/li>\n\n\n\n<li><strong>Defectos card\u00edacos cong\u00e9nitos:<\/strong> Son problemas card\u00edacos con los que se nace.<\/li>\n<\/ul>\n\n<p><strong>Las cardiopat\u00edas son la principal causa de muerte en Estados Unidos, matando a casi 650.000 personas al a\u00f1o.<\/strong>  Esta enfermedad no tiene cura, pero existen tratamientos que pueden ayudar a controlar la enfermedad y prevenir complicaciones.<\/p>\n\n<p><strong>Las c\u00e9lulas madre son c\u00e9lulas indiferenciadas que tienen el potencial de convertirse en cualquier tipo de c\u00e9lula del organismo.<\/strong>  Los cient\u00edficos estudian el potencial de las c\u00e9lulas madre para tratar diversas enfermedades, entre ellas las cardiopat\u00edas.<\/p>\n\n<p>La <a href=\"https:\/\/www.stemcelltherapy.gen.tr\" target=\"_blank\" rel=\"noopener\">terapia con c\u00e9lulas madre<\/a> para las cardiopat\u00edas puede utilizarse de distintas formas:<\/p>\n\n<p><strong>Una forma en que las c\u00e9lulas madre pueden ayudar a tratar las cardiopat\u00edas es sustituyendo las c\u00e9lulas card\u00edacas da\u00f1adas.<\/strong>  Las c\u00e9lulas madre pueden inyectarse en el coraz\u00f3n y diferenciarse en nuevas c\u00e9lulas cardiacas. Estas nuevas c\u00e9lulas card\u00edacas pueden ayudar a mejorar la capacidad de bombeo del coraz\u00f3n.<\/p>\n\n<p><strong>Otra forma en que las c\u00e9lulas madre pueden ayudar a tratar las cardiopat\u00edas es reduciendo la inflamaci\u00f3n.<\/strong>  La inflamaci\u00f3n puede da\u00f1ar el tejido cardiaco y dificultar el bombeo de sangre. Las c\u00e9lulas madre pueden ayudar a reducir la inflamaci\u00f3n liberando prote\u00ednas que suprimen el sistema inmunitario.<\/p>\n\n<p><strong>Los estudios han demostrado que las c\u00e9lulas madre pueden reparar el tejido cardiaco da\u00f1ado y mejorar la funci\u00f3n cardiaca.<\/strong><\/p>\n\n<p>Las cardiopat\u00edas pueden ser un reto dif\u00edcil, pero no tiene por qu\u00e9 afrontarlas solo. Entendemos su lucha y estamos aqu\u00ed para ayudarle en cada paso del camino.<\/p>\n\n<p>Recuerde que no es s\u00f3lo un paciente, sino un socio en su propia recuperaci\u00f3n.<\/p>\n\n<h3 class=\"wp-block-heading\">Todo lo que necesita saber sobre la <a href=\"https:\/\/medclinics.com\/es\/stem-cell-therapy-2\/\" target=\"_blank\" rel=\"noreferrer noopener\">terapia con c\u00e9lulas madre<\/a> est\u00e1 aqu\u00ed, <a href=\"#requestform\">\u00a1cont\u00e1ctenos<\/a> ahora!<\/h3>\n\n<figure class=\"wp-block-image size-full\"><img fetchpriority=\"high\" decoding=\"async\" width=\"1450\" height=\"967\" src=\"https:\/\/medclinics.com\/wp-content\/uploads\/2023\/12\/stem-cell-therapy-for-heart-issues.jpg\" alt=\"Terapia con c&#xE9;lulas madre para problemas cardiacos\" class=\"wp-image-122616\" srcset=\"https:\/\/medclinics.com\/wp-content\/uploads\/2023\/12\/stem-cell-therapy-for-heart-issues.jpg 1450w, https:\/\/medclinics.com\/wp-content\/uploads\/2023\/12\/stem-cell-therapy-for-heart-issues-500x333.jpg 500w, https:\/\/medclinics.com\/wp-content\/uploads\/2023\/12\/stem-cell-therapy-for-heart-issues-1024x683.jpg 1024w, https:\/\/medclinics.com\/wp-content\/uploads\/2023\/12\/stem-cell-therapy-for-heart-issues-768x512.jpg 768w, https:\/\/medclinics.com\/wp-content\/uploads\/2023\/12\/stem-cell-therapy-for-heart-issues-24x16.jpg 24w, https:\/\/medclinics.com\/wp-content\/uploads\/2023\/12\/stem-cell-therapy-for-heart-issues-36x24.jpg 36w, https:\/\/medclinics.com\/wp-content\/uploads\/2023\/12\/stem-cell-therapy-for-heart-issues-48x32.jpg 48w\" sizes=\"(max-width: 1450px) 100vw, 1450px\" \/><\/figure>\n\n<h2 class=\"wp-block-heading\">PREGUNTAS FRECUENTES<\/h2>\n<div id=\"rank-math-faq\" class=\"rank-math-block\">\n<div class=\"rank-math-list \">\n<div id=\"faq-question-1703860656383\" class=\"rank-math-list-item\">\n<h3 class=\"rank-math-question \">\u00bfCu\u00e1les son los primeros signos de problemas card\u00edacos?<\/h3>\n<div class=\"rank-math-answer \">\n\n<p>Los primeros s\u00edntomas de problemas cardiacos pueden ser dolor, opresi\u00f3n o malestar en el pecho, dificultad para respirar, dolor irradiado al cuello, la mand\u00edbula o la espalda, y entumecimiento o debilidad en las extremidades. No obstante, recuerde que a veces las cardiopat\u00edas pueden progresar sin s\u00edntomas evidentes.<\/p>\n\n<\/div>\n<\/div>\n<div id=\"faq-question-1703860668943\" class=\"rank-math-list-item\">\n<h3 class=\"rank-math-question \">\u00bfQui\u00e9n corre m\u00e1s riesgo de sufrir una cardiopat\u00eda?<\/h3>\n<div class=\"rank-math-answer \">\n\n<p>Aunque cualquiera puede desarrollar una cardiopat\u00eda, determinados factores aumentan el riesgo. Entre ellos se incluyen la edad (mayor riesgo a medida que se envejece), el sexo (los hombres suelen tener mayor riesgo que las mujeres), los antecedentes familiares, las afecciones m\u00e9dicas existentes como hipertensi\u00f3n y colesterol, diabetes, obesidad, apnea del sue\u00f1o y elecciones de estilo de vida poco saludables como fumar, consumo excesivo de alcohol, mala alimentaci\u00f3n, inactividad f\u00edsica y estr\u00e9s cr\u00f3nico.<\/p>\n\n<\/div>\n<\/div>\n<div id=\"faq-question-1703860689627\" class=\"rank-math-list-item\">\n<h3 class=\"rank-math-question \">\u00bfC\u00f3mo se utiliza la terapia con c\u00e9lulas madre para las cardiopat\u00edas?<\/h3>\n<div class=\"rank-math-answer \">\n\n<p>Las c\u00e9lulas madre pueden inyectarse en el coraz\u00f3n para sustituir c\u00e9lulas da\u00f1adas, estimular el crecimiento de nuevas c\u00e9lulas y reducir la inflamaci\u00f3n.<\/p>\n\n<\/div>\n<\/div>\n<\/div>\n<\/div>\n<h3 class=\"wp-block-heading\">P\u00f3ngase en contacto con nosotros si tiene alguna pregunta.<\/h3>\n","protected":false},"excerpt":{"rendered":"<p>Si est\u00e1 buscando el potencial ilimitado de la terapia con c\u00e9lulas madre para las cardiopat\u00edas, \u00a1ha llegado al lugar adecuado! [&hellip;]<\/p>\n","protected":false},"author":4,"featured_media":122606,"parent":0,"menu_order":0,"comment_status":"closed","ping_status":"closed","template":"","meta":{"site-sidebar-layout":"default","site-content-layout":"","ast-site-content-layout":"default","site-content-style":"default","site-sidebar-style":"default","ast-global-header-display":"","ast-banner-title-visibility":"","ast-main-header-display":"","ast-hfb-above-header-display":"","ast-hfb-below-header-display":"","ast-hfb-mobile-header-display":"","site-post-title":"","ast-breadcrumbs-content":"","ast-featured-img":"","footer-sml-layout":"","ast-disable-related-posts":"","theme-transparent-header-meta":"","adv-header-id-meta":"","stick-header-meta":"","header-above-stick-meta":"","header-main-stick-meta":"","header-below-stick-meta":"","astra-migrate-meta-layouts":"default","ast-page-background-enabled":"default","ast-page-background-meta":{"desktop":{"background-color":"var(--ast-global-color-4)","background-image":"","background-repeat":"repeat","background-position":"center center","background-size":"auto","background-attachment":"scroll","background-type":"","background-media":"","overlay-type":"","overlay-color":"","overlay-opacity":"","overlay-gradient":""},"tablet":{"background-color":"","background-image":"","background-repeat":"repeat","background-position":"center center","background-size":"auto","background-attachment":"scroll","background-type":"","background-media":"","overlay-type":"","overlay-color":"","overlay-opacity":"","overlay-gradient":""},"mobile":{"background-color":"","background-image":"","background-repeat":"repeat","background-position":"center center","background-size":"auto","background-attachment":"scroll","background-type":"","background-media":"","overlay-type":"","overlay-color":"","overlay-opacity":"","overlay-gradient":""}},"ast-content-background-meta":{"desktop":{"background-color":"var(--ast-global-color-5)","background-image":"","background-repeat":"repeat","background-position":"center center","background-size":"auto","background-attachment":"scroll","background-type":"","background-media":"","overlay-type":"","overlay-color":"","overlay-opacity":"","overlay-gradient":""},"tablet":{"background-color":"var(--ast-global-color-5)","background-image":"","background-repeat":"repeat","background-position":"center center","background-size":"auto","background-attachment":"scroll","background-type":"","background-media":"","overlay-type":"","overlay-color":"","overlay-opacity":"","overlay-gradient":""},"mobile":{"background-color":"var(--ast-global-color-5)","background-image":"","background-repeat":"repeat","background-position":"center center","background-size":"auto","background-attachment":"scroll","background-type":"","background-media":"","overlay-type":"","overlay-color":"","overlay-opacity":"","overlay-gradient":""}},"footnotes":""},"class_list":["post-148905","page","type-page","status-publish","has-post-thumbnail","hentry"],"_links":{"self":[{"href":"https:\/\/medclinics.com\/es\/wp-json\/wp\/v2\/pages\/148905","targetHints":{"allow":["GET"]}}],"collection":[{"href":"https:\/\/medclinics.com\/es\/wp-json\/wp\/v2\/pages"}],"about":[{"href":"https:\/\/medclinics.com\/es\/wp-json\/wp\/v2\/types\/page"}],"author":[{"embeddable":true,"href":"https:\/\/medclinics.com\/es\/wp-json\/wp\/v2\/users\/4"}],"replies":[{"embeddable":true,"href":"https:\/\/medclinics.com\/es\/wp-json\/wp\/v2\/comments?post=148905"}],"version-history":[{"count":0,"href":"https:\/\/medclinics.com\/es\/wp-json\/wp\/v2\/pages\/148905\/revisions"}],"wp:featuredmedia":[{"embeddable":true,"href":"https:\/\/medclinics.com\/es\/wp-json\/wp\/v2\/media\/122606"}],"wp:attachment":[{"href":"https:\/\/medclinics.com\/es\/wp-json\/wp\/v2\/media?parent=148905"}],"curies":[{"name":"wp","href":"https:\/\/api.w.org\/{rel}","templated":true}]}}