{"id":148881,"date":"2023-05-16T09:01:00","date_gmt":"2023-05-16T06:01:00","guid":{"rendered":"https:\/\/medclinics.com\/terapia-con-celulas-madre-para-lesiones-medulares-un-tratamiento-revolucionario\/"},"modified":"2025-01-03T01:50:17","modified_gmt":"2025-01-02T22:50:17","slug":"terapia-con-celulas-madre-para-lesiones-medulares-un-tratamiento-revolucionario","status":"publish","type":"page","link":"https:\/\/medclinics.com\/es\/terapia-con-celulas-madre-para-lesiones-medulares-un-tratamiento-revolucionario\/","title":{"rendered":"Terapia con c\u00e9lulas madre para lesiones medulares: un tratamiento revolucionario"},"content":{"rendered":"\n<h2 class=\"wp-block-heading\">Si est\u00e1 buscando el infinito potencial de la terapia con c\u00e9lulas madre para la lesi\u00f3n medular, \u00a1ha llegado al lugar adecuado!<\/h2>\n\n<p><br\/>La <strong>lesi\u00f3n medular (LME)<\/strong> es una lesi\u00f3n que da\u00f1a la m\u00e9dula espinal. La m\u00e9dula espinal es un haz de nervios que conecta el cerebro con el resto del cuerpo. Cuando la m\u00e9dula espinal se lesiona, puede causar diversos problemas, como par\u00e1lisis, p\u00e9rdida de sensibilidad y dificultad para controlar la vejiga y los intestinos.<\/p>\n\n<p><strong>Causas de la lesi\u00f3n medular<\/strong><\/p>\n\n<p>Las causas m\u00e1s comunes son:<\/p>\n\n<ul class=\"wp-block-list\">\n<li>Accidentes de tr\u00e1fico (suponen m\u00e1s del 37% de todas las lesiones medulares)<\/li>\n\n\n\n<li>Ca\u00eddas (Constituyen alrededor del 31% de todas las lesiones medulares).<\/li>\n\n\n\n<li>Lesiones relacionadas con la violencia (Constituyen alrededor del 15% de todas las lesiones medulares).<\/li>\n\n\n\n<li>Lesiones relacionadas con el deporte (Supone alrededor del 8% de las lesiones medulares. El buceo es la lesi\u00f3n medular m\u00e1s frecuente relacionada con el deporte).<\/li>\n<\/ul>\n\n<p>Otras causas frecuentes de lesiones medulares son:<\/p>\n\n<ul class=\"wp-block-list\">\n<li>Tumores<\/li>\n\n\n\n<li>Infecciones<\/li>\n\n\n\n<li>Defectos cong\u00e9nitos<\/li>\n\n\n\n<li>Procedimientos m\u00e9dicos<\/li>\n<\/ul>\n\n<p><strong>S\u00edntomas de la lesi\u00f3n medular<\/strong><\/p>\n\n<p>Los s\u00edntomas de la LME var\u00edan en funci\u00f3n de la localizaci\u00f3n y la gravedad de la lesi\u00f3n. En general, las SCI pueden causar los siguientes problemas:<\/p>\n\n<ul class=\"wp-block-list\">\n<li><strong>Par\u00e1lisis:<\/strong> La par\u00e1lisis es la p\u00e9rdida de movimiento en una o m\u00e1s partes del cuerpo.<\/li>\n\n\n\n<li><strong>P\u00e9rdida de sensibilidad:<\/strong> La p\u00e9rdida de sensibilidad es la incapacidad de sentir cosas, como el tacto, el dolor o la temperatura.<\/li>\n\n\n\n<li><strong>Problemas de control de esf\u00ednteres:<\/strong> Los problemas de control de la vejiga y los intestinos pueden dificultar la micci\u00f3n o la defecaci\u00f3n.<\/li>\n<\/ul>\n\n<p><strong>\u00bfQui\u00e9n tiene m\u00e1s probabilidades de <strong>sufrir una lesi\u00f3n med<\/strong>ular?<\/strong><\/p>\n\n<ul class=\"wp-block-list\">\n<li><strong>Edad:<\/strong> El riesgo de sufrir una lesi\u00f3n medular aumenta con la edad, sobre todo a partir de los 50 a\u00f1os.<\/li>\n\n\n\n<li><strong>Sexo:<\/strong> Los hombres tienen m\u00e1s probabilidades de sufrir una lesi\u00f3n medular que las mujeres.<\/li>\n\n\n\n<li><strong>El peso:<\/strong> El sobrepeso o la obesidad aumentan el riesgo de sufrir lesiones medulares, especialmente por ca\u00eddas.<\/li>\n<\/ul>\n\n<p><strong>\n  <a href=\"https:\/\/www.stemcelltherapy.gen.tr\" target=\"_blank\" rel=\"noreferrer noopener\">La terapia con c\u00e9lulas madre<\/a>\n<\/strong> es un nuevo y prometedor tratamiento para la LME. Las c\u00e9lulas madre son c\u00e9lulas inmaduras que pueden convertirse en distintos tipos de c\u00e9lulas, incluidas las neuronas. Las c\u00e9lulas madre podr\u00edan ayudar a reparar los nervios da\u00f1ados<strong>\n  <strong>.<\/strong>\n<\/strong> Los <strong>investigadores siguen estudiando c\u00f3mo utilizar la terapia con c\u00e9lulas madre para la <strong>lesi\u00f3n med<\/strong><\/strong>ular.<\/p>\n\n<p>Conocemos el devastador impacto de las lesiones medulares y estamos a su lado en todo momento. Desde el diagn\u00f3stico hasta la recuperaci\u00f3n, no recorrer\u00e1s este camino solo. Si est\u00e1 considerando la terapia con c\u00e9lulas madre como una posible opci\u00f3n de tratamiento para la LME, estamos aqu\u00ed para ayudarle.<\/p>\n\n<p>P\u00f3ngase en contacto con nosotros ahora mismo y le guiaremos hacia una mejor salud.<\/p>\n\n<h3 class=\"wp-block-heading\">Todo lo que necesita saber sobre la <a href=\"https:\/\/medclinics.com\/es\/stem-cell-therapy-2\/\" target=\"_blank\" rel=\"noreferrer noopener\">terapia con c\u00e9lulas madre<\/a> est\u00e1 aqu\u00ed, <a href=\"#requestform\">\u00a1cont\u00e1ctenos<\/a> ahora!<\/h3>\n\n<figure class=\"wp-block-image size-full\"><img fetchpriority=\"high\" decoding=\"async\" width=\"1450\" height=\"967\" class=\"wp-image-122175\" src=\"https:\/\/medclinics.com\/wp-content\/uploads\/2023\/12\/stem-cell-therapy-for-sci.jpg\" alt=\"Terapia con c&#xE9;lulas madre para la ciencia\" srcset=\"https:\/\/medclinics.com\/wp-content\/uploads\/2023\/12\/stem-cell-therapy-for-sci.jpg 1450w, https:\/\/medclinics.com\/wp-content\/uploads\/2023\/12\/stem-cell-therapy-for-sci-500x333.jpg 500w, https:\/\/medclinics.com\/wp-content\/uploads\/2023\/12\/stem-cell-therapy-for-sci-1024x683.jpg 1024w, https:\/\/medclinics.com\/wp-content\/uploads\/2023\/12\/stem-cell-therapy-for-sci-768x512.jpg 768w, https:\/\/medclinics.com\/wp-content\/uploads\/2023\/12\/stem-cell-therapy-for-sci-24x16.jpg 24w, https:\/\/medclinics.com\/wp-content\/uploads\/2023\/12\/stem-cell-therapy-for-sci-36x24.jpg 36w, https:\/\/medclinics.com\/wp-content\/uploads\/2023\/12\/stem-cell-therapy-for-sci-48x32.jpg 48w\" sizes=\"(max-width: 1450px) 100vw, 1450px\" \/><\/figure>\n\n<h2 class=\"wp-block-heading\">PREGUNTAS FRECUENTES<\/h2>\n<div id=\"rank-math-faq\" class=\"rank-math-block\">\n<div class=\"rank-math-list \">\n<div id=\"faq-question-1703846708178\" class=\"rank-math-list-item\">\n<h3 class=\"rank-math-question \"><strong>\u00bfCu\u00e1les son los s\u00edntomas de <strong>\n  <strong>lesi\u00f3n medular<\/strong>\n<\/strong>?<\/strong><\/h3>\n<div class=\"rank-math-answer \">\n\n<p>Los s\u00edntomas de una lesi\u00f3n medular (LME) pueden variar mucho en funci\u00f3n de la localizaci\u00f3n y gravedad de la lesi\u00f3n. Sin embargo, algunos s\u00edntomas comunes son: par\u00e1lisis, p\u00e9rdida de sensibilidad, problemas con el control de la vejiga y los intestinos.<\/p>\n\n<\/div>\n<\/div>\n<div id=\"faq-question-1703846839041\" class=\"rank-math-list-item\">\n<h3 class=\"rank-math-question \"><strong>\u00bfQu\u00e9 causa la <strong>\n  <strong>Lesi\u00f3n medular<\/strong>\n<\/strong>?<\/strong><\/h3>\n<div class=\"rank-math-answer \">\n\n<p>La causa m\u00e1s frecuente de LME es un traumatismo, como un accidente de coche, una ca\u00edda o una lesi\u00f3n deportiva, tumores, infecciones, defectos cong\u00e9nitos, procedimientos m\u00e9dicos&#8230;<\/p>\n\n<\/div>\n<\/div>\n<\/div>\n<\/div>\n<h3 class=\"wp-block-heading\">P\u00f3ngase en contacto con nosotros si tiene alguna pregunta.<\/h3>\n","protected":false},"excerpt":{"rendered":"<p>Si est\u00e1 buscando el infinito potencial de la terapia con c\u00e9lulas madre para la lesi\u00f3n medular, \u00a1ha llegado al lugar [&hellip;]<\/p>\n","protected":false},"author":4,"featured_media":122182,"parent":0,"menu_order":0,"comment_status":"closed","ping_status":"closed","template":"","meta":{"site-sidebar-layout":"default","site-content-layout":"","ast-site-content-layout":"default","site-content-style":"default","site-sidebar-style":"default","ast-global-header-display":"","ast-banner-title-visibility":"","ast-main-header-display":"","ast-hfb-above-header-display":"","ast-hfb-below-header-display":"","ast-hfb-mobile-header-display":"","site-post-title":"","ast-breadcrumbs-content":"","ast-featured-img":"","footer-sml-layout":"","ast-disable-related-posts":"","theme-transparent-header-meta":"","adv-header-id-meta":"","stick-header-meta":"","header-above-stick-meta":"","header-main-stick-meta":"","header-below-stick-meta":"","astra-migrate-meta-layouts":"default","ast-page-background-enabled":"default","ast-page-background-meta":{"desktop":{"background-color":"var(--ast-global-color-4)","background-image":"","background-repeat":"repeat","background-position":"center center","background-size":"auto","background-attachment":"scroll","background-type":"","background-media":"","overlay-type":"","overlay-color":"","overlay-opacity":"","overlay-gradient":""},"tablet":{"background-color":"","background-image":"","background-repeat":"repeat","background-position":"center center","background-size":"auto","background-attachment":"scroll","background-type":"","background-media":"","overlay-type":"","overlay-color":"","overlay-opacity":"","overlay-gradient":""},"mobile":{"background-color":"","background-image":"","background-repeat":"repeat","background-position":"center center","background-size":"auto","background-attachment":"scroll","background-type":"","background-media":"","overlay-type":"","overlay-color":"","overlay-opacity":"","overlay-gradient":""}},"ast-content-background-meta":{"desktop":{"background-color":"var(--ast-global-color-5)","background-image":"","background-repeat":"repeat","background-position":"center center","background-size":"auto","background-attachment":"scroll","background-type":"","background-media":"","overlay-type":"","overlay-color":"","overlay-opacity":"","overlay-gradient":""},"tablet":{"background-color":"var(--ast-global-color-5)","background-image":"","background-repeat":"repeat","background-position":"center center","background-size":"auto","background-attachment":"scroll","background-type":"","background-media":"","overlay-type":"","overlay-color":"","overlay-opacity":"","overlay-gradient":""},"mobile":{"background-color":"var(--ast-global-color-5)","background-image":"","background-repeat":"repeat","background-position":"center center","background-size":"auto","background-attachment":"scroll","background-type":"","background-media":"","overlay-type":"","overlay-color":"","overlay-opacity":"","overlay-gradient":""}},"footnotes":""},"class_list":["post-148881","page","type-page","status-publish","has-post-thumbnail","hentry"],"_links":{"self":[{"href":"https:\/\/medclinics.com\/es\/wp-json\/wp\/v2\/pages\/148881","targetHints":{"allow":["GET"]}}],"collection":[{"href":"https:\/\/medclinics.com\/es\/wp-json\/wp\/v2\/pages"}],"about":[{"href":"https:\/\/medclinics.com\/es\/wp-json\/wp\/v2\/types\/page"}],"author":[{"embeddable":true,"href":"https:\/\/medclinics.com\/es\/wp-json\/wp\/v2\/users\/4"}],"replies":[{"embeddable":true,"href":"https:\/\/medclinics.com\/es\/wp-json\/wp\/v2\/comments?post=148881"}],"version-history":[{"count":0,"href":"https:\/\/medclinics.com\/es\/wp-json\/wp\/v2\/pages\/148881\/revisions"}],"wp:featuredmedia":[{"embeddable":true,"href":"https:\/\/medclinics.com\/es\/wp-json\/wp\/v2\/media\/122182"}],"wp:attachment":[{"href":"https:\/\/medclinics.com\/es\/wp-json\/wp\/v2\/media?parent=148881"}],"curies":[{"name":"wp","href":"https:\/\/api.w.org\/{rel}","templated":true}]}}