{"id":148875,"date":"2025-02-07T09:01:00","date_gmt":"2025-02-07T06:01:00","guid":{"rendered":"https:\/\/medclinics.com\/terapia-con-celulas-madre-para-la-enfermedad-de-alzheimer-una-nueva-direccion-esperanzadora\/"},"modified":"2025-01-03T00:14:49","modified_gmt":"2025-01-02T21:14:49","slug":"terapia-con-celulas-madre-para-la-enfermedad-de-alzheimer-una-nueva-direccion-esperanzadora","status":"publish","type":"page","link":"https:\/\/medclinics.com\/es\/terapia-con-celulas-madre-para-la-enfermedad-de-alzheimer-una-nueva-direccion-esperanzadora\/","title":{"rendered":"Terapia con c\u00e9lulas madre para la enfermedad de Alzheimer: Una nueva direcci\u00f3n esperanzadora"},"content":{"rendered":"\n<h2 class=\"wp-block-heading\">Si est\u00e1 buscando el infinito potencial de la terapia con c\u00e9lulas madre para la enfermedad de Alzheimer, \u00a1ha llegado al lugar correcto!<\/h2>\n\n<p><strong>La enfermedad de Alzheimer es un tipo de demencia que afecta a la memoria, el pensamiento y el comportamiento.<\/strong>  Es la causa m\u00e1s com\u00fan de demencia, representando el 60-80% de los casos. Se trata de una enfermedad progresiva que comienza con una leve p\u00e9rdida de memoria y puede llegar a la p\u00e9rdida de la capacidad para mantener una conversaci\u00f3n y responder al entorno.<\/p>\n\n<p><strong>Factores de riesgo de la enfermedad de Alzheimer:<\/strong><\/p>\n\n<ul class=\"wp-block-list\">\n<li><strong>Edad: <\/strong>La edad es el factor de riesgo m\u00e1s conocido de la enfermedad de Alzheimer. El riesgo de desarrollar la enfermedad de Alzheimer aumenta con la edad.<\/li>\n\n\n\n<li><strong>Antecedentes familiares:<\/strong> Las personas con antecedentes familiares de Alzheimer tienen m\u00e1s probabilidades de desarrollar la enfermedad.<\/li>\n\n\n\n<li><strong>Gen\u00e9tica: <\/strong>Los investigadores creen que la gen\u00e9tica puede desempe\u00f1ar un papel en el desarrollo de la enfermedad de Alzheimer. Sin embargo, los genes no equivalen al destino. Un estilo de vida saludable puede ayudar a reducir el riesgo de desarrollar la enfermedad de Alzheimer.<\/li>\n<\/ul>\n\n<p>Puede protegerse de la enfermedad de Alzheimer haciendo:<\/p>\n\n<ul class=\"wp-block-list\">\n<li><strong>Estilo de vida saludable:<\/strong> No fumes, limita el alcohol, come equilibradamente, mantente activo (f\u00edsica, mental y socialmente).<\/li>\n\n\n\n<li><strong>Protecci\u00f3n de la cabeza:<\/strong> Minimizar las lesiones en la cabeza durante toda la vida, especialmente las graves.<\/li>\n\n\n\n<li><strong>Controle los problemas de salud:<\/strong> Controle la diabetes, el ictus, los problemas cardiacos, la tensi\u00f3n arterial, el colesterol, la obesidad, la p\u00e9rdida de audici\u00f3n y la depresi\u00f3n.<\/li>\n<\/ul>\n\n<p>Recuerde que, aunque no se puede garantizar que estos factores prevengan el Alzheimer, su control puede reducir potencialmente el riesgo.<\/p>\n\n<p><strong>S\u00edntomas de la enfermedad de Alzheimer:<\/strong><\/p>\n\n<p><strong>S\u00edntomas precoces:<\/strong><\/p>\n\n<ul class=\"wp-block-list\">\n<li><strong>Dificultad para recordar informaci\u00f3n aprendida recientemente:<\/strong> Olvidar d\u00f3nde ha dejado las llaves, las citas o los nombres de conocidos puede ser un indicio precoz.<\/li>\n\n\n\n<li><strong>Confusi\u00f3n leve y olvidos:<\/strong> Dificultad para seguir conversaciones, completar tareas familiares o encontrar las palabras adecuadas.<\/li>\n\n\n\n<li><strong>Cambios de humor y comportamiento:<\/strong> Se vuelve f\u00e1cilmente irritable, ansioso o retra\u00eddo, y muestra cambios de personalidad.<\/li>\n\n\n\n<li><strong>Dificultad para planificar y resolver problemas:<\/strong> Dificultad para gestionar las finanzas, tomar decisiones u organizar planes.<\/li>\n<\/ul>\n\n<p><strong>S\u00edntomas posteriores:<\/strong><\/p>\n\n<ul class=\"wp-block-list\">\n<li><strong>P\u00e9rdida de memoria m\u00e1s grave:<\/strong> Olvidar acontecimientos importantes, personas y experiencias pasadas.<\/li>\n\n\n\n<li><strong>Desorientaci\u00f3n y confusi\u00f3n:<\/strong> Perder la noci\u00f3n del tiempo, del lugar e incluso de su propia identidad.<\/li>\n\n\n\n<li><strong>Dificultades ling\u00fc\u00edsticas:<\/strong> Dificultad para encontrar palabras, hablar coherentemente o comprender el lenguaje hablado.<\/li>\n\n\n\n<li><strong>Cambios en las capacidades f\u00edsicas:<\/strong> Experimentar problemas de equilibrio, coordinaci\u00f3n y, eventualmente, para caminar.<\/li>\n\n\n\n<li><strong>Cambios de comportamiento:<\/strong> Son m\u00e1s frecuentes los delirios, las alucinaciones y la dificultad para controlar las emociones.<\/li>\n<\/ul>\n\n<p><a href=\"https:\/\/www.stemcelltherapy.gen.tr\" target=\"_blank\" rel=\"noopener\">La terapia con c\u00e9lulas madre<\/a> para la enfermedad de Alzheimer es un nuevo y prometedor tratamiento que est\u00e1 siendo estudiado por los cient\u00edficos. Las c\u00e9lulas madre son c\u00e9lulas especiales que pueden convertirse en distintos tipos de c\u00e9lulas, incluidas las cerebrales. Los cient\u00edficos creen que las c\u00e9lulas madre podr\u00edan utilizarse para reparar c\u00e9lulas cerebrales da\u00f1adas y ralentizar o detener la progresi\u00f3n de la enfermedad de Alzheimer.<\/p>\n\n<p>Los primeros estudios de terapia con c\u00e9lulas madre para la enfermedad de Alzheimer han sido prometedores. En algunos estudios, hasta el 75% de los pacientes experimentaron una ralentizaci\u00f3n de la progresi\u00f3n o una mejora de los s\u00edntomas. Sin embargo, se necesitan m\u00e1s investigaciones para confirmar estos resultados y determinar la mejor forma de utilizar las c\u00e9lulas madre para tratar la enfermedad de Alzheimer.<\/p>\n\n<p>Las c\u00e9lulas madre pueden obtenerse del propio tejido adiposo del paciente o de la m\u00e9dula \u00f3sea. El n\u00famero de c\u00e9lulas utilizadas depende de la edad y el peso del paciente. Los protocolos de tratamiento se personalizan para cada paciente y pueden implicar varias sesiones.<\/p>\n\n<p><strong>Sabemos que la enfermedad de Alzheimer puede ser una dolencia dif\u00edcil y desafiante. Estamos aqu\u00ed para apoyarle y ayudarle a obtener m\u00e1s informaci\u00f3n sobre la terapia con c\u00e9lulas madre como posible opci\u00f3n de tratamiento.<\/strong><\/p>\n\n<p><strong>P\u00f3ngase en contacto con nosotros hoy mismo y perm\u00edtanos ayudarle en su camino hacia una mejor salud.<\/strong><\/p>\n\n<h3 class=\"wp-block-heading\">Todo lo que necesita saber sobre la <a href=\"https:\/\/medclinics.com\/es\/stem-cell-therapy-2\/\" target=\"_blank\" rel=\"noreferrer noopener\">terapia con c\u00e9lulas madre<\/a> est\u00e1 aqu\u00ed, <a href=\"#requestform\">\u00a1cont\u00e1ctenos<\/a> ahora!<\/h3>\n\n<figure class=\"wp-block-image size-full\"><img fetchpriority=\"high\" decoding=\"async\" width=\"1450\" height=\"967\" class=\"wp-image-122111\" src=\"https:\/\/medclinics.com\/wp-content\/uploads\/2023\/12\/stem-cell-therapy-for-alzheimer-1.jpg\" alt=\"Terapia con c&#xE9;lulas madre para el Alzheimer\" srcset=\"https:\/\/medclinics.com\/wp-content\/uploads\/2023\/12\/stem-cell-therapy-for-alzheimer-1.jpg 1450w, https:\/\/medclinics.com\/wp-content\/uploads\/2023\/12\/stem-cell-therapy-for-alzheimer-1-500x333.jpg 500w, https:\/\/medclinics.com\/wp-content\/uploads\/2023\/12\/stem-cell-therapy-for-alzheimer-1-1024x683.jpg 1024w, https:\/\/medclinics.com\/wp-content\/uploads\/2023\/12\/stem-cell-therapy-for-alzheimer-1-768x512.jpg 768w, https:\/\/medclinics.com\/wp-content\/uploads\/2023\/12\/stem-cell-therapy-for-alzheimer-1-24x16.jpg 24w, https:\/\/medclinics.com\/wp-content\/uploads\/2023\/12\/stem-cell-therapy-for-alzheimer-1-36x24.jpg 36w, https:\/\/medclinics.com\/wp-content\/uploads\/2023\/12\/stem-cell-therapy-for-alzheimer-1-48x32.jpg 48w\" sizes=\"(max-width: 1450px) 100vw, 1450px\" \/><\/figure>\n\n<h2 class=\"wp-block-heading\">PREGUNTAS FRECUENTES<\/h2>\n<div id=\"rank-math-faq\" class=\"rank-math-block\">\n<div class=\"rank-math-list \">\n<div id=\"faq-question-1703838320172\" class=\"rank-math-list-item\">\n<h3 class=\"rank-math-question \"><strong>\u00bfCu\u00e1les son los s\u00edntomas de la enfermedad de Alzheimer?<\/strong><\/h3>\n<div class=\"rank-math-answer \">\n\n<p>Los primeros s\u00edntomas incluyen dificultad para recordar informaci\u00f3n reciente, confusi\u00f3n leve, cambios de humor y dificultades para planificar y resolver problemas. En las fases posteriores se producen graves p\u00e9rdidas de memoria, desorientaci\u00f3n, dificultades del lenguaje y cambios f\u00edsicos.<\/p>\n\n<\/div>\n<\/div>\n<div id=\"faq-question-1703838340012\" class=\"rank-math-list-item\">\n<h3 class=\"rank-math-question \"><strong>\u00bfQu\u00e9 causa el Alzheimer?<\/strong><\/h3>\n<div class=\"rank-math-answer \">\n\n<p>Se desconoce la causa exacta, pero la edad, los antecedentes familiares y los genes son factores de riesgo. Un estilo de vida saludable puede ayudar a reducir el riesgo.<\/p>\n\n<\/div>\n<\/div>\n<div id=\"faq-question-1703838365556\" class=\"rank-math-list-item\">\n<h3 class=\"rank-math-question \"><strong>\u00bfC\u00f3mo funciona la terapia con c\u00e9lulas madre para el Alzheimer?<\/strong><\/h3>\n<div class=\"rank-math-answer \">\n\n<p>Se inyectan c\u00e9lulas madre en el cerebro, lo que puede ayudar a reparar las c\u00e9lulas da\u00f1adas y reducir la degeneraci\u00f3n.<\/p>\n\n<\/div>\n<\/div>\n<\/div>\n<\/div>\n<h3 class=\"wp-block-heading\">P\u00f3ngase en contacto con nosotros si tiene alguna pregunta.<\/h3>\n","protected":false},"excerpt":{"rendered":"<p>Si est\u00e1 buscando el infinito potencial de la terapia con c\u00e9lulas madre para la enfermedad de Alzheimer, \u00a1ha llegado al [&hellip;]<\/p>\n","protected":false},"author":4,"featured_media":122104,"parent":0,"menu_order":0,"comment_status":"closed","ping_status":"closed","template":"","meta":{"site-sidebar-layout":"default","site-content-layout":"","ast-site-content-layout":"default","site-content-style":"default","site-sidebar-style":"default","ast-global-header-display":"","ast-banner-title-visibility":"","ast-main-header-display":"","ast-hfb-above-header-display":"","ast-hfb-below-header-display":"","ast-hfb-mobile-header-display":"","site-post-title":"","ast-breadcrumbs-content":"","ast-featured-img":"","footer-sml-layout":"","ast-disable-related-posts":"","theme-transparent-header-meta":"","adv-header-id-meta":"","stick-header-meta":"","header-above-stick-meta":"","header-main-stick-meta":"","header-below-stick-meta":"","astra-migrate-meta-layouts":"default","ast-page-background-enabled":"default","ast-page-background-meta":{"desktop":{"background-color":"var(--ast-global-color-4)","background-image":"","background-repeat":"repeat","background-position":"center center","background-size":"auto","background-attachment":"scroll","background-type":"","background-media":"","overlay-type":"","overlay-color":"","overlay-opacity":"","overlay-gradient":""},"tablet":{"background-color":"","background-image":"","background-repeat":"repeat","background-position":"center center","background-size":"auto","background-attachment":"scroll","background-type":"","background-media":"","overlay-type":"","overlay-color":"","overlay-opacity":"","overlay-gradient":""},"mobile":{"background-color":"","background-image":"","background-repeat":"repeat","background-position":"center center","background-size":"auto","background-attachment":"scroll","background-type":"","background-media":"","overlay-type":"","overlay-color":"","overlay-opacity":"","overlay-gradient":""}},"ast-content-background-meta":{"desktop":{"background-color":"var(--ast-global-color-5)","background-image":"","background-repeat":"repeat","background-position":"center center","background-size":"auto","background-attachment":"scroll","background-type":"","background-media":"","overlay-type":"","overlay-color":"","overlay-opacity":"","overlay-gradient":""},"tablet":{"background-color":"var(--ast-global-color-5)","background-image":"","background-repeat":"repeat","background-position":"center center","background-size":"auto","background-attachment":"scroll","background-type":"","background-media":"","overlay-type":"","overlay-color":"","overlay-opacity":"","overlay-gradient":""},"mobile":{"background-color":"var(--ast-global-color-5)","background-image":"","background-repeat":"repeat","background-position":"center center","background-size":"auto","background-attachment":"scroll","background-type":"","background-media":"","overlay-type":"","overlay-color":"","overlay-opacity":"","overlay-gradient":""}},"footnotes":""},"class_list":["post-148875","page","type-page","status-publish","has-post-thumbnail","hentry"],"_links":{"self":[{"href":"https:\/\/medclinics.com\/es\/wp-json\/wp\/v2\/pages\/148875","targetHints":{"allow":["GET"]}}],"collection":[{"href":"https:\/\/medclinics.com\/es\/wp-json\/wp\/v2\/pages"}],"about":[{"href":"https:\/\/medclinics.com\/es\/wp-json\/wp\/v2\/types\/page"}],"author":[{"embeddable":true,"href":"https:\/\/medclinics.com\/es\/wp-json\/wp\/v2\/users\/4"}],"replies":[{"embeddable":true,"href":"https:\/\/medclinics.com\/es\/wp-json\/wp\/v2\/comments?post=148875"}],"version-history":[{"count":0,"href":"https:\/\/medclinics.com\/es\/wp-json\/wp\/v2\/pages\/148875\/revisions"}],"wp:featuredmedia":[{"embeddable":true,"href":"https:\/\/medclinics.com\/es\/wp-json\/wp\/v2\/media\/122104"}],"wp:attachment":[{"href":"https:\/\/medclinics.com\/es\/wp-json\/wp\/v2\/media?parent=148875"}],"curies":[{"name":"wp","href":"https:\/\/api.w.org\/{rel}","templated":true}]}}