{"id":148803,"date":"2023-05-15T09:01:00","date_gmt":"2023-05-15T06:01:00","guid":{"rendered":"https:\/\/medclinics.com\/terapia-con-celulas-madre-para-el-ictus-un-tratamiento-revolucionario\/"},"modified":"2025-01-03T01:50:17","modified_gmt":"2025-01-02T22:50:17","slug":"terapia-con-celulas-madre-para-el-ictus-un-tratamiento-revolucionario","status":"publish","type":"page","link":"https:\/\/medclinics.com\/es\/terapia-con-celulas-madre-para-el-ictus-un-tratamiento-revolucionario\/","title":{"rendered":"Terapia con c\u00e9lulas madre para el ictus: un tratamiento revolucionario"},"content":{"rendered":"\n<h2 class=\"wp-block-heading\">Si est\u00e1 buscando el potencial ilimitado de la terapia con c\u00e9lulas madre para el ictus, \u00a1ha llegado al lugar adecuado!<\/h2>\n\n<p><br\/>El ictus es una enfermedad que afecta a las arterias que conducen al cerebro y a su interior. Esto puede causar da\u00f1os cerebrales e incluso la muerte. El ictus se produce cuando un vaso sangu\u00edneo que transporta ox\u00edgeno y nutrientes al cerebro se bloquea, de modo que parte del cerebro no puede recibir la sangre (y el ox\u00edgeno) que necesita, por lo que \u00e9ste y las c\u00e9lulas cerebrales mueren.  <\/p>\n\n<p><strong>\u00bfCu\u00e1les son los tipos de ictus?<\/strong><\/p>\n\n<p>Existen <strong>dos tipos principales<\/strong> de ictus: <strong>isqu\u00e9mico <\/strong>y <strong>hemorr\u00e1gico<\/strong>. El ictus isqu\u00e9mico es el tipo m\u00e1s frecuente. Se produce cuando un co\u00e1gulo bloquea el flujo sangu\u00edneo al cerebro. El ictus hemorr\u00e1gico es menos frecuente. Ocurre cuando se rompe un vaso sangu\u00edneo en el cerebro.<\/p>\n\n<p><strong>Los s\u00edntomas del Ictus pueden incluir:<\/strong><\/p>\n\n<ul class=\"wp-block-list\">\n<li>P\u00e9rdida repentina del equilibrio.<\/li>\n\n\n\n<li>P\u00e9rdida repentina de visi\u00f3n en uno o ambos ojos<\/li>\n\n\n\n<li>Par\u00e1lisis de un lado<\/li>\n\n\n\n<li>Mareos<\/li>\n\n\n\n<li>Dificultades para tragar<\/li>\n\n\n\n<li>Debilidad o incapacidad para levantar ambos brazos<\/li>\n\n\n\n<li>Problemas para hablar\/entender<\/li>\n<\/ul>\n\n<p><strong>\u00bfQui\u00e9n corre el riesgo de sufrir un ictus?<\/strong><\/p>\n\n<p>Cualquiera puede sufrir un ictus, desde ni\u00f1os a adultos, pero hay algunas personas que tienen un riesgo mayor que otras.  <\/p>\n\n<p><strong>Grupo de alto riesgo:<\/strong><\/p>\n\n<ul class=\"wp-block-list\">\n<li><strong>Edad:<\/strong> El riesgo de ictus aumenta significativamente a partir de los 55 a\u00f1os.<\/li>\n\n\n\n<li><strong>Antecedentes familiares:<\/strong> Tener antecedentes familiares de ictus aumenta significativamente el riesgo.<\/li>\n\n\n\n<li><strong>Ictus o AIT previos:<\/strong> las personas que ya han sufrido un ictus o un AIT tienen un riesgo mucho mayor de sufrir otro.<\/li>\n<\/ul>\n\n<p><strong>Ciertas afecciones m\u00e9dicas:<\/strong><\/p>\n\n<ul class=\"wp-block-list\">\n<li>Presi\u00f3n arterial alta (hipertensi\u00f3n)<\/li>\n\n\n\n<li>Diabetes<\/li>\n\n\n\n<li>Colesterol alto<\/li>\n\n\n\n<li>Fibrilaci\u00f3n auricular (latido irregular del coraz\u00f3n)<\/li>\n\n\n\n<li>Apnea del sue\u00f1o<\/li>\n\n\n\n<li>Estenosis de la arteria car\u00f3tida (estrechamiento de las arterias del cuello)<\/li>\n<\/ul>\n\n<p><strong>Otros factores de riesgo:<\/strong><\/p>\n\n<ul class=\"wp-block-list\">\n<li><strong>Tabaquismo:<\/strong> Fumar aumenta significativamente el riesgo de ictus.<\/li>\n\n\n\n<li><strong>Consumo excesivo de alcohol:<\/strong> El consumo excesivo de alcohol puede contribuir al riesgo de ictus.<\/li>\n\n\n\n<li><strong>Obesidad:<\/strong> El sobrepeso o la obesidad aumentan el riesgo de ictus.<\/li>\n\n\n\n<li><strong>Inactividad f\u00edsica:<\/strong> La falta de ejercicio regular aumenta el riesgo de ictus.<\/li>\n\n\n\n<li><strong>Dieta poco saludable:<\/strong> Una dieta rica en grasas poco saludables, sodio y az\u00facar puede contribuir al riesgo de ictus.<\/li>\n\n\n\n<li><strong>Ciertas etnias:<\/strong> Los afroamericanos y los hispanos tienen un mayor riesgo de ictus en comparaci\u00f3n con los cauc\u00e1sicos.<\/li>\n\n\n\n<li><strong>Sexo:<\/strong> Los hombres son ligeramente m\u00e1s propensos a sufrir accidentes cerebrovasculares que las mujeres.<\/li>\n\n\n\n<li><strong>Hormonas<\/strong>: Tomar p\u00edldoras anticonceptivas o terapias hormonales que incluyan estr\u00f3genos puede aumentar el riesgo.<\/li>\n<\/ul>\n\n<p><strong>\u00bfEs frecuente el ictus?<\/strong><\/p>\n\n<p>En todo el mundo, los accidentes cerebrovasculares ocupan el segundo lugar entre las principales causas de muerte. En Estados Unidos, el ictus es la quinta causa de muerte.  <\/p>\n\n<p><strong>\u00bfC\u00f3mo se diagnostica el ictus?<\/strong><\/p>\n\n<p>Los m\u00e9dicos evaluar\u00e1n los s\u00edntomas, realizar\u00e1n pruebas como tomograf\u00edas computarizadas o resonancias magn\u00e9ticas, y probablemente le tomar\u00e1n la tensi\u00f3n arterial y comprobar\u00e1n los niveles de diabetes y colesterol.<\/p>\n\n<p><a href=\"https:\/\/www.stemcelltherapy.gen.tr\" target=\"_blank\" rel=\"noopener\">La terapia con c\u00e9lulas madre<\/a> es un nuevo enfoque para el tratamiento del ictus. Las c\u00e9lulas madre pueden convertirse en cualquier tipo de tejido del organismo. Y es capaz de reparar el tejido cerebral da\u00f1ado tras un ictus.<\/p>\n\n<p>Las c\u00e9lulas madre utilizadas para el tratamiento del ictus suelen obtenerse del propio paciente o de un donante. Las c\u00e9lulas madre pueden inyectarse directamente en el cerebro o administrarse por v\u00eda intravenosa.<\/p>\n\n<p>Todav\u00eda se est\u00e1 estudiando la eficacia de la terapia con c\u00e9lulas madre para el ictus. Sin embargo, algunos estudios han descubierto que la terapia con c\u00e9lulas madre puede mejorar la recuperaci\u00f3n tras un ictus.<\/p>\n\n<p>Si ha sufrido un ictus o le preocupa el riesgo de sufrirlo, es fundamental que hable con un neur\u00f3logo. Ellos pueden guiarle a trav\u00e9s de varias opciones de tratamiento, incluyendo enfoques prometedores como la terapia con c\u00e9lulas madre, junto con terapias establecidas y eficaces.<\/p>\n\n<p>Entendemos los retos que plantea un ictus y estamos aqu\u00ed para ayudarle en cada paso de su proceso de recuperaci\u00f3n. No dude en ponerse en contacto con nosotros para obtener informaci\u00f3n detallada sobre las opciones de tratamiento, los posibles resultados y cualquier otra pregunta que pueda tener.<\/p>\n\n<p><strong>P\u00f3ngase en contacto con nosotros hoy mismo y perm\u00edtanos ayudarle en su camino hacia una mejor salud.<\/strong><\/p>\n\n<h3 class=\"wp-block-heading\">Todo lo que necesita saber sobre la <a href=\"https:\/\/medclinics.com\/es\/stem-cell-therapy-2\/\" target=\"_blank\" rel=\"noreferrer noopener\">terapia con c\u00e9lulas madre<\/a> est\u00e1 aqu\u00ed, <a href=\"#requestform\">\u00a1cont\u00e1ctenos<\/a> ahora!<\/h3>\n\n<figure class=\"wp-block-image size-full\"><img fetchpriority=\"high\" decoding=\"async\" width=\"1450\" height=\"967\" src=\"https:\/\/medclinics.com\/wp-content\/uploads\/2023\/12\/stem-cell-therapy-for-stroke.jpg\" alt=\"Terapia con c&#xE9;lulas madre para el ictus\" class=\"wp-image-121703\" srcset=\"https:\/\/medclinics.com\/wp-content\/uploads\/2023\/12\/stem-cell-therapy-for-stroke.jpg 1450w, https:\/\/medclinics.com\/wp-content\/uploads\/2023\/12\/stem-cell-therapy-for-stroke-500x333.jpg 500w, https:\/\/medclinics.com\/wp-content\/uploads\/2023\/12\/stem-cell-therapy-for-stroke-1024x683.jpg 1024w, https:\/\/medclinics.com\/wp-content\/uploads\/2023\/12\/stem-cell-therapy-for-stroke-768x512.jpg 768w, https:\/\/medclinics.com\/wp-content\/uploads\/2023\/12\/stem-cell-therapy-for-stroke-24x16.jpg 24w, https:\/\/medclinics.com\/wp-content\/uploads\/2023\/12\/stem-cell-therapy-for-stroke-36x24.jpg 36w, https:\/\/medclinics.com\/wp-content\/uploads\/2023\/12\/stem-cell-therapy-for-stroke-48x32.jpg 48w\" sizes=\"(max-width: 1450px) 100vw, 1450px\" \/><\/figure>\n\n<h2 class=\"wp-block-heading\">PREGUNTAS FRECUENTES<\/h2>\n<div id=\"rank-math-faq\" class=\"rank-math-block\">\n<div class=\"rank-math-list \">\n<div id=\"faq-question-1703761598775\" class=\"rank-math-list-item\">\n<h3 class=\"rank-math-question \"><strong>\u00bfCu\u00e1les son los s\u00edntomas del ictus?<\/strong><\/h3>\n<div class=\"rank-math-answer \">\n\n<p>P\u00e9rdida repentina del equilibrio., p\u00e9rdida repentina de visi\u00f3n en uno o ambos ojos, par\u00e1lisis en un lado, mareos, dificultades para tragar, debilidad o incapacidad para levantar ambos brazos, problemas para hablar\/entender.<\/p>\n\n<\/div>\n<\/div>\n<div id=\"faq-question-1703763322438\" class=\"rank-math-list-item\">\n<h3 class=\"rank-math-question \"><strong>\u00bfCu\u00e1les son los factores de riesgo del ictus?<\/strong> <\/h3>\n<div class=\"rank-math-answer \">\n\n<p>La edad, los antecedentes familiares, la hipertensi\u00f3n, la diabetes, el colesterol alto, el tabaquismo, la obesidad y la inactividad f\u00edsica son algunos de los principales factores.<\/p>\n\n<\/div>\n<\/div>\n<div id=\"faq-question-1703763335220\" class=\"rank-math-list-item\">\n<h3 class=\"rank-math-question \"><strong>\u00bfPuedo prevenir el ictus?<\/strong><\/h3>\n<div class=\"rank-math-answer \">\n\n<p>\u00a1Claro que s\u00ed! Es fundamental controlar los factores de riesgo mediante un estilo de vida saludable (dieta sana, ejercicio regular, no fumar, presi\u00f3n arterial controlada). Las revisiones peri\u00f3dicas tambi\u00e9n son importantes.<\/p>\n\n<\/div>\n<\/div>\n<\/div>\n<\/div>\n<h3 class=\"wp-block-heading\">P\u00f3ngase en contacto con nosotros si tiene alguna pregunta.<\/h3>\n","protected":false},"excerpt":{"rendered":"<p>Si est\u00e1 buscando el potencial ilimitado de la terapia con c\u00e9lulas madre para el ictus, \u00a1ha llegado al lugar adecuado! [&hellip;]<\/p>\n","protected":false},"author":4,"featured_media":121722,"parent":0,"menu_order":0,"comment_status":"closed","ping_status":"closed","template":"","meta":{"site-sidebar-layout":"default","site-content-layout":"","ast-site-content-layout":"default","site-content-style":"default","site-sidebar-style":"default","ast-global-header-display":"","ast-banner-title-visibility":"","ast-main-header-display":"","ast-hfb-above-header-display":"","ast-hfb-below-header-display":"","ast-hfb-mobile-header-display":"","site-post-title":"","ast-breadcrumbs-content":"","ast-featured-img":"","footer-sml-layout":"","ast-disable-related-posts":"","theme-transparent-header-meta":"","adv-header-id-meta":"","stick-header-meta":"","header-above-stick-meta":"","header-main-stick-meta":"","header-below-stick-meta":"","astra-migrate-meta-layouts":"default","ast-page-background-enabled":"default","ast-page-background-meta":{"desktop":{"background-color":"var(--ast-global-color-4)","background-image":"","background-repeat":"repeat","background-position":"center center","background-size":"auto","background-attachment":"scroll","background-type":"","background-media":"","overlay-type":"","overlay-color":"","overlay-opacity":"","overlay-gradient":""},"tablet":{"background-color":"","background-image":"","background-repeat":"repeat","background-position":"center center","background-size":"auto","background-attachment":"scroll","background-type":"","background-media":"","overlay-type":"","overlay-color":"","overlay-opacity":"","overlay-gradient":""},"mobile":{"background-color":"","background-image":"","background-repeat":"repeat","background-position":"center center","background-size":"auto","background-attachment":"scroll","background-type":"","background-media":"","overlay-type":"","overlay-color":"","overlay-opacity":"","overlay-gradient":""}},"ast-content-background-meta":{"desktop":{"background-color":"var(--ast-global-color-5)","background-image":"","background-repeat":"repeat","background-position":"center center","background-size":"auto","background-attachment":"scroll","background-type":"","background-media":"","overlay-type":"","overlay-color":"","overlay-opacity":"","overlay-gradient":""},"tablet":{"background-color":"var(--ast-global-color-5)","background-image":"","background-repeat":"repeat","background-position":"center center","background-size":"auto","background-attachment":"scroll","background-type":"","background-media":"","overlay-type":"","overlay-color":"","overlay-opacity":"","overlay-gradient":""},"mobile":{"background-color":"var(--ast-global-color-5)","background-image":"","background-repeat":"repeat","background-position":"center center","background-size":"auto","background-attachment":"scroll","background-type":"","background-media":"","overlay-type":"","overlay-color":"","overlay-opacity":"","overlay-gradient":""}},"footnotes":""},"class_list":["post-148803","page","type-page","status-publish","has-post-thumbnail","hentry"],"_links":{"self":[{"href":"https:\/\/medclinics.com\/es\/wp-json\/wp\/v2\/pages\/148803","targetHints":{"allow":["GET"]}}],"collection":[{"href":"https:\/\/medclinics.com\/es\/wp-json\/wp\/v2\/pages"}],"about":[{"href":"https:\/\/medclinics.com\/es\/wp-json\/wp\/v2\/types\/page"}],"author":[{"embeddable":true,"href":"https:\/\/medclinics.com\/es\/wp-json\/wp\/v2\/users\/4"}],"replies":[{"embeddable":true,"href":"https:\/\/medclinics.com\/es\/wp-json\/wp\/v2\/comments?post=148803"}],"version-history":[{"count":0,"href":"https:\/\/medclinics.com\/es\/wp-json\/wp\/v2\/pages\/148803\/revisions"}],"wp:featuredmedia":[{"embeddable":true,"href":"https:\/\/medclinics.com\/es\/wp-json\/wp\/v2\/media\/121722"}],"wp:attachment":[{"href":"https:\/\/medclinics.com\/es\/wp-json\/wp\/v2\/media?parent=148803"}],"curies":[{"name":"wp","href":"https:\/\/api.w.org\/{rel}","templated":true}]}}