{"id":148795,"date":"2023-05-13T09:01:00","date_gmt":"2023-05-13T06:01:00","guid":{"rendered":"https:\/\/medclinics.com\/terapia-con-celulas-madre-para-la-distrofia-muscular-un-tratamiento-revolucionario\/"},"modified":"2025-01-03T01:50:17","modified_gmt":"2025-01-02T22:50:17","slug":"terapia-con-celulas-madre-para-la-distrofia-muscular-un-tratamiento-revolucionario","status":"publish","type":"page","link":"https:\/\/medclinics.com\/es\/terapia-con-celulas-madre-para-la-distrofia-muscular-un-tratamiento-revolucionario\/","title":{"rendered":"Terapia con c\u00e9lulas madre para la distrofia muscular: Un tratamiento revolucionario"},"content":{"rendered":"\n<p>\u00a0<\/p>\n\n<h2 class=\"wp-block-heading\">Si est\u00e1 buscando el potencial ilimitado de la terapia con c\u00e9lulas madre para la distrofia muscular, \u00a1ha llegado al lugar adecuado!<\/h2>\n\n<p><br\/>La distrofia muscular (DM) es un grupo de enfermedades musculares hereditarias que debilitan progresivamente los m\u00fasculos, provocando una discapacidad cada vez mayor. Empeora con el tiempo y suele comenzar en grupos musculares espec\u00edficos y extenderse. Algunos tipos pueden incluso poner en peligro la vida al afectar al coraz\u00f3n o a los m\u00fasculos respiratorios. Aunque no hay cura, los tratamientos pueden controlar muchos s\u00edntomas.<\/p>\n\n<p><strong>\u00bfQui\u00e9n tiene m\u00e1s probabilidades de padecer distrofia muscular?<\/strong><\/p>\n\n<p>Cualquiera puede padecer distrofia muscular, pero algunas personas corren m\u00e1s riesgo:<\/p>\n\n<ul class=\"wp-block-list\">\n<li><strong>Antecedentes familiares:<\/strong> Tener familiares con DM aumenta las probabilidades de padecerla.<\/li>\n\n\n\n<li><strong>Cambios gen\u00e9ticos:<\/strong> Los genes defectuosos pueden causar DM, apareciendo a veces incluso cuando los padres no la padecen.<\/li>\n\n\n\n<li><strong>Herencia:<\/strong> La DM puede transmitirse de tres formas:\n<ul class=\"wp-block-list\">\n<li><strong>Un gen defectuoso de uno de los progenitores (autos\u00f3mico dominante)<\/strong><\/li>\n\n\n\n<li><strong>Dos genes defectuosos de ambos padres (autos\u00f3mico recesivo)<\/strong><\/li>\n\n\n\n<li><strong>Gen defectuoso de madre a hijo (recesivo ligado al cromosoma X)<\/strong><\/li>\n<\/ul>\n<\/li>\n<\/ul>\n\n<p>Recuerda que, aunque est\u00e9s en riesgo, no significa que vayas a contraer la DM.<\/p>\n\n<p><strong>Hay muchos tipos diferentes de DM.<\/strong>  Algunos de los tipos m\u00e1s comunes son:<\/p>\n\n<ul class=\"wp-block-list\">\n<li>La <strong>distrofia muscular de Duchenne (DMD)<\/strong> es el tipo m\u00e1s com\u00fan de DM. Se trata de una forma grave de la enfermedad que suele afectar a los varones. Las personas con DMD suelen perder la capacidad de andar a los 12 a\u00f1os y rara vez viven m\u00e1s de 30 a\u00f1os.<\/li>\n\n\n\n<li>La <strong>distrofia muscular de Becker (DMB)<\/strong> es similar a la DMD, pero es una forma m\u00e1s leve de la enfermedad. Las personas con DMO suelen conservar la capacidad de caminar y pueden vivir hasta la edad adulta.<\/li>\n\n\n\n<li>La <strong>distrofia muscular facioescapulohumeral (FSHD)<\/strong> es una forma de DM lentamente progresiva que afecta a los m\u00fasculos de la cara, los hombros y la parte superior de los brazos. Las personas con FSHD pueden experimentar dificultades para hablar, tragar y mover los hombros.<\/li>\n\n\n\n<li>La <strong>distrofia muscular de cinturas<\/strong> es un grupo de enfermedades que afectan a los m\u00fasculos de brazos y piernas. La LGMD puede ser leve o grave, y la edad de aparici\u00f3n var\u00eda en funci\u00f3n del tipo de LGMD.<\/li>\n<\/ul>\n\n<p><strong>La causa de la DM es una mutaci\u00f3n gen\u00e9tica.<\/strong>  Estas mutaciones pueden heredarse de los padres o producirse espont\u00e1neamente.<\/p>\n\n<p><strong>La DM no tiene cura.<\/strong>  Sin embargo, existen tratamientos que pueden ayudar a mejorar los s\u00edntomas y la calidad de vida. Estos tratamientos incluyen fisioterapia, medicaci\u00f3n y cirug\u00eda.<\/p>\n\n<p>Las <strong>c\u00e9lulas madre<\/strong> son c\u00e9lulas especiales que pueden multiplicarse y convertirse en distintos tipos de c\u00e9lulas del organismo. Son como peque\u00f1os equipos de reparaci\u00f3n que pueden arreglar tejidos da\u00f1ados.  <strong>Los investigadores siguen estudiando c\u00f3mo utilizar la terapia con c\u00e9lulas madre para la distrofia muscular.<\/strong>  Los primeros estudios han demostrado que la terapia con c\u00e9lulas madre puede mejorar la funci\u00f3n muscular y reducir la progresi\u00f3n de la enfermedad.<\/p>\n\n<p>Para tratar la distrofia muscular, la terapia con c\u00e9lulas madre puede utilizarse para <strong>sustituir las c\u00e9lulas musculares da\u00f1adas<\/strong>, <strong>producir factores de crecimiento<\/strong> que ayuden a reparar los m\u00fasculos<strong> <\/strong>y <strong>crear nuevo tejido<\/strong> muscular.<\/p>\n\n<p><strong><a href=\"https:\/\/www.stemcelltherapy.gen.tr\" target=\"_blank\" rel=\"noopener\">Terapia con c\u00e9lulas madre<\/a> <strong>para la distrofia muscular<\/strong><\/strong> <strong>es un tratamiento nuevo y prometedor.<\/strong> Con m\u00e1s investigaci\u00f3n, este tratamiento podr\u00eda proporcionar una nueva forma de mejorar la vida de las personas con esta enfermedad.<\/p>\n\n<p>Entendemos los retos que plantea un ictus y estamos aqu\u00ed para ayudarle en cada paso de su proceso de recuperaci\u00f3n. No dude en ponerse en contacto con nosotros para obtener informaci\u00f3n detallada sobre las opciones de tratamiento, los posibles resultados y cualquier otra pregunta que pueda tener sobre el tratamiento con c\u00e9lulas madre para la distrofia muscular.<\/p>\n\n<p><strong>P\u00f3ngase en contacto con nosotros hoy mismo y perm\u00edtanos ayudarle en su camino hacia una mejor salud.<\/strong><\/p>\n\n<h3 class=\"wp-block-heading\">Todo lo que necesita saber sobre la <a href=\"https:\/\/medclinics.com\/es\/stem-cell-therapy-2\/\" target=\"_blank\" rel=\"noreferrer noopener\">terapia con c\u00e9lulas madre<\/a> est\u00e1 aqu\u00ed, <a href=\"#requestform\">\u00a1cont\u00e1ctenos<\/a> ahora!<\/h3>\n\n<figure class=\"wp-block-image size-full\"><img fetchpriority=\"high\" decoding=\"async\" width=\"1450\" height=\"967\" class=\"wp-image-121813\" src=\"https:\/\/medclinics.com\/wp-content\/uploads\/2023\/12\/stem-cell-therapy-for-muscular-dystrophy.jpg\" alt=\"Terapia con c&#xE9;lulas madre para la distrofia muscular\" srcset=\"https:\/\/medclinics.com\/wp-content\/uploads\/2023\/12\/stem-cell-therapy-for-muscular-dystrophy.jpg 1450w, https:\/\/medclinics.com\/wp-content\/uploads\/2023\/12\/stem-cell-therapy-for-muscular-dystrophy-500x333.jpg 500w, https:\/\/medclinics.com\/wp-content\/uploads\/2023\/12\/stem-cell-therapy-for-muscular-dystrophy-1024x683.jpg 1024w, https:\/\/medclinics.com\/wp-content\/uploads\/2023\/12\/stem-cell-therapy-for-muscular-dystrophy-768x512.jpg 768w, https:\/\/medclinics.com\/wp-content\/uploads\/2023\/12\/stem-cell-therapy-for-muscular-dystrophy-24x16.jpg 24w, https:\/\/medclinics.com\/wp-content\/uploads\/2023\/12\/stem-cell-therapy-for-muscular-dystrophy-36x24.jpg 36w, https:\/\/medclinics.com\/wp-content\/uploads\/2023\/12\/stem-cell-therapy-for-muscular-dystrophy-48x32.jpg 48w\" sizes=\"(max-width: 1450px) 100vw, 1450px\" \/><\/figure>\n\n<h2 class=\"wp-block-heading\">PREGUNTAS FRECUENTES<\/h2>\n<div id=\"rank-math-faq\" class=\"rank-math-block\">\n<div class=\"rank-math-list \">\n<div id=\"faq-question-1703770617430\" class=\"rank-math-list-item\">\n<h3 class=\"rank-math-question \"><strong>\u00bfQu\u00e9 es la distrofia muscular?<\/strong> <\/h3>\n<div class=\"rank-math-answer \">\n\n<p>Es un grupo de enfermedades musculares hereditarias que debilitan gradualmente el tejido muscular, dificultando el movimiento.<\/p>\n\n<\/div>\n<\/div>\n<div id=\"faq-question-1703770630861\" class=\"rank-math-list-item\">\n<h3 class=\"rank-math-question \"><strong>\u00bfEs frecuente la distrofia muscular?<\/strong><\/h3>\n<div class=\"rank-math-answer \">\n\n<p>Aunque cualquiera puede contraerla, algunas personas tienen m\u00e1s riesgo debido a antecedentes familiares o cambios gen\u00e9ticos.<\/p>\n\n<\/div>\n<\/div>\n<div id=\"faq-question-1703770660835\" class=\"rank-math-list-item\">\n<h3 class=\"rank-math-question \"><strong>\u00bfQui\u00e9n tiene m\u00e1s probabilidades de padecer DM?<\/strong><\/h3>\n<div class=\"rank-math-answer \">\n\n<p>Tener familiares con DM, cambios gen\u00e9ticos espec\u00edficos y heredar el gen defectuoso de determinadas formas aumentan el riesgo.<\/p>\n\n<\/div>\n<\/div>\n<\/div>\n<\/div>\n<h3 class=\"wp-block-heading\">P\u00f3ngase en contacto con nosotros si tiene alguna pregunta.<\/h3>\n","protected":false},"excerpt":{"rendered":"<p>\u00a0 Si est\u00e1 buscando el potencial ilimitado de la terapia con c\u00e9lulas madre para la distrofia muscular, \u00a1ha llegado al [&hellip;]<\/p>\n","protected":false},"author":4,"featured_media":121829,"parent":0,"menu_order":0,"comment_status":"closed","ping_status":"closed","template":"","meta":{"site-sidebar-layout":"default","site-content-layout":"","ast-site-content-layout":"default","site-content-style":"default","site-sidebar-style":"default","ast-global-header-display":"","ast-banner-title-visibility":"","ast-main-header-display":"","ast-hfb-above-header-display":"","ast-hfb-below-header-display":"","ast-hfb-mobile-header-display":"","site-post-title":"","ast-breadcrumbs-content":"","ast-featured-img":"","footer-sml-layout":"","ast-disable-related-posts":"","theme-transparent-header-meta":"","adv-header-id-meta":"","stick-header-meta":"","header-above-stick-meta":"","header-main-stick-meta":"","header-below-stick-meta":"","astra-migrate-meta-layouts":"default","ast-page-background-enabled":"default","ast-page-background-meta":{"desktop":{"background-color":"var(--ast-global-color-4)","background-image":"","background-repeat":"repeat","background-position":"center center","background-size":"auto","background-attachment":"scroll","background-type":"","background-media":"","overlay-type":"","overlay-color":"","overlay-opacity":"","overlay-gradient":""},"tablet":{"background-color":"","background-image":"","background-repeat":"repeat","background-position":"center center","background-size":"auto","background-attachment":"scroll","background-type":"","background-media":"","overlay-type":"","overlay-color":"","overlay-opacity":"","overlay-gradient":""},"mobile":{"background-color":"","background-image":"","background-repeat":"repeat","background-position":"center center","background-size":"auto","background-attachment":"scroll","background-type":"","background-media":"","overlay-type":"","overlay-color":"","overlay-opacity":"","overlay-gradient":""}},"ast-content-background-meta":{"desktop":{"background-color":"var(--ast-global-color-5)","background-image":"","background-repeat":"repeat","background-position":"center center","background-size":"auto","background-attachment":"scroll","background-type":"","background-media":"","overlay-type":"","overlay-color":"","overlay-opacity":"","overlay-gradient":""},"tablet":{"background-color":"var(--ast-global-color-5)","background-image":"","background-repeat":"repeat","background-position":"center center","background-size":"auto","background-attachment":"scroll","background-type":"","background-media":"","overlay-type":"","overlay-color":"","overlay-opacity":"","overlay-gradient":""},"mobile":{"background-color":"var(--ast-global-color-5)","background-image":"","background-repeat":"repeat","background-position":"center center","background-size":"auto","background-attachment":"scroll","background-type":"","background-media":"","overlay-type":"","overlay-color":"","overlay-opacity":"","overlay-gradient":""}},"footnotes":""},"class_list":["post-148795","page","type-page","status-publish","has-post-thumbnail","hentry"],"_links":{"self":[{"href":"https:\/\/medclinics.com\/es\/wp-json\/wp\/v2\/pages\/148795","targetHints":{"allow":["GET"]}}],"collection":[{"href":"https:\/\/medclinics.com\/es\/wp-json\/wp\/v2\/pages"}],"about":[{"href":"https:\/\/medclinics.com\/es\/wp-json\/wp\/v2\/types\/page"}],"author":[{"embeddable":true,"href":"https:\/\/medclinics.com\/es\/wp-json\/wp\/v2\/users\/4"}],"replies":[{"embeddable":true,"href":"https:\/\/medclinics.com\/es\/wp-json\/wp\/v2\/comments?post=148795"}],"version-history":[{"count":0,"href":"https:\/\/medclinics.com\/es\/wp-json\/wp\/v2\/pages\/148795\/revisions"}],"wp:featuredmedia":[{"embeddable":true,"href":"https:\/\/medclinics.com\/es\/wp-json\/wp\/v2\/media\/121829"}],"wp:attachment":[{"href":"https:\/\/medclinics.com\/es\/wp-json\/wp\/v2\/media?parent=148795"}],"curies":[{"name":"wp","href":"https:\/\/api.w.org\/{rel}","templated":true}]}}