{"id":148765,"date":"2025-02-07T09:01:00","date_gmt":"2025-02-07T06:01:00","guid":{"rendered":"https:\/\/medclinics.com\/terapia-con-celulas-madre-para-la-diabetes-una-nueva-esperanza-de-curacion\/"},"modified":"2025-01-03T00:14:51","modified_gmt":"2025-01-02T21:14:51","slug":"terapia-con-celulas-madre-para-la-diabetes-una-nueva-esperanza-de-curacion","status":"publish","type":"page","link":"https:\/\/medclinics.com\/es\/terapia-con-celulas-madre-para-la-diabetes-una-nueva-esperanza-de-curacion\/","title":{"rendered":"Terapia con c\u00e9lulas madre para la diabetes: una nueva esperanza de curaci\u00f3n"},"content":{"rendered":"\n<h2 class=\"wp-block-heading\">Si est\u00e1 buscando las posibilidades ilimitadas de la terapia con c\u00e9lulas madre para la diabetes, est\u00e1 en el lugar adecuado.<\/h2>\n\n<p><br\/>La diabetes es una enfermedad cr\u00f3nica que se produce cuando el p\u00e1ncreas no produce suficiente insulina o el organismo no puede utilizar eficazmente la insulina que produce. La insulina es una hormona que regula la glucosa en sangre.<\/p>\n\n<p><strong>Existen tres tipos de diabetes:<\/strong><\/p>\n\n<ul class=\"wp-block-list\">\n<li><strong>Tipo 1:<\/strong> El cuerpo se ataca a s\u00ed mismo y detiene la producci\u00f3n de insulina. Necesita insulina diaria (5-10%).<\/li>\n\n\n\n<li><strong>Tipo 2:<\/strong> El organismo no utiliza bien la insulina, lo que provoca un nivel elevado de az\u00facar en sangre. Suele observarse en adultos (90-95%). Puede prevenirse con cambios saludables en el estilo de vida, como p\u00e9rdida de peso, alimentaci\u00f3n sana y ejercicio.<\/li>\n\n\n\n<li><strong>Gestacional:<\/strong> Se desarrolla durante el embarazo, suele desaparecer tras el parto, pero aumenta el riesgo de diabetes de tipo 2 para la madre y el beb\u00e9.<\/li>\n<\/ul>\n\n<p>La diabetes es un importante problema sanitario mundial con tasas de mortalidad en aumento.<\/p>\n\n<ul class=\"wp-block-list\">\n<li>1,5 millones de muertes causadas directamente por la diabetes.<\/li>\n\n\n\n<li>48% de las muertes por diabetes antes de los 70 a\u00f1os.<\/li>\n\n\n\n<li>460.000 muertes por enfermedad renal atribuidas a la diabetes.<\/li>\n\n\n\n<li>El 20% de las muertes cardiovasculares est\u00e1n relacionadas con el aumento del az\u00facar en sangre.<\/li>\n<\/ul>\n\n<p><strong>Los s\u00edntomas de la Diabetes son:<\/strong><\/p>\n\n<ul class=\"wp-block-list\">\n<li><strong>Fatiga:<\/strong> Sentirse cansado o agotado, incluso despu\u00e9s de haber dormido bien.<\/li>\n\n\n\n<li><strong>Sed excesiva: <\/strong>Sentir sed todo el tiempo, incluso si est\u00e1n bebiendo mucho l\u00edquido.<\/li>\n\n\n\n<li>Micci\u00f3n frecuente: Necesidad de orinar con m\u00e1s frecuencia, especialmente por la noche.<\/li>\n\n\n\n<li><strong>Aumento del hambre<\/strong>: Sentir hambre todo el tiempo, incluso despu\u00e9s de comer.<\/li>\n\n\n\n<li><strong>Visi\u00f3n borrosa:<\/strong> Experimentar visi\u00f3n borrosa, especialmente por la ma\u00f1ana.<\/li>\n\n\n\n<li>Heridas de <strong>curaci\u00f3n lenta<\/strong>: Las heridas se curan m\u00e1s lentamente de lo normal.<\/li>\n<\/ul>\n\n<p><strong>C\u00f3mo prevenir la diabetes<\/strong>:<\/p>\n\n<ul class=\"wp-block-list\">\n<li><strong>Mantener un peso saludable.<\/strong>  Si tiene sobrepeso o es obeso, perder incluso una peque\u00f1a cantidad de peso puede ayudarle a reducir el riesgo de diabetes de tipo 2.<\/li>\n\n\n\n<li><strong>Haz ejercicio con regularidad.<\/strong>  Intente hacer al menos 30 minutos de ejercicio la mayor\u00eda de los d\u00edas de la semana.<\/li>\n\n\n\n<li><strong>Sigue una dieta sana.<\/strong>  Elige mucha fruta, verdura y cereales integrales. Limite los alimentos procesados, las bebidas azucaradas y las grasas poco saludables.<\/li>\n\n\n\n<li><strong>No fumes.<\/strong>  Fumar aumenta el riesgo de padecer diabetes de tipo 2 y otros problemas de salud.<\/li>\n<\/ul>\n\n<p><strong>La diabetes es m\u00e1s frecuente en los siguientes grupos de personas:<\/strong><\/p>\n\n<ul class=\"wp-block-list\">\n<li><strong>Antecedentes familiares:<\/strong> Si en tu familia hay antecedentes de diabetes, tienes m\u00e1s probabilidades de padecer esta enfermedad.<\/li>\n\n\n\n<li><strong>Edad:<\/strong> La diabetes es m\u00e1s frecuente en los adultos mayores.<\/li>\n\n\n\n<li><strong>Peso:<\/strong> si tiene sobrepeso o es obeso, tiene m\u00e1s probabilidades de desarrollar diabetes.<\/li>\n\n\n\n<li><strong>Ejercicio:<\/strong> Hacer ejercicio reduce el riesgo de diabetes.<\/li>\n\n\n\n<li><strong>La dieta:<\/strong> Si consumes muchos alimentos y bebidas azucarados, tienes m\u00e1s probabilidades de desarrollar diabetes.<\/li>\n\n\n\n<li><strong>Origen \u00e9tnico:<\/strong> Las personas de algunos grupos \u00e9tnicos, como los sudasi\u00e1ticos, los africanos y los hispanos, tienen m\u00e1s probabilidades de desarrollar diabetes.<\/li>\n\n\n\n<li><strong>Embarazo:<\/strong> Desarrollar diabetes gestacional durante el embarazo, puede aumentar el riesgo de desarrollar diabetes m\u00e1s adelante en la vida.<\/li>\n<\/ul>\n\n<p>Para muchas personas, controlar la diabetes es un reto diario. No existe cura, y los tratamientos actuales pueden ser caros e inc\u00f3modos. Pero hay esperanza: la <a href=\"https:\/\/www.stemcelltherapy.gen.tr\" target=\"_blank\" rel=\"noopener\">terapia con c\u00e9lulas madre<\/a> para la diabetes.<\/p>\n\n<p>Las c\u00e9lulas madre son c\u00e9lulas especiales que pueden convertirse en distintos tipos de c\u00e9lulas, incluidas las c\u00e9lulas beta productoras de insulina. Las c\u00e9lulas beta son esenciales para regular los niveles de az\u00facar en sangre. As\u00ed, mediante la terapia con c\u00e9lulas madre para la diabetes, se pueden producir c\u00e9lulas productoras de insulina.<\/p>\n\n<p><strong>Estamos aqu\u00ed para apoyarle en este viaje<\/strong> con la terapia de c\u00e9lulas madre para la diabetes.<\/p>\n\n<p>Juntos podemos luchar contra la diabetes y reescribir la historia de esta enfermedad. Con la terapia de c\u00e9lulas madre para la diabetes, est\u00e1 al alcance de la mano un futuro en el que la diabetes sea una afecci\u00f3n controlable y no una enfermedad potencialmente mortal.<\/p>\n\n<h3 class=\"wp-block-heading\">Todo lo que necesita saber sobre la <a href=\"https:\/\/medclinics.com\/es\/stem-cell-therapy-2\/\" target=\"_blank\" rel=\"noreferrer noopener\">terapia con c\u00e9lulas madre<\/a> est\u00e1 aqu\u00ed, <a href=\"#requestform\">\u00a1cont\u00e1ctenos<\/a> ahora!<\/h3>\n\n<figure class=\"wp-block-image size-full\"><img fetchpriority=\"high\" decoding=\"async\" width=\"1450\" height=\"967\" src=\"https:\/\/medclinics.com\/wp-content\/uploads\/2023\/12\/stem-cell-therapy-for-diabetes-1.jpg\" alt=\"Terapia con c&#xE9;lulas madre para la diabetes\" class=\"wp-image-120698\" srcset=\"https:\/\/medclinics.com\/wp-content\/uploads\/2023\/12\/stem-cell-therapy-for-diabetes-1.jpg 1450w, https:\/\/medclinics.com\/wp-content\/uploads\/2023\/12\/stem-cell-therapy-for-diabetes-1-500x333.jpg 500w, https:\/\/medclinics.com\/wp-content\/uploads\/2023\/12\/stem-cell-therapy-for-diabetes-1-1024x683.jpg 1024w, https:\/\/medclinics.com\/wp-content\/uploads\/2023\/12\/stem-cell-therapy-for-diabetes-1-768x512.jpg 768w, https:\/\/medclinics.com\/wp-content\/uploads\/2023\/12\/stem-cell-therapy-for-diabetes-1-24x16.jpg 24w, https:\/\/medclinics.com\/wp-content\/uploads\/2023\/12\/stem-cell-therapy-for-diabetes-1-36x24.jpg 36w, https:\/\/medclinics.com\/wp-content\/uploads\/2023\/12\/stem-cell-therapy-for-diabetes-1-48x32.jpg 48w\" sizes=\"(max-width: 1450px) 100vw, 1450px\" \/><\/figure>\n\n<h2 class=\"wp-block-heading\">PREGUNTAS FRECUENTES<\/h2>\n<div id=\"rank-math-faq\" class=\"rank-math-block\">\n<div class=\"rank-math-list \">\n<div id=\"faq-question-1703751857227\" class=\"rank-math-list-item\">\n<h3 class=\"rank-math-question \">\u00bfCu\u00e1les son los s\u00edntomas de la diabetes?<\/h3>\n<div class=\"rank-math-answer \">\n\n<p>Fatiga, sed excesiva, micci\u00f3n frecuente, aumento del hambre, visi\u00f3n borrosa, heridas de curaci\u00f3n lenta.<\/p>\n\n<\/div>\n<\/div>\n<div id=\"faq-question-1703752168388\" class=\"rank-math-list-item\">\n<h3 class=\"rank-math-question \">\u00bfCu\u00e1les deben ser los niveles de az\u00facar en sangre?<\/h3>\n<div class=\"rank-math-answer \">\n\n<p>Las personas con niveles de glucemia en ayunas de 126 mg\/dL o superiores y niveles aleatorios de glucemia de 200 mg\/dL o superiores pueden tener diabetes. Debe consultar a un profesional m\u00e9dico lo antes posible.<\/p>\n\n<\/div>\n<\/div>\n<\/div>\n<\/div>\n<h3 class=\"wp-block-heading\">P\u00f3ngase en contacto con nosotros si tiene alguna pregunta.<\/h3>\n","protected":false},"excerpt":{"rendered":"<p>Si est\u00e1 buscando las posibilidades ilimitadas de la terapia con c\u00e9lulas madre para la diabetes, est\u00e1 en el lugar adecuado. [&hellip;]<\/p>\n","protected":false},"author":4,"featured_media":121634,"parent":0,"menu_order":0,"comment_status":"closed","ping_status":"closed","template":"","meta":{"site-sidebar-layout":"default","site-content-layout":"","ast-site-content-layout":"default","site-content-style":"default","site-sidebar-style":"default","ast-global-header-display":"","ast-banner-title-visibility":"","ast-main-header-display":"","ast-hfb-above-header-display":"","ast-hfb-below-header-display":"","ast-hfb-mobile-header-display":"","site-post-title":"","ast-breadcrumbs-content":"","ast-featured-img":"","footer-sml-layout":"","ast-disable-related-posts":"","theme-transparent-header-meta":"","adv-header-id-meta":"","stick-header-meta":"","header-above-stick-meta":"","header-main-stick-meta":"","header-below-stick-meta":"","astra-migrate-meta-layouts":"default","ast-page-background-enabled":"default","ast-page-background-meta":{"desktop":{"background-color":"var(--ast-global-color-4)","background-image":"","background-repeat":"repeat","background-position":"center center","background-size":"auto","background-attachment":"scroll","background-type":"","background-media":"","overlay-type":"","overlay-color":"","overlay-opacity":"","overlay-gradient":""},"tablet":{"background-color":"","background-image":"","background-repeat":"repeat","background-position":"center center","background-size":"auto","background-attachment":"scroll","background-type":"","background-media":"","overlay-type":"","overlay-color":"","overlay-opacity":"","overlay-gradient":""},"mobile":{"background-color":"","background-image":"","background-repeat":"repeat","background-position":"center center","background-size":"auto","background-attachment":"scroll","background-type":"","background-media":"","overlay-type":"","overlay-color":"","overlay-opacity":"","overlay-gradient":""}},"ast-content-background-meta":{"desktop":{"background-color":"var(--ast-global-color-5)","background-image":"","background-repeat":"repeat","background-position":"center center","background-size":"auto","background-attachment":"scroll","background-type":"","background-media":"","overlay-type":"","overlay-color":"","overlay-opacity":"","overlay-gradient":""},"tablet":{"background-color":"var(--ast-global-color-5)","background-image":"","background-repeat":"repeat","background-position":"center center","background-size":"auto","background-attachment":"scroll","background-type":"","background-media":"","overlay-type":"","overlay-color":"","overlay-opacity":"","overlay-gradient":""},"mobile":{"background-color":"var(--ast-global-color-5)","background-image":"","background-repeat":"repeat","background-position":"center center","background-size":"auto","background-attachment":"scroll","background-type":"","background-media":"","overlay-type":"","overlay-color":"","overlay-opacity":"","overlay-gradient":""}},"footnotes":""},"class_list":["post-148765","page","type-page","status-publish","has-post-thumbnail","hentry"],"_links":{"self":[{"href":"https:\/\/medclinics.com\/es\/wp-json\/wp\/v2\/pages\/148765","targetHints":{"allow":["GET"]}}],"collection":[{"href":"https:\/\/medclinics.com\/es\/wp-json\/wp\/v2\/pages"}],"about":[{"href":"https:\/\/medclinics.com\/es\/wp-json\/wp\/v2\/types\/page"}],"author":[{"embeddable":true,"href":"https:\/\/medclinics.com\/es\/wp-json\/wp\/v2\/users\/4"}],"replies":[{"embeddable":true,"href":"https:\/\/medclinics.com\/es\/wp-json\/wp\/v2\/comments?post=148765"}],"version-history":[{"count":0,"href":"https:\/\/medclinics.com\/es\/wp-json\/wp\/v2\/pages\/148765\/revisions"}],"wp:featuredmedia":[{"embeddable":true,"href":"https:\/\/medclinics.com\/es\/wp-json\/wp\/v2\/media\/121634"}],"wp:attachment":[{"href":"https:\/\/medclinics.com\/es\/wp-json\/wp\/v2\/media?parent=148765"}],"curies":[{"name":"wp","href":"https:\/\/api.w.org\/{rel}","templated":true}]}}