{"id":148749,"date":"2025-02-07T10:32:00","date_gmt":"2025-02-07T07:32:00","guid":{"rendered":"https:\/\/medclinics.com\/terapia-con-celulas-madre-para-la-epoc-un-tratamiento-revolucionario\/"},"modified":"2025-01-03T00:15:22","modified_gmt":"2025-01-02T21:15:22","slug":"terapia-con-celulas-madre-para-la-epoc-un-tratamiento-revolucionario","status":"publish","type":"page","link":"https:\/\/medclinics.com\/es\/terapia-con-celulas-madre-para-la-epoc-un-tratamiento-revolucionario\/","title":{"rendered":"Terapia con c\u00e9lulas madre para la EPOC: un tratamiento revolucionario"},"content":{"rendered":"\n<h2 class=\"wp-block-heading\">Si est\u00e1 buscando las posibilidades ilimitadas de la terapia con c\u00e9lulas madre para la EPOC, est\u00e1 en el lugar adecuado.<\/h2>\n\n<p><br\/>La artritis es una enfermedad articular frecuente y duradera que afecta a millones de personas en todo el mundo. <strong>La EPOC es una enfermedad pulmonar que dificulta la respiraci\u00f3n.<\/strong>  Est\u00e1 causada por da\u00f1os en las v\u00edas respiratorias y los alv\u00e9olos pulmonares.<\/p>\n\n<p><strong>Existen dos tipos principales de EPOC:<\/strong><\/p>\n\n<ul class=\"wp-block-list\">\n<li><strong>Enfisema<\/strong>: Es una enfermedad que hace que los alv\u00e9olos pulmonares pierdan su elasticidad. Esto dificulta el intercambio de ox\u00edgeno y di\u00f3xido de carbono entre los pulmones y puede provocar falta de aire.<\/li>\n\n\n\n<li><strong>Bronquitis cr\u00f3nica: <\/strong>Los conductos por los que entra y sale el aire se inflaman y se obstruyen con mucosidad.<\/li>\n<\/ul>\n\n<p><strong>Esto dificulta la respiraci\u00f3n, a menudo a partir de la mediana edad y empeora con el tiempo si se fuma.<\/strong>  Por suerte, aunque no se puede curar, el tratamiento puede ayudar a mantener las cosas bajo control.<\/p>\n\n<p><strong>\u00bfEs frecuente la EPOC?<\/strong><\/p>\n\n<p>La EPOC es una enfermedad frecuente que afecta aproximadamente <strong>al 15-20% de los adultos<\/strong> mayores de 40 a\u00f1os.<\/p>\n\n<p><strong>Seg\u00fan el Global Burden of Disease Study, la EPOC es responsable de 2,9 millones de muertes al a\u00f1o.<\/strong>  La EPOC es actualmente la tercera causa de muerte en el mundo, con un 5,5% del total de fallecimientos.<\/p>\n\n<p><strong>\u00bfCu\u00e1les son los factores que causan la enfermedad?<\/strong><\/p>\n\n<ul class=\"wp-block-list\">\n<li><strong>Tabaquismo<\/strong>: Se ha informado de que el tabaquismo es responsable del 80-90% del desarrollo de la EPOC, el riesgo de desarrollar EPOC es de 9,7-30 veces mayor que en los no fumadores, y el tabaquismo es responsable del 85% de las muertes por EPOC en hombres y del 69% en mujeres.<\/li>\n\n\n\n<li><strong>Tabaquismo pasivo:<\/strong> Se sabe que la exposici\u00f3n al humo del tabaco durante m\u00e1s de 40 horas a la semana y durante m\u00e1s de 5 a\u00f1os aumenta el riesgo de desarrollar EPOC en un 50%.<\/li>\n\n\n\n<li><strong>Exposici\u00f3n al polvo, humo y gases diversos en el trabajo<\/strong><\/li>\n\n\n\n<li><strong>Contaminaci\u00f3n del aire interior<\/strong><\/li>\n\n\n\n<li><strong>Contaminaci\u00f3n atmosf\u00e9rica<\/strong><\/li>\n\n\n\n<li><strong>Sexo<\/strong>: Es m\u00e1s frecuente en hombres que en mujeres.<\/li>\n<\/ul>\n\n<p><strong>Los s\u00edntomas de la EPOC son:<\/strong><\/p>\n\n<ul class=\"wp-block-list\">\n<li>Falta de aliento<\/li>\n\n\n\n<li>Tos<\/li>\n\n\n\n<li>Expectorante<\/li>\n<\/ul>\n\n<p>Estas c\u00e9lulas especiales tienen el potencial de reconstruir los pulmones da\u00f1ados, ofreciendo un nuevo y prometedor enfoque para combatir la EPOC. La terapia con c\u00e9lulas madre para la epoc puede regenerar el tejido pulmonar, reparando potencialmente los alv\u00e9olos y las v\u00edas respiratorias, facilitando la respiraci\u00f3n y mejorando la calidad de vida.<\/p>\n\n<p><strong>No est\u00e1 solo ante los retos de la EPOC.<\/strong><\/p>\n\n<p><strong>Estamos aqu\u00ed para apoyarle en este viaje<\/strong> <strong>con la terapia de c\u00e9lulas madre para la EPOC<\/strong>.<\/p>\n\n<p><strong>\n  <strong>Luchemos juntos contra la EPOC<\/strong>\n<\/strong>. Desbloqueemos el potencial de la terapia con c\u00e9lulas madre y reescribamos la historia de la EPOC con la terapia con c\u00e9lulas madre para la EPOC. Es hora de recuperar la funci\u00f3n pulmonar y abrazar un futuro lleno de respiraciones m\u00e1s profundas y posibilidades renovadas.<\/p>\n\n<h3 class=\"wp-block-heading\">Todo lo que necesita saber sobre la <a href=\"https:\/\/medclinics.com\/es\/stem-cell-therapy-2\/\" target=\"_blank\" rel=\"noreferrer noopener\">terapia con c\u00e9lulas madre<\/a> est\u00e1 aqu\u00ed, <a href=\"#requestform\">\u00a1cont\u00e1ctenos<\/a> ahora!<\/h3>\n\n<figure class=\"wp-block-image size-full\"><img fetchpriority=\"high\" decoding=\"async\" width=\"1450\" height=\"967\" src=\"https:\/\/medclinics.com\/wp-content\/uploads\/2023\/12\/stem-cell-therapy-for-copd.jpg\" alt=\"Terapia con c&#xE9;lulas madre para la epoc\" class=\"wp-image-120625\" srcset=\"https:\/\/medclinics.com\/wp-content\/uploads\/2023\/12\/stem-cell-therapy-for-copd.jpg 1450w, https:\/\/medclinics.com\/wp-content\/uploads\/2023\/12\/stem-cell-therapy-for-copd-500x333.jpg 500w, https:\/\/medclinics.com\/wp-content\/uploads\/2023\/12\/stem-cell-therapy-for-copd-1024x683.jpg 1024w, https:\/\/medclinics.com\/wp-content\/uploads\/2023\/12\/stem-cell-therapy-for-copd-768x512.jpg 768w, https:\/\/medclinics.com\/wp-content\/uploads\/2023\/12\/stem-cell-therapy-for-copd-24x16.jpg 24w, https:\/\/medclinics.com\/wp-content\/uploads\/2023\/12\/stem-cell-therapy-for-copd-36x24.jpg 36w, https:\/\/medclinics.com\/wp-content\/uploads\/2023\/12\/stem-cell-therapy-for-copd-48x32.jpg 48w\" sizes=\"(max-width: 1450px) 100vw, 1450px\" \/><\/figure>\n\n<h2 class=\"wp-block-heading\">PREGUNTAS FRECUENTES<\/h2>\n<div id=\"rank-math-faq\" class=\"rank-math-block\">\n<div class=\"rank-math-list \">\n<div id=\"faq-question-1703500283273\" class=\"rank-math-list-item\">\n<h3 class=\"rank-math-question \">\u00bfC\u00f3mo reconocer la aparici\u00f3n de la EPOC?<\/h3>\n<div class=\"rank-math-answer \">\n\n<p><strong>La tos leve con una peque\u00f1a cantidad de flema puede ser un signo precoz de EPOC.<\/strong> La raz\u00f3n m\u00e1s importante del retraso en el diagn\u00f3stico de la EPOC es que los fumadores aceptan la tos y la flema como algo normal.<br \/><strong>Si fuma y tiene molestias de tos y flema, sin duda debe consultar a un neum\u00f3logo.<\/strong><\/p>\n\n<\/div>\n<\/div>\n<div id=\"faq-question-1703500306543\" class=\"rank-math-list-item\">\n<h3 class=\"rank-math-question \">\u00bfPueden recuperarse los pacientes con EPOC?<\/h3>\n<div class=\"rank-math-answer \">\n\n<p>El diagn\u00f3stico precoz de la EPOC, el abandono del tabaco y el uso regular de medicamentos pueden prevenir la progresi\u00f3n de la enfermedad. Independientemente del nivel en que se encuentre la EPOC, el curso de la enfermedad se ve afectado positivamente cuando el paciente deja de fumar<strong>.<\/strong><\/p>\n\n<\/div>\n<\/div>\n<\/div>\n<\/div>\n<h3 class=\"wp-block-heading\">P\u00f3ngase en contacto con nosotros si tiene alguna pregunta.<\/h3>\n","protected":false},"excerpt":{"rendered":"<p>Si est\u00e1 buscando las posibilidades ilimitadas de la terapia con c\u00e9lulas madre para la EPOC, est\u00e1 en el lugar adecuado. [&hellip;]<\/p>\n","protected":false},"author":4,"featured_media":120639,"parent":0,"menu_order":0,"comment_status":"closed","ping_status":"closed","template":"","meta":{"site-sidebar-layout":"default","site-content-layout":"","ast-site-content-layout":"default","site-content-style":"default","site-sidebar-style":"default","ast-global-header-display":"","ast-banner-title-visibility":"","ast-main-header-display":"","ast-hfb-above-header-display":"","ast-hfb-below-header-display":"","ast-hfb-mobile-header-display":"","site-post-title":"","ast-breadcrumbs-content":"","ast-featured-img":"","footer-sml-layout":"","ast-disable-related-posts":"","theme-transparent-header-meta":"","adv-header-id-meta":"","stick-header-meta":"","header-above-stick-meta":"","header-main-stick-meta":"","header-below-stick-meta":"","astra-migrate-meta-layouts":"default","ast-page-background-enabled":"default","ast-page-background-meta":{"desktop":{"background-color":"var(--ast-global-color-4)","background-image":"","background-repeat":"repeat","background-position":"center center","background-size":"auto","background-attachment":"scroll","background-type":"","background-media":"","overlay-type":"","overlay-color":"","overlay-opacity":"","overlay-gradient":""},"tablet":{"background-color":"","background-image":"","background-repeat":"repeat","background-position":"center center","background-size":"auto","background-attachment":"scroll","background-type":"","background-media":"","overlay-type":"","overlay-color":"","overlay-opacity":"","overlay-gradient":""},"mobile":{"background-color":"","background-image":"","background-repeat":"repeat","background-position":"center center","background-size":"auto","background-attachment":"scroll","background-type":"","background-media":"","overlay-type":"","overlay-color":"","overlay-opacity":"","overlay-gradient":""}},"ast-content-background-meta":{"desktop":{"background-color":"var(--ast-global-color-5)","background-image":"","background-repeat":"repeat","background-position":"center center","background-size":"auto","background-attachment":"scroll","background-type":"","background-media":"","overlay-type":"","overlay-color":"","overlay-opacity":"","overlay-gradient":""},"tablet":{"background-color":"var(--ast-global-color-5)","background-image":"","background-repeat":"repeat","background-position":"center center","background-size":"auto","background-attachment":"scroll","background-type":"","background-media":"","overlay-type":"","overlay-color":"","overlay-opacity":"","overlay-gradient":""},"mobile":{"background-color":"var(--ast-global-color-5)","background-image":"","background-repeat":"repeat","background-position":"center center","background-size":"auto","background-attachment":"scroll","background-type":"","background-media":"","overlay-type":"","overlay-color":"","overlay-opacity":"","overlay-gradient":""}},"footnotes":""},"class_list":["post-148749","page","type-page","status-publish","has-post-thumbnail","hentry"],"_links":{"self":[{"href":"https:\/\/medclinics.com\/es\/wp-json\/wp\/v2\/pages\/148749","targetHints":{"allow":["GET"]}}],"collection":[{"href":"https:\/\/medclinics.com\/es\/wp-json\/wp\/v2\/pages"}],"about":[{"href":"https:\/\/medclinics.com\/es\/wp-json\/wp\/v2\/types\/page"}],"author":[{"embeddable":true,"href":"https:\/\/medclinics.com\/es\/wp-json\/wp\/v2\/users\/4"}],"replies":[{"embeddable":true,"href":"https:\/\/medclinics.com\/es\/wp-json\/wp\/v2\/comments?post=148749"}],"version-history":[{"count":0,"href":"https:\/\/medclinics.com\/es\/wp-json\/wp\/v2\/pages\/148749\/revisions"}],"wp:featuredmedia":[{"embeddable":true,"href":"https:\/\/medclinics.com\/es\/wp-json\/wp\/v2\/media\/120639"}],"wp:attachment":[{"href":"https:\/\/medclinics.com\/es\/wp-json\/wp\/v2\/media?parent=148749"}],"curies":[{"name":"wp","href":"https:\/\/api.w.org\/{rel}","templated":true}]}}