{"id":148733,"date":"2023-05-21T08:53:00","date_gmt":"2023-05-21T05:53:00","guid":{"rendered":"https:\/\/medclinics.com\/terapia-con-celulas-madre-para-la-ela-enfermedad-de-lou-gehrig-un-tratamiento-que-cambia-la-vida\/"},"modified":"2025-01-03T00:15:26","modified_gmt":"2025-01-02T21:15:26","slug":"terapia-con-celulas-madre-para-la-ela-enfermedad-de-lou-gehrig-un-tratamiento-que-cambia-la-vida","status":"publish","type":"page","link":"https:\/\/medclinics.com\/es\/terapia-con-celulas-madre-para-la-ela-enfermedad-de-lou-gehrig-un-tratamiento-que-cambia-la-vida\/","title":{"rendered":"Terapia con c\u00e9lulas madre para la ELA (enfermedad de Lou Gehrig): Un tratamiento que cambia la vida"},"content":{"rendered":"\n<h2 class=\"wp-block-heading\">Si est\u00e1 buscando las posibilidades ilimitadas de la terapia con c\u00e9lulas madre para la ELA, ha llegado al lugar adecuado.<\/h2>\n\n<p><strong><br\/>La ELA (<strong>esclerosis lateral amiotr\u00f3fica<\/strong>)<\/strong> es una enfermedad neurodegenerativa progresiva que afecta al sistema nervioso central. Se produce cuando las c\u00e9lulas nerviosas del cerebro y la m\u00e9dula espinal, responsables del movimiento muscular, resultan da\u00f1adas.<\/p>\n\n<p><strong>\u00bfCu\u00e1les son los s\u00edntomas de la ELA?<\/strong><\/p>\n\n<ul class=\"wp-block-list\">\n<li>Debilidad en brazos, piernas o cara<\/li>\n\n\n\n<li>Rigidez muscular<\/li>\n\n\n\n<li>Temblores<\/li>\n\n\n\n<li>Dificultad para hablar o tragar<\/li>\n\n\n\n<li>Dificultad para respirar<\/li>\n<\/ul>\n\n<p><strong>\u00bfQui\u00e9n corre el riesgo de padecer ELA?<\/strong><\/p>\n\n<ul class=\"wp-block-list\">\n<li><strong>Edad:<\/strong> El riesgo de ELA aumenta de forma constante con la edad, alcanzando su punto m\u00e1ximo entre los 60 y mediados de los 80 a\u00f1os.<\/li>\n\n\n\n<li><strong>Sexo:<\/strong> Los hombres son ligeramente m\u00e1s propensos que las mujeres a desarrollar ELA.<\/li>\n\n\n\n<li><strong>Antecedentes familiares:<\/strong> Tener un familiar cercano con ELA aumenta el riesgo.<\/li>\n<\/ul>\n\n<p><strong><br\/>\u00bfC\u00f3mo se diagnostica la ELA?<\/strong><\/p>\n\n<ul class=\"wp-block-list\">\n<li>Electromiograf\u00eda (EMG)<\/li>\n\n\n\n<li>Estudios de conducci\u00f3n nerviosa<\/li>\n\n\n\n<li>Resonancia magn\u00e9tica (RM)<\/li>\n\n\n\n<li>An\u00e1lisis de sangre y orina<\/li>\n\n\n\n<li>Punci\u00f3n lumbar (PL)<\/li>\n\n\n\n<li>Biopsia muscular<\/li>\n<\/ul>\n\n<p>En la actualidad, la ELA no tiene cura, pero <a href=\"https:\/\/www.stemcelltherapy.gen.tr\" data-type=\"link\" data-id=\"https:\/\/www.stemcelltherapy.gen.tr\" target=\"_blank\" rel=\"noopener\">la terapia con c\u00e9lulas madre<\/a> se perfila como una prometedora opci\u00f3n terap\u00e9utica. Las c\u00e9lulas madre son c\u00e9lulas \u00fanicas que pueden convertirse en diversos tipos celulares, incluidas las motoneuronas. La esperanza es que la terapia con c\u00e9lulas madre para la ELA pueda ayudar a regenerar las motoneuronas da\u00f1adas del cerebro y la m\u00e9dula espinal, lo que podr\u00eda ralentizar la progresi\u00f3n de la ELA y mejorar los s\u00edntomas.<\/p>\n\n<p>Si te enfrentas a los retos de la ELA, no est\u00e1s solo. Aunque todav\u00eda no hay cura, avances tan interesantes como la terapia con c\u00e9lulas madre para la ELA ofrecen un rayo de esperanza.<\/p>\n\n<p><strong>Estamos aqu\u00ed para ayudarle:<\/strong><\/p>\n\n<p>P\u00f3ngase en contacto con nosotros para obtener informaci\u00f3n sobre el proceso de tratamiento, consideraciones de seguridad y ensayos cl\u00ednicos en curso. Juntos, podemos recorrer este camino y explorar la esperanza que ofrece la terapia con c\u00e9lulas madre.<\/p>\n\n<p><strong>Juntos, desbloqueemos el poder de las c\u00e9lulas madre y reescribamos la historia de la artritis. Superemos el dolor y abracemos el futuro Podemos trabajar juntos para luchar contra la ELA. La terapia con c\u00e9lulas madre nos da la esperanza de un futuro en el que recuperemos el movimiento y la fuerza. Superemos los retos de la ELA y demos la bienvenida a una historia llena de nuevas posibilidades.<\/strong><\/p>\n\n<h3 class=\"wp-block-heading\">Todo lo que necesita saber sobre la <a href=\"https:\/\/medclinics.com\/es\/stem-cell-therapy-2\/\" target=\"_blank\" rel=\"noreferrer noopener\">terapia con c\u00e9lulas madre<\/a> est\u00e1 aqu\u00ed, <a href=\"#requestform\">\u00a1cont\u00e1ctenos<\/a> ahora!<\/h3>\n\n<figure class=\"wp-block-image size-full\"><img fetchpriority=\"high\" decoding=\"async\" width=\"1450\" height=\"967\" src=\"https:\/\/medclinics.com\/wp-content\/uploads\/2023\/12\/stem-cell-therapy-for-als.jpg\" alt=\"terapia con c&#xE9;lulas madre para la als\" class=\"wp-image-120580\" srcset=\"https:\/\/medclinics.com\/wp-content\/uploads\/2023\/12\/stem-cell-therapy-for-als.jpg 1450w, https:\/\/medclinics.com\/wp-content\/uploads\/2023\/12\/stem-cell-therapy-for-als-500x333.jpg 500w, https:\/\/medclinics.com\/wp-content\/uploads\/2023\/12\/stem-cell-therapy-for-als-1024x683.jpg 1024w, https:\/\/medclinics.com\/wp-content\/uploads\/2023\/12\/stem-cell-therapy-for-als-768x512.jpg 768w, https:\/\/medclinics.com\/wp-content\/uploads\/2023\/12\/stem-cell-therapy-for-als-24x16.jpg 24w, https:\/\/medclinics.com\/wp-content\/uploads\/2023\/12\/stem-cell-therapy-for-als-36x24.jpg 36w, https:\/\/medclinics.com\/wp-content\/uploads\/2023\/12\/stem-cell-therapy-for-als-48x32.jpg 48w\" sizes=\"(max-width: 1450px) 100vw, 1450px\" \/><\/figure>\n\n<h3 class=\"wp-block-heading\">P\u00f3ngase en contacto con nosotros si tiene alguna pregunta.<\/h3>\n","protected":false},"excerpt":{"rendered":"<p>Si est\u00e1 buscando las posibilidades ilimitadas de la terapia con c\u00e9lulas madre para la ELA, ha llegado al lugar adecuado. [&hellip;]<\/p>\n","protected":false},"author":4,"featured_media":120587,"parent":0,"menu_order":0,"comment_status":"closed","ping_status":"closed","template":"","meta":{"site-sidebar-layout":"default","site-content-layout":"","ast-site-content-layout":"default","site-content-style":"default","site-sidebar-style":"default","ast-global-header-display":"","ast-banner-title-visibility":"","ast-main-header-display":"","ast-hfb-above-header-display":"","ast-hfb-below-header-display":"","ast-hfb-mobile-header-display":"","site-post-title":"","ast-breadcrumbs-content":"","ast-featured-img":"","footer-sml-layout":"","ast-disable-related-posts":"","theme-transparent-header-meta":"","adv-header-id-meta":"","stick-header-meta":"","header-above-stick-meta":"","header-main-stick-meta":"","header-below-stick-meta":"","astra-migrate-meta-layouts":"default","ast-page-background-enabled":"default","ast-page-background-meta":{"desktop":{"background-color":"var(--ast-global-color-4)","background-image":"","background-repeat":"repeat","background-position":"center center","background-size":"auto","background-attachment":"scroll","background-type":"","background-media":"","overlay-type":"","overlay-color":"","overlay-opacity":"","overlay-gradient":""},"tablet":{"background-color":"","background-image":"","background-repeat":"repeat","background-position":"center center","background-size":"auto","background-attachment":"scroll","background-type":"","background-media":"","overlay-type":"","overlay-color":"","overlay-opacity":"","overlay-gradient":""},"mobile":{"background-color":"","background-image":"","background-repeat":"repeat","background-position":"center center","background-size":"auto","background-attachment":"scroll","background-type":"","background-media":"","overlay-type":"","overlay-color":"","overlay-opacity":"","overlay-gradient":""}},"ast-content-background-meta":{"desktop":{"background-color":"var(--ast-global-color-5)","background-image":"","background-repeat":"repeat","background-position":"center center","background-size":"auto","background-attachment":"scroll","background-type":"","background-media":"","overlay-type":"","overlay-color":"","overlay-opacity":"","overlay-gradient":""},"tablet":{"background-color":"var(--ast-global-color-5)","background-image":"","background-repeat":"repeat","background-position":"center center","background-size":"auto","background-attachment":"scroll","background-type":"","background-media":"","overlay-type":"","overlay-color":"","overlay-opacity":"","overlay-gradient":""},"mobile":{"background-color":"var(--ast-global-color-5)","background-image":"","background-repeat":"repeat","background-position":"center center","background-size":"auto","background-attachment":"scroll","background-type":"","background-media":"","overlay-type":"","overlay-color":"","overlay-opacity":"","overlay-gradient":""}},"footnotes":""},"class_list":["post-148733","page","type-page","status-publish","has-post-thumbnail","hentry"],"_links":{"self":[{"href":"https:\/\/medclinics.com\/es\/wp-json\/wp\/v2\/pages\/148733","targetHints":{"allow":["GET"]}}],"collection":[{"href":"https:\/\/medclinics.com\/es\/wp-json\/wp\/v2\/pages"}],"about":[{"href":"https:\/\/medclinics.com\/es\/wp-json\/wp\/v2\/types\/page"}],"author":[{"embeddable":true,"href":"https:\/\/medclinics.com\/es\/wp-json\/wp\/v2\/users\/4"}],"replies":[{"embeddable":true,"href":"https:\/\/medclinics.com\/es\/wp-json\/wp\/v2\/comments?post=148733"}],"version-history":[{"count":0,"href":"https:\/\/medclinics.com\/es\/wp-json\/wp\/v2\/pages\/148733\/revisions"}],"wp:featuredmedia":[{"embeddable":true,"href":"https:\/\/medclinics.com\/es\/wp-json\/wp\/v2\/media\/120587"}],"wp:attachment":[{"href":"https:\/\/medclinics.com\/es\/wp-json\/wp\/v2\/media?parent=148733"}],"curies":[{"name":"wp","href":"https:\/\/api.w.org\/{rel}","templated":true}]}}