{"id":148719,"date":"2023-05-20T07:06:00","date_gmt":"2023-05-20T04:06:00","guid":{"rendered":"https:\/\/medclinics.com\/terapia-con-celulas-madre-para-la-enfermedad-de-parkinson-un-tratamiento-revolucionario\/"},"modified":"2025-01-03T01:50:17","modified_gmt":"2025-01-02T22:50:17","slug":"terapia-con-celulas-madre-para-la-enfermedad-de-parkinson-un-tratamiento-revolucionario","status":"publish","type":"page","link":"https:\/\/medclinics.com\/es\/terapia-con-celulas-madre-para-la-enfermedad-de-parkinson-un-tratamiento-revolucionario\/","title":{"rendered":"Terapia con c\u00e9lulas madre para la enfermedad de Parkinson: Un tratamiento revolucionario"},"content":{"rendered":"\n<p>\u00a0<\/p>\n\n<h2 class=\"wp-block-heading\">Si est\u00e1 buscando el infinito potencial de la terapia con c\u00e9lulas madre para el tratamiento de la enfermedad de Parkinson, \u00a1ha llegado al lugar correcto!<\/h2>\n\n<p><br\/>El Parkinson es una enfermedad neurodegenerativa que afecta al movimiento, la coordinaci\u00f3n y el equilibrio. Est\u00e1 causada por la muerte de las c\u00e9lulas productoras de dopamina en el cerebro. La dopamina es un neurotransmisor que ayuda a controlar el movimiento.<\/p>\n\n<p><strong>Los s\u00edntomas de la enfermedad de Parkinson pueden incluir:<\/strong><\/p>\n\n<ul class=\"wp-block-list\">\n<li>Movimiento lento<\/li>\n\n\n\n<li>Rigidez muscular<\/li>\n\n\n\n<li>Deterioro de la postura y el equilibrio<\/li>\n\n\n\n<li>Temblores<\/li>\n\n\n\n<li>Dolor<\/li>\n\n\n\n<li>Depresi\u00f3n<\/li>\n\n\n\n<li>Problemas de sue\u00f1o<\/li>\n<\/ul>\n\n<p><strong>\u00bfQui\u00e9n corre el riesgo de padecer la enfermedad de Parkinson?<\/strong><\/p>\n\n<ul class=\"wp-block-list\">\n<li><strong>Edad:<\/strong> El riesgo de desarrollar la enfermedad de Parkinson aumenta con la edad.<\/li>\n\n\n\n<li><strong>Antecedentes familiares:<\/strong> Las personas con antecedentes familiares de Parkinson tienen m\u00e1s probabilidades de desarrollar la enfermedad.<\/li>\n\n\n\n<li><strong>El sexo:<\/strong> Los hombres son m\u00e1s propensos a desarrollar la enfermedad de Parkinson que las mujeres.<\/li>\n\n\n\n<li><strong>Factores medioambientales:<\/strong> La exposici\u00f3n a determinados factores ambientales, como pesticidas o herbicidas, puede aumentar el riesgo de padecer la enfermedad de Parkinson.<\/li>\n<\/ul>\n\n<p>Actualmente no existe cura para esta enfermedad. Sin embargo, existen varios tratamientos que pueden ayudar a controlar los s\u00edntomas. Entre ellas figuran:<\/p>\n\n<ul class=\"wp-block-list\">\n<li>Medicamentos<\/li>\n\n\n\n<li>Operaciones<\/li>\n\n\n\n<li>Medicina f\u00edsica y rehabilitaci\u00f3n<\/li>\n\n\n\n<li>Ergoterapia<\/li>\n<\/ul>\n\n<p><strong><a href=\"https:\/\/www.stemcelltherapy.gen.tr\/\" target=\"_blank\" rel=\"noopener\">La terapia con c\u00e9lulas<\/a> madre es una nueva y prometedora opci\u00f3n de tratamiento para esta enfermedad.<\/strong> Las c\u00e9lulas madre son c\u00e9lulas indiferenciadas que tienen el potencial de convertirse en cualquier tipo de c\u00e9lula del organismo. Cuando se introducen c\u00e9lulas madre en el cerebro, \u00e9stas sustituyen a las c\u00e9lulas productoras de dopamina da\u00f1adas. Mediante el uso de la terapia con c\u00e9lulas madre para esta enfermedad, se puede ralentizar, detener completamente la enfermedad e incluso mejorarla.<\/p>\n\n<p>Un diagn\u00f3stico precoz y una edad m\u00e1s temprana pueden influir positivamente en los resultados del tratamiento.<\/p>\n\n<p>Si busca tratamiento para el Parkinson, hable con un neur\u00f3logo. Pueden explicar opciones de tratamiento como la terapia con c\u00e9lulas madre, junto con otras terapias de eficacia probada. Esperamos poder guiarle. P\u00f3ngase en contacto con nosotros para obtener informaci\u00f3n sobre el proceso de tratamiento y los resultados.<\/p>\n\n<p><strong>Junto con las c\u00e9lulas madre, reescribamos la historia de la enfermedad de Parkinson.  <\/strong><\/p>\n\n<h3 class=\"wp-block-heading\">Todo lo que necesita saber sobre la <a href=\"https:\/\/medclinics.com\/es\/stem-cell-therapy-2\/\" target=\"_blank\" rel=\"noreferrer noopener\">terapia con c\u00e9lulas madre<\/a> est\u00e1 aqu\u00ed, <a href=\"#requestform\">\u00a1cont\u00e1ctenos<\/a> ahora!<\/h3>\n\n<figure class=\"wp-block-image size-full\"><img fetchpriority=\"high\" decoding=\"async\" width=\"1450\" height=\"967\" class=\"wp-image-120230\" src=\"https:\/\/medclinics.com\/wp-content\/uploads\/2023\/12\/stem-cell-therapy-for-parkinsons-disease.jpg\" alt=\"Terapia con c&#xE9;lulas madre para la enfermedad de Parkinson\" srcset=\"https:\/\/medclinics.com\/wp-content\/uploads\/2023\/12\/stem-cell-therapy-for-parkinsons-disease.jpg 1450w, https:\/\/medclinics.com\/wp-content\/uploads\/2023\/12\/stem-cell-therapy-for-parkinsons-disease-500x333.jpg 500w, https:\/\/medclinics.com\/wp-content\/uploads\/2023\/12\/stem-cell-therapy-for-parkinsons-disease-1024x683.jpg 1024w, https:\/\/medclinics.com\/wp-content\/uploads\/2023\/12\/stem-cell-therapy-for-parkinsons-disease-768x512.jpg 768w, https:\/\/medclinics.com\/wp-content\/uploads\/2023\/12\/stem-cell-therapy-for-parkinsons-disease-24x16.jpg 24w, https:\/\/medclinics.com\/wp-content\/uploads\/2023\/12\/stem-cell-therapy-for-parkinsons-disease-36x24.jpg 36w, https:\/\/medclinics.com\/wp-content\/uploads\/2023\/12\/stem-cell-therapy-for-parkinsons-disease-48x32.jpg 48w\" sizes=\"(max-width: 1450px) 100vw, 1450px\" \/><\/figure>\n\n<h2 class=\"wp-block-heading\">PREGUNTAS FRECUENTES<\/h2>\n<div id=\"rank-math-faq\" class=\"rank-math-block\">\n<div class=\"rank-math-list \">\n<div id=\"faq-question-1703488525403\" class=\"rank-math-list-item\">\n<h3 class=\"rank-math-question \">\u00bfC\u00f3mo reconocer la enfermedad de Parkinson?<\/h3>\n<div class=\"rank-math-answer \">\n\n<p>El Parkinson es un trastorno neurol\u00f3gico que provoca lentitud de movimientos, temblores, rigidez muscular y problemas de equilibrio. Los s\u00edntomas suelen comenzar en un lado del cuerpo y extenderse gradualmente al otro.<\/p>\n\n<\/div>\n<\/div>\n<div id=\"faq-question-1703488548977\" class=\"rank-math-list-item\">\n<h3 class=\"rank-math-question \"><strong>\u00bfCu\u00e1ndo suele aparecer la enfermedad de Parkinson?<\/strong><\/h3>\n<div class=\"rank-math-answer \">\n\n<p><strong>El Parkinson suele aparecer entre los 40 y los 70 a\u00f1os. Es muy poco frecuente en los grupos de edad m\u00e1s j\u00f3venes. Cuando se produce en grupos de edad m\u00e1s j\u00f3venes, casi siempre se debe a la gen\u00e9tica.<\/strong><\/p>\n\n<\/div>\n<\/div>\n<div id=\"faq-question-1703488637791\" class=\"rank-math-list-item\">\n<h3 class=\"rank-math-question \"><strong>\u00bfEs el Parkinson una enfermedad gen\u00e9tica?<\/strong><\/h3>\n<div class=\"rank-math-answer \">\n\n<p>Existe una tendencia gen\u00e9tica. Sin embargo, tener genes de Parkinson no siempre significa contraer la enfermedad. Los factores medioambientales tambi\u00e9n son muy importantes<\/p>\n\n<\/div>\n<\/div>\n<\/div>\n<\/div>\n<h3 class=\"wp-block-heading\">P\u00f3ngase en contacto con nosotros si tiene alguna pregunta.<\/h3>\n","protected":false},"excerpt":{"rendered":"<p>\u00a0 Si est\u00e1 buscando el infinito potencial de la terapia con c\u00e9lulas madre para el tratamiento de la enfermedad de [&hellip;]<\/p>\n","protected":false},"author":4,"featured_media":120223,"parent":0,"menu_order":0,"comment_status":"closed","ping_status":"closed","template":"","meta":{"site-sidebar-layout":"default","site-content-layout":"","ast-site-content-layout":"default","site-content-style":"default","site-sidebar-style":"default","ast-global-header-display":"","ast-banner-title-visibility":"","ast-main-header-display":"","ast-hfb-above-header-display":"","ast-hfb-below-header-display":"","ast-hfb-mobile-header-display":"","site-post-title":"","ast-breadcrumbs-content":"","ast-featured-img":"","footer-sml-layout":"","ast-disable-related-posts":"","theme-transparent-header-meta":"","adv-header-id-meta":"","stick-header-meta":"","header-above-stick-meta":"","header-main-stick-meta":"","header-below-stick-meta":"","astra-migrate-meta-layouts":"default","ast-page-background-enabled":"default","ast-page-background-meta":{"desktop":{"background-color":"var(--ast-global-color-4)","background-image":"","background-repeat":"repeat","background-position":"center center","background-size":"auto","background-attachment":"scroll","background-type":"","background-media":"","overlay-type":"","overlay-color":"","overlay-opacity":"","overlay-gradient":""},"tablet":{"background-color":"","background-image":"","background-repeat":"repeat","background-position":"center center","background-size":"auto","background-attachment":"scroll","background-type":"","background-media":"","overlay-type":"","overlay-color":"","overlay-opacity":"","overlay-gradient":""},"mobile":{"background-color":"","background-image":"","background-repeat":"repeat","background-position":"center center","background-size":"auto","background-attachment":"scroll","background-type":"","background-media":"","overlay-type":"","overlay-color":"","overlay-opacity":"","overlay-gradient":""}},"ast-content-background-meta":{"desktop":{"background-color":"var(--ast-global-color-5)","background-image":"","background-repeat":"repeat","background-position":"center center","background-size":"auto","background-attachment":"scroll","background-type":"","background-media":"","overlay-type":"","overlay-color":"","overlay-opacity":"","overlay-gradient":""},"tablet":{"background-color":"var(--ast-global-color-5)","background-image":"","background-repeat":"repeat","background-position":"center center","background-size":"auto","background-attachment":"scroll","background-type":"","background-media":"","overlay-type":"","overlay-color":"","overlay-opacity":"","overlay-gradient":""},"mobile":{"background-color":"var(--ast-global-color-5)","background-image":"","background-repeat":"repeat","background-position":"center center","background-size":"auto","background-attachment":"scroll","background-type":"","background-media":"","overlay-type":"","overlay-color":"","overlay-opacity":"","overlay-gradient":""}},"footnotes":""},"class_list":["post-148719","page","type-page","status-publish","has-post-thumbnail","hentry"],"_links":{"self":[{"href":"https:\/\/medclinics.com\/es\/wp-json\/wp\/v2\/pages\/148719","targetHints":{"allow":["GET"]}}],"collection":[{"href":"https:\/\/medclinics.com\/es\/wp-json\/wp\/v2\/pages"}],"about":[{"href":"https:\/\/medclinics.com\/es\/wp-json\/wp\/v2\/types\/page"}],"author":[{"embeddable":true,"href":"https:\/\/medclinics.com\/es\/wp-json\/wp\/v2\/users\/4"}],"replies":[{"embeddable":true,"href":"https:\/\/medclinics.com\/es\/wp-json\/wp\/v2\/comments?post=148719"}],"version-history":[{"count":0,"href":"https:\/\/medclinics.com\/es\/wp-json\/wp\/v2\/pages\/148719\/revisions"}],"wp:featuredmedia":[{"embeddable":true,"href":"https:\/\/medclinics.com\/es\/wp-json\/wp\/v2\/media\/120223"}],"wp:attachment":[{"href":"https:\/\/medclinics.com\/es\/wp-json\/wp\/v2\/media?parent=148719"}],"curies":[{"name":"wp","href":"https:\/\/api.w.org\/{rel}","templated":true}]}}