{"id":148709,"date":"2023-05-21T12:05:00","date_gmt":"2023-05-21T09:05:00","guid":{"rendered":"https:\/\/medclinics.com\/terapia-con-celulas-madre-para-la-esclerosis-multiple-una-nueva-esperanza-para-frenar-su-avance\/"},"modified":"2025-01-03T00:14:50","modified_gmt":"2025-01-02T21:14:50","slug":"terapia-con-celulas-madre-para-la-esclerosis-multiple-una-nueva-esperanza-para-frenar-su-avance","status":"publish","type":"page","link":"https:\/\/medclinics.com\/es\/terapia-con-celulas-madre-para-la-esclerosis-multiple-una-nueva-esperanza-para-frenar-su-avance\/","title":{"rendered":"Terapia con c\u00e9lulas madre para la esclerosis m\u00faltiple: una nueva esperanza para frenar su avance"},"content":{"rendered":"\n<h2 class=\"wp-block-heading\">Si est\u00e1 buscando las infinitas oportunidades de la terapia con c\u00e9lulas madre para la esclerosis m\u00faltiple (EM), \u00a1ha llegado al lugar adecuado!<\/h2>\n\n<p>La esclerosis m\u00faltiple (EM) es una enfermedad cr\u00f3nica que afecta al sistema nervioso. Y millones de personas luchan contra esta enfermedad.<\/p>\n\n<p>Pero <a href=\"https:\/\/www.stemcelltherapy.gen.tr\/\" target=\"_blank\" rel=\"noopener\">la terapia con c\u00e9lulas madre<\/a>, \u00a1ofrece un enfoque revolucionario al respecto!<\/p>\n\n<p><strong>Los s\u00edntomas de la EM son:<\/strong><\/p>\n\n<ul class=\"wp-block-list\">\n<li>Reducci\u00f3n de la fatiga<\/li>\n\n\n\n<li>Mejora de la movilidad<\/li>\n\n\n\n<li>Mejora de la funci\u00f3n cognitiva<\/li>\n<\/ul>\n\n<p>Aunque controlar los s\u00edntomas de la EM es importante, la terapia con c\u00e9lulas madre pretende ir m\u00e1s all\u00e1 del mero control de los s\u00edntomas. Se dirige a la raz\u00f3n principal del problema: un sistema inmunitario que no funciona correctamente y ataca a las c\u00e9lulas nerviosas sanas. La terapia con c\u00e9lulas madre para la EM tambi\u00e9n ofrece la posibilidad de:<\/p>\n\n<ul class=\"wp-block-list\">\n<li>Reducci\u00f3n de la hinchaz\u00f3n y el cansancio<\/li>\n\n\n\n<li>Mejora del equilibrio y la coordinaci\u00f3n<\/li>\n\n\n\n<li>Memoria mejorada<\/li>\n\n\n\n<li>Progresi\u00f3n lenta de la enfermedad<\/li>\n<\/ul>\n\n<p>Es importante recordar que la terapia con c\u00e9lulas madre para la EM se encuentra todav\u00eda en sus primeras fases. Aunque la investigaci\u00f3n muestra resultados prometedores, se necesitan m\u00e1s estudios para comprender plenamente su eficacia a largo plazo y sus posibles riesgos.<\/p>\n\n<p>Aunque la EM afecta a cada persona de forma diferente, esta terapia es prometedora para varias formas de la enfermedad, entre ellas:<\/p>\n\n<ul class=\"wp-block-list\">\n<li>EM recurrente-remitente (EMRR)<\/li>\n\n\n\n<li>EM primaria progresiva (EMPP)<\/li>\n\n\n\n<li>EM secundaria progresiva (EMSP)<\/li>\n<\/ul>\n\n<p><strong>\u00bfListo para dar el primer paso?<\/strong><\/p>\n\n<p>Si padece esclerosis m\u00faltiple y busca un rayo de <a href=\"http:\/\/stemcelltherapy.gen.tr\" rel=\"nofollow noopener\" target=\"_blank\">esperanza<\/a>, la terapia con c\u00e9lulas madre puede ser la respuesta que estaba buscando. <br\/><br\/>Recuerda que no est\u00e1s solo en este viaje. En <strong>\n  <a href=\"https:\/\/medclinics.com\/tr\/\">MedClinics<\/a>\n<\/strong>estamos aqu\u00ed para que su tratamiento sea seguro y fluido. Conf\u00ede en nosotros para organizar el mejor hospital y plan de viaje.<\/p>\n\n<p>\u00a0<\/p>\n\n<h3 class=\"wp-block-heading\">Todo lo que necesita saber sobre la <a href=\"https:\/\/medclinics.com\/es\/stem-cell-therapy-2\/\" target=\"_blank\" rel=\"noreferrer noopener\">terapia con c\u00e9lulas madre<\/a> est\u00e1 aqu\u00ed, <a href=\"#requestform\">\u00a1cont\u00e1ctenos<\/a> ahora!<\/h3>\n\n<figure class=\"wp-block-image size-full\"><img fetchpriority=\"high\" decoding=\"async\" width=\"960\" height=\"536\" src=\"https:\/\/medclinics.com\/wp-content\/uploads\/2023\/12\/stem-cell-for-ms.jpg\" alt=\"Terapia con c&#xE9;lulas madre para la EM\" class=\"wp-image-119913\" srcset=\"https:\/\/medclinics.com\/wp-content\/uploads\/2023\/12\/stem-cell-for-ms.jpg 960w, https:\/\/medclinics.com\/wp-content\/uploads\/2023\/12\/stem-cell-for-ms-500x279.jpg 500w, https:\/\/medclinics.com\/wp-content\/uploads\/2023\/12\/stem-cell-for-ms-768x429.jpg 768w, https:\/\/medclinics.com\/wp-content\/uploads\/2023\/12\/stem-cell-for-ms-24x13.jpg 24w, https:\/\/medclinics.com\/wp-content\/uploads\/2023\/12\/stem-cell-for-ms-36x20.jpg 36w, https:\/\/medclinics.com\/wp-content\/uploads\/2023\/12\/stem-cell-for-ms-48x27.jpg 48w\" sizes=\"(max-width: 960px) 100vw, 960px\" \/><\/figure>\n\n<h2 class=\"wp-block-heading\">PREGUNTAS FRECUENTES<\/h2>\n<div id=\"rank-math-faq\" class=\"rank-math-block\">\n<div class=\"rank-math-list \">\n<div id=\"faq-question-1685002520472\" class=\"rank-math-list-item\">\n<h3 class=\"rank-math-question \"><strong>\u00bfEst\u00e1 demostrada la eficacia de la terapia con c\u00e9lulas madre para la EM?<\/strong><\/h3>\n<div class=\"rank-math-answer \">\n\n<p>La investigaci\u00f3n y los estudios cl\u00ednicos indican que la terapia con c\u00e9lulas madre es prometedora para mejorar los s\u00edntomas y frenar potencialmente la progresi\u00f3n de la EM. Sin embargo, las respuestas individuales pueden variar.<\/p>\n\n<\/div>\n<\/div>\n<div id=\"faq-question-1685002653278\" class=\"rank-math-list-item\">\n<h3 class=\"rank-math-question \"><strong>\u00bfTiene efectos secundarios la terapia con c\u00e9lulas madre para la EM?<\/strong><\/h3>\n<div class=\"rank-math-answer \">\n\n<p>La terapia con c\u00e9lulas madre para la EM puede conllevar algunos efectos secundarios, aunque la mayor\u00eda son a corto plazo, como fiebre, fatiga, n\u00e1useas y reacciones en el lugar de la inyecci\u00f3n. Otros riesgos m\u00e1s graves, aunque poco frecuentes, son la EICH (cuando las c\u00e9lulas trasplantadas atacan al organismo), la formaci\u00f3n de tumores y un mayor riesgo de infecci\u00f3n debido al debilitamiento del sistema inmunitario. Todav\u00eda se est\u00e1n estudiando los efectos a largo plazo, por lo que es crucial que comentes todas las posibles consecuencias con tu m\u00e9dico antes de tomar una decisi\u00f3n.  <\/p>\n\n<\/div>\n<\/div>\n<\/div>\n<\/div>\n<p>\u00a0<\/p>\n\n<h3 class=\"wp-block-heading\">P\u00f3ngase en contacto con nosotros si tiene alguna pregunta.<\/h3>\n","protected":false},"excerpt":{"rendered":"<p>Si est\u00e1 buscando las infinitas oportunidades de la terapia con c\u00e9lulas madre para la esclerosis m\u00faltiple (EM), \u00a1ha llegado al [&hellip;]<\/p>\n","protected":false},"author":4,"featured_media":95501,"parent":0,"menu_order":0,"comment_status":"closed","ping_status":"closed","template":"","meta":{"site-sidebar-layout":"default","site-content-layout":"","ast-site-content-layout":"default","site-content-style":"default","site-sidebar-style":"default","ast-global-header-display":"","ast-banner-title-visibility":"","ast-main-header-display":"","ast-hfb-above-header-display":"","ast-hfb-below-header-display":"","ast-hfb-mobile-header-display":"","site-post-title":"","ast-breadcrumbs-content":"","ast-featured-img":"","footer-sml-layout":"","ast-disable-related-posts":"","theme-transparent-header-meta":"","adv-header-id-meta":"","stick-header-meta":"","header-above-stick-meta":"","header-main-stick-meta":"","header-below-stick-meta":"","astra-migrate-meta-layouts":"default","ast-page-background-enabled":"default","ast-page-background-meta":{"desktop":{"background-color":"var(--ast-global-color-4)","background-image":"","background-repeat":"repeat","background-position":"center center","background-size":"auto","background-attachment":"scroll","background-type":"","background-media":"","overlay-type":"","overlay-color":"","overlay-opacity":"","overlay-gradient":""},"tablet":{"background-color":"","background-image":"","background-repeat":"repeat","background-position":"center center","background-size":"auto","background-attachment":"scroll","background-type":"","background-media":"","overlay-type":"","overlay-color":"","overlay-opacity":"","overlay-gradient":""},"mobile":{"background-color":"","background-image":"","background-repeat":"repeat","background-position":"center center","background-size":"auto","background-attachment":"scroll","background-type":"","background-media":"","overlay-type":"","overlay-color":"","overlay-opacity":"","overlay-gradient":""}},"ast-content-background-meta":{"desktop":{"background-color":"var(--ast-global-color-5)","background-image":"","background-repeat":"repeat","background-position":"center center","background-size":"auto","background-attachment":"scroll","background-type":"","background-media":"","overlay-type":"","overlay-color":"","overlay-opacity":"","overlay-gradient":""},"tablet":{"background-color":"var(--ast-global-color-5)","background-image":"","background-repeat":"repeat","background-position":"center center","background-size":"auto","background-attachment":"scroll","background-type":"","background-media":"","overlay-type":"","overlay-color":"","overlay-opacity":"","overlay-gradient":""},"mobile":{"background-color":"var(--ast-global-color-5)","background-image":"","background-repeat":"repeat","background-position":"center center","background-size":"auto","background-attachment":"scroll","background-type":"","background-media":"","overlay-type":"","overlay-color":"","overlay-opacity":"","overlay-gradient":""}},"footnotes":""},"class_list":["post-148709","page","type-page","status-publish","has-post-thumbnail","hentry"],"_links":{"self":[{"href":"https:\/\/medclinics.com\/es\/wp-json\/wp\/v2\/pages\/148709","targetHints":{"allow":["GET"]}}],"collection":[{"href":"https:\/\/medclinics.com\/es\/wp-json\/wp\/v2\/pages"}],"about":[{"href":"https:\/\/medclinics.com\/es\/wp-json\/wp\/v2\/types\/page"}],"author":[{"embeddable":true,"href":"https:\/\/medclinics.com\/es\/wp-json\/wp\/v2\/users\/4"}],"replies":[{"embeddable":true,"href":"https:\/\/medclinics.com\/es\/wp-json\/wp\/v2\/comments?post=148709"}],"version-history":[{"count":0,"href":"https:\/\/medclinics.com\/es\/wp-json\/wp\/v2\/pages\/148709\/revisions"}],"wp:featuredmedia":[{"embeddable":true,"href":"https:\/\/medclinics.com\/es\/wp-json\/wp\/v2\/media\/95501"}],"wp:attachment":[{"href":"https:\/\/medclinics.com\/es\/wp-json\/wp\/v2\/media?parent=148709"}],"curies":[{"name":"wp","href":"https:\/\/api.w.org\/{rel}","templated":true}]}}