{"id":148695,"date":"2025-02-07T10:48:00","date_gmt":"2025-02-07T07:48:00","guid":{"rendered":"https:\/\/medclinics.com\/terapia-con-celulas-madre-para-el-autismo-un-tratamiento-innovador\/"},"modified":"2025-01-03T00:14:51","modified_gmt":"2025-01-02T21:14:51","slug":"terapia-con-celulas-madre-para-el-autismo-un-tratamiento-innovador","status":"publish","type":"page","link":"https:\/\/medclinics.com\/es\/terapia-con-celulas-madre-para-el-autismo-un-tratamiento-innovador\/","title":{"rendered":"Terapia con c\u00e9lulas madre para el autismo: Un tratamiento innovador"},"content":{"rendered":"\n<h2 class=\"wp-block-heading\">Si est\u00e1 buscando las posibilidades ilimitadas de la terapia con c\u00e9lulas madre para el tratamiento del autismo, ha llegado al lugar adecuado.<\/h2>\n\n<p><br\/>El autismo es un trastorno del desarrollo en el que la comunicaci\u00f3n social, la interacci\u00f3n y el comportamiento se ven afectados negativamente. El autismo suele aparecer en los tres primeros a\u00f1os de vida y se caracteriza por los siguientes s\u00edntomas:<\/p>\n\n<ul class=\"wp-block-list\">\n<li>Dificultad en las interacciones y relaciones sociales.<\/li>\n\n\n\n<li>Contacto visual y expresiones faciales limitadas.<\/li>\n\n\n\n<li>Realizaci\u00f3n de movimientos o actividades repetitivas (por ejemplo, agitar las manos, mecerse).<\/li>\n\n\n\n<li>Apegos inusuales a objetos.<\/li>\n\n\n\n<li>Reacciones inusuales o intensas a est\u00edmulos sensoriales (por ejemplo, luces, sonidos, texturas).<\/li>\n\n\n\n<li>Desaf\u00edos en el desarrollo y mantenimiento de las relaciones entre iguales.<\/li>\n\n\n\n<li>Dificultad para comprender y responder a las emociones de los dem\u00e1s.<\/li>\n<\/ul>\n\n<p><a href=\"https:\/\/medclinics.com\/es\/\">La terapia con c\u00e9lulas madre<\/a> para el autismo es una posible opci\u00f3n de tratamiento. Las c\u00e9lulas madre son c\u00e9lulas especiales que pueden convertirse en cualquier tipo de c\u00e9lula del organismo. En las personas con autismo, el desarrollo y la funci\u00f3n de las c\u00e9lulas nerviosas del cerebro pueden estar alterados. La terapia con c\u00e9lulas madre para el autismo puede ayudar a mejorar la producci\u00f3n y el funcionamiento de las c\u00e9lulas nerviosas del cerebro.<\/p>\n\n<p>La terapia con c\u00e9lulas madre para el autismo puede ayudar a mejorar los siguientes s\u00edntomas<\/p>\n\n<ul class=\"wp-block-list\">\n<li>Interacci\u00f3n social<\/li>\n\n\n\n<li>Comunicaci\u00f3n<\/li>\n\n\n\n<li>Comportamiento<\/li>\n\n\n\n<li>Aprender<\/li>\n<\/ul>\n\n<p>Si busca tratamiento para el autismo, hable con un m\u00e9dico especializado en trastornos del neurodesarrollo. Pueden explicar opciones de tratamiento como la terapia con c\u00e9lulas madre, junto con otras terapias de eficacia probada. Recuerda que el autismo es \u00fanico para cada persona. Esperamos poder guiarle. P\u00f3ngase en contacto con nosotros para obtener informaci\u00f3n sobre el proceso de tratamiento y los resultados.<\/p>\n\n<p><strong>Juntos, desbloqueemos el poder de las c\u00e9lulas madre y reescribamos la historia de la artritis. Superemos el dolor y abracemos un futuro lleno de movilidad, alegr\u00eda y posibilidades renovadas.<\/strong><\/p>\n\n<h3 class=\"wp-block-heading\">Todo lo que necesita saber sobre la terapia con c\u00e9lulas madre est\u00e1 aqu\u00ed, <a href=\"#requestform\">\u00a1cont\u00e1ctenos ahora!<\/a><\/h3>\n\n<figure class=\"wp-block-image size-full\"><img fetchpriority=\"high\" decoding=\"async\" width=\"1450\" height=\"967\" src=\"https:\/\/medclinics.com\/wp-content\/uploads\/2023\/12\/stem-cell-therapy-for-autism.jpg\" alt=\"Terapia con c&#xE9;lulas madre para el autismo\" class=\"wp-image-120167\" srcset=\"https:\/\/medclinics.com\/wp-content\/uploads\/2023\/12\/stem-cell-therapy-for-autism.jpg 1450w, https:\/\/medclinics.com\/wp-content\/uploads\/2023\/12\/stem-cell-therapy-for-autism-500x333.jpg 500w, https:\/\/medclinics.com\/wp-content\/uploads\/2023\/12\/stem-cell-therapy-for-autism-1024x683.jpg 1024w, https:\/\/medclinics.com\/wp-content\/uploads\/2023\/12\/stem-cell-therapy-for-autism-768x512.jpg 768w, https:\/\/medclinics.com\/wp-content\/uploads\/2023\/12\/stem-cell-therapy-for-autism-24x16.jpg 24w, https:\/\/medclinics.com\/wp-content\/uploads\/2023\/12\/stem-cell-therapy-for-autism-36x24.jpg 36w, https:\/\/medclinics.com\/wp-content\/uploads\/2023\/12\/stem-cell-therapy-for-autism-48x32.jpg 48w\" sizes=\"(max-width: 1450px) 100vw, 1450px\" \/><\/figure>\n\n<h2 class=\"wp-block-heading\">PREGUNTAS FRECUENTES<\/h2>\n<div id=\"rank-math-faq\" class=\"rank-math-block\">\n<div class=\"rank-math-list \">\n<div id=\"faq-question-1704264282082\" class=\"rank-math-list-item\">\n<h3 class=\"rank-math-question \"><strong>\u00bfCu\u00e1les son los s\u00edntomas del autismo?<\/strong><\/h3>\n<div class=\"rank-math-answer \">\n\n<p>El autismo afecta a cada persona de forma diferente, pero algunas experiencias comunes son: dificultad para las interacciones sociales y el habla, realizaci\u00f3n de actividades repetitivas, intereses limitados, sensibilidad excesiva a las im\u00e1genes, sonidos o texturas, comportamiento muy activo o pasivo, dificultad para cambiar y dificultades para aprender y procesar la informaci\u00f3n.<\/p>\n\n<\/div>\n<\/div>\n<div id=\"faq-question-1704264407051\" class=\"rank-math-list-item\">\n<h3 class=\"rank-math-question \"><strong>\u00bfQu\u00e9 es la terapia con c\u00e9lulas madre?<\/strong><\/h3>\n<div class=\"rank-math-answer \">\n\n<p>La terapia con c\u00e9lulas madre es un tipo de tratamiento que utiliza c\u00e9lulas madre para reparar o sustituir tejidos da\u00f1ados o enfermos. Las c\u00e9lulas madre son c\u00e9lulas indiferenciadas que tienen el potencial de convertirse en cualquier tipo de c\u00e9lula del organismo.<\/p>\n\n<\/div>\n<\/div>\n<div id=\"faq-question-1704264335340\" class=\"rank-math-list-item\">\n<h3 class=\"rank-math-question \"><strong>\u00bfC\u00f3mo funciona la terapia con c\u00e9lulas madre para el autismo?<\/strong><\/h3>\n<div class=\"rank-math-answer \">\n\n<p>Las c\u00e9lulas madre pueden ayudar a reparar o sustituir las neuronas da\u00f1adas del cerebro, lo que podr\u00eda mejorar la interacci\u00f3n social, la comunicaci\u00f3n y el comportamiento.<\/p>\n\n<\/div>\n<\/div>\n<\/div>\n<\/div>\n<h3 class=\"wp-block-heading\">P\u00f3ngase en contacto con nosotros si tiene alguna pregunta.<\/h3>\n","protected":false},"excerpt":{"rendered":"<p>Si est\u00e1 buscando las posibilidades ilimitadas de la terapia con c\u00e9lulas madre para el tratamiento del autismo, ha llegado al [&hellip;]<\/p>\n","protected":false},"author":4,"featured_media":120151,"parent":0,"menu_order":0,"comment_status":"closed","ping_status":"closed","template":"","meta":{"site-sidebar-layout":"default","site-content-layout":"","ast-site-content-layout":"default","site-content-style":"default","site-sidebar-style":"default","ast-global-header-display":"","ast-banner-title-visibility":"","ast-main-header-display":"","ast-hfb-above-header-display":"","ast-hfb-below-header-display":"","ast-hfb-mobile-header-display":"","site-post-title":"","ast-breadcrumbs-content":"","ast-featured-img":"","footer-sml-layout":"","ast-disable-related-posts":"","theme-transparent-header-meta":"","adv-header-id-meta":"","stick-header-meta":"","header-above-stick-meta":"","header-main-stick-meta":"","header-below-stick-meta":"","astra-migrate-meta-layouts":"default","ast-page-background-enabled":"default","ast-page-background-meta":{"desktop":{"background-color":"var(--ast-global-color-4)","background-image":"","background-repeat":"repeat","background-position":"center center","background-size":"auto","background-attachment":"scroll","background-type":"","background-media":"","overlay-type":"","overlay-color":"","overlay-opacity":"","overlay-gradient":""},"tablet":{"background-color":"","background-image":"","background-repeat":"repeat","background-position":"center center","background-size":"auto","background-attachment":"scroll","background-type":"","background-media":"","overlay-type":"","overlay-color":"","overlay-opacity":"","overlay-gradient":""},"mobile":{"background-color":"","background-image":"","background-repeat":"repeat","background-position":"center center","background-size":"auto","background-attachment":"scroll","background-type":"","background-media":"","overlay-type":"","overlay-color":"","overlay-opacity":"","overlay-gradient":""}},"ast-content-background-meta":{"desktop":{"background-color":"var(--ast-global-color-5)","background-image":"","background-repeat":"repeat","background-position":"center center","background-size":"auto","background-attachment":"scroll","background-type":"","background-media":"","overlay-type":"","overlay-color":"","overlay-opacity":"","overlay-gradient":""},"tablet":{"background-color":"var(--ast-global-color-5)","background-image":"","background-repeat":"repeat","background-position":"center center","background-size":"auto","background-attachment":"scroll","background-type":"","background-media":"","overlay-type":"","overlay-color":"","overlay-opacity":"","overlay-gradient":""},"mobile":{"background-color":"var(--ast-global-color-5)","background-image":"","background-repeat":"repeat","background-position":"center center","background-size":"auto","background-attachment":"scroll","background-type":"","background-media":"","overlay-type":"","overlay-color":"","overlay-opacity":"","overlay-gradient":""}},"footnotes":""},"class_list":["post-148695","page","type-page","status-publish","has-post-thumbnail","hentry"],"_links":{"self":[{"href":"https:\/\/medclinics.com\/es\/wp-json\/wp\/v2\/pages\/148695","targetHints":{"allow":["GET"]}}],"collection":[{"href":"https:\/\/medclinics.com\/es\/wp-json\/wp\/v2\/pages"}],"about":[{"href":"https:\/\/medclinics.com\/es\/wp-json\/wp\/v2\/types\/page"}],"author":[{"embeddable":true,"href":"https:\/\/medclinics.com\/es\/wp-json\/wp\/v2\/users\/4"}],"replies":[{"embeddable":true,"href":"https:\/\/medclinics.com\/es\/wp-json\/wp\/v2\/comments?post=148695"}],"version-history":[{"count":0,"href":"https:\/\/medclinics.com\/es\/wp-json\/wp\/v2\/pages\/148695\/revisions"}],"wp:featuredmedia":[{"embeddable":true,"href":"https:\/\/medclinics.com\/es\/wp-json\/wp\/v2\/media\/120151"}],"wp:attachment":[{"href":"https:\/\/medclinics.com\/es\/wp-json\/wp\/v2\/media?parent=148695"}],"curies":[{"name":"wp","href":"https:\/\/api.w.org\/{rel}","templated":true}]}}