{"id":148681,"date":"2025-02-07T10:30:00","date_gmt":"2025-02-07T07:30:00","guid":{"rendered":"https:\/\/medclinics.com\/terapia-con-celulas-madre-para-la-artritis-un-tratamiento-innovador\/"},"modified":"2025-01-03T00:14:51","modified_gmt":"2025-01-02T21:14:51","slug":"terapia-con-celulas-madre-para-la-artritis-un-tratamiento-innovador","status":"publish","type":"page","link":"https:\/\/medclinics.com\/es\/terapia-con-celulas-madre-para-la-artritis-un-tratamiento-innovador\/","title":{"rendered":"Terapia con c\u00e9lulas madre para la artritis: Un tratamiento innovador"},"content":{"rendered":"\n<h2 class=\"wp-block-heading\">Si est\u00e1 buscando las infinitas oportunidades de la terapia con c\u00e9lulas madre para el tratamiento de la artritis, est\u00e1 en el lugar adecuado.<\/h2>\n\n<p><br\/>La artritis es una enfermedad articular frecuente y duradera que afecta a millones de personas en todo el mundo.<\/p>\n\n<p>Las c\u00e9lulas madre, con su notable <strong>capacidad de autorrenovaci\u00f3n y diferenciaci\u00f3n en tejidos especializados,<\/strong> encierran un inmenso potencial para el tratamiento de la artritis. Estas potentes c\u00e9lulas, procedentes de la m\u00e9dula \u00f3sea o del tejido adiposo, se inyectan en la articulaci\u00f3n afectada. Una vez liberadas, se desplazan a las zonas da\u00f1adas, se transforman en c\u00e9lulas cartilaginosas y <strong>comienzan el incre\u00edble proceso de reconstruir lo perdido.<\/strong><\/p>\n\n<p><strong>No s\u00f3lo para las rodillas:<\/strong><\/p>\n\n<p>La belleza de la <a href=\"https:\/\/www.stemcelltherapy.gen.tr\/\" target=\"_blank\" rel=\"noopener\">terapia con c\u00e9lulas madre <\/a>reside en su versatilidad. Aunque la artritis de rodilla suele ocupar el primer plano, este tratamiento es prometedor para diversas afecciones articulares que afectan a otras zonas como:<\/p>\n\n<ul class=\"wp-block-list\">\n<li>Cadera<\/li>\n\n\n\n<li>Hombro<\/li>\n\n\n\n<li>Codo<\/li>\n\n\n\n<li>Mu\u00f1eca\/Mano<\/li>\n\n\n\n<li>Tobillo\/Pie<\/li>\n<\/ul>\n\n<p>Los problemas articulares pueden dificultar las actividades cotidianas y son m\u00e1s frecuentes a medida que envejecemos. Pero, \u00bfpor qu\u00e9? He aqu\u00ed algunos factores clave:<\/p>\n\n<ol class=\"wp-block-list\">\n<li><strong>Edad:<\/strong> A medida que envejecemos, los incansables caballos de batalla de nuestro cuerpo, nuestras articulaciones, empiezan a mostrar desgaste. El cart\u00edlago que amortigua nuestro movimiento empieza a adelgazarse. Este declive natural hace que los problemas articulares sean m\u00e1s frecuentes en las personas mayores.Los problemas articulares son m\u00e1s frecuentes en las <strong>personas mayores <\/strong>debido al desgaste de los tejidos articulares a medida que envejecen.<\/li>\n\n\n\n<li><strong>Cuestiones familiares:<\/strong> Si en tu familia hay antecedentes de problemas articulares, es m\u00e1s probable que t\u00fa tambi\u00e9n los padezcas.<\/li>\n\n\n\n<li>El <strong>peso<\/strong>: Cargar con kilos de m\u00e1s ejerce una presi\u00f3n adicional sobre las articulaciones. Con el tiempo, esta tensi\u00f3n puede provocar problemas articulares.<\/li>\n\n\n\n<li><strong>Diferencias de g\u00e9nero:<\/strong> Aunque tanto hombres como mujeres pueden sufrir problemas articulares, algunas afecciones, como la artritis reumatoide, son m\u00e1s frecuentes en las mujeres.<\/li>\n<\/ol>\n\n<p>Tambi\u00e9n se observan con<strong> m\u00e1s frecuencia<\/strong> en personas con <strong>antecedentes familiares de problemas articulares<\/strong> y en personas con <strong>sobrepeso,<\/strong> ya que el peso extra ejerce una presi\u00f3n adicional sobre las articulaciones.<\/p>\n\n<p>Adem\u00e1s, ciertas afecciones articulares, especialmente <strong>la artritis reumatoide<\/strong>, son <strong>m\u00e1s frecuentes en las mujeres <\/strong>que en los hombres.<\/p>\n\n<p>La terapia con c\u00e9lulas madre para la artritis tiene<strong> muchas ventajas<\/strong>. Su uso puede ayudar a fabricar cart\u00edlago nuevo en articulaciones da\u00f1adas, lo que antes se consideraba imposible. Tambi\u00e9n <strong>disminuye <\/strong>la hinchaz\u00f3n. Y proporciona beneficios que <strong>duran mucho tiempo<\/strong>, a diferencia de los tratamientos habituales.<\/p>\n\n<p><strong>\u00bfListo para dar el primer paso?<\/strong><\/p>\n\n<p>Si padece artritis y busca un rayo de esperanza, la terapia con c\u00e9lulas madre puede ser la respuesta que estaba buscando. Recuerda que no est\u00e1s solo en este viaje. Consulte a un profesional sanitario cualificado especializado en medicina regenerativa para conocer sus opciones y determinar si este innovador tratamiento es adecuado para usted.<\/p>\n\n<p><strong>Juntos, desbloqueemos el poder de las c\u00e9lulas madre y reescribamos la historia de la artritis. Superemos el dolor y abracemos un futuro lleno de movilidad, alegr\u00eda y posibilidades renovadas.<\/strong><\/p>\n\n<h3 class=\"wp-block-heading\">Todo lo que necesita saber sobre la <a href=\"https:\/\/medclinics.com\/es\/stem-cell-therapy-2\/\" target=\"_blank\" rel=\"noreferrer noopener\">terapia con c\u00e9lulas madre<\/a> est\u00e1 aqu\u00ed, <a href=\"#requestform\">\u00a1cont\u00e1ctenos<\/a> ahora!<\/h3>\n\n<figure class=\"wp-block-image size-full\"><img fetchpriority=\"high\" decoding=\"async\" width=\"960\" height=\"640\" src=\"https:\/\/medclinics.com\/wp-content\/uploads\/2023\/12\/stem-cell-therapy-for-arthritis.jpg\" alt=\"\" class=\"wp-image-119884\" srcset=\"https:\/\/medclinics.com\/wp-content\/uploads\/2023\/12\/stem-cell-therapy-for-arthritis.jpg 960w, https:\/\/medclinics.com\/wp-content\/uploads\/2023\/12\/stem-cell-therapy-for-arthritis-500x333.jpg 500w, https:\/\/medclinics.com\/wp-content\/uploads\/2023\/12\/stem-cell-therapy-for-arthritis-768x512.jpg 768w, https:\/\/medclinics.com\/wp-content\/uploads\/2023\/12\/stem-cell-therapy-for-arthritis-24x16.jpg 24w, https:\/\/medclinics.com\/wp-content\/uploads\/2023\/12\/stem-cell-therapy-for-arthritis-36x24.jpg 36w, https:\/\/medclinics.com\/wp-content\/uploads\/2023\/12\/stem-cell-therapy-for-arthritis-48x32.jpg 48w\" sizes=\"(max-width: 960px) 100vw, 960px\" \/><\/figure>\n\n<h2 class=\"wp-block-heading\">PREGUNTAS FRECUENTES<\/h2>\n<div id=\"rank-math-faq\" class=\"rank-math-block\">\n<div class=\"rank-math-list \">\n<div id=\"faq-question-1685002520472\" class=\"rank-math-list-item\">\n<h3 class=\"rank-math-question \"><strong>\u00bfEs eficaz la terapia con c\u00e9lulas madre para la artritis?<\/strong><\/h3>\n<div class=\"rank-math-answer \">\n\n<p>S\u00ed, la investigaci\u00f3n y los estudios cl\u00ednicos indican que la terapia con c\u00e9lulas madre es prometedora para el tratamiento de la artritis. Muchos pacientes han notificado mejoras en s\u00edntomas como la reducci\u00f3n del dolor y el aumento de la movilidad articular.<\/p>\n\n<\/div>\n<\/div>\n<div id=\"faq-question-1685002653278\" class=\"rank-math-list-item\">\n<h3 class=\"rank-math-question \"><strong>\u00bfTiene efectos secundarios la terapia con c\u00e9lulas madre para la artritis?<\/strong><\/h3>\n<div class=\"rank-math-answer \">\n\n<p>Los efectos secundarios suelen ser leves y pueden incluir hinchaz\u00f3n o molestias temporales en el lugar de la inyecci\u00f3n. Las complicaciones graves son poco frecuentes, pero es esencial que comente los posibles riesgos con su profesional sanitario.<\/p>\n\n<\/div>\n<\/div>\n<div id=\"faq-question-1702888991012\" class=\"rank-math-list-item\">\n<h3 class=\"rank-math-question \"><strong>\u00bfQu\u00e9 tipos de artritis pueden tratarse con terapia de c\u00e9lulas madre?<\/strong><\/h3>\n<div class=\"rank-math-answer \">\n\n<p>La terapia con c\u00e9lulas madre se est\u00e1 estudiando para diversos tipos de artritis, como la artrosis y la artritis reumatoide. Muestra potencial para tratar afecciones articulares degenerativas.<\/p>\n\n<\/div>\n<\/div>\n<div id=\"faq-question-1702888917351\" class=\"rank-math-list-item\">\n<h3 class=\"rank-math-question \"><strong>\u00bfEs segura la terapia con c\u00e9lulas madre?<\/strong><\/h3>\n<div class=\"rank-math-answer \">\n\n<p>La evidencia actual sugiere que la terapia con c\u00e9lulas madre es generalmente segura. Dado que suele implicar el uso de c\u00e9lulas del propio paciente, se minimiza el riesgo de rechazo o de reacciones adversas.<\/p>\n\n<\/div>\n<\/div>\n<\/div>\n<\/div>\n<p>\u00a0<\/p>\n\n<h3 class=\"wp-block-heading\">P\u00f3ngase en contacto con nosotros si tiene alguna pregunta.<\/h3>\n","protected":false},"excerpt":{"rendered":"<p>Si est\u00e1 buscando las infinitas oportunidades de la terapia con c\u00e9lulas madre para el tratamiento de la artritis, est\u00e1 en [&hellip;]<\/p>\n","protected":false},"author":4,"featured_media":119866,"parent":0,"menu_order":0,"comment_status":"closed","ping_status":"closed","template":"","meta":{"site-sidebar-layout":"default","site-content-layout":"","ast-site-content-layout":"default","site-content-style":"default","site-sidebar-style":"default","ast-global-header-display":"","ast-banner-title-visibility":"","ast-main-header-display":"","ast-hfb-above-header-display":"","ast-hfb-below-header-display":"","ast-hfb-mobile-header-display":"","site-post-title":"","ast-breadcrumbs-content":"","ast-featured-img":"","footer-sml-layout":"","ast-disable-related-posts":"","theme-transparent-header-meta":"","adv-header-id-meta":"","stick-header-meta":"","header-above-stick-meta":"","header-main-stick-meta":"","header-below-stick-meta":"","astra-migrate-meta-layouts":"default","ast-page-background-enabled":"default","ast-page-background-meta":{"desktop":{"background-color":"var(--ast-global-color-4)","background-image":"","background-repeat":"repeat","background-position":"center center","background-size":"auto","background-attachment":"scroll","background-type":"","background-media":"","overlay-type":"","overlay-color":"","overlay-opacity":"","overlay-gradient":""},"tablet":{"background-color":"","background-image":"","background-repeat":"repeat","background-position":"center center","background-size":"auto","background-attachment":"scroll","background-type":"","background-media":"","overlay-type":"","overlay-color":"","overlay-opacity":"","overlay-gradient":""},"mobile":{"background-color":"","background-image":"","background-repeat":"repeat","background-position":"center center","background-size":"auto","background-attachment":"scroll","background-type":"","background-media":"","overlay-type":"","overlay-color":"","overlay-opacity":"","overlay-gradient":""}},"ast-content-background-meta":{"desktop":{"background-color":"var(--ast-global-color-5)","background-image":"","background-repeat":"repeat","background-position":"center center","background-size":"auto","background-attachment":"scroll","background-type":"","background-media":"","overlay-type":"","overlay-color":"","overlay-opacity":"","overlay-gradient":""},"tablet":{"background-color":"var(--ast-global-color-5)","background-image":"","background-repeat":"repeat","background-position":"center center","background-size":"auto","background-attachment":"scroll","background-type":"","background-media":"","overlay-type":"","overlay-color":"","overlay-opacity":"","overlay-gradient":""},"mobile":{"background-color":"var(--ast-global-color-5)","background-image":"","background-repeat":"repeat","background-position":"center center","background-size":"auto","background-attachment":"scroll","background-type":"","background-media":"","overlay-type":"","overlay-color":"","overlay-opacity":"","overlay-gradient":""}},"footnotes":""},"class_list":["post-148681","page","type-page","status-publish","has-post-thumbnail","hentry"],"_links":{"self":[{"href":"https:\/\/medclinics.com\/es\/wp-json\/wp\/v2\/pages\/148681","targetHints":{"allow":["GET"]}}],"collection":[{"href":"https:\/\/medclinics.com\/es\/wp-json\/wp\/v2\/pages"}],"about":[{"href":"https:\/\/medclinics.com\/es\/wp-json\/wp\/v2\/types\/page"}],"author":[{"embeddable":true,"href":"https:\/\/medclinics.com\/es\/wp-json\/wp\/v2\/users\/4"}],"replies":[{"embeddable":true,"href":"https:\/\/medclinics.com\/es\/wp-json\/wp\/v2\/comments?post=148681"}],"version-history":[{"count":0,"href":"https:\/\/medclinics.com\/es\/wp-json\/wp\/v2\/pages\/148681\/revisions"}],"wp:featuredmedia":[{"embeddable":true,"href":"https:\/\/medclinics.com\/es\/wp-json\/wp\/v2\/media\/119866"}],"wp:attachment":[{"href":"https:\/\/medclinics.com\/es\/wp-json\/wp\/v2\/media?parent=148681"}],"curies":[{"name":"wp","href":"https:\/\/api.w.org\/{rel}","templated":true}]}}