{"id":148661,"date":"2023-12-14T13:07:02","date_gmt":"2023-12-14T10:07:02","guid":{"rendered":"https:\/\/medclinics.com\/salones-de-belleza-en-turquia\/"},"modified":"2024-05-15T11:08:50","modified_gmt":"2024-05-15T08:08:50","slug":"salones-de-belleza-en-turquia","status":"publish","type":"page","link":"https:\/\/medclinics.com\/es\/salones-de-belleza-en-turquia\/","title":{"rendered":"Salones de belleza en Turqu\u00eda"},"content":{"rendered":"\n<h2 class=\"wp-block-heading\">Turqu\u00eda es uno de los principales destinos para viajeros de todo el mundo que desean someterse a tratamientos est\u00e9ticos.<\/h2>\n\n<p>El pa\u00eds es conocido por sus esteticistas y esteticistas altamente cualificados que trabajan con las \u00faltimas tecnolog\u00edas y procedimientos. Los salones de belleza ofrecen una experiencia de belleza hol\u00edstica. En este ambiente acogedor, los visitantes experimentan no s\u00f3lo el embellecimiento est\u00e9tico, sino tambi\u00e9n la hospitalidad y la calidad en cada tratamiento.<\/p>\n\n<p>He aqu\u00ed una lista de salones de belleza en Turqu\u00eda que ofrecen diversos servicios est\u00e9ticos. Entre ellos figuran <a href=\"https:\/\/medclinics.com\/es\/rellenos-dermicos\/\" target=\"_blank\" rel=\"noreferrer noopener\">los rellenos d\u00e9rmicos<\/a>, <a href=\"https:\/\/medclinics.com\/es\/tratamiento-de-las-arrugas\/\" target=\"_blank\" rel=\"noreferrer noopener\">los tratamientos con relajantes musculares<\/a> para suavizar las arrugas, la <a href=\"https:\/\/medclinics.com\/es\/terapia-con-plasma\/\" target=\"_blank\" rel=\"noreferrer noopener\">terapia con plasma<\/a> y la <a href=\"https:\/\/en.wikipedia.org\/wiki\/Mesotherapy\" target=\"_blank\" rel=\"noreferrer noopener\">mesoterapia<\/a>, as\u00ed como el cuidado de la piel, los tratamientos antienvejecimiento o las <a href=\"https:\/\/medclinics.com\/es\/extension-de-pelo\/\" target=\"_blank\" rel=\"noreferrer noopener\">extensiones de pelo<\/a>, <a href=\"https:\/\/medclinics.com\/es\/protesis-ungueales\/\" target=\"_blank\" rel=\"noreferrer noopener\">u\u00f1as postizas<\/a> y extensiones de pesta\u00f1as. Los tratamientos se realizan en r\u00e9gimen ambulatorio.<\/p>\n\n<p>Si busca un sal\u00f3n de belleza en Turqu\u00eda para realzar su resplandor y belleza, ha llegado al lugar adecuado. En este sitio web encontrar\u00e1 el sal\u00f3n adecuado a sus necesidades.<\/p>\n\n<h3 class=\"wp-block-heading\">\u00bfTiene preguntas sobre un tratamiento de belleza?<\/h3>\n\n<p>No dude en <a href=\"#requestform\">ponerse en contacto con nosotros<\/a> si tiene alguna pregunta sobre un tratamiento de sal\u00f3n de belleza. Estaremos encantados de ayudarle.<\/p>\n","protected":false},"excerpt":{"rendered":"<p>Turqu\u00eda es uno de los principales destinos para viajeros de todo el mundo que desean someterse a tratamientos est\u00e9ticos. El [&hellip;]<\/p>\n","protected":false},"author":4,"featured_media":161456,"parent":0,"menu_order":0,"comment_status":"closed","ping_status":"closed","template":"","meta":{"site-sidebar-layout":"default","site-content-layout":"","ast-site-content-layout":"default","site-content-style":"default","site-sidebar-style":"default","ast-global-header-display":"","ast-banner-title-visibility":"","ast-main-header-display":"","ast-hfb-above-header-display":"","ast-hfb-below-header-display":"","ast-hfb-mobile-header-display":"","site-post-title":"","ast-breadcrumbs-content":"","ast-featured-img":"","footer-sml-layout":"","ast-disable-related-posts":"","theme-transparent-header-meta":"","adv-header-id-meta":"","stick-header-meta":"","header-above-stick-meta":"","header-main-stick-meta":"","header-below-stick-meta":"","astra-migrate-meta-layouts":"default","ast-page-background-enabled":"default","ast-page-background-meta":{"desktop":{"background-color":"var(--ast-global-color-4)","background-image":"","background-repeat":"repeat","background-position":"center center","background-size":"auto","background-attachment":"scroll","background-type":"","background-media":"","overlay-type":"","overlay-color":"","overlay-opacity":"","overlay-gradient":""},"tablet":{"background-color":"","background-image":"","background-repeat":"repeat","background-position":"center center","background-size":"auto","background-attachment":"scroll","background-type":"","background-media":"","overlay-type":"","overlay-color":"","overlay-opacity":"","overlay-gradient":""},"mobile":{"background-color":"","background-image":"","background-repeat":"repeat","background-position":"center center","background-size":"auto","background-attachment":"scroll","background-type":"","background-media":"","overlay-type":"","overlay-color":"","overlay-opacity":"","overlay-gradient":""}},"ast-content-background-meta":{"desktop":{"background-color":"var(--ast-global-color-5)","background-image":"","background-repeat":"repeat","background-position":"center center","background-size":"auto","background-attachment":"scroll","background-type":"","background-media":"","overlay-type":"","overlay-color":"","overlay-opacity":"","overlay-gradient":""},"tablet":{"background-color":"var(--ast-global-color-5)","background-image":"","background-repeat":"repeat","background-position":"center center","background-size":"auto","background-attachment":"scroll","background-type":"","background-media":"","overlay-type":"","overlay-color":"","overlay-opacity":"","overlay-gradient":""},"mobile":{"background-color":"var(--ast-global-color-5)","background-image":"","background-repeat":"repeat","background-position":"center center","background-size":"auto","background-attachment":"scroll","background-type":"","background-media":"","overlay-type":"","overlay-color":"","overlay-opacity":"","overlay-gradient":""}},"footnotes":""},"class_list":["post-148661","page","type-page","status-publish","has-post-thumbnail","hentry"],"_links":{"self":[{"href":"https:\/\/medclinics.com\/es\/wp-json\/wp\/v2\/pages\/148661","targetHints":{"allow":["GET"]}}],"collection":[{"href":"https:\/\/medclinics.com\/es\/wp-json\/wp\/v2\/pages"}],"about":[{"href":"https:\/\/medclinics.com\/es\/wp-json\/wp\/v2\/types\/page"}],"author":[{"embeddable":true,"href":"https:\/\/medclinics.com\/es\/wp-json\/wp\/v2\/users\/4"}],"replies":[{"embeddable":true,"href":"https:\/\/medclinics.com\/es\/wp-json\/wp\/v2\/comments?post=148661"}],"version-history":[{"count":0,"href":"https:\/\/medclinics.com\/es\/wp-json\/wp\/v2\/pages\/148661\/revisions"}],"wp:featuredmedia":[{"embeddable":true,"href":"https:\/\/medclinics.com\/es\/wp-json\/wp\/v2\/media\/161456"}],"wp:attachment":[{"href":"https:\/\/medclinics.com\/es\/wp-json\/wp\/v2\/media?parent=148661"}],"curies":[{"name":"wp","href":"https:\/\/api.w.org\/{rel}","templated":true}]}}