{"id":148581,"date":"2023-11-21T12:28:58","date_gmt":"2023-11-21T09:28:58","guid":{"rendered":"https:\/\/medclinics.com\/tratamientos-de-otorrinolaringologia\/"},"modified":"2025-01-24T21:36:05","modified_gmt":"2025-01-24T18:36:05","slug":"tratamientos-de-otorrinolaringologia","status":"publish","type":"page","link":"https:\/\/medclinics.com\/es\/tratamientos-de-otorrinolaringologia\/","title":{"rendered":"Tratamientos de otorrinolaringolog\u00eda"},"content":{"rendered":"\n<h2 class=\"wp-block-heading\">Los tratamientos de otorrinolaringolog\u00eda son populares desde hace muchos a\u00f1os.  <\/h2>\n\n<div class=\"wp-block-columns is-layout-flex wp-container-core-columns-is-layout-28f84493 wp-block-columns-is-layout-flex\">\n<div class=\"wp-block-column is-layout-flow wp-block-column-is-layout-flow\">\n<figure class=\"wp-block-image size-full is-style-default\"><img fetchpriority=\"high\" decoding=\"async\" width=\"960\" height=\"550\" src=\"https:\/\/medclinics.com\/wp-content\/uploads\/2023\/11\/ear-nose-and-throat-disorder.jpg\" alt=\"Tratamientos de otorrinolaringolog&#xED;a\" class=\"wp-image-118286\" srcset=\"https:\/\/medclinics.com\/wp-content\/uploads\/2023\/11\/ear-nose-and-throat-disorder.jpg 960w, https:\/\/medclinics.com\/wp-content\/uploads\/2023\/11\/ear-nose-and-throat-disorder-500x286.jpg 500w, https:\/\/medclinics.com\/wp-content\/uploads\/2023\/11\/ear-nose-and-throat-disorder-768x440.jpg 768w, https:\/\/medclinics.com\/wp-content\/uploads\/2023\/11\/ear-nose-and-throat-disorder-24x14.jpg 24w, https:\/\/medclinics.com\/wp-content\/uploads\/2023\/11\/ear-nose-and-throat-disorder-36x21.jpg 36w, https:\/\/medclinics.com\/wp-content\/uploads\/2023\/11\/ear-nose-and-throat-disorder-48x28.jpg 48w\" sizes=\"(max-width: 960px) 100vw, 960px\" \/><\/figure>\n<\/div>\n\n\n\n<div class=\"wp-block-column is-vertically-aligned-top is-layout-flow wp-block-column-is-layout-flow\">\n<p>Cuando pensamos en atenci\u00f3n sanitaria, solemos centrarnos en los problemas m\u00e1s comunes: cardiopat\u00edas, diabetes o, probablemente, incluso afecciones de los poros y la piel. Pero \u00bfsab\u00eda que los problemas de <strong>o\u00eddo, nariz y garganta (ORL <\/strong>) afectan tambi\u00e9n a una gran parte de la poblaci\u00f3n? No se trata s\u00f3lo de peque\u00f1as irritaciones, sino que pueden afectar gravemente a su propio bienestar.  <\/p>\n<\/div>\n<\/div>\n\n<h3 class=\"wp-block-heading\">Explore los mejores otorrinolaring\u00f3logos: Compare el coste de los tratamientos otorrinolaringol\u00f3gicos y elija una cl\u00ednica.<\/h3>\n\n<p><br\/>Los tratamientos otorrinolaringol\u00f3gicos han sido comunes durante d\u00e9cadas, pero en los \u00faltimos tiempos han avanzado con t\u00e9cnicas m\u00e1s especializadas, especialmente en el campo de <strong><a href=\"https:\/\/medclinics.com\/es\/estetica-de-la-voz\/\" target=\"_blank\" rel=\"noreferrer noopener\">la est\u00e9tica de la voz<\/a><\/strong>. Se trata de un campo que est\u00e1 adquiriendo un reconocimiento cada vez mayor, sobre todo a medida que la gente se familiariza m\u00e1s con las alternativas disponibles para fortalecer la voz o solucionar problemas relacionados con ella. <\/p>\n\n<p><br\/>Por lo tanto, en caso de que usted est\u00e1 experimentando cualquier dolor en los o\u00eddos, la nariz o la garganta, es fundamental para comprender las situaciones subyacentes y la forma en que los remedios modernos pueden ayudar. Vamos a echar un mejor vistazo a <strong>los tratamientos de o\u00eddo nariz y garganta<\/strong>, que abarcan los problemas no inusuales que tienen un impacto en cada una de estas \u00e1reas, las alternativas de tratamiento excepcionalmente actuales, y la forma en que usted puede descubrir los cirujanos y cl\u00ednicas brillantes. <\/p>\n\n<h2 class=\"wp-block-heading\"><br\/>\u00bfQu\u00e9 es la otorrinolaringolog\u00eda? Trastornos de o\u00eddo, nariz y garganta <\/h2>\n\n<p><\/p>\n\n<p><strong>ENT<\/strong> se refiere de nuevo a la ubicaci\u00f3n m\u00e9dica de la comprensi\u00f3n que da con situaciones y dolencias asociadas con los o\u00eddos, la nariz y la garganta. Esto consiste en una forma excepcional de problemas, desde <strong>infecciones sinusales<\/strong> comunes y <strong>dolores de garganta<\/strong> a condiciones m\u00e1s complicadas como <strong><a href=\"https:\/\/pubmed.ncbi.nlm.nih.gov\/?term=hearing+loss\" target=\"_blank\" rel=\"noreferrer noopener\">la p\u00e9rdida de audici\u00f3n<\/a><\/strong> y <strong>problemas de voz<\/strong>. <\/p>\n\n<p>Los <strong>otorrinolaring\u00f3logos<\/strong> son especialistas en diagnosticar y tratar estas situaciones. Ofrecen una gran variedad de tratamientos, desde estrategias quir\u00fargicas hasta planes de tratamiento no invasivos. Pero antes, veamos las tres \u00e1reas cruciales que cubre la otorrinolaringolog\u00eda: el o\u00eddo, la nariz y la garganta.  <\/p>\n\n<h3 class=\"wp-block-heading\"><br\/>Trastornos del o\u00eddo: Comprender las \u00e1reas problem\u00e1ticas<\/h3>\n\n<p><\/p>\n\n<p>Los problemas de o\u00eddo pueden ser un verdadero dolor de cabeza, tanto en sentido figurado como literal. Si alguna vez ha padecido una infecci\u00f3n de o\u00eddo o ha luchado contra la p\u00e9rdida de audici\u00f3n, comprender\u00e1 lo perturbador que puede ser. Pero \u00bfsab\u00eda que las enfermedades del o\u00eddo pueden dividirse en tres secciones? Repas\u00e9moslas:   <\/p>\n\n<ul class=\"wp-block-list\">\n<li><strong>Enfermedades del o\u00eddo externo<\/strong>: Afectan a la parte m\u00e1s externa del o\u00eddo. Los problemas comunes incluyen: <\/li>\n\n\n\n<li><strong>Infecciones del o\u00eddo externo<\/strong> (frecuentemente por microorganismos u hongos)<\/li>\n\n\n\n<li><strong>Tapones de cerumen<\/strong> que pueden causar dolor y problemas de audici\u00f3n<\/li>\n\n\n\n<li><strong>Perforaci\u00f3n del t\u00edmpano<\/strong>, que puede deberse a infecciones o traumatismos.<\/li>\n\n\n\n<li><strong>Lesiones en el l\u00f3bulo de la oreja<\/strong>, a veces piercings o accidentes<\/li>\n\n\n\n<li><strong>Asimetr\u00eda del l\u00f3bulo de la oreja<\/strong>, que puede ser un problema para algunas personas.<\/li>\n<\/ul>\n\n<ul class=\"wp-block-list\">\n<li><strong>Enfermedades del o\u00eddo medio:<\/strong> Los problemas en el o\u00eddo central pueden ser especialmente duros, ya que repercuten en la audici\u00f3n. Entre ellas figuran:<\/li>\n\n\n\n<li><strong>Infecciones del o\u00eddo medio<\/strong> (otitis media), probablemente frecuentes en los j\u00f3venes, pero que tambi\u00e9n deber\u00edan afectar a los adultos.<\/li>\n\n\n\n<li><strong>Inflamaci\u00f3n del o\u00eddo central<\/strong> (puede causar dolor y acumulaci\u00f3n de l\u00edquido)<\/li>\n\n\n\n<li><strong>Perforaci\u00f3n del t\u00edmpano<\/strong>, que puede provocar infecciones cr\u00f3nicas del o\u00eddo.<\/li>\n\n\n\n<li><strong>Acumulaci\u00f3n de l\u00edquido en el o\u00eddo central<\/strong>, frecuentemente despu\u00e9s de una infecci\u00f3n de o\u00eddo<\/li>\n\n\n\n<li><strong>P\u00e9rdida auditiva<\/strong> asociada a situaciones continuas en el o\u00eddo<\/li>\n<\/ul>\n\n<ul class=\"wp-block-list\">\n<li><strong>Enfermedades del o\u00eddo interno:<\/strong> El o\u00eddo interno es importante para la audici\u00f3n y el equilibrio, por lo que los problemas aqu\u00ed pueden ser especialmente perjudiciales. Los problemas m\u00e1s comunes del o\u00eddo interno son: <\/li>\n\n\n\n<li><strong>Infecciones del o\u00eddo interno<\/strong>, que pueden afectar a la audici\u00f3n y al equilibrio.<\/li>\n\n\n\n<li><strong>Enfermedad de Meniere<\/strong>, circunstancia que provoca v\u00e9rtigo, p\u00e9rdida de conciencia y zumbidos en el o\u00eddo (ac\u00fafenos).<\/li>\n\n\n\n<li><strong><a href=\"https:\/\/pubmed.ncbi.nlm.nih.gov\/?term=vertigo\" target=\"_blank\" rel=\"noreferrer noopener nofollow\">V\u00e9rtigo<\/a><\/strong>, sensaci\u00f3n de dar vueltas que puede deberse a problemas del o\u00eddo interno.<\/li>\n\n\n\n<li><strong>Problemas de<\/strong> equilibrio, que pueden estar relacionados con la funci\u00f3n del o\u00eddo interno de mantener el equilibrio.<\/li>\n<\/ul>\n\n<p>Si experimenta signos y s\u00edntomas como <strong>dolor de o\u00eddo<\/strong>, <strong>p\u00e9rdida de audici\u00f3n<\/strong> o <strong>pitidos en los o\u00eddos<\/strong>, es fundamental que visite a un otorrinolaring\u00f3logo para averiguar la causa.<\/p>\n\n<h3 class=\"wp-block-heading\"><br\/>Trastornos nasales: El dilema de la respiraci\u00f3n<\/h3>\n\n<p><\/p>\n\n<p>La nariz no s\u00f3lo sirve para respirar, sino que desempe\u00f1a un papel fundamental en el filtrado del aire, la regulaci\u00f3n de la temperatura o el sentido del olfato. Por desgracia, muchos seres humanos luchan contra <strong>problemas nasales<\/strong> que afectan a su talento. He aqu\u00ed algunas <strong>afecciones nas<\/strong>ales comunes :  <\/p>\n\n<ul class=\"wp-block-list\">\n<li><strong>Congesti\u00f3n nasal<\/strong>, que puede deberse a alergias, infecciones o problemas estructurales.<\/li>\n\n\n\n<li><strong>Sinusitis<\/strong>, una infecci\u00f3n de los senos paranasales que puede provocar presi\u00f3n, dolores de cabeza y dolor facial.<\/li>\n\n\n\n<li><strong>Hemorragias nasales<\/strong>, que pueden estar causadas por aire seco, traumatismos o enfermedades subyacentes.<\/li>\n\n\n\n<li><strong>P\u00f3lipos nasales<\/strong>, crecimientos no cancerosos que podr\u00edan salvarle el flujo de aire y motivar problemas cr\u00f3nicos de sinusitis.<\/li>\n\n\n\n<li><strong>Deformidades del tabique nasal<\/strong>, en las que la pared entre las fosas nasales est\u00e1 torcida, lo que dificulta la respiraci\u00f3n por la nariz.<\/li>\n\n\n\n<li><strong><a href=\"https:\/\/medclinics.com\/es\/rinoplastia-reparacion-de-la-nariz\/\" target=\"_blank\" rel=\"noreferrer noopener\">Rinoplastia<\/a><\/strong>, un enfoque est\u00e9tico para remodelar la nariz por motivos tanto \u00fatiles como est\u00e9ticos<\/li>\n<\/ul>\n\n<p>Estas afecciones pueden afectar excepcionalmente a su sue\u00f1o y a su capacidad olfativa. Si padece <strong>congesti\u00f3n nasal cr\u00f3nica<\/strong>, <strong>estr\u00e9s sinusal<\/strong> o <strong>problemas para respirar por la fosa nasal<\/strong>, es hora de plantearse una consulta con un otorrinolaring\u00f3logo. Las opciones de tratamiento van desde pastillas y aerosoles nasales hasta cirug\u00eda para problemas extremos.  <\/p>\n\n<h3 class=\"wp-block-heading\">Trastornos de la garganta: Dolor de garganta y m\u00e1s<\/h3>\n\n<p><br\/>La garganta es importante para hablar, tragar y respirar, por lo que los problemas de garganta pueden ser especialmente molestos. Las <strong>afecciones de garganta<\/strong> m\u00e1s comunes son: <\/p>\n\n<ul class=\"wp-block-list\">\n<li><strong>Dolor de garganta<\/strong>, que suele ser s\u00edntoma de una contaminaci\u00f3n v\u00edrica como un resfriado o una gripe.<\/li>\n\n\n\n<li><strong>Faringitis<\/strong>, infecci\u00f3n de la garganta a menudo debida a microorganismos o virus.<\/li>\n\n\n\n<li><strong><a href=\"https:\/\/pubmed.ncbi.nlm.nih.gov\/?term=tonsillitis\" target=\"_blank\" rel=\"noreferrer noopener nofollow\">Amigdalitis<\/a><\/strong>, infecci\u00f3n de las am\u00edgdalas que puede causar dolor, hinchaz\u00f3n y fiebre.<\/li>\n\n\n\n<li><strong>Infecci\u00f3n amigdalar<\/strong>, que puede dificultar la degluci\u00f3n y, a veces, la respiraci\u00f3n.<\/li>\n\n\n\n<li><strong>Laringitis<\/strong>, contaminaci\u00f3n de la localizaci\u00f3n de la voz que puede causar p\u00e9rdida de voz.<\/li>\n\n\n\n<li><strong>Faringoamigdalitis<\/strong>, es la contaminaci\u00f3n de la garganta y las am\u00edgdalas, normalmente por infecci\u00f3n.<\/li>\n\n\n\n<li><strong>Crup<\/strong>, una infecci\u00f3n v\u00edrica que provoca tos perruna en los ni\u00f1os<\/li>\n\n\n\n<li><strong>Ronquera<\/strong>, que puede deberse a tensi\u00f3n vocal, contaminaci\u00f3n o problemas <strong>est\u00e9ticos de la voz<\/strong>.<\/li>\n<\/ul>\n\n<p>Hablando de <strong><a href=\"https:\/\/medclinics.com\/es\/estetica-de-la-voz\/\" target=\"_blank\" rel=\"noreferrer noopener\">est\u00e9tica de la voz<\/a><\/strong>, que puede ser un \u00e1rea de tratamiento que pr\u00e1cticamente est\u00e1 ganando reputaci\u00f3n en los \u00faltimos a\u00f1os. Ya se trate de mejorar el tono vocal, la mejora de la resonancia, o hacer frente a problemas espec\u00edficos de voz, <strong>cirug\u00eda est\u00e9tica de la voz<\/strong> est\u00e1 ayudando a muchas personas se benefician de la voz que prefieren. <\/p>\n\n<h3 class=\"wp-block-heading\">S\u00edntomas comunes de los trastornos otorrinolaringol\u00f3gicos<\/h3>\n\n<p><br\/>Las situaciones otorrinolaringol\u00f3gicas suelen presentar signos y s\u00edntomas esenciales que pueden ser dif\u00edciles de pasar por alto. Entre ellas figuran:<\/p>\n\n<ul class=\"wp-block-list\">\n<li><strong>Dolores de cabeza<\/strong> (especialmente por sinusitis o infecciones de o\u00eddo)<\/li>\n\n\n\n<li><strong>Dolores de o\u00eddo<\/strong> y p\u00e9rdida de audici\u00f3n (comunes con las infecciones de o\u00eddo o la enfermedad de Meniere).<\/li>\n\n\n\n<li><strong>Congesti\u00f3n nasal<\/strong> y <strong>hemorragias nasales<\/strong> (relacionadas con sinusitis o problemas nasales)<\/li>\n\n\n\n<li><strong>Dolor de garganta<\/strong> y <strong>ronquera<\/strong> (relacionados con infecciones de garganta o estr\u00e9s vocal)<\/li>\n\n\n\n<li><strong>Dificultad para tragar<\/strong>, que puede estar asociada a problemas de garganta o am\u00edgdalas.<\/li>\n<\/ul>\n\n<p><br\/>Si experimenta alguno de estos signos y s\u00edntomas, es importante que busque el asesoramiento de un profesional para recibir el tratamiento adecuado.<\/p>\n\n<h3 class=\"wp-block-heading\">C\u00f3mo elegir los mejores otorrinolaring\u00f3logos y cl\u00ednicas de otorrinolaringolog\u00eda<\/h3>\n\n<p><br\/>Si est\u00e1s lidiando con una enfermedad otorrinolaringol\u00f3gica, querr\u00e1s escoger un <strong>otorrinolaring\u00f3logo<\/strong> profesional que te ayude a volver a sentirte bien de nuevo. Es esencial investigar cl\u00ednicas y cirujanos que se especializan en su condici\u00f3n, ya sea o no la <strong>cirug\u00eda del o\u00eddo<\/strong>, la <strong>est\u00e9tica de la voz<\/strong>, o <strong>tratamientos de los senos paranasales<\/strong>. Muchas de las mejores cl\u00ednicas ofrecen consultas que te ayudar\u00e1n a entender tus opciones y a elegir el mejor plan de tratamiento.  <\/p>\n\n<p>Al comparar precios, aseg\u00farese de tener en cuenta factores como la reputaci\u00f3n de la cl\u00ednica, el experto sanitario y las estrategias de comodidad que pueda necesitar. <strong>Los tratamientos de otorrinolaringolog\u00eda<\/strong> pueden variar dr\u00e1sticamente de coste en funci\u00f3n de la complejidad de la t\u00e9cnica y la zona de la cl\u00ednica, por lo que, de hecho, es correcto analizar sus opciones antes de decidirse.<\/p>\n\n<h3 class=\"wp-block-heading\"><br\/>Reflexiones finales sobre los tratamientos otorrinolaringol\u00f3gicos<\/h3>\n\n<p><br\/>Si usted est\u00e1 tratando con un dolor de garganta continuo, infecciones del o\u00eddo persistentes, o una molestia esplendor como una remodelaci\u00f3n de la fosa nasal, <strong>remedios EN<\/strong> T son importantes para el fortalecimiento de su salud. Gracias a las mejoras en la tecnolog\u00eda m\u00e9dica y las estrategias quir\u00fargicas, hay m\u00e1s opciones de tratamiento disponibles que nunca, por lo que si usted est\u00e1 afectado por cualquier signo y s\u00edntoma ENT, no espere demasiado tiempo para ser visto. <\/p>\n\n<p>Si elige el <strong>otorrinolaring\u00f3logo<\/strong> y el centro de salud adecuados, podr\u00e1 tratar sus problemas de salud, ya sean leves o situaciones m\u00e1s cr\u00edticas, y volver a vivir su mejor vida. Sin problemas de ORL. <\/p>\n\n<p>En el o\u00eddo medio pueden producirse enfermedades como infecciones del o\u00eddo medio, inflamaci\u00f3n del o\u00eddo medio, perforaci\u00f3n del t\u00edmpano, acumulaci\u00f3n de l\u00edquido en el o\u00eddo medio y p\u00e9rdida de audici\u00f3n. <\/p>\n\n<h2 class=\"wp-block-heading\">Ciudades y pa\u00edses para tratamientos de otorrinolaringolog\u00eda<\/h2>\n\n<p><em>pr\u00f3ximamente&#8230;<\/em><\/p>\n\n<p><strong>MedClinics ofrece tratamientos de otorrinolaringolog\u00eda a un precio asequible.<\/strong> <strong>Le ayudamos a navegar entre las numerosas ofertas y a encontrar la mejor para usted. Con MedClinics obtendr\u00e1 una visi\u00f3n general de pa\u00edses, costes y m\u00e9dicos.<\/strong><\/p>\n<h2 class=\"wp-block-heading\">P\u00f3ngase en contacto con nosotros, nuestro asesor de pacientes le guiar\u00e1 y asesorar\u00e1 a lo largo del proceso.<\/h2>\n<p>Junto con MedClinics encontrar\u00e1 el mejor tratamiento para usted. Le explicaremos todos los detalles y le ayudaremos a encontrar la cl\u00ednica m\u00e1s adecuada para sus necesidades espec\u00edficas.<\/p>\n\n<div class=\"wp-block-buttons is-layout-flex wp-block-buttons-is-layout-flex\">\n<div class=\"wp-block-button has-custom-width wp-block-button__width-100 has-custom-font-size is-style-fill has-medium-font-size\"><a class=\"wp-block-button__link has-white-color has-text-color has-background wp-element-button\" href=\"#requestform\" style=\"border-radius:8px;background-color:#225b75;padding-right:0;padding-left:0\" target=\"_blank\" rel=\"noopener\">Consulta gratuita<\/a><\/div>\n<\/div>\n\n<p><\/p>\n","protected":false},"excerpt":{"rendered":"<p>Los tratamientos de otorrinolaringolog\u00eda son populares desde hace muchos a\u00f1os. Cuando pensamos en atenci\u00f3n sanitaria, solemos centrarnos en los problemas [&hellip;]<\/p>\n","protected":false},"author":4,"featured_media":118293,"parent":0,"menu_order":0,"comment_status":"closed","ping_status":"closed","template":"","meta":{"site-sidebar-layout":"default","site-content-layout":"","ast-site-content-layout":"default","site-content-style":"default","site-sidebar-style":"default","ast-global-header-display":"","ast-banner-title-visibility":"","ast-main-header-display":"","ast-hfb-above-header-display":"","ast-hfb-below-header-display":"","ast-hfb-mobile-header-display":"","site-post-title":"","ast-breadcrumbs-content":"","ast-featured-img":"","footer-sml-layout":"","ast-disable-related-posts":"","theme-transparent-header-meta":"","adv-header-id-meta":"","stick-header-meta":"","header-above-stick-meta":"","header-main-stick-meta":"","header-below-stick-meta":"","astra-migrate-meta-layouts":"default","ast-page-background-enabled":"default","ast-page-background-meta":{"desktop":{"background-color":"var(--ast-global-color-4)","background-image":"","background-repeat":"repeat","background-position":"center center","background-size":"auto","background-attachment":"scroll","background-type":"","background-media":"","overlay-type":"","overlay-color":"","overlay-opacity":"","overlay-gradient":""},"tablet":{"background-color":"","background-image":"","background-repeat":"repeat","background-position":"center center","background-size":"auto","background-attachment":"scroll","background-type":"","background-media":"","overlay-type":"","overlay-color":"","overlay-opacity":"","overlay-gradient":""},"mobile":{"background-color":"","background-image":"","background-repeat":"repeat","background-position":"center center","background-size":"auto","background-attachment":"scroll","background-type":"","background-media":"","overlay-type":"","overlay-color":"","overlay-opacity":"","overlay-gradient":""}},"ast-content-background-meta":{"desktop":{"background-color":"var(--ast-global-color-5)","background-image":"","background-repeat":"repeat","background-position":"center center","background-size":"auto","background-attachment":"scroll","background-type":"","background-media":"","overlay-type":"","overlay-color":"","overlay-opacity":"","overlay-gradient":""},"tablet":{"background-color":"var(--ast-global-color-5)","background-image":"","background-repeat":"repeat","background-position":"center center","background-size":"auto","background-attachment":"scroll","background-type":"","background-media":"","overlay-type":"","overlay-color":"","overlay-opacity":"","overlay-gradient":""},"mobile":{"background-color":"var(--ast-global-color-5)","background-image":"","background-repeat":"repeat","background-position":"center center","background-size":"auto","background-attachment":"scroll","background-type":"","background-media":"","overlay-type":"","overlay-color":"","overlay-opacity":"","overlay-gradient":""}},"footnotes":""},"class_list":["post-148581","page","type-page","status-publish","has-post-thumbnail","hentry"],"_links":{"self":[{"href":"https:\/\/medclinics.com\/es\/wp-json\/wp\/v2\/pages\/148581","targetHints":{"allow":["GET"]}}],"collection":[{"href":"https:\/\/medclinics.com\/es\/wp-json\/wp\/v2\/pages"}],"about":[{"href":"https:\/\/medclinics.com\/es\/wp-json\/wp\/v2\/types\/page"}],"author":[{"embeddable":true,"href":"https:\/\/medclinics.com\/es\/wp-json\/wp\/v2\/users\/4"}],"replies":[{"embeddable":true,"href":"https:\/\/medclinics.com\/es\/wp-json\/wp\/v2\/comments?post=148581"}],"version-history":[{"count":0,"href":"https:\/\/medclinics.com\/es\/wp-json\/wp\/v2\/pages\/148581\/revisions"}],"wp:featuredmedia":[{"embeddable":true,"href":"https:\/\/medclinics.com\/es\/wp-json\/wp\/v2\/media\/118293"}],"wp:attachment":[{"href":"https:\/\/medclinics.com\/es\/wp-json\/wp\/v2\/media?parent=148581"}],"curies":[{"name":"wp","href":"https:\/\/api.w.org\/{rel}","templated":true}]}}