{"id":148567,"date":"2023-11-21T11:28:31","date_gmt":"2023-11-21T08:28:31","guid":{"rendered":"https:\/\/medclinics.com\/estetica-de-la-voz\/"},"modified":"2024-10-23T15:40:13","modified_gmt":"2024-10-23T12:40:13","slug":"estetica-de-la-voz","status":"publish","type":"page","link":"https:\/\/medclinics.com\/es\/estetica-de-la-voz\/","title":{"rendered":"Est\u00e9tica de la voz"},"content":{"rendered":"\n<h2 class=\"wp-block-heading\" id=\"voice-aesthetics-can-ensure-a-persons-voice-matches-their-gender-age-and-appearance\">La est\u00e9tica de la voz puede garantizar que la voz de una persona coincida con su sexo, edad y aspecto.<\/h2>\n\n<p>Se trata de un conjunto de procedimientos realizados por otorrinolaring\u00f3logos. Los procedimientos determinan el aspecto del engrosamiento y adelgazamiento de la voz.<\/p>\n\n<div class=\"wp-block-rank-math-toc-block\" id=\"rank-math-toc\"><h2>Tabla de contenidos<\/h2><nav><ul><li><a href=\"#voice-aesthetics-can-ensure-a-persons-voice-matches-their-gender-age-and-appearance\">La est\u00e9tica de la voz puede garantizar que la voz de una persona coincida con su sexo, edad y aspecto.<\/a><\/li><li><a href=\"#so-what-is\">\u00bfQu\u00e9 es<\/a><\/li><li><a href=\"#types-and-methods\">Tipos y m\u00e9todos<\/a><\/li><li><a href=\"#treatment-plan\">Plan de tratamiento<\/a><\/li><li><a href=\"#aftercare\">Cuidado posterior<\/a><\/li><li><a href=\"#voice-aesthetic-costs-by-country\">Costes de la est\u00e9tica de la voz por pa\u00eds<\/a><\/li><li><a href=\"#faq\">PREGUNTAS FRECUENTES<\/a><\/li><li><a href=\"#history\">Historia<\/a><\/li><\/ul><\/nav><\/div>\n\n<h2 class=\"wp-block-heading\" id=\"so-what-is\">\u00bfQu\u00e9 es<\/h2>\n\n<ul class=\"wp-block-list\">\n<li>La est\u00e9tica de la voz es cada vez m\u00e1s popular. Son populares entre las personas que quieren que su voz coincida con su sexo, edad y aspecto f\u00edsico. Las personas con voces desajustadas pueden tener dificultades para comunicarse con la sociedad. La est\u00e9tica vocal puede ser una soluci\u00f3n para hacer frente a estas situaciones.<\/li>\n<\/ul>\n\n<figure class=\"wp-block-image size-full\"><img fetchpriority=\"high\" decoding=\"async\" width=\"960\" height=\"550\" src=\"https:\/\/medclinics.com\/wp-content\/uploads\/2023\/11\/voice-aesthetics-in-turkey.jpg\" alt=\"Est&#xE9;tica vocal en Turqu&#xED;a\" class=\"wp-image-118210\" srcset=\"https:\/\/medclinics.com\/wp-content\/uploads\/2023\/11\/voice-aesthetics-in-turkey.jpg 960w, https:\/\/medclinics.com\/wp-content\/uploads\/2023\/11\/voice-aesthetics-in-turkey-500x286.jpg 500w, https:\/\/medclinics.com\/wp-content\/uploads\/2023\/11\/voice-aesthetics-in-turkey-768x440.jpg 768w, https:\/\/medclinics.com\/wp-content\/uploads\/2023\/11\/voice-aesthetics-in-turkey-24x14.jpg 24w, https:\/\/medclinics.com\/wp-content\/uploads\/2023\/11\/voice-aesthetics-in-turkey-36x21.jpg 36w, https:\/\/medclinics.com\/wp-content\/uploads\/2023\/11\/voice-aesthetics-in-turkey-48x28.jpg 48w\" sizes=\"(max-width: 960px) 100vw, 960px\" \/><\/figure>\n\n<h2 class=\"wp-block-heading\" id=\"types-and-methods\">Tipos y m\u00e9todos<\/h2>\n\n<p>La cirug\u00eda est\u00e9tica de la voz puede engrosar o profundizar la voz. Estos m\u00e9todos son la feminizaci\u00f3n y la profundizaci\u00f3n. Suelen realizarse con anestesia local. Regulan el tono de la voz mediante la intervenci\u00f3n de las cuerdas vocales. Adem\u00e1s, tambi\u00e9n puede incluir otros m\u00e9todos como la terapia de la voz y la cirug\u00eda de la voz.<\/p>\n\n<p><strong>Feminizaci\u00f3n de la voz:<\/strong> Es un m\u00e9todo de tratamiento utilizado para corregir el tono de voz. El grosor o la finura del sonido dependen de la frecuencia fundamental de las cuerdas vocales. La cirug\u00eda de feminizaci\u00f3n de la voz consiste en acortar, adelgazar y tensar las cuerdas vocales. As\u00ed, podr\u00e1 conseguir el tono de voz deseado.<\/p>\n\n<p><strong>Profundizaci\u00f3n de la voz<\/strong>: Esta cirug\u00eda se utiliza generalmente para los hombres. Su objetivo es llevar sus tonos de voz a un grosor adecuado a su estructura f\u00edsica. La operaci\u00f3n le da un tono de voz adecuado. Esta es una voz m\u00e1s gruesa. Es adecuado para personas con cuerdas vocales finas.<\/p>\n\n<figure class=\"wp-block-image size-full\"><img decoding=\"async\" width=\"960\" height=\"550\" src=\"https:\/\/medclinics.com\/wp-content\/uploads\/2023\/11\/voice-aesthetics-for-men.jpg\" alt=\"Est&#xE9;tica vocal para hombres\" class=\"wp-image-118229\" srcset=\"https:\/\/medclinics.com\/wp-content\/uploads\/2023\/11\/voice-aesthetics-for-men.jpg 960w, https:\/\/medclinics.com\/wp-content\/uploads\/2023\/11\/voice-aesthetics-for-men-500x286.jpg 500w, https:\/\/medclinics.com\/wp-content\/uploads\/2023\/11\/voice-aesthetics-for-men-768x440.jpg 768w, https:\/\/medclinics.com\/wp-content\/uploads\/2023\/11\/voice-aesthetics-for-men-24x14.jpg 24w, https:\/\/medclinics.com\/wp-content\/uploads\/2023\/11\/voice-aesthetics-for-men-36x21.jpg 36w, https:\/\/medclinics.com\/wp-content\/uploads\/2023\/11\/voice-aesthetics-for-men-48x28.jpg 48w\" sizes=\"(max-width: 960px) 100vw, 960px\" \/><\/figure>\n\n<h2 class=\"wp-block-heading\" id=\"treatment-plan\">Plan de tratamiento<\/h2>\n\n<p><strong>Exploraci\u00f3n y laringoestroboscopia:<\/strong><\/p>\n\n<ul class=\"wp-block-list\">\n<li>El m\u00e9dico especialista utiliza el m\u00e9todo de<a href=\"https:\/\/en.wikipedia.org\/wiki\/Laryngoscopy\" rel=\"nofollow noopener\" data-type=\"link\" data-id=\"https:\/\/en.wikipedia.org\/wiki\/Laryngoscopy\" target=\"_blank\"> la laringoscopia<\/a> para examinar las cuerdas vocales del paciente.<\/li>\n\n\n\n<li>En esta fase, se visualizan las cuerdas vocales de la persona y se identifica cualquier patolog\u00eda que las acompa\u00f1e.<\/li>\n<\/ul>\n\n<p><strong>An\u00e1lisis de voz y grabaci\u00f3n de muestras:<\/strong><\/p>\n\n<ul class=\"wp-block-list\">\n<li>Se toma una muestra de voz del paciente.<\/li>\n\n\n\n<li>Se analiza la voz y se determina la frecuencia m\u00e1s adecuada antes de la operaci\u00f3n.<\/li>\n<\/ul>\n\n<p><strong>Sesiones con el logopeda:<\/strong><\/p>\n\n<ul class=\"wp-block-list\">\n<li>A continuaci\u00f3n, los logopedas organizan reuniones. Explican la higiene vocal postoperatoria y c\u00f3mo utilizar la voz.<\/li>\n<\/ul>\n\n<p>Los preparativos se basan en el an\u00e1lisis de la voz. Aqu\u00ed, est\u00e1s listo para la cirug\u00eda.<\/p>\n\n<p><strong>Cirug\u00eda:<\/strong><\/p>\n\n<ul class=\"wp-block-list\">\n<li>Mediante una t\u00e9cnica endosc\u00f3pica, la cirug\u00eda est\u00e9tica de la voz se realiza a trav\u00e9s de una peque\u00f1a incisi\u00f3n en el cuello o a trav\u00e9s de la boca. Se selecciona una t\u00e9cnica adecuada. Entonces el m\u00e9dico llega a las cuerdas vocales.<\/li>\n\n\n\n<li>La tensi\u00f3n, la longitud y la masa de las cuerdas vocales se ajustan como se afina un instrumento. De este modo, puede conseguir el engrosamiento, el adelgazamiento y el ajuste de tono deseados del sonido.<\/li>\n<\/ul>\n\n<p><strong>Ahora, su tratamiento ha finalizado. Puedes disfrutar de tu nueva voz.<\/strong><\/p>\n\n<h3 class=\"wp-block-heading\" id=\"dental-implants-for\">Est\u00e9tica vocal para:<\/h3>\n\n<ul class=\"wp-block-list\">\n<li>Los que quieren adelgazar su voz<\/li>\n\n\n\n<li>Los que quieren engrosar su voz<\/li>\n\n\n\n<li>Mujeres con una voz relativamente gruesa<\/li>\n\n\n\n<li>Hombres cuya voz es m\u00e1s delgada de lo normal<\/li>\n\n\n\n<li>Individuos cuya voz y estructura f\u00edsica son incompatibles debido a cambios hormonales.<\/li>\n\n\n\n<li>Personas con diversos problemas en las cuerdas vocales<\/li>\n\n\n\n<li>Los que prefieren el cambio de sexo<\/li>\n<\/ul>\n\n<h3 class=\"wp-block-heading\" id=\"dental-implants-recovery-timeline\">Cronolog\u00eda de la recuperaci\u00f3n de la est\u00e9tica de la voz:<\/h3>\n\n<ul class=\"wp-block-list\">\n<li>Tras la cirug\u00eda de Voice Deeping, la voz puede utilizarse inmediatamente.<\/li>\n\n\n\n<li>En la feminizaci\u00f3n de la voz, se recomienda reposo de la voz durante 1 semana.<\/li>\n\n\n\n<li>En el periodo inicial, puede haber cierta ronquera y cambios en la voz.<\/li>\n\n\n\n<li>Durante el periodo de recuperaci\u00f3n postoperatoria, debe prestar atenci\u00f3n al uso de la voz, la higiene vocal y la nutrici\u00f3n.<\/li>\n<\/ul>\n\n<h3 class=\"wp-block-heading\" id=\"possible-risks-for-dental-implants\">Posibles riesgos para la est\u00e9tica de la voz:<\/h3>\n\n<ul class=\"wp-block-list\">\n<li><strong>No hay p\u00e9rdida de<\/strong> voz en las cirug\u00edas est\u00e9ticas de la voz si las realizan en cl\u00ednicas m\u00e9dicos especialistas.<\/li>\n\n\n\n<li>Puede producirse ronquera durante el proceso de cicatrizaci\u00f3n. Se desarrolla debido a un edema en las cuerdas vocales. Y no es permanente.<\/li>\n<\/ul>\n\n<h2 class=\"wp-block-heading\" id=\"aftercare\">Cuidado posterior<\/h2>\n\n<h3 class=\"wp-block-heading\" id=\"of-course-we-will-also-take-care-of-you-after-your-treatment\">Por supuesto, tambi\u00e9n cuidaremos de usted despu\u00e9s del tratamiento.<\/h3>\n\n<p>Nuestros asesores m\u00e9dicos se ocupar\u00e1n de ti durante 1 a\u00f1o despu\u00e9s de la operaci\u00f3n.<br\/>Si necesitas ayuda, si tienes preguntas, puedes ponerte en contacto con <a href=\"https:\/\/medclinics.com\/es\/\">MedClinics<\/a> 24 horas al d\u00eda, 7 d\u00edas a la semana.<\/p>\n\n<figure class=\"wp-block-image size-full is-resized\"><img decoding=\"async\" width=\"960\" height=\"550\" src=\"https:\/\/medclinics.com\/wp-content\/uploads\/2023\/11\/voice-aesthetics.jpg\" alt=\"Est&#xE9;tica de la voz\" class=\"wp-image-118221\" style=\"width:960px;height:550px\" srcset=\"https:\/\/medclinics.com\/wp-content\/uploads\/2023\/11\/voice-aesthetics.jpg 960w, https:\/\/medclinics.com\/wp-content\/uploads\/2023\/11\/voice-aesthetics-500x286.jpg 500w, https:\/\/medclinics.com\/wp-content\/uploads\/2023\/11\/voice-aesthetics-768x440.jpg 768w, https:\/\/medclinics.com\/wp-content\/uploads\/2023\/11\/voice-aesthetics-24x14.jpg 24w, https:\/\/medclinics.com\/wp-content\/uploads\/2023\/11\/voice-aesthetics-36x21.jpg 36w, https:\/\/medclinics.com\/wp-content\/uploads\/2023\/11\/voice-aesthetics-48x28.jpg 48w\" sizes=\"(max-width: 960px) 100vw, 960px\" \/><\/figure>\n\n<h2 class=\"wp-block-heading\" id=\"voice-aesthetic-costs-by-country\">Costes de la est\u00e9tica de la voz por pa\u00eds<\/h2>\n\n<p>Los costes de la est\u00e9tica de la voz dependen de las caracter\u00edsticas gen\u00e9ticas, la edad, la estructura de las cuerdas vocales, el estado de las cuerdas vocales, el m\u00e9todo de est\u00e9tica de las cuerdas vocales y la experiencia del m\u00e9dico.<br\/>Los precios que figuran a continuaci\u00f3n pretenden darte una idea aproximada y no son un presupuesto definitivo. Su asesor de MedClinics estar\u00e1 encantado de facilitarle m\u00e1s detalles.<\/p>\n\n<figure class=\"wp-block-table\"><table><tbody><tr><td>Pa\u00eds<\/td><td>Precio<\/td><td>Clasificaci\u00f3n<\/td><\/tr><tr><td>Turqu\u00eda<\/td><td>~ 5.000 \u20ac  <\/td><td>\u2605\u2605\u2605\u2605\u2605 \u00a0 \u00a0<\/td><\/tr><tr><td>Polonia<\/td><td>~ 4.400 \u20ac  <\/td><td>\u2605\u2605<\/td><\/tr><tr><td>REINO UNIDO<\/td><td>~ 7.500 \u20ac  <\/td><td>\u2605\u2605\u2605<\/td><\/tr><tr><td>Alemania<\/td><td>~ 8.000 \u20ac<\/td><td>\u2605\u2605\u2605<\/td><\/tr><\/tbody><\/table><\/figure>\n\n<h2 class=\"wp-block-heading\" id=\"faq\">PREGUNTAS FRECUENTES<\/h2>\n<div id=\"rank-math-faq\" class=\"rank-math-block\">\n<div class=\"rank-math-list \">\n<div id=\"faq-question-1682598236692\" class=\"rank-math-list-item\">\n<h3 class=\"rank-math-question \">\u00bfCu\u00e1les son los beneficios de la cirug\u00eda est\u00e9tica de la voz?<\/h3>\n<div class=\"rank-math-answer \">\n\n<p>La cirug\u00eda est\u00e9tica de la voz tiene como objetivo mejorar la funci\u00f3n y el aspecto de la voz. Los beneficios pueden incluir la mejora del tono vocal, la afinaci\u00f3n y la calidad general de la voz.<\/p>\n\n<\/div>\n<\/div>\n<div id=\"faq-question-1684406211747\" class=\"rank-math-list-item\">\n<h3 class=\"rank-math-question \">\u00bfEs seguro someterse a una operaci\u00f3n de est\u00e9tica vocal en Turqu\u00eda?<\/h3>\n<div class=\"rank-math-answer \">\n\n<p>La cirug\u00eda est\u00e9tica de la voz en Turqu\u00eda suele ser segura cuando la realizan m\u00e9dicos expertos y cualificados especializados en otorrinolaringolog\u00eda. Como MedClinics, estamos aqu\u00ed para ayudarle a elegir las mejores cl\u00ednicas en Turqu\u00eda.<\/p>\n\n<\/div>\n<\/div>\n<div id=\"faq-question-1684406215345\" class=\"rank-math-list-item\">\n<h3 class=\"rank-math-question \">\u00bfC\u00f3mo se realiza la cirug\u00eda est\u00e9tica de la voz?<\/h3>\n<div class=\"rank-math-answer \">\n\n<p>El procedimiento consiste en ajustar la tensi\u00f3n, longitud y masa de las cuerdas vocales para conseguir el engrosamiento, adelgazamiento o tono de voz deseado. El m\u00e9todo concreto depende de factores individuales.<\/p>\n\n<\/div>\n<\/div>\n<div id=\"faq-question-1684406216613\" class=\"rank-math-list-item\">\n<h3 class=\"rank-math-question \">\u00bfC\u00f3mo es el proceso de recuperaci\u00f3n tras una operaci\u00f3n de est\u00e9tica vocal?<\/h3>\n<div class=\"rank-math-answer \">\n\n<p>El proceso de recuperaci\u00f3n var\u00eda, pero los pacientes pueden esperar un periodo de reposo y cuidados vocales. Pueden recomendarse citas de seguimiento con el cirujano y el logopeda.<\/p>\n\n<\/div>\n<\/div>\n<div id=\"faq-question-1684406218161\" class=\"rank-math-list-item\">\n<h3 class=\"rank-math-question \">\u00bfCu\u00e1nto duran los resultados de la cirug\u00eda est\u00e9tica de la voz?<\/h3>\n<div class=\"rank-math-answer \">\n\n<p>Depende de factores relacionados con el estilo de vida, la curaci\u00f3n individual y los cuidados de seguimiento.<\/p>\n\n<\/div>\n<\/div>\n<div id=\"faq-question-1684406219322\" class=\"rank-math-list-item\">\n<h3 class=\"rank-math-question \">\u00bfCu\u00e1nto cuesta la cirug\u00eda est\u00e9tica de la voz en Turqu\u00eda en comparaci\u00f3n con otros pa\u00edses?<\/h3>\n<div class=\"rank-math-answer \">\n\n<p>Los costes de la cirug\u00eda est\u00e9tica vocal en Turqu\u00eda suelen ser de 250 euros, bastante menos que en Europa Occidental o Estados Unidos. Por supuesto, depende del tipo de intervenci\u00f3n, la experiencia del cirujano y la reputaci\u00f3n de la cl\u00ednica.<\/p>\n\n<\/div>\n<\/div>\n<div id=\"faq-question-1684406222432\" class=\"rank-math-list-item\">\n<h3 class=\"rank-math-question \">\u00bfCu\u00e1les son las tasas de \u00e9xito de la cirug\u00eda est\u00e9tica de la voz en Turqu\u00eda?<\/h3>\n<div class=\"rank-math-answer \">\n\n<p>La tasa de \u00e9xito de la cirug\u00eda est\u00e9tica de la voz oscila entre el 88% y el 93% en Turqu\u00eda.  <\/p>\n\n<\/div>\n<\/div>\n<div id=\"faq-question-1684406223362\" class=\"rank-math-list-item\">\n<h3 class=\"rank-math-question \">\u00bfC\u00f3mo puedo encontrar un cirujano de la voz reputado y con experiencia en Turqu\u00eda?<\/h3>\n<div class=\"rank-math-answer \">\n\n<p>Como MedClinics, estamos aqu\u00ed para ayudarle a encontrar las cl\u00ednicas de est\u00e9tica vocal y los cirujanos m\u00e1s adecuados en Turqu\u00eda. Puede ponerse en contacto con nosotros 24 horas al d\u00eda, 7 d\u00edas a la semana. <\/p>\n\n<\/div>\n<\/div>\n<div id=\"faq-question-1684406224360\" class=\"rank-math-list-item\">\n<h3 class=\"rank-math-question \">\u00bfQu\u00e9 factores pueden afectar a la longevidad de los resultados de la cirug\u00eda est\u00e9tica de la voz?<\/h3>\n<div class=\"rank-math-answer \">\n\n<p>Factores como el cumplimiento de los cuidados postoperatorios, el estilo de vida y las t\u00e9cnicas espec\u00edficas empleadas durante la intervenci\u00f3n influyen en la longevidad.<\/p>\n\n<\/div>\n<\/div>\n<div id=\"faq-question-1684406227634\" class=\"rank-math-list-item\">\n<h3 class=\"rank-math-question \">\u00bfCu\u00e1ndo podr\u00e9 volver a mis actividades normales despu\u00e9s de la cirug\u00eda est\u00e9tica de la voz?<\/h3>\n<div class=\"rank-math-answer \">\n\n<p>El tiempo de recuperaci\u00f3n tras la cirug\u00eda est\u00e9tica de la voz var\u00eda. Pero puede volver a sus actividades normales en una o dos semanas.<\/p>\n\n<\/div>\n<\/div>\n<\/div>\n<\/div>\n<h2 class=\"wp-block-heading\" id=\"history\">Historia<\/h2>\n\n<p>La est\u00e9tica de la voz, moldeada por los cambios culturales, tiene una historia enraizada en la antigua Grecia y Roma, que destacaban la importancia de una voz agradable.<\/p>\n\n<p>Desde la Edad Media hasta el Renacimiento, los acad\u00e9micos profundizaron en la expresi\u00f3n vocal. La tecnolog\u00eda de grabaci\u00f3n de finales del siglo XIX permiti\u00f3 conservar y analizar el sonido.<\/p>\n\n<p>Hoy en d\u00eda, la est\u00e9tica de la voz va m\u00e1s all\u00e1 del arte, ya que la intersecci\u00f3n de la medicina y la tecnolog\u00eda da lugar a procedimientos que mejoran tanto la funci\u00f3n como la est\u00e9tica de la voz. Los tratamientos modernos no s\u00f3lo abordan los problemas funcionales, sino que tambi\u00e9n pretenden mejorar el sonido de las voces.<\/p>\n","protected":false},"excerpt":{"rendered":"<p>La est\u00e9tica de la voz puede garantizar que la voz de una persona coincida con su sexo, edad y aspecto. [&hellip;]<\/p>\n","protected":false},"author":4,"featured_media":118244,"parent":0,"menu_order":0,"comment_status":"closed","ping_status":"closed","template":"","meta":{"site-sidebar-layout":"default","site-content-layout":"","ast-site-content-layout":"default","site-content-style":"default","site-sidebar-style":"default","ast-global-header-display":"","ast-banner-title-visibility":"","ast-main-header-display":"","ast-hfb-above-header-display":"","ast-hfb-below-header-display":"","ast-hfb-mobile-header-display":"","site-post-title":"","ast-breadcrumbs-content":"","ast-featured-img":"","footer-sml-layout":"","ast-disable-related-posts":"","theme-transparent-header-meta":"","adv-header-id-meta":"","stick-header-meta":"","header-above-stick-meta":"","header-main-stick-meta":"","header-below-stick-meta":"","astra-migrate-meta-layouts":"default","ast-page-background-enabled":"default","ast-page-background-meta":{"desktop":{"background-color":"var(--ast-global-color-4)","background-image":"","background-repeat":"repeat","background-position":"center center","background-size":"auto","background-attachment":"scroll","background-type":"","background-media":"","overlay-type":"","overlay-color":"","overlay-opacity":"","overlay-gradient":""},"tablet":{"background-color":"","background-image":"","background-repeat":"repeat","background-position":"center center","background-size":"auto","background-attachment":"scroll","background-type":"","background-media":"","overlay-type":"","overlay-color":"","overlay-opacity":"","overlay-gradient":""},"mobile":{"background-color":"","background-image":"","background-repeat":"repeat","background-position":"center center","background-size":"auto","background-attachment":"scroll","background-type":"","background-media":"","overlay-type":"","overlay-color":"","overlay-opacity":"","overlay-gradient":""}},"ast-content-background-meta":{"desktop":{"background-color":"var(--ast-global-color-5)","background-image":"","background-repeat":"repeat","background-position":"center center","background-size":"auto","background-attachment":"scroll","background-type":"","background-media":"","overlay-type":"","overlay-color":"","overlay-opacity":"","overlay-gradient":""},"tablet":{"background-color":"var(--ast-global-color-5)","background-image":"","background-repeat":"repeat","background-position":"center center","background-size":"auto","background-attachment":"scroll","background-type":"","background-media":"","overlay-type":"","overlay-color":"","overlay-opacity":"","overlay-gradient":""},"mobile":{"background-color":"var(--ast-global-color-5)","background-image":"","background-repeat":"repeat","background-position":"center center","background-size":"auto","background-attachment":"scroll","background-type":"","background-media":"","overlay-type":"","overlay-color":"","overlay-opacity":"","overlay-gradient":""}},"footnotes":""},"class_list":["post-148567","page","type-page","status-publish","has-post-thumbnail","hentry"],"_links":{"self":[{"href":"https:\/\/medclinics.com\/es\/wp-json\/wp\/v2\/pages\/148567","targetHints":{"allow":["GET"]}}],"collection":[{"href":"https:\/\/medclinics.com\/es\/wp-json\/wp\/v2\/pages"}],"about":[{"href":"https:\/\/medclinics.com\/es\/wp-json\/wp\/v2\/types\/page"}],"author":[{"embeddable":true,"href":"https:\/\/medclinics.com\/es\/wp-json\/wp\/v2\/users\/4"}],"replies":[{"embeddable":true,"href":"https:\/\/medclinics.com\/es\/wp-json\/wp\/v2\/comments?post=148567"}],"version-history":[{"count":0,"href":"https:\/\/medclinics.com\/es\/wp-json\/wp\/v2\/pages\/148567\/revisions"}],"wp:featuredmedia":[{"embeddable":true,"href":"https:\/\/medclinics.com\/es\/wp-json\/wp\/v2\/media\/118244"}],"wp:attachment":[{"href":"https:\/\/medclinics.com\/es\/wp-json\/wp\/v2\/media?parent=148567"}],"curies":[{"name":"wp","href":"https:\/\/api.w.org\/{rel}","templated":true}]}}