{"id":148513,"date":"2023-11-20T08:55:37","date_gmt":"2023-11-20T05:55:37","guid":{"rendered":"https:\/\/medclinics.com\/residencia-de-ancianos\/"},"modified":"2025-01-24T21:33:15","modified_gmt":"2025-01-24T18:33:15","slug":"residencia-de-ancianos","status":"publish","type":"page","link":"https:\/\/medclinics.com\/es\/residencia-de-ancianos\/","title":{"rendered":"Residencia de ancianos"},"content":{"rendered":"\n<h2 class=\"wp-block-heading\" id=\"if-youre-looking-for-an-affordable-nursing-home-turkey-has-many-options-that-provide-high-quality-care-without-breaking-the-bank\">Si busca una residencia de ancianos asequible, Turqu\u00eda tiene muchas opciones que ofrecen cuidados de alta calidad sin arruinarse. <\/h2>\n\n<p>Estas residencias se centran en el bienestar de sus residentes al tiempo que mantienen bajos los costes.<\/p>\n\n<h2 class=\"wp-block-heading\" id=\"most-popular-nursing-homes-for-elderly-care\">Residencias de ancianos m\u00e1s populares<\/h2>\n\n<p class=\"has-vivid-red-color has-text-color has-link-color wp-elements-4a3290a6da58498cf1d1c81306ab1756\"><strong><em>Eden Residence Geriatric Care &amp; Wellness and Recreation Center:<\/em><\/strong><\/p>\n\n<div class=\"wp-block-columns is-layout-flex wp-container-core-columns-is-layout-28f84493 wp-block-columns-is-layout-flex\">\n<div class=\"wp-block-column is-layout-flow wp-block-column-is-layout-flow\">\n<figure class=\"wp-block-image size-full\"><img fetchpriority=\"high\" decoding=\"async\" width=\"300\" height=\"300\" src=\"https:\/\/medclinics.com\/wp-content\/uploads\/2023\/11\/eden-rezidans-logo.jpg\" alt=\"\" class=\"wp-image-118047\" srcset=\"https:\/\/medclinics.com\/wp-content\/uploads\/2023\/11\/eden-rezidans-logo.jpg 300w, https:\/\/medclinics.com\/wp-content\/uploads\/2023\/11\/eden-rezidans-logo-24x24.jpg 24w, https:\/\/medclinics.com\/wp-content\/uploads\/2023\/11\/eden-rezidans-logo-36x36.jpg 36w, https:\/\/medclinics.com\/wp-content\/uploads\/2023\/11\/eden-rezidans-logo-48x48.jpg 48w\" sizes=\"(max-width: 300px) 100vw, 300px\" \/><\/figure>\n<\/div>\n\n\n\n<div class=\"wp-block-column is-vertically-aligned-center is-layout-flow wp-block-column-is-layout-flow\">\n<p><em>Eden Residence es la residencia de ancianos m\u00e1s c\u00f3moda y lujosa<strong> de Izmir, Turqu\u00eda<\/strong>. Ofrece cuidados expertos y comodidades modernas, como vigilancia por c\u00e1mara 24 horas al d\u00eda, 7 d\u00edas a la semana, una piscina cubierta, un amplio restaurante, terrazas con vistas al mar y a la naturaleza, zonas verdes y diversas instalaciones. Se siente <strong>tan c\u00e1lido como tu familia<\/strong>. Puede ponerse en contacto con <a href=\"#requestform\" data-type=\"internal\" data-id=\"#requestform\">MedClinics<\/a> para solicitar una residencia de ancianos en Izmir.<\/em><\/p>\n<\/div>\n<\/div>\n\n<div class=\"wp-block-rank-math-toc-block\" id=\"rank-math-toc\"><h2>Tabla de contenidos<\/h2><nav><ul><li><a href=\"#most-popular-nursing-homes-for-elderly-care\">Residencias de ancianos m\u00e1s populares<\/a><\/li><li><a href=\"#so-what-is\">\u00bfQu\u00e9 es<\/a><\/li><li><a href=\"#types\">Tipos<\/a><\/li><li><a href=\"#top-nursing-home-costs-by-country\">Costes de las residencias de ancianos por pa\u00edses<\/a><\/li><li><a href=\"#gallery\">Galer\u00eda<\/a><\/li><li><a href=\"#faq\">PREGUNTAS FRECUENTES<\/a><\/li><li><a href=\"#cities-and-countries-for-elderly-care\">Ciudades y pa\u00edses para el cuidado de ancianos<\/a><\/li><\/ul><\/nav><\/div>\n\n<h2 class=\"wp-block-heading\" id=\"so-what-is\">\u00bfQu\u00e9 es<\/h2>\n\n<ul class=\"wp-block-list\">\n<li>La residencia de ancianos es un lugar especial que ofrece atenci\u00f3n las 24 horas del d\u00eda a personas mayores que necesitan ayuda con las actividades cotidianas o tienen necesidades m\u00e9dicas complejas.  <\/li>\n\n\n\n<li>Estas residencias proporcionan asistencia en cuidados personales, como ba\u00f1arse, vestirse y comer, as\u00ed como servicios m\u00e9dicos, como la gesti\u00f3n de la medicaci\u00f3n y el cuidado de heridas.<\/li>\n<\/ul>\n\n<figure class=\"wp-block-image size-full\"><img decoding=\"async\" width=\"960\" height=\"550\" src=\"https:\/\/medclinics.com\/wp-content\/uploads\/2023\/11\/nursing-home-in-turkey.jpg\" alt=\"Residencia de ancianos en Turqu&#xED;a\" class=\"wp-image-117981\" srcset=\"https:\/\/medclinics.com\/wp-content\/uploads\/2023\/11\/nursing-home-in-turkey.jpg 960w, https:\/\/medclinics.com\/wp-content\/uploads\/2023\/11\/nursing-home-in-turkey-500x286.jpg 500w, https:\/\/medclinics.com\/wp-content\/uploads\/2023\/11\/nursing-home-in-turkey-768x440.jpg 768w, https:\/\/medclinics.com\/wp-content\/uploads\/2023\/11\/nursing-home-in-turkey-24x14.jpg 24w, https:\/\/medclinics.com\/wp-content\/uploads\/2023\/11\/nursing-home-in-turkey-36x21.jpg 36w, https:\/\/medclinics.com\/wp-content\/uploads\/2023\/11\/nursing-home-in-turkey-48x28.jpg 48w\" sizes=\"(max-width: 960px) 100vw, 960px\" \/><\/figure>\n\n<h2 class=\"wp-block-heading\" id=\"types\">Tipos<\/h2>\n\n<p><strong>Residencias para enfermos de Alzheimer y demencia<\/strong><\/p>\n\n<p>Si su ser querido padece Alzheimer o demencia, existen residencias de ancianos en Turqu\u00eda especializadas en la atenci\u00f3n de estas dolencias. Estas residencias cuentan con personal formado para proporcionar el apoyo y la atenci\u00f3n que necesitan las personas con Alzheimer y demencia.<\/p>\n\n<p><strong>Residencias para enfermos terminales<\/strong><\/p>\n\n<p>Si su ser querido se acerca al final de su vida, hay residencias de ancianos en Turqu\u00eda que ofrecen cuidados paliativos. Estas residencias ofrecen cuidados compasivos al final de la vida en un entorno tranquilo y confortable.<\/p>\n\n<p><strong>Residencias de ancianos para cuidados postoperatorios y de rehabilitaci\u00f3n<\/strong><\/p>\n\n<p>Si su ser querido se est\u00e1 recuperando de una enfermedad o lesi\u00f3n, ofrecen cuidados posagudos y de rehabilitaci\u00f3n. Estos hogares ayudan a las personas a recuperar su fuerza e independencia para que puedan volver a casa con seguridad.<\/p>\n\n<h3 class=\"wp-block-heading\" id=\"the-best-way-to-choose-a-nursing-home-for-your-loved-one-is-to-consider-their-specific-needs-and-budget-turkiye-has-lots-of-nursing-homes-to-choose-from-so-you-can-find-one-that-is-a-good-fit-for-your-family\">La mejor manera de elegir una residencia para su ser querido es tener en cuenta sus necesidades espec\u00edficas y su presupuesto. Turqu\u00eda tiene muchas casas de este tipo entre las que elegir, as\u00ed que puede encontrar una que se adapte bien a su familia.<\/h3>\n\n<figure class=\"wp-block-image size-full\"><img decoding=\"async\" width=\"960\" height=\"550\" src=\"https:\/\/medclinics.com\/wp-content\/uploads\/2023\/11\/nursing-home-turkey.jpg\" alt=\"Residencia de ancianos Turqu&#xED;a\" class=\"wp-image-117988\" srcset=\"https:\/\/medclinics.com\/wp-content\/uploads\/2023\/11\/nursing-home-turkey.jpg 960w, https:\/\/medclinics.com\/wp-content\/uploads\/2023\/11\/nursing-home-turkey-500x286.jpg 500w, https:\/\/medclinics.com\/wp-content\/uploads\/2023\/11\/nursing-home-turkey-768x440.jpg 768w, https:\/\/medclinics.com\/wp-content\/uploads\/2023\/11\/nursing-home-turkey-24x14.jpg 24w, https:\/\/medclinics.com\/wp-content\/uploads\/2023\/11\/nursing-home-turkey-36x21.jpg 36w, https:\/\/medclinics.com\/wp-content\/uploads\/2023\/11\/nursing-home-turkey-48x28.jpg 48w\" sizes=\"(max-width: 960px) 100vw, 960px\" \/><\/figure>\n\n<h3 class=\"wp-block-heading\" id=\"nursing-home-for\">Residencias de ancianos para:<\/h3>\n\n<ul class=\"wp-block-list\">\n<li>Personas mayores que necesitan ayuda con actividades cotidianas como ba\u00f1arse, vestirse y comer<\/li>\n\n\n\n<li>Personas con enfermedades cr\u00f3nicas como cardiopat\u00edas, diabetes o enfermedad pulmonar obstructiva cr\u00f3nica (EPOC).<\/li>\n\n\n\n<li>Personas que han sufrido recientemente un derrame cerebral u otra lesi\u00f3n neurol\u00f3gica<\/li>\n\n\n\n<li>Personas con <a href=\"https:\/\/medclinics.com\/es\/terapia-con-celulas-madre-para-la-enfermedad-de-alzheimer-una-nueva-direccion-esperanzadora\/\" data-type=\"page\" data-id=\"148817\">enfermedad de Alzheimer<\/a> u otras formas de demencia<\/li>\n\n\n\n<li>Enfermos terminales que necesitan cuidados paliativos<\/li>\n<\/ul>\n\n<p><strong>Servicios habituales de atenci\u00f3n a las personas mayores:<\/strong><\/p>\n\n<ul class=\"wp-block-list\">\n<li>Supervisi\u00f3n y asistencia in situ 24 horas al d\u00eda, 7 d\u00edas a la semana<\/li>\n\n\n\n<li>Servicios m\u00e9dicos in situ<\/li>\n\n\n\n<li>Asistencia para las actividades de la vida diaria<\/li>\n\n\n\n<li>Opciones de alojamiento (habitaciones compartidas o privadas)<\/li>\n\n\n\n<li>Servicio de comidas, lavander\u00eda y limpieza<\/li>\n\n\n\n<li>Actividades sociales<\/li>\n\n\n\n<li>Oportunidades para las personas mayores<\/li>\n\n\n\n<li>Apoyo a la comunicaci\u00f3n<\/li>\n<\/ul>\n\n<h2 class=\"wp-block-heading\" id=\"top-nursing-home-costs-by-country\">Costes de las residencias de ancianos por pa\u00edses<\/h2>\n\n<p>Los costes dependen de su situaci\u00f3n, ubicaci\u00f3n u otras necesidades.  <\/p>\n\n<p>Los precios que figuran a continuaci\u00f3n pretenden darle una idea aproximada y no son un presupuesto definitivo. Su asesor de MedClinics estar\u00e1 encantado de facilitarle m\u00e1s detalles.<\/p>\n\n<figure class=\"wp-block-table\"><table><thead><tr><th>Pa\u00eds  <\/th><th>Precio  <\/th><th>Clasificaci\u00f3n<\/th><\/tr><\/thead><tbody><tr><td>T\u00fcrkiye (Turqu\u00eda)<\/td><td>~ 1200\u20ac<\/td><td>\u2605\u2605\u2605\u2605\u2605<\/td><\/tr><tr><td>Lituania<\/td><td>~ 1500\u20ac<\/td><td>\u2605\u2605<\/td><\/tr><tr><td>Polonia<\/td><td>~ 1800\u20ac<\/td><td>\u2605\u2605\u2605<\/td><\/tr><tr><td>EE.UU.<\/td><td>~ 5000\u20ac<\/td><td>\u2605\u2605\u2605\u2605<\/td><\/tr><tr><td>Alemania<\/td><td>~ 3000\u20ac<\/td><td>\u2605\u2605<\/td><\/tr><\/tbody><\/table><\/figure>\n\n<h2 class=\"wp-block-heading\" id=\"gallery\">Galer\u00eda<\/h2>\n\n<figure class=\"wp-block-gallery has-nested-images columns-default is-cropped wp-block-gallery-1 is-layout-flex wp-block-gallery-is-layout-flex\">\n<figure class=\"wp-block-image size-large\"><img loading=\"lazy\" decoding=\"async\" width=\"280\" height=\"210\" data-id=\"133832\" src=\"https:\/\/medclinics.com\/wp-content\/uploads\/2024\/03\/soracamed-clinic-dental-treatment.jpg\" alt=\"eden-rezidans-in-izmir\" class=\"wp-image-133832\"\/><\/figure>\n\n\n\n<figure class=\"wp-block-image size-large\"><img decoding=\"async\" data-id=\"133839\" src=\"https:\/\/medclinics.com\/wp-content\/uploads\/2023\/12\/eden-rezidans-izmir.jpg\" alt=\"eden-rezidans-izmir\" class=\"wp-image-133839\"\/><\/figure>\n\n\n\n<figure class=\"wp-block-image size-large\"><img decoding=\"async\" data-id=\"133853\" src=\"https:\/\/medclinics.com\/wp-content\/uploads\/2023\/12\/nursing-home-in-izmir.jpg\" alt=\"residencia de ancianos en izmir\" class=\"wp-image-133853\"\/><\/figure>\n\n\n\n<figure class=\"wp-block-image size-large\"><img loading=\"lazy\" decoding=\"async\" width=\"280\" height=\"210\" data-id=\"133874\" src=\"https:\/\/medclinics.com\/wp-content\/uploads\/2024\/03\/soracamed-clinic-lobby-2.jpg\" alt=\"residencia de ancianos en turqu&#xED;a-izmir\" class=\"wp-image-133874\"\/><\/figure>\n\n\n\n<figure class=\"wp-block-image size-large\"><img loading=\"lazy\" decoding=\"async\" width=\"1280\" height=\"853\" data-id=\"133888\" src=\"https:\/\/medclinics.com\/wp-content\/uploads\/2024\/03\/ukraine-flag-1.jpeg\" alt=\"residencia de ancianos-turqu&#xED;a\" class=\"wp-image-133888\" srcset=\"https:\/\/medclinics.com\/wp-content\/uploads\/2024\/03\/ukraine-flag-1.jpeg 1280w, https:\/\/medclinics.com\/wp-content\/uploads\/2024\/03\/ukraine-flag-1-300x200.jpeg 300w, https:\/\/medclinics.com\/wp-content\/uploads\/2024\/03\/ukraine-flag-1-1024x682.jpeg 1024w, https:\/\/medclinics.com\/wp-content\/uploads\/2024\/03\/ukraine-flag-1-768x512.jpeg 768w\" sizes=\"(max-width: 1280px) 100vw, 1280px\" \/><\/figure>\n\n\n\n<figure class=\"wp-block-image size-large\"><img loading=\"lazy\" decoding=\"async\" width=\"750\" height=\"500\" data-id=\"133902\" src=\"https:\/\/medclinics.com\/wp-content\/uploads\/2024\/03\/nursing-home-for-elderly-izmir-.jpg\" alt=\"residencia de ancianos-izmir-\" class=\"wp-image-133902\" srcset=\"https:\/\/medclinics.com\/wp-content\/uploads\/2024\/03\/nursing-home-for-elderly-izmir-.jpg 750w, https:\/\/medclinics.com\/wp-content\/uploads\/2024\/03\/nursing-home-for-elderly-izmir--500x333.jpg 500w, https:\/\/medclinics.com\/wp-content\/uploads\/2024\/03\/nursing-home-for-elderly-izmir--24x16.jpg 24w, https:\/\/medclinics.com\/wp-content\/uploads\/2024\/03\/nursing-home-for-elderly-izmir--36x24.jpg 36w, https:\/\/medclinics.com\/wp-content\/uploads\/2024\/03\/nursing-home-for-elderly-izmir--48x32.jpg 48w\" sizes=\"(max-width: 750px) 100vw, 750px\" \/><\/figure>\n\n\n\n<figure class=\"wp-block-image size-large\"><img decoding=\"async\" data-id=\"133881\" src=\"https:\/\/medclinics.com\/wp-content\/uploads\/2023\/11\/nursing-home-in-turkey.jpg\" alt=\"residencia de ancianos en turqu&#xED;a\" class=\"wp-image-133881\"\/><\/figure>\n\n\n\n<figure class=\"wp-block-image size-large\"><img loading=\"lazy\" decoding=\"async\" width=\"1200\" height=\"800\" data-id=\"133895\" src=\"https:\/\/medclinics.com\/wp-content\/uploads\/2024\/03\/netherlands-flag.jpg\" alt=\"residencias de ancianos izmir turqu&#xED;a\" class=\"wp-image-133895\" srcset=\"https:\/\/medclinics.com\/wp-content\/uploads\/2024\/03\/netherlands-flag.jpg 1200w, https:\/\/medclinics.com\/wp-content\/uploads\/2024\/03\/netherlands-flag-300x200.jpg 300w, https:\/\/medclinics.com\/wp-content\/uploads\/2024\/03\/netherlands-flag-1024x683.jpg 1024w, https:\/\/medclinics.com\/wp-content\/uploads\/2024\/03\/netherlands-flag-768x512.jpg 768w\" sizes=\"(max-width: 1200px) 100vw, 1200px\" \/><\/figure>\n\n\n\n<figure class=\"wp-block-image size-large\"><img loading=\"lazy\" decoding=\"async\" width=\"280\" height=\"210\" data-id=\"133846\" src=\"https:\/\/medclinics.com\/wp-content\/uploads\/2024\/03\/soracamed-clinic-hair-transplant.jpg\" alt=\"residencia de ancianos-izmir-turqu&#xED;a\" class=\"wp-image-133846\"\/><\/figure>\n\n\n\n<figure class=\"wp-block-image size-large\"><img decoding=\"async\" data-id=\"133860\" src=\"https:\/\/medclinics.com\/wp-content\/uploads\/2023\/12\/nursing-home-izmir.jpg\" alt=\"residencia-izmir\" class=\"wp-image-133860\"\/><\/figure>\n\n\n\n<figure class=\"wp-block-image size-large\"><img loading=\"lazy\" decoding=\"async\" width=\"280\" height=\"210\" data-id=\"133867\" src=\"https:\/\/medclinics.com\/wp-content\/uploads\/2024\/03\/soracamed-clinic-lobby.jpg\" alt=\"eden-rezidans-in-izmir-turkey\" class=\"wp-image-133867\"\/><\/figure>\n<\/figure>\n\n<h2 class=\"wp-block-heading\" id=\"faq\">PREGUNTAS FRECUENTES<\/h2>\n<div id=\"rank-math-faq\" class=\"rank-math-block\">\n<div class=\"rank-math-list \">\n<div id=\"faq-question-1700467454354\" class=\"rank-math-list-item\">\n<h3 class=\"rank-math-question \">\u00bfQui\u00e9n necesita cuidados en una residencia?<\/h3>\n<div class=\"rank-math-answer \">\n\n<p>Son para personas que necesitan ayuda con las actividades cotidianas, problemas cr\u00f3nicos de salud, rehabilitaci\u00f3n tras una enfermedad o lesi\u00f3n, enfermedad de Alzheimer u otras formas de demencia, o cuidados paliativos.<\/p>\n\n<\/div>\n<\/div>\n<div id=\"faq-question-1700467460374\" class=\"rank-math-list-item\">\n<h3 class=\"rank-math-question \">\u00bfCu\u00e1nto cuesta una residencia de ancianos?<\/h3>\n<div class=\"rank-math-answer \">\n\n<p>Depende de la situaci\u00f3n. Pero Turqu\u00eda le ofrece las opciones de residencias de ancianos m\u00e1s asequibles y de mayor calidad. Por ejemplo, los costes de la asistencia a ancianos empiezan a partir de 5.000 euros en Estados Unidos, mientras que los precios de la asistencia a ancianos en Turqu\u00eda comienzan en 1.200 euros.<\/p>\n\n<\/div>\n<\/div>\n<div id=\"faq-question-1700467675709\" class=\"rank-math-list-item\">\n<h3 class=\"rank-math-question \">\u00bfC\u00f3mo puedo elegir una residencia?<\/h3>\n<div class=\"rank-math-answer \">\n\n<p>Considere la ubicaci\u00f3n, el tama\u00f1o, el tipo de asistencia, el coste, el personal y los cuidados al final de la vida. Si todos ellos le convienen, puede elegir el adecuado. Como <a href=\"\/\/medclinics.com\/u0022\">MedClinics<\/a>, tambi\u00e9n podemos ayudarle a elegir la residencia de ancianos m\u00e1s fiable y c\u00f3moda de Turqu\u00eda. Puede ponerse en contacto con nosotros 24 horas al d\u00eda, 7 d\u00edas a la semana.<\/p>\n\n<\/div>\n<\/div>\n<div id=\"faq-question-1700467761080\" class=\"rank-math-list-item\">\n<h3 class=\"rank-math-question \">\u00bfPor qu\u00e9 es importante una residencia de ancianos?<\/h3>\n<div class=\"rank-math-answer \">\n\n<p>Son instalaciones residenciales. Proporcionan cuidados a personas que necesitan ayuda con las actividades cotidianas y con enfermedades cr\u00f3nicas. Adem\u00e1s, ofrecen un entorno seguro y de apoyo para personas mayores y discapacitadas.<\/p>\n\n<\/div>\n<\/div>\n<div id=\"faq-question-1700468972265\" class=\"rank-math-list-item\">\n<h3 class=\"rank-math-question \">\u00bfEs T\u00fcrkiye buena para el cuidado de ancianos?<\/h3>\n<div class=\"rank-math-answer \">\n\n<p>T\u00fcrkiye es un buen lugar para el cuidado de ancianos, con un s\u00f3lido sistema de seguridad social y una gran variedad de residencias de ancianos. Estas instalaciones est\u00e1n limpias, bien mantenidas y atendidas por profesionales cualificados. Ofrecen diversos servicios y actividades que responden a las necesidades de las personas mayores. La atenci\u00f3n a las personas mayores en Turqu\u00eda es relativamente asequible en comparaci\u00f3n con muchos otros pa\u00edses desarrollados. Esto se debe al apoyo del gobierno a las personas mayores. El compromiso del gobierno con la mejora de la calidad hace que sea una opci\u00f3n atractiva para muchas personas que buscan cuidados de calidad para sus seres queridos mayores.<\/p>\n\n<\/div>\n<\/div>\n<div id=\"faq-question-1700479604936\" class=\"rank-math-list-item\">\n<h3 class=\"rank-math-question \">\u00bfCu\u00e1les son los documentos necesarios para inscribirse?<\/h3>\n<div class=\"rank-math-answer \">\n\n<p>La identidad del afiliado y de su familiar, la petici\u00f3n para que el afiliado permanezca en el centro y el informe sanitario son los documentos m\u00e1s importantes.<\/p>\n\n<\/div>\n<\/div>\n<div id=\"faq-question-1700479714140\" class=\"rank-math-list-item\">\n<h3 class=\"rank-math-question \">\u00bfCu\u00e1l es la diferencia entre Alzheimer y demencia?<\/h3>\n<div class=\"rank-math-answer \">\n\n<p>Demencia es un t\u00e9rmino general para s\u00edntomas como la p\u00e9rdida de memoria. El Alzheimer es un tipo espec\u00edfico de demencia que provoca un deterioro gradual de la memoria y las capacidades cognitivas.<\/p>\n\n<\/div>\n<\/div>\n<\/div>\n<\/div>\n<h2 class=\"wp-block-heading\" id=\"cities-and-countries-for-elderly-care\">Ciudades y pa\u00edses para el cuidado de ancianos<\/h2>\n\n<p><em>pr\u00f3ximamente &#8230;.  <\/em><\/p>\n","protected":false},"excerpt":{"rendered":"<p>Si busca una residencia de ancianos asequible, Turqu\u00eda tiene muchas opciones que ofrecen cuidados de alta calidad sin arruinarse. Estas [&hellip;]<\/p>\n","protected":false},"author":4,"featured_media":118003,"parent":0,"menu_order":0,"comment_status":"closed","ping_status":"closed","template":"","meta":{"site-sidebar-layout":"default","site-content-layout":"","ast-site-content-layout":"default","site-content-style":"default","site-sidebar-style":"default","ast-global-header-display":"","ast-banner-title-visibility":"","ast-main-header-display":"","ast-hfb-above-header-display":"","ast-hfb-below-header-display":"","ast-hfb-mobile-header-display":"","site-post-title":"","ast-breadcrumbs-content":"","ast-featured-img":"","footer-sml-layout":"","ast-disable-related-posts":"","theme-transparent-header-meta":"","adv-header-id-meta":"","stick-header-meta":"","header-above-stick-meta":"","header-main-stick-meta":"","header-below-stick-meta":"","astra-migrate-meta-layouts":"default","ast-page-background-enabled":"default","ast-page-background-meta":{"desktop":{"background-color":"var(--ast-global-color-4)","background-image":"","background-repeat":"repeat","background-position":"center center","background-size":"auto","background-attachment":"scroll","background-type":"","background-media":"","overlay-type":"","overlay-color":"","overlay-opacity":"","overlay-gradient":""},"tablet":{"background-color":"","background-image":"","background-repeat":"repeat","background-position":"center center","background-size":"auto","background-attachment":"scroll","background-type":"","background-media":"","overlay-type":"","overlay-color":"","overlay-opacity":"","overlay-gradient":""},"mobile":{"background-color":"","background-image":"","background-repeat":"repeat","background-position":"center center","background-size":"auto","background-attachment":"scroll","background-type":"","background-media":"","overlay-type":"","overlay-color":"","overlay-opacity":"","overlay-gradient":""}},"ast-content-background-meta":{"desktop":{"background-color":"var(--ast-global-color-5)","background-image":"","background-repeat":"repeat","background-position":"center center","background-size":"auto","background-attachment":"scroll","background-type":"","background-media":"","overlay-type":"","overlay-color":"","overlay-opacity":"","overlay-gradient":""},"tablet":{"background-color":"var(--ast-global-color-5)","background-image":"","background-repeat":"repeat","background-position":"center center","background-size":"auto","background-attachment":"scroll","background-type":"","background-media":"","overlay-type":"","overlay-color":"","overlay-opacity":"","overlay-gradient":""},"mobile":{"background-color":"var(--ast-global-color-5)","background-image":"","background-repeat":"repeat","background-position":"center center","background-size":"auto","background-attachment":"scroll","background-type":"","background-media":"","overlay-type":"","overlay-color":"","overlay-opacity":"","overlay-gradient":""}},"footnotes":""},"class_list":["post-148513","page","type-page","status-publish","has-post-thumbnail","hentry"],"_links":{"self":[{"href":"https:\/\/medclinics.com\/es\/wp-json\/wp\/v2\/pages\/148513","targetHints":{"allow":["GET"]}}],"collection":[{"href":"https:\/\/medclinics.com\/es\/wp-json\/wp\/v2\/pages"}],"about":[{"href":"https:\/\/medclinics.com\/es\/wp-json\/wp\/v2\/types\/page"}],"author":[{"embeddable":true,"href":"https:\/\/medclinics.com\/es\/wp-json\/wp\/v2\/users\/4"}],"replies":[{"embeddable":true,"href":"https:\/\/medclinics.com\/es\/wp-json\/wp\/v2\/comments?post=148513"}],"version-history":[{"count":0,"href":"https:\/\/medclinics.com\/es\/wp-json\/wp\/v2\/pages\/148513\/revisions"}],"wp:featuredmedia":[{"embeddable":true,"href":"https:\/\/medclinics.com\/es\/wp-json\/wp\/v2\/media\/118003"}],"wp:attachment":[{"href":"https:\/\/medclinics.com\/es\/wp-json\/wp\/v2\/media?parent=148513"}],"curies":[{"name":"wp","href":"https:\/\/api.w.org\/{rel}","templated":true}]}}