{"id":148497,"date":"2022-11-17T13:44:00","date_gmt":"2022-11-17T10:44:00","guid":{"rendered":"https:\/\/medclinics.com\/centros-de-asistencia\/"},"modified":"2025-01-24T21:34:24","modified_gmt":"2025-01-24T18:34:24","slug":"centros-de-asistencia","status":"publish","type":"page","link":"https:\/\/medclinics.com\/es\/centros-de-asistencia\/","title":{"rendered":"Centros de asistencia"},"content":{"rendered":"\n<h2 class=\"wp-block-heading\" style=\"font-size:24px\">Los centros asistenciales donde sentirse como en casa son cada d\u00eda m\u00e1s populares.<\/h2>\n\n<div class=\"wp-block-columns is-layout-flex wp-container-core-columns-is-layout-28f84493 wp-block-columns-is-layout-flex\">\n<div class=\"wp-block-column is-layout-flow wp-block-column-is-layout-flow\">\n<figure class=\"wp-block-image size-full is-style-default\"><img fetchpriority=\"high\" decoding=\"async\" width=\"960\" height=\"540\" src=\"https:\/\/medclinics.com\/wp-content\/uploads\/2023\/11\/care-facilities.jpg\" alt=\"Centros de asistencia\" class=\"wp-image-117873\" srcset=\"https:\/\/medclinics.com\/wp-content\/uploads\/2023\/11\/care-facilities.jpg 960w, https:\/\/medclinics.com\/wp-content\/uploads\/2023\/11\/care-facilities-500x281.jpg 500w, https:\/\/medclinics.com\/wp-content\/uploads\/2023\/11\/care-facilities-768x432.jpg 768w, https:\/\/medclinics.com\/wp-content\/uploads\/2023\/11\/care-facilities-24x14.jpg 24w, https:\/\/medclinics.com\/wp-content\/uploads\/2023\/11\/care-facilities-36x20.jpg 36w, https:\/\/medclinics.com\/wp-content\/uploads\/2023\/11\/care-facilities-48x27.jpg 48w\" sizes=\"(max-width: 960px) 100vw, 960px\" \/><\/figure>\n<\/div>\n\n\n\n<div class=\"wp-block-column is-layout-flow wp-block-column-is-layout-flow\">\n<h3 class=\"wp-block-heading has-medium-font-size\">Elija el centro asistencial adecuado para recibir apoyo personalizado y crear un lugar donde su bienestar sea lo primero.<\/h3>\n\n\n\n<p><strong>Los centros asistenciales incluyen varios tipos, como residencias de ancianos, residencias asistidas, centros de rehabilitaci\u00f3n y cuidados paliativos.<\/strong><\/p>\n<\/div>\n<\/div>\n\n<h3 class=\"wp-block-heading has-medium-font-size\">Explore centros asistenciales de calidad: residencias de ancianos, residencias asistidas, rehabilitaci\u00f3n y servicios de cuidados paliativos cerca de usted.<\/h3>\n\n<p>Disfrute de la comodidad y los cuidados en instalaciones de primera categor\u00eda. Las residencias de <a href=\"https:\/\/medclinics.com\/es\/residencia-de-ancianos\/\">ancianos<\/a> ofrecen un ambiente c\u00e1lido y hogare\u00f1o. Los residentes pueden recibir atenci\u00f3n m\u00e9dica personalizada y apoyo de nuestro atento personal. La vida asistida est\u00e1 dise\u00f1ada para promover la independencia. Proporciona un equilibrio entre asistencia y libertad para disfrutar de la vida.<\/p>\n\n<p>Adem\u00e1s, los centros de rehabilitaci\u00f3n dan prioridad a su viaje de bienestar. Ofrecen programas especializados para ayudarle a recuperar la fuerza y la movilidad. Los cuidados paliativos le ofrecen una atm\u00f3sfera de paz y apoyo. Garantiza dignidad y comodidad en momentos dif\u00edciles. Debe saber que los centros asistenciales van m\u00e1s all\u00e1 de la prestaci\u00f3n de servicios. Crean un estilo de vida en el que tu bienestar ocupa un lugar central.<\/p>\n\n<h3 class=\"wp-block-heading has-medium-font-size\">Experimente la diferencia: elija un estilo de vida que d\u00e9 prioridad a su salud y felicidad.<\/h3>\n\n<p><strong>MedClinics ofrece todos los servicios asistenciales a un precio asequible.<\/strong> <strong>Le ayudamos a encontrar las mejores opciones sanitarias para sus necesidades. Con MedClinics, puede informarse sobre distintos pa\u00edses, costes y m\u00e9dicos.<\/strong><\/p>\n\n<h2 class=\"wp-block-heading\" style=\"font-size:24px\">P\u00f3ngase en contacto con nosotros, nuestro asesor de pacientes le guiar\u00e1 y asesorar\u00e1 a lo largo del proceso.<\/h2>\n\n<p>Junto con MedClinics encontrar\u00e1 el mejor tratamiento para usted. Le explicaremos todos los detalles y le ayudaremos a encontrar la cl\u00ednica m\u00e1s adecuada para sus necesidades espec\u00edficas.<\/p>\n\n<div class=\"wp-block-buttons is-layout-flex wp-block-buttons-is-layout-flex\">\n<div class=\"wp-block-button has-custom-width wp-block-button__width-100 has-custom-font-size is-style-fill has-medium-font-size\"><a class=\"wp-block-button__link has-white-color has-text-color has-background wp-element-button\" href=\"#requestform\" style=\"border-radius:8px;background-color:#225b75;padding-right:0;padding-left:0\" target=\"_blank\" rel=\"noopener\">Consulta gratuita<\/a><\/div>\n<\/div>\n\n<p><\/p>\n","protected":false},"excerpt":{"rendered":"<p>Los centros asistenciales donde sentirse como en casa son cada d\u00eda m\u00e1s populares. Elija el centro asistencial adecuado para recibir [&hellip;]<\/p>\n","protected":false},"author":4,"featured_media":117866,"parent":0,"menu_order":0,"comment_status":"closed","ping_status":"closed","template":"","meta":{"site-sidebar-layout":"default","site-content-layout":"","ast-site-content-layout":"default","site-content-style":"default","site-sidebar-style":"default","ast-global-header-display":"","ast-banner-title-visibility":"","ast-main-header-display":"","ast-hfb-above-header-display":"","ast-hfb-below-header-display":"","ast-hfb-mobile-header-display":"","site-post-title":"","ast-breadcrumbs-content":"","ast-featured-img":"","footer-sml-layout":"","ast-disable-related-posts":"","theme-transparent-header-meta":"","adv-header-id-meta":"","stick-header-meta":"","header-above-stick-meta":"","header-main-stick-meta":"","header-below-stick-meta":"","astra-migrate-meta-layouts":"default","ast-page-background-enabled":"default","ast-page-background-meta":{"desktop":{"background-color":"var(--ast-global-color-4)","background-image":"","background-repeat":"repeat","background-position":"center center","background-size":"auto","background-attachment":"scroll","background-type":"","background-media":"","overlay-type":"","overlay-color":"","overlay-opacity":"","overlay-gradient":""},"tablet":{"background-color":"","background-image":"","background-repeat":"repeat","background-position":"center center","background-size":"auto","background-attachment":"scroll","background-type":"","background-media":"","overlay-type":"","overlay-color":"","overlay-opacity":"","overlay-gradient":""},"mobile":{"background-color":"","background-image":"","background-repeat":"repeat","background-position":"center center","background-size":"auto","background-attachment":"scroll","background-type":"","background-media":"","overlay-type":"","overlay-color":"","overlay-opacity":"","overlay-gradient":""}},"ast-content-background-meta":{"desktop":{"background-color":"var(--ast-global-color-5)","background-image":"","background-repeat":"repeat","background-position":"center center","background-size":"auto","background-attachment":"scroll","background-type":"","background-media":"","overlay-type":"","overlay-color":"","overlay-opacity":"","overlay-gradient":""},"tablet":{"background-color":"var(--ast-global-color-5)","background-image":"","background-repeat":"repeat","background-position":"center center","background-size":"auto","background-attachment":"scroll","background-type":"","background-media":"","overlay-type":"","overlay-color":"","overlay-opacity":"","overlay-gradient":""},"mobile":{"background-color":"var(--ast-global-color-5)","background-image":"","background-repeat":"repeat","background-position":"center center","background-size":"auto","background-attachment":"scroll","background-type":"","background-media":"","overlay-type":"","overlay-color":"","overlay-opacity":"","overlay-gradient":""}},"footnotes":""},"class_list":["post-148497","page","type-page","status-publish","has-post-thumbnail","hentry"],"_links":{"self":[{"href":"https:\/\/medclinics.com\/es\/wp-json\/wp\/v2\/pages\/148497","targetHints":{"allow":["GET"]}}],"collection":[{"href":"https:\/\/medclinics.com\/es\/wp-json\/wp\/v2\/pages"}],"about":[{"href":"https:\/\/medclinics.com\/es\/wp-json\/wp\/v2\/types\/page"}],"author":[{"embeddable":true,"href":"https:\/\/medclinics.com\/es\/wp-json\/wp\/v2\/users\/4"}],"replies":[{"embeddable":true,"href":"https:\/\/medclinics.com\/es\/wp-json\/wp\/v2\/comments?post=148497"}],"version-history":[{"count":0,"href":"https:\/\/medclinics.com\/es\/wp-json\/wp\/v2\/pages\/148497\/revisions"}],"wp:featuredmedia":[{"embeddable":true,"href":"https:\/\/medclinics.com\/es\/wp-json\/wp\/v2\/media\/117866"}],"wp:attachment":[{"href":"https:\/\/medclinics.com\/es\/wp-json\/wp\/v2\/media?parent=148497"}],"curies":[{"name":"wp","href":"https:\/\/api.w.org\/{rel}","templated":true}]}}