{"id":148439,"date":"2023-11-15T11:52:29","date_gmt":"2023-11-15T08:52:29","guid":{"rendered":"https:\/\/medclinics.com\/implante-monofasico\/"},"modified":"2025-01-25T14:23:24","modified_gmt":"2025-01-25T11:23:24","slug":"implante-monofasico","status":"publish","type":"page","link":"https:\/\/medclinics.com\/es\/implante-monofasico\/","title":{"rendered":"Implante monof\u00e1sico"},"content":{"rendered":"\n<h2 class=\"wp-block-heading\" id=\"single-stage-implants-involve-placing-the-implant-and-healing-abutment-in-one-stepp\">Los implantes de una sola fase consisten en colocar el implante y el pilar de cicatrizaci\u00f3n en un solo paso.<\/h2>\n\n<p>Los implantes de una fase, tambi\u00e9n conocidos como implantes de carga inmediata, est\u00e1n dise\u00f1ados para ser eficaces y recuperarse m\u00e1s r\u00e1pidamente. A diferencia de los implantes de dos fases, no es necesario realizar una segunda intervenci\u00f3n para revelar el implante. Facilita la realizaci\u00f3n y acelera la recuperaci\u00f3n, y se considera una opci\u00f3n permanente.<\/p>\n\n<div class=\"wp-block-rank-math-toc-block\" id=\"rank-math-toc\"><h2>Tabla de contenidos<\/h2><nav><ul><li><a href=\"#so-what-is-a-single-stage-implant\">\u00bfQu\u00e9 es implante de una etapa<\/a><\/li><li><a href=\"#traditional-vs-single-stage-implants-comparison\">Implantes tradicionales frente a implantes de una fase &#8211; Comparaci\u00f3n<\/a><\/li><li><a href=\"#treatment-plan\">Plan de tratamiento<\/a><\/li><li><a href=\"#aftercare\">Cuidado posterior<\/a><\/li><li><a href=\"#dental-implant-healing-process\">Proceso de cicatrizaci\u00f3n de los implantes dentales<\/a><\/li><li><a href=\"#single-stage-dental-implant-costs-by-country\">Costes de los implantes dentales por pa\u00eds<\/a><\/li><li><a href=\"#faq\">PREGUNTAS FRECUENTES<\/a><\/li><li><a href=\"#history\">Historia<\/a><\/li><\/ul><\/nav><\/div>\n\n<h2 class=\"wp-block-heading\" id=\"so-what-is-a-single-stage-implant\">\u00bfQu\u00e9 es implante de una etapa<\/h2>\n\n<ul class=\"wp-block-list\">\n<li>La implantolog\u00eda ofrece varias soluciones, y los implantes monof\u00e1sicos son una de las opciones m\u00e1s eficaces que existen.<\/li>\n\n\n\n<li>Para los implantes de una fase se utilizan implantes especialmente dise\u00f1ados. Su estructura estriada \u00fanica aumenta la fuerza de agarre del hueso entre 4 y 5 veces.<\/li>\n\n\n\n<li>La nanotecnolog\u00eda de estos implantes acelera la fusi\u00f3n \u00f3sea, reduciendo el tiempo de tratamiento. La superficie nanoformada permite un posicionamiento flexible en el hueso para diferentes opciones de dientes.<\/li>\n\n\n\n<li>Estos implantes especiales permiten el atornillado directo de los revestimientos sin adhesivos, proporcionando un soporte dental m\u00e1s amplio. As\u00ed se evitan los problemas a largo plazo derivados de los adhesivos.<\/li>\n<\/ul>\n\n<figure class=\"wp-block-image size-full\"><img fetchpriority=\"high\" decoding=\"async\" width=\"960\" height=\"550\" src=\"https:\/\/medclinics.com\/wp-content\/uploads\/2024\/06\/Bir-baslik-ekleyin.jpg\" alt=\"\" class=\"wp-image-163837\" srcset=\"https:\/\/medclinics.com\/wp-content\/uploads\/2024\/06\/Bir-baslik-ekleyin.jpg 960w, https:\/\/medclinics.com\/wp-content\/uploads\/2024\/06\/Bir-baslik-ekleyin-300x172.jpg 300w, https:\/\/medclinics.com\/wp-content\/uploads\/2024\/06\/Bir-baslik-ekleyin-768x440.jpg 768w\" sizes=\"(max-width: 960px) 100vw, 960px\" \/><\/figure>\n\n<h2 class=\"wp-block-heading\" id=\"traditional-vs-single-stage-implants-comparison\">Implantes tradicionales frente a implantes de una fase &#8211; Comparaci\u00f3n  <\/h2>\n\n<ul class=\"wp-block-list\">\n<li>El tratamiento con implantes de una sola fase utiliza implantes permanentes recubiertos de circonio, no soluciones provisionales.<\/li>\n\n\n\n<li>El tiempo de espera para los implantes tradicionales (de 2 a 6 meses) se reduce a s\u00f3lo 3 d\u00edas.<\/li>\n\n\n\n<li>La diferencia clave con los implantes de dos fases radica en el mecanismo; los implantes de una fase utilizan tornillos especialmente dise\u00f1ados para una alta fijaci\u00f3n \u00f3sea, lo que permite que se formen c\u00e9lulas \u00f3seas alrededor del <a href=\"http:\/\/dentalimplant.gen.tr\" rel=\"nofollow noopener\" target=\"_blank\">implante<\/a>.<\/li>\n\n\n\n<li>Los m\u00e9todos de aplicaci\u00f3n var\u00edan, y s\u00f3lo m\u00e9dicos formados pueden realizar este tratamiento. Los recubrimientos especiales en implantes de una fase requieren formaci\u00f3n tanto para el t\u00e9cnico de recubrimiento como para el dentista.<\/li>\n\n\n\n<li>Las publicaciones cient\u00edficas demuestran que los implantes de una fase tienen m\u00e1s \u00e9xito que los implantes cl\u00e1sicos de dos fases cuando se aplican correctamente.<\/li>\n\n\n\n<li>Los implantes de una fase permiten una restauraci\u00f3n inmediata, lo que significa que la corona puede colocarse poco despu\u00e9s del implante.<\/li>\n\n\n\n<li>Su tratamiento no se desarrolla por etapas. Se trata de un plan especialmente rentable, sobre todo para pacientes extranjeros.<\/li>\n\n\n\n<li>El procedimiento de implante en una sola fase utiliza un kit quir\u00fargico especializado. Tambi\u00e9n implica el uso de herramientas espec\u00edficas, como el Fisiodispensador Implantmed para preparar el lecho implantario, el Piezomed Piezosurgery Device para la osteotom\u00eda y el dispositivo ISQ-Implant Stability Quotient para medir la estabilidad del implante.<\/li>\n<\/ul>\n\n<figure class=\"wp-block-image size-full\"><img decoding=\"async\" width=\"960\" height=\"550\" src=\"https:\/\/medclinics.com\/wp-content\/uploads\/2023\/11\/single-stage-dental-implants-in-istanbul-turkey.jpg\" alt=\"Implantes monof&#xE1;sicos en Estambul\" class=\"wp-image-117639\" srcset=\"https:\/\/medclinics.com\/wp-content\/uploads\/2023\/11\/single-stage-dental-implants-in-istanbul-turkey.jpg 960w, https:\/\/medclinics.com\/wp-content\/uploads\/2023\/11\/single-stage-dental-implants-in-istanbul-turkey-500x286.jpg 500w, https:\/\/medclinics.com\/wp-content\/uploads\/2023\/11\/single-stage-dental-implants-in-istanbul-turkey-768x440.jpg 768w, https:\/\/medclinics.com\/wp-content\/uploads\/2023\/11\/single-stage-dental-implants-in-istanbul-turkey-24x14.jpg 24w, https:\/\/medclinics.com\/wp-content\/uploads\/2023\/11\/single-stage-dental-implants-in-istanbul-turkey-36x21.jpg 36w, https:\/\/medclinics.com\/wp-content\/uploads\/2023\/11\/single-stage-dental-implants-in-istanbul-turkey-48x28.jpg 48w\" sizes=\"(max-width: 960px) 100vw, 960px\" \/><\/figure>\n\n<h2 class=\"wp-block-heading\" id=\"treatment-plan\">Plan de tratamiento<\/h2>\n\n<p>En primer lugar, p\u00f3ngase en contacto con MedClinics para encontrar cl\u00ednicas adecuadas para su tratamiento con implantes de una fase en Turqu\u00eda. Env\u00ede fotos de sus dientes y su historial m\u00e9dico para una consulta en l\u00ednea. <\/p>\n\n<ul class=\"wp-block-list\">\n<li><strong>El lunes<\/strong>: Llega a Estambul un lunes para tu tratamiento dental en una sola etapa. Le recoger\u00e1n en el aeropuerto y le llevar\u00e1n a la cl\u00ednica. A continuaci\u00f3n, se le realizar\u00e1 un examen dental completo, que incluir\u00e1 radiograf\u00edas e im\u00e1genes en 3D.<\/li>\n\n\n\n<li><strong>Martes<\/strong>: Vuelve a la cl\u00ednica dental para tu tratamiento. Un anestesista especializado aplica la sedaci\u00f3n, toma medidas de todos los dientes y suministra los medicamentos necesarios.<\/li>\n\n\n\n<li><strong>Mi\u00e9rcoles:<\/strong> Emparejar los moldes con el dise\u00f1o del diente y probar el dise\u00f1o en la boca. Para fabricar estos moldes se utiliza un recubrimiento de <a href=\"https:\/\/medclinics.com\/es\/dientes-de-circonio\/\" data-type=\"link\" data-id=\"https:\/\/medclinics.com\/zirconium-teeth\/\" target=\"_blank\" rel=\"noreferrer noopener\">circonio<\/a> que tarda 17 horas en estar listo. Esto significa que no es una soluci\u00f3n temporal.<\/li>\n\n\n\n<li><strong>Jueves:<\/strong> El m\u00e9dico profesional ensaya, comprueba y arregla el molde de circonio. Si es necesario, se aplica pulimento. El paciente debe someterse a la prueba un d\u00eda, pasando el d\u00eda siguiente en reposo.<\/li>\n\n\n\n<li><strong>Viernes<\/strong>: \u00a1Ahora puedes explorar la ciudad y disfrutar de tus vacaciones! \u00a1Disfruta del nuevo aspecto de tus dientes! Mientras tanto, probar\u00e1 el implante de una etapa.<\/li>\n\n\n\n<li><strong>El s\u00e1bado<\/strong>: Ven a una revisi\u00f3n despu\u00e9s de un d\u00eda. Se aplican otros procedimientos necesarios y se suministra una placa dental protectora. As\u00ed, su tratamiento se completa sin tiempo de espera. Puede reanudar sus h\u00e1bitos alimentarios al d\u00eda siguiente.<\/li>\n\n\n\n<li>Entrevista final con su m\u00e9dico tratante, que le informar\u00e1 sobre lo que debe tener en cuenta en los pr\u00f3ximos d\u00edas.<\/li>\n<\/ul>\n\n<h4 class=\"wp-block-heading\" id=\"take-a-look-in-the-mirror-now-are-you-amazed-by-your-new-teeth\"><strong>M\u00edrate en el espejo. \u00bfTe asombran tus nuevos dientes?<\/strong><\/h4>\n\n<p><\/p>\n\n<h3 class=\"wp-block-heading\" id=\"single-stage-implants-are-ideal-for\">Implantes de una etapa para:<\/h3>\n\n<ul class=\"wp-block-list\">\n<li>Cualquier persona que necesite la sustituci\u00f3n de un solo diente.<\/li>\n\n\n\n<li>Personas de 18 a\u00f1os o m\u00e1s con huesos completamente desarrollados.<\/li>\n\n\n\n<li>Los que gozan de buena salud, sin afecciones que puedan complicar la cirug\u00eda.<\/li>\n<\/ul>\n\n<h3 class=\"wp-block-heading\" id=\"single-stage-implants-recovery-timeline\">Calendario de recuperaci\u00f3n de los implantes de una fase:<\/h3>\n\n<ul class=\"wp-block-list\">\n<li>En la primera semana se produce la cicatrizaci\u00f3n inicial. Se aconseja a los pacientes que sigan una dieta blanda y eviten una presi\u00f3n excesiva en la zona del implante.<\/li>\n\n\n\n<li>En un plazo de 2 a 3 semanas, la inflamaci\u00f3n y los hematomas suelen disminuir, lo que permite a los pacientes retomar lentamente sus actividades normales. No obstante, deben evitarse las actividades f\u00edsicas extenuantes.<\/li>\n\n\n\n<li>Durante el periodo de 4 a 6 semanas, los tejidos blandos siguen cicatrizando y el implante se integra en el hueso maxilar. Los pacientes deben tener cuidado al consumir alimentos duros o crujientes.<\/li>\n\n\n\n<li>Entre 3 y 6 meses, el proceso de osteointegraci\u00f3n contin\u00faa y el implante se asienta firmemente en el hueso maxilar. Los pacientes pueden volver gradualmente a su dieta habitual y a sus rutinas de cuidado bucal.<\/li>\n<\/ul>\n\n<h3 class=\"wp-block-heading\" id=\"possible-risks-for-single-stage-implants\">Posibles riesgos de los implantes de una fase:<\/h3>\n\n<ul class=\"wp-block-list\">\n<li>Infecci\u00f3n en el lugar de implantaci\u00f3n (poco frecuente)<\/li>\n\n\n\n<li>Poco dolor y molestias<\/li>\n<\/ul>\n\n<h2 class=\"wp-block-heading\" id=\"aftercare\">Cuidado posterior<\/h2>\n\n<p><strong>Por supuesto, tambi\u00e9n cuidaremos de usted despu\u00e9s del tratamiento.<\/strong><\/p>\n\n<p>Nuestros asesores m\u00e9dicos se ocupar\u00e1n de usted durante 1 a\u00f1o despu\u00e9s de la operaci\u00f3n.<br\/>Si necesita ayuda, si tiene preguntas, puede ponerse en contacto con nuestro personal en cualquier momento.<\/p>\n\n<h2 class=\"wp-block-heading\" id=\"dental-implant-healing-process\">Proceso de cicatrizaci\u00f3n de los implantes dentales<\/h2>\n\n<p><strong>En total, el proceso de cicatrizaci\u00f3n durar\u00e1 varios meses.<\/strong><\/p>\n\n<p><strong>Primera semana:<\/strong> Comienza la cicatrizaci\u00f3n inicial y se aconseja a los pacientes que sigan una dieta blanda y eviten una presi\u00f3n excesiva en la zona del implante.<\/p>\n\n<p><strong>De 2 a 3 semanas:<\/strong> La inflamaci\u00f3n y los hematomas suelen remitir, lo que permite a los pacientes reanudar gradualmente sus actividades normales, aunque deben evitarse las actividades f\u00edsicas extenuantes.<\/p>\n\n<p><strong>De 4 a 6 semanas:<\/strong> Los tejidos blandos siguen cicatrizando y el implante se integra en el hueso maxilar. Se recomienda precauci\u00f3n al consumir alimentos duros o crujientes.<\/p>\n\n<p><strong>De 3 a 6 meses:<\/strong> El proceso de osteointegraci\u00f3n solidifica el implante en el hueso maxilar. Durante este periodo, los pacientes pueden volver gradualmente a su dieta habitual y a su rutina de cuidado bucal.<\/p>\n\n<p>Los implantes dentales de una sola fase pueden durar toda la vida. Sin embargo, una buena higiene y cuidados bucales son importantes para mantener la funcionalidad del implante y de las pr\u00f3tesis implantosoportadas. Si es posible, debe utilizar hilo dental para eliminar todas las part\u00edculas de comida.<\/p>\n\n<figure class=\"wp-block-image size-full is-resized\"><img decoding=\"async\" width=\"960\" height=\"550\" src=\"https:\/\/medclinics.com\/wp-content\/uploads\/2023\/11\/single-stage-implants-in-turkey.jpg\" alt=\"Implantes en una fase en Estambul Turqu&#xED;a\" class=\"wp-image-117654\" style=\"width:960px;height:550px\" srcset=\"https:\/\/medclinics.com\/wp-content\/uploads\/2023\/11\/single-stage-implants-in-turkey.jpg 960w, https:\/\/medclinics.com\/wp-content\/uploads\/2023\/11\/single-stage-implants-in-turkey-500x286.jpg 500w, https:\/\/medclinics.com\/wp-content\/uploads\/2023\/11\/single-stage-implants-in-turkey-768x440.jpg 768w, https:\/\/medclinics.com\/wp-content\/uploads\/2023\/11\/single-stage-implants-in-turkey-24x14.jpg 24w, https:\/\/medclinics.com\/wp-content\/uploads\/2023\/11\/single-stage-implants-in-turkey-36x21.jpg 36w, https:\/\/medclinics.com\/wp-content\/uploads\/2023\/11\/single-stage-implants-in-turkey-48x28.jpg 48w\" sizes=\"(max-width: 960px) 100vw, 960px\" \/><\/figure>\n\n<h2 class=\"wp-block-heading\" id=\"single-stage-dental-implant-costs-by-country\">Costes de los implantes dentales por pa\u00eds<\/h2>\n\n<p>El coste del implante Single Stage depende de la experiencia del dentista, de la marca utilizada, de la cl\u00ednica u hospital que elija y de su estado de salud individual.<br\/>Los precios indicados a continuaci\u00f3n pretenden darle una idea aproximada y no son un presupuesto definitivo. Su asesor de MedClincs estar\u00e1 encantado de darle m\u00e1s detalles.<\/p>\n\n<figure class=\"wp-block-table\"><table><tbody><tr><td>Pa\u00eds<\/td><td>Precio<\/td><td>Clasificaci\u00f3n<\/td><\/tr><tr><td>Turqu\u00eda<\/td><td>~ 900\u20ac &#8211; 2400 \u20ac  <\/td><td>\u2605\u2605\u2605\u2605\u2605 \u00a0 \u00a0<\/td><\/tr><tr><td>REINO UNIDO<\/td><td>~ 2,500 \u20ac &#8211; 5,000 \u20ac  <\/td><td>\u2605\u2605\u2605<\/td><\/tr><tr><td>Alemania<\/td><td>~ 2,000 \u20ac &#8211; 4,000 \u20ac<\/td><td>\u2605\u2605\u2605\u2605<\/td><\/tr><tr><td>EE.UU.<\/td><td>~ 3,000 \u20ac &#8211; 5,000 \u20ac<\/td><td>\u2605\u2605\u2605<\/td><\/tr><\/tbody><\/table><\/figure>\n\n<h2 class=\"wp-block-heading\" id=\"faq\">PREGUNTAS FRECUENTES<\/h2>\n<div id=\"rank-math-faq\" class=\"rank-math-block\">\n<div class=\"rank-math-list \">\n<div id=\"faq-question-1682598236692\" class=\"rank-math-list-item\">\n<h3 class=\"rank-math-question \">\u00bfCu\u00e1les son las ventajas de los implantes dentales de una fase frente a los m\u00e9todos tradicionales?<\/h3>\n<div class=\"rank-math-answer \">\n\n<p>Los implantes dentales de una fase ofrecen un proceso simplificado, reduciendo el n\u00famero de cirug\u00edas necesarias. Son m\u00e1s c\u00f3modas tanto para los pacientes como para los dentistas.<\/p>\n\n<\/div>\n<\/div>\n<div id=\"faq-question-1684406211747\" class=\"rank-math-list-item\">\n<h3 class=\"rank-math-question \">\u00bfCu\u00e1nto dura el proceso de recuperaci\u00f3n de los implantes dentales de una fase?<\/h3>\n<div class=\"rank-math-answer \">\n\n<p>El tiempo de recuperaci\u00f3n var\u00eda, pero los implantes de una fase suelen tener una duraci\u00f3n total del tratamiento m\u00e1s corta en comparaci\u00f3n con los m\u00e9todos tradicionales.<\/p>\n\n<\/div>\n<\/div>\n<div id=\"faq-question-1684406215345\" class=\"rank-math-list-item\">\n<h3 class=\"rank-math-question \">\u00bfCu\u00e1l es la tasa de \u00e9xito de los procedimientos de implante dental en una fase?<\/h3>\n<div class=\"rank-math-answer \">\n\n<p>Las tasas de \u00e9xito suelen ser muy altas, pero dependen de factores como la salud del paciente y el cumplimiento de los cuidados postoperatorios.<\/p>\n\n<\/div>\n<\/div>\n<div id=\"faq-question-1684406216613\" class=\"rank-math-list-item\">\n<h3 class=\"rank-math-question \">\u00bfEn qu\u00e9 se diferencian los implantes dentales de una fase de los de dos fases?<\/h3>\n<div class=\"rank-math-answer \">\n\n<p>Los implantes de una fase implican la colocaci\u00f3n del implante y el pilar en una sola intervenci\u00f3n quir\u00fargica, mientras que los implantes de dos fases requieren dos procedimientos separados. Tambi\u00e9n son diferentes su t\u00e9cnica de aplicaci\u00f3n y el material de implante utilizado.<\/p>\n\n<\/div>\n<\/div>\n<div id=\"faq-question-1684406222432\" class=\"rank-math-list-item\">\n<h3 class=\"rank-math-question \">\u00bfCu\u00e1l es la comparaci\u00f3n de costes entre los procedimientos de implantes dentales de una fase y los tradicionales en Turqu\u00eda?<\/h3>\n<div class=\"rank-math-answer \">\n\n<p>Los implantes dentales de una fase en Turqu\u00eda pueden ser m\u00e1s asequibles porque implican menos pasos y cirug\u00edas.<\/p>\n\n<\/div>\n<\/div>\n<div id=\"faq-question-1684406223362\" class=\"rank-math-list-item\">\n<h3 class=\"rank-math-question \"><strong>\u00bfC\u00f3mo elegir al mejor dentista para implantes dentales unitarios en Turqu\u00eda?<\/strong><\/h3>\n<div class=\"rank-math-answer \">\n\n<p>Como MedClinics, estamos aqu\u00ed para ayudarle en todos sus procedimientos de tratamiento. Para procedimientos de implante de una sola fase, recomendamos encarecidamente <a href=\"https:\/\/medclinics.com\/es\/cl\u00ednicas\/novusklinik-5\/\" target=\"_blank\" rel=\"noreferrer noopener\">Novusklinik <\/a> en Estambul. La cl\u00ednica es el n\u00famero uno para su tratamiento dental en una sola etapa en Turqu\u00eda con su personal profesional. Puede ponerse en contacto con nosotros ahora mismo y obtener m\u00e1s informaci\u00f3n sobre sus opciones de tratamiento.<\/p>\n\n<\/div>\n<\/div>\n<div id=\"faq-question-1684406224360\" class=\"rank-math-list-item\">\n<h3 class=\"rank-math-question \">\u00bfEs doloroso el tratamiento con implantes en una fase?<\/h3>\n<div class=\"rank-math-answer \">\n\n<p>No, el tratamiento con implantes en una sola fase suele realizarse con anestesia local, que adormece la zona y minimiza el dolor durante el procedimiento.<\/p>\n\n<\/div>\n<\/div>\n<div id=\"faq-question-1684406227634\" class=\"rank-math-list-item\">\n<h3 class=\"rank-math-question \"><strong>\u00bfPuede proporcionar fotos de antes y despu\u00e9s de casos de implantes dentales de una sola fase en Turqu\u00eda?<\/strong><\/h3>\n<div class=\"rank-math-answer \">\n\n<p>S\u00ed, puede ponerse en contacto con nosotros ahora mismo, para que podamos ayudarle a ver fotos del antes y el despu\u00e9s de implantes de una etapa en Turqu\u00eda.<\/p>\n\n<\/div>\n<\/div>\n<div id=\"faq-question-1700045941273\" class=\"rank-math-list-item\">\n<h3 class=\"rank-math-question \"><strong>\u00bfCu\u00e1l es el coste medio de los implantes dentales unitarios en Turqu\u00eda en comparaci\u00f3n con otros pa\u00edses?<\/strong><\/h3>\n<div class=\"rank-math-answer \">\n\n<p>Los costes de los implantes de una sola fase var\u00edan de un pa\u00eds a otro. Por ejemplo, en Estados Unidos, el coste oscila entre 3.000 y 5.000 euros. En Alemania, oscila entre 2.000 y 4.000 euros, y en el Reino Unido, var\u00eda entre 2.500 y 5.000 euros. Por otro lado, los costes de los implantes dentales en Turqu\u00eda suelen ser m\u00e1s asequibles, ya que oscilan entre 499 y 2.000 euros.u0022<\/p>\n\n<\/div>\n<\/div>\n<div id=\"faq-question-1700048889231\" class=\"rank-math-list-item\">\n<h3 class=\"rank-math-question \">\u00bfExisten criterios de elegibilidad espec\u00edficos para los candidatos a implantes dentales en una fase en Turqu\u00eda?<\/h3>\n<div class=\"rank-math-answer \">\n\n<p>La elegibilidad para los implantes dentales de una fase en Turqu\u00eda depende de varios factores, como la salud general, la densidad \u00f3sea y las condiciones dentales espec\u00edficas. Si desea informaci\u00f3n m\u00e1s detallada, puede ponerse en contacto con nosotros.<\/p>\n\n<\/div>\n<\/div>\n<\/div>\n<\/div>\n<h2 class=\"wp-block-heading\" id=\"history\">Historia<\/h2>\n\n<p>Los implantes de una fase tienen una historia ligada al desarrollo de los implantes dentales en el siglo XX. Originalmente, hab\u00eda un enfoque en dos fases, que implicaba dos cirug\u00edas. Los implantes de una fase cambiaron esta situaci\u00f3n al colocar el implante y el pilar en una sola intervenci\u00f3n. Esto elimin\u00f3 la necesidad de un segundo procedimiento de destape. Con el paso del tiempo, las mejoras en el dise\u00f1o y las t\u00e9cnicas hicieron que los implantes de una fase fueran m\u00e1s comunes. Hoy en d\u00eda se utilizan mucho porque reducen el tiempo de tratamiento y simplifican el proceso tanto para los dentistas como para los pacientes. La investigaci\u00f3n en curso sigue mejorando esta tecnolog\u00eda en los procedimientos de implantes dentales.<\/p>\n","protected":false},"excerpt":{"rendered":"<p>Los implantes de una sola fase consisten en colocar el implante y el pilar de cicatrizaci\u00f3n en un solo paso. [&hellip;]<\/p>\n","protected":false},"author":4,"featured_media":117669,"parent":0,"menu_order":0,"comment_status":"closed","ping_status":"closed","template":"","meta":{"site-sidebar-layout":"default","site-content-layout":"","ast-site-content-layout":"default","site-content-style":"default","site-sidebar-style":"default","ast-global-header-display":"","ast-banner-title-visibility":"","ast-main-header-display":"","ast-hfb-above-header-display":"","ast-hfb-below-header-display":"","ast-hfb-mobile-header-display":"","site-post-title":"","ast-breadcrumbs-content":"","ast-featured-img":"","footer-sml-layout":"","ast-disable-related-posts":"","theme-transparent-header-meta":"","adv-header-id-meta":"","stick-header-meta":"","header-above-stick-meta":"","header-main-stick-meta":"","header-below-stick-meta":"","astra-migrate-meta-layouts":"default","ast-page-background-enabled":"default","ast-page-background-meta":{"desktop":{"background-color":"var(--ast-global-color-4)","background-image":"","background-repeat":"repeat","background-position":"center center","background-size":"auto","background-attachment":"scroll","background-type":"","background-media":"","overlay-type":"","overlay-color":"","overlay-opacity":"","overlay-gradient":""},"tablet":{"background-color":"","background-image":"","background-repeat":"repeat","background-position":"center center","background-size":"auto","background-attachment":"scroll","background-type":"","background-media":"","overlay-type":"","overlay-color":"","overlay-opacity":"","overlay-gradient":""},"mobile":{"background-color":"","background-image":"","background-repeat":"repeat","background-position":"center center","background-size":"auto","background-attachment":"scroll","background-type":"","background-media":"","overlay-type":"","overlay-color":"","overlay-opacity":"","overlay-gradient":""}},"ast-content-background-meta":{"desktop":{"background-color":"var(--ast-global-color-5)","background-image":"","background-repeat":"repeat","background-position":"center center","background-size":"auto","background-attachment":"scroll","background-type":"","background-media":"","overlay-type":"","overlay-color":"","overlay-opacity":"","overlay-gradient":""},"tablet":{"background-color":"var(--ast-global-color-5)","background-image":"","background-repeat":"repeat","background-position":"center center","background-size":"auto","background-attachment":"scroll","background-type":"","background-media":"","overlay-type":"","overlay-color":"","overlay-opacity":"","overlay-gradient":""},"mobile":{"background-color":"var(--ast-global-color-5)","background-image":"","background-repeat":"repeat","background-position":"center center","background-size":"auto","background-attachment":"scroll","background-type":"","background-media":"","overlay-type":"","overlay-color":"","overlay-opacity":"","overlay-gradient":""}},"footnotes":""},"class_list":["post-148439","page","type-page","status-publish","has-post-thumbnail","hentry"],"_links":{"self":[{"href":"https:\/\/medclinics.com\/es\/wp-json\/wp\/v2\/pages\/148439","targetHints":{"allow":["GET"]}}],"collection":[{"href":"https:\/\/medclinics.com\/es\/wp-json\/wp\/v2\/pages"}],"about":[{"href":"https:\/\/medclinics.com\/es\/wp-json\/wp\/v2\/types\/page"}],"author":[{"embeddable":true,"href":"https:\/\/medclinics.com\/es\/wp-json\/wp\/v2\/users\/4"}],"replies":[{"embeddable":true,"href":"https:\/\/medclinics.com\/es\/wp-json\/wp\/v2\/comments?post=148439"}],"version-history":[{"count":0,"href":"https:\/\/medclinics.com\/es\/wp-json\/wp\/v2\/pages\/148439\/revisions"}],"wp:featuredmedia":[{"embeddable":true,"href":"https:\/\/medclinics.com\/es\/wp-json\/wp\/v2\/media\/117669"}],"wp:attachment":[{"href":"https:\/\/medclinics.com\/es\/wp-json\/wp\/v2\/media?parent=148439"}],"curies":[{"name":"wp","href":"https:\/\/api.w.org\/{rel}","templated":true}]}}